{"id":27,"date":"2024-04-04T04:39:01","date_gmt":"2024-04-04T01:39:01","guid":{"rendered":"https:\/\/sisu.ut.ee\/lingvistikaolympiaad\/20202021-eelvoor\/"},"modified":"2024-04-04T04:39:19","modified_gmt":"2024-04-04T01:39:19","slug":"20202021-eelvoor","status":"publish","type":"page","link":"https:\/\/sisu.ut.ee\/lingvistikaolympiaad\/20202021-eelvoor\/","title":{"rendered":"2020\/2021 eelvoor"},"content":{"rendered":"<table class=\"table table-hover\" border=\"1\" style=\"border-color: #5a92e1;border-width: 1px;border-style: solid\">\r\n\t<tbody>\r\n\t\t<tr>\r\n\t\t\t<td>\r\n\t\t\t\t<span style=\"color:#ffffff\"><strong>Keel<\/strong><\/span>\r\n\t\t\t<\/td>\r\n\t\t\t<td>\r\n\t\t\t\t<span style=\"color:#ffffff\"><strong>Valdkond<\/strong><\/span>\r\n\t\t\t<\/td>\r\n\t\t\t<td>\r\n\t\t\t\t<span style=\"color:#ffffff\"><strong>Autor<\/strong><\/span>\r\n\t\t\t<\/td>\r\n\t\t\t<td>\r\n\t\t\t\t<span style=\"color:#ffffff\"><strong>Keskmine tulemus<\/strong><\/span>\r\n\t\t\t<\/td>\r\n\t\t<\/tr>\r\n\t\t<tr style=\"background-color: #e7edf7\">\r\n\t\t\t<td>\r\n\t\t\t\t<strong>havai<\/strong>\r\n\t\t\t<\/td>\r\n\t\t\t<td>\r\n\t\t\t\tfonoloogia\r\n\t\t\t<\/td>\r\n\t\t\t<td>\r\n\t\t\t\tGeorge Yule*\r\n\t\t\t<\/td>\r\n\t\t\t<td>\r\n\t\t\t\t63%\r\n\t\t\t<\/td>\r\n\t\t<\/tr>\r\n\t\t<tr>\r\n\t\t\t<td>\r\n\t\t\t\t<strong>maoori<\/strong>\r\n\t\t\t<\/td>\r\n\t\t\t<td>\r\n\t\t\t\tmorfoloogia, s\u00fcntaks\r\n\t\t\t<\/td>\r\n\t\t\t<td>\r\n\t\t\t\tMauritz Larsson**\r\n\t\t\t<\/td>\r\n\t\t\t<td>\r\n\t\t\t\t37%\r\n\t\t\t<\/td>\r\n\t\t<\/tr>\r\n\t\t<tr style=\"background-color: #e7edf7\">\r\n\t\t\t<td>\r\n\t\t\t\t<strong>mand\u017eu<\/strong>\r\n\t\t\t<\/td>\r\n\t\t\t<td>\r\n\t\t\t\tkiri\r\n\t\t\t<\/td>\r\n\t\t\t<td>\r\n\t\t\t\tAxel Jagau\r\n\t\t\t<\/td>\r\n\t\t\t<td>\r\n\t\t\t\t18%\r\n\t\t\t<\/td>\r\n\t\t<\/tr>\r\n\t<\/tbody>\r\n<\/table>\r\n\r\n<p>\r\n\tKokku 155 osalejat, parim tulemus 93%.\r\n<\/p>\r\n\r\n<p>\r\n\tEelvoor toimus veebi teel.\r\n<\/p>\r\n\r\n<p>\r\n\t*\u00dclesande t\u00f5lkis Ulla Petti, t\u00e4iendasid ja mugandasid Ulla Petti ja Miina Norvik.\u00a0<br>**\u00dclesande t\u00f5lkis ja\u00a0mugandas Linda Freienthal.\r\n<\/p>\r\n<br><div class=\"wp-block-group attached-files-group is-layout-constrained wp-block-group-is-layout-constrained\"><div class=\"wp-block-file\"><a href=\"https:\/\/sisu.ut.ee\/wp-content\/uploads\/sites\/311\/mandzu_ulesanne.pdf\" target=\"_blank\" rel=\"noreferrer noopener\">2020\/2021 eelvooru 3. \u00fclesanne (mand\u017eu)<\/a><\/div><div class=\"wp-block-file\"><a href=\"https:\/\/sisu.ut.ee\/wp-content\/uploads\/sites\/311\/eelvooru_ulesannete_vastused.pdf\" target=\"_blank\" rel=\"noreferrer noopener\">2020\/2021 eelvooru 3. \u00fclesande (mand\u017eu) lahendus<\/a><\/div><\/div>","protected":false},"excerpt":{"rendered":"<p>Keel Valdkond Autor Keskmine tulemus havai fonoloogia George Yule* 63% maoori morfoloogia, s\u00fcntaks Mauritz Larsson** 37% mand\u017eu kiri Axel Jagau 18% Kokku 155 osalejat, parim tulemus 93%. Eelvoor toimus veebi teel. *\u00dclesande t\u00f5lkis Ulla Petti, t\u00e4iendasid ja mugandasid Ulla Petti &#8230;<\/p>\n","protected":false},"author":167,"featured_media":0,"parent":0,"menu_order":0,"comment_status":"closed","ping_status":"closed","template":"","meta":{"_acf_changed":false,"inline_featured_image":false,"footnotes":""},"class_list":["post-27","page","type-page","status-publish","hentry"],"acf":[],"_links":{"self":[{"href":"https:\/\/sisu.ut.ee\/lingvistikaolympiaad\/wp-json\/wp\/v2\/pages\/27","targetHints":{"allow":["GET"]}}],"collection":[{"href":"https:\/\/sisu.ut.ee\/lingvistikaolympiaad\/wp-json\/wp\/v2\/pages"}],"about":[{"href":"https:\/\/sisu.ut.ee\/lingvistikaolympiaad\/wp-json\/wp\/v2\/types\/page"}],"author":[{"embeddable":true,"href":"https:\/\/sisu.ut.ee\/lingvistikaolympiaad\/wp-json\/wp\/v2\/users\/167"}],"replies":[{"embeddable":true,"href":"https:\/\/sisu.ut.ee\/lingvistikaolympiaad\/wp-json\/wp\/v2\/comments?post=27"}],"version-history":[{"count":2,"href":"https:\/\/sisu.ut.ee\/lingvistikaolympiaad\/wp-json\/wp\/v2\/pages\/27\/revisions"}],"predecessor-version":[{"id":230,"href":"https:\/\/sisu.ut.ee\/lingvistikaolympiaad\/wp-json\/wp\/v2\/pages\/27\/revisions\/230"}],"wp:attachment":[{"href":"https:\/\/sisu.ut.ee\/lingvistikaolympiaad\/wp-json\/wp\/v2\/media?parent=27"}],"curies":[{"name":"wp","href":"https:\/\/api.w.org\/{rel}","templated":true}]}}