{"id":25,"date":"2024-04-04T04:39:01","date_gmt":"2024-04-04T01:39:01","guid":{"rendered":"https:\/\/sisu.ut.ee\/lingvistikaolympiaad\/muud-ylesanded-0\/"},"modified":"2024-04-04T04:39:19","modified_gmt":"2024-04-04T01:39:19","slug":"muud-ylesanded-0","status":"publish","type":"page","link":"https:\/\/sisu.ut.ee\/lingvistikaolympiaad\/muud-ylesanded-0\/","title":{"rendered":"\u00dclesannete kogumikud"},"content":{"rendered":"<p>\n\t<a data-url=\"https:\/\/sisu.ut.ee\/lingvistikaolympiaad\/kogumik-2008\" href=\"https:\/\/sisu.ut.ee\/lingvistikaolympiaad\/kogumik-2008\" title=\"\">Lingvistika\u00fclesandeid<\/a>, 2008, koostanud Renate Pajusalu, Axel Jagau, Liina Lindstr\u00f6m, Piia Taremaa, Pire Teras, Reeli Torn-Leesik, Olga Gerassimenko, Anni Silk; Tartu: Atlex.\n<\/p>\n<p>\n\t<a data-url=\"https:\/\/sisu.ut.ee\/lingvistikaolympiaad\/kogumik-2017\" href=\"https:\/\/sisu.ut.ee\/lingvistikaolympiaad\/kogumik-2017\" title=\"\">Viis tosinat lingvistika\u00fclesannet<\/a>, 2017, koostanud K\u00fclli Prillop, Miina Norvik; Tartu: Atlex.<\/p>\n","protected":false},"excerpt":{"rendered":"<p>Lingvistika\u00fclesandeid, 2008, koostanud Renate Pajusalu, Axel Jagau, Liina Lindstr\u00f6m, Piia Taremaa, Pire Teras, Reeli Torn-Leesik, Olga Gerassimenko, Anni Silk; Tartu: Atlex. Viis tosinat lingvistika\u00fclesannet, 2017, koostanud K\u00fclli Prillop, Miina Norvik; Tartu: Atlex.<\/p>\n","protected":false},"author":167,"featured_media":0,"parent":0,"menu_order":0,"comment_status":"closed","ping_status":"closed","template":"","meta":{"_acf_changed":false,"inline_featured_image":false,"footnotes":""},"class_list":["post-25","page","type-page","status-publish","hentry"],"acf":[],"_links":{"self":[{"href":"https:\/\/sisu.ut.ee\/lingvistikaolympiaad\/wp-json\/wp\/v2\/pages\/25","targetHints":{"allow":["GET"]}}],"collection":[{"href":"https:\/\/sisu.ut.ee\/lingvistikaolympiaad\/wp-json\/wp\/v2\/pages"}],"about":[{"href":"https:\/\/sisu.ut.ee\/lingvistikaolympiaad\/wp-json\/wp\/v2\/types\/page"}],"author":[{"embeddable":true,"href":"https:\/\/sisu.ut.ee\/lingvistikaolympiaad\/wp-json\/wp\/v2\/users\/167"}],"replies":[{"embeddable":true,"href":"https:\/\/sisu.ut.ee\/lingvistikaolympiaad\/wp-json\/wp\/v2\/comments?post=25"}],"version-history":[{"count":1,"href":"https:\/\/sisu.ut.ee\/lingvistikaolympiaad\/wp-json\/wp\/v2\/pages\/25\/revisions"}],"predecessor-version":[{"id":189,"href":"https:\/\/sisu.ut.ee\/lingvistikaolympiaad\/wp-json\/wp\/v2\/pages\/25\/revisions\/189"}],"wp:attachment":[{"href":"https:\/\/sisu.ut.ee\/lingvistikaolympiaad\/wp-json\/wp\/v2\/media?parent=25"}],"curies":[{"name":"wp","href":"https:\/\/api.w.org\/{rel}","templated":true}]}}