{"id":23,"date":"2024-04-04T04:39:01","date_gmt":"2024-04-04T01:39:01","guid":{"rendered":"https:\/\/sisu.ut.ee\/lingvistikaolympiaad\/20102011-kuni-20192020\/"},"modified":"2024-04-04T04:39:19","modified_gmt":"2024-04-04T01:39:19","slug":"20102011-kuni-20192020","status":"publish","type":"page","link":"https:\/\/sisu.ut.ee\/lingvistikaolympiaad\/20102011-kuni-20192020\/","title":{"rendered":"2010\/2011 kuni 2019\/2020"},"content":{"rendered":"<p>\n\tT\u00e4psema info vaatamiseks vali men\u00fc\u00fcst \u00f5ppeaasta.\n<\/p>\n<p>\n\tMen\u00fc\u00fclingi j\u00e4rel on \u2018+\u2019, kui saad n\u00e4ha ka \u00fclesandeid ja lahendusi,\u00a0<br>ja \u2018\u00b1\u2019, kui saad n\u00e4ha vaid \u00fclesandeid, mitte lahendusi.\n<\/p>\n<p>\n\tEnamik \u00fclesandeid aastatest 2008\u20132016 on koos lahendusvihjete ning p\u00f5hjalike seletustega avaldatud kogumikus \u201c<a href=\"https:\/\/www.atlex.ee\/est\/?page=catalog&amp;sec=0&amp;sub=1&amp;act=649\" target=\"_blank\" rel=\"noopener\">Viis tosinat lingvistika\u00fclesannet<\/a>\u201d (2017).\n<\/p>\n<p>\n\t<img decoding=\"async\" src=\"\/wp-content\/uploads\/sites\/311\/eelvoorus_osalejaid_2010_2020.png\">\n<\/p>\n<p>\n\t<img decoding=\"async\" src=\"\/wp-content\/uploads\/sites\/311\/eelvooru_tulemused_2010_2020.png\">\n<\/p>\n<p>\n\t<img loading=\"lazy\" decoding=\"async\" width=\"547\" height=\"400\" class=\"alignnone wp-image-64\" src=\"https:\/\/sisu.ut.ee\/wp-content\/uploads\/sites\/311\/loppvooru_tulemused_2010_2020.png\" title=\"loppvooru_tulemused_2010_2020.png\" alt=\"L\u00f5ppvooru tulemuste graafik 2010-2020\" srcset=\"https:\/\/sisu.ut.ee\/wp-content\/uploads\/sites\/311\/loppvooru_tulemused_2010_2020.png 547w, https:\/\/sisu.ut.ee\/wp-content\/uploads\/sites\/311\/loppvooru_tulemused_2010_2020-300x219.png 300w\" sizes=\"auto, (max-width: 547px) 100vw, 547px\">\n<\/p>\n<p>\n\t2019\/2020 \u00f5ppeaastal l\u00f5ppvooru ei toimunud.<\/p>\n","protected":false},"excerpt":{"rendered":"<p>T\u00e4psema info vaatamiseks vali men\u00fc\u00fcst \u00f5ppeaasta. Men\u00fc\u00fclingi j\u00e4rel on \u2018+\u2019, kui saad n\u00e4ha ka \u00fclesandeid ja lahendusi,\u00a0ja \u2018\u00b1\u2019, kui saad n\u00e4ha vaid \u00fclesandeid, mitte lahendusi. Enamik \u00fclesandeid aastatest 2008\u20132016 on koos lahendusvihjete ning p\u00f5hjalike seletustega avaldatud kogumikus \u201cViis tosinat lingvistika\u00fclesannet\u201d &#8230;<\/p>\n","protected":false},"author":167,"featured_media":0,"parent":0,"menu_order":0,"comment_status":"closed","ping_status":"closed","template":"","meta":{"_acf_changed":false,"inline_featured_image":false,"footnotes":""},"class_list":["post-23","page","type-page","status-publish","hentry"],"acf":[],"_links":{"self":[{"href":"https:\/\/sisu.ut.ee\/lingvistikaolympiaad\/wp-json\/wp\/v2\/pages\/23","targetHints":{"allow":["GET"]}}],"collection":[{"href":"https:\/\/sisu.ut.ee\/lingvistikaolympiaad\/wp-json\/wp\/v2\/pages"}],"about":[{"href":"https:\/\/sisu.ut.ee\/lingvistikaolympiaad\/wp-json\/wp\/v2\/types\/page"}],"author":[{"embeddable":true,"href":"https:\/\/sisu.ut.ee\/lingvistikaolympiaad\/wp-json\/wp\/v2\/users\/167"}],"replies":[{"embeddable":true,"href":"https:\/\/sisu.ut.ee\/lingvistikaolympiaad\/wp-json\/wp\/v2\/comments?post=23"}],"version-history":[{"count":1,"href":"https:\/\/sisu.ut.ee\/lingvistikaolympiaad\/wp-json\/wp\/v2\/pages\/23\/revisions"}],"predecessor-version":[{"id":187,"href":"https:\/\/sisu.ut.ee\/lingvistikaolympiaad\/wp-json\/wp\/v2\/pages\/23\/revisions\/187"}],"wp:attachment":[{"href":"https:\/\/sisu.ut.ee\/lingvistikaolympiaad\/wp-json\/wp\/v2\/media?parent=23"}],"curies":[{"name":"wp","href":"https:\/\/api.w.org\/{rel}","templated":true}]}}