{"id":22,"date":"2024-04-04T04:39:01","date_gmt":"2024-04-04T01:39:01","guid":{"rendered":"https:\/\/sisu.ut.ee\/lingvistikaolympiaad\/20022003-kuni-20092010\/"},"modified":"2024-04-04T04:39:19","modified_gmt":"2024-04-04T01:39:19","slug":"20022003-kuni-20092010","status":"publish","type":"page","link":"https:\/\/sisu.ut.ee\/lingvistikaolympiaad\/20022003-kuni-20092010\/","title":{"rendered":"2002\/2003 kuni 2009\/2010"},"content":{"rendered":"<p>\n\tT\u00e4psema info vaatamiseks vali men\u00fc\u00fcst \u00f5ppeaasta.\n<\/p>\n<p>\n\tMen\u00fc\u00fclingi j\u00e4rel on \u2018+\u2019, kui saad n\u00e4ha ka \u00fclesandeid ja lahendusi,\u00a0<br>ja \u2018\u00b1\u2019, kui saad n\u00e4ha vaid \u00fclesandeid, mitte lahendusi.\n<\/p>\n<p>\n\t<img loading=\"lazy\" decoding=\"async\" src=\"\/wp-content\/uploads\/sites\/311\/eelvoorus_osalejaid_2002_2010_0.png\" width=\"382\" height=\"289\">\n<\/p>\n<p>\n\t<img loading=\"lazy\" decoding=\"async\" src=\"\/wp-content\/uploads\/sites\/311\/eelvooru_tulemused_2002_2010.png\" width=\"506\" height=\"350\">\n<\/p>\n<p>\n\t<img loading=\"lazy\" decoding=\"async\" src=\"\/wp-content\/uploads\/sites\/311\/loppvooru_tulemused_2002_2010.png\" width=\"505\" height=\"351\"><\/p>\n","protected":false},"excerpt":{"rendered":"<p>T\u00e4psema info vaatamiseks vali men\u00fc\u00fcst \u00f5ppeaasta. Men\u00fc\u00fclingi j\u00e4rel on \u2018+\u2019, kui saad n\u00e4ha ka \u00fclesandeid ja lahendusi,\u00a0ja \u2018\u00b1\u2019, kui saad n\u00e4ha vaid \u00fclesandeid, mitte lahendusi.<\/p>\n","protected":false},"author":167,"featured_media":0,"parent":0,"menu_order":0,"comment_status":"closed","ping_status":"closed","template":"","meta":{"_acf_changed":false,"inline_featured_image":false,"footnotes":""},"class_list":["post-22","page","type-page","status-publish","hentry"],"acf":[],"_links":{"self":[{"href":"https:\/\/sisu.ut.ee\/lingvistikaolympiaad\/wp-json\/wp\/v2\/pages\/22","targetHints":{"allow":["GET"]}}],"collection":[{"href":"https:\/\/sisu.ut.ee\/lingvistikaolympiaad\/wp-json\/wp\/v2\/pages"}],"about":[{"href":"https:\/\/sisu.ut.ee\/lingvistikaolympiaad\/wp-json\/wp\/v2\/types\/page"}],"author":[{"embeddable":true,"href":"https:\/\/sisu.ut.ee\/lingvistikaolympiaad\/wp-json\/wp\/v2\/users\/167"}],"replies":[{"embeddable":true,"href":"https:\/\/sisu.ut.ee\/lingvistikaolympiaad\/wp-json\/wp\/v2\/comments?post=22"}],"version-history":[{"count":1,"href":"https:\/\/sisu.ut.ee\/lingvistikaolympiaad\/wp-json\/wp\/v2\/pages\/22\/revisions"}],"predecessor-version":[{"id":186,"href":"https:\/\/sisu.ut.ee\/lingvistikaolympiaad\/wp-json\/wp\/v2\/pages\/22\/revisions\/186"}],"wp:attachment":[{"href":"https:\/\/sisu.ut.ee\/lingvistikaolympiaad\/wp-json\/wp\/v2\/media?parent=22"}],"curies":[{"name":"wp","href":"https:\/\/api.w.org\/{rel}","templated":true}]}}