{"id":21,"date":"2024-04-04T04:39:01","date_gmt":"2024-04-04T01:39:01","guid":{"rendered":"https:\/\/sisu.ut.ee\/lingvistikaolympiaad\/20102011-eelvoor\/"},"modified":"2024-04-04T04:39:18","modified_gmt":"2024-04-04T01:39:18","slug":"20102011-eelvoor","status":"publish","type":"page","link":"https:\/\/sisu.ut.ee\/lingvistikaolympiaad\/20102011-eelvoor\/","title":{"rendered":"2010\/2011 eelvoor"},"content":{"rendered":"<table class=\"table table-hover\" border=\"1\" style=\"border-color: #5a92e1;border-width: 1px;border-style: solid\">\r\n\t<tbody>\r\n\t\t<tr>\r\n\t\t\t<td>\r\n\t\t\t\t<span style=\"color:#ffffff\"><strong>Keel<\/strong><\/span>\r\n\t\t\t<\/td>\r\n\t\t\t<td>\r\n\t\t\t\t<span style=\"color:#ffffff\"><strong>Valdkond<\/strong><\/span>\r\n\t\t\t<\/td>\r\n\t\t\t<td>\r\n\t\t\t\t<span style=\"color:#ffffff\"><strong>Autor<\/strong><\/span>\r\n\t\t\t<\/td>\r\n\t\t\t<td>\r\n\t\t\t\t<span style=\"color:#ffffff\"><strong>Avaldatud<\/strong><\/span>\r\n\t\t\t<\/td>\r\n\t\t\t<td>\r\n\t\t\t\t<span style=\"color:#ffffff\"><strong>Keskmine tulemus<\/strong><\/span>\r\n\t\t\t<\/td>\r\n\t\t<\/tr>\r\n\t\t<tr style=\"background-color: #d2e1f5\">\r\n\t\t\t<td>\r\n\t\t\t\t<strong>asteegi<\/strong>\r\n\t\t\t<\/td>\r\n\t\t\t<td>\r\n\t\t\t\tmorfoloogia\r\n\t\t\t<\/td>\r\n\t\t\t<td>\r\n\t\t\t\tRosina Savisaar\r\n\t\t\t<\/td>\r\n\t\t\t<td>\r\n\t\t\t\t(<a data-url=\"https:\/\/sisu.ut.ee\/lingvistikaolympiaad\/kogumik-2017\" href=\"https:\/\/sisu.ut.ee\/lingvistikaolympiaad\/kogumik-2017\" title=\"\">Kogumik 2017<\/a>, nr 13)\r\n\t\t\t<\/td>\r\n\t\t\t<td>\r\n\t\t\t\t42%\r\n\t\t\t<\/td>\r\n\t\t<\/tr>\r\n\t\t<tr>\r\n\t\t\t<td>\r\n\t\t\t\t<strong>tamili<\/strong>\r\n\t\t\t<\/td>\r\n\t\t\t<td>\r\n\t\t\t\tarvud\r\n\t\t\t<\/td>\r\n\t\t\t<td>\r\n\t\t\t\tK\u00fclli Prillop\r\n\t\t\t<\/td>\r\n\t\t\t<td>\r\n\t\t\t\t(<a data-url=\"https:\/\/sisu.ut.ee\/lingvistikaolympiaad\/kogumik-2017\" href=\"https:\/\/sisu.ut.ee\/lingvistikaolympiaad\/kogumik-2017\" title=\"\">Kogumik 2017<\/a>, nr 49)\r\n\t\t\t<\/td>\r\n\t\t\t<td>\r\n\t\t\t\t48%\r\n\t\t\t<\/td>\r\n\t\t<\/tr>\r\n\t\t<tr style=\"background-color: #d2e1f5\">\r\n\t\t\t<td>\r\n\t\t\t\t<strong>t\u0161uva\u0161i<\/strong>\r\n\t\t\t<\/td>\r\n\t\t\t<td>\r\n\t\t\t\tmorfoloogia, semantika\r\n\t\t\t<\/td>\r\n\t\t\t<td>\r\n\t\t\t\t(t\u00f5lge)\r\n\t\t\t<\/td>\r\n\t\t\t<td>\r\n\t\t\t\t\u00a0\r\n\t\t\t<\/td>\r\n\t\t\t<td>\r\n\t\t\t\t53%\r\n\t\t\t<\/td>\r\n\t\t<\/tr>\r\n\t\t<tr>\r\n\t\t\t<td>\r\n\t\t\t\t<strong>gud\u017earati<\/strong>\r\n\t\t\t<\/td>\r\n\t\t\t<td>\r\n\t\t\t\tfonoloogia\r\n\t\t\t<\/td>\r\n\t\t\t<td>\r\n\t\t\t\tK\u00fclli Prillop\r\n\t\t\t<\/td>\r\n\t\t\t<td>\r\n\t\t\t\t<span>(<\/span><a data-url=\"https:\/\/sisu.ut.ee\/lingvistikaolympiaad\/kogumik-2017\" href=\"https:\/\/sisu.ut.ee\/lingvistikaolympiaad\/kogumik-2017\" title=\"\">Kogumik 2017<\/a><span>, nr 31)<\/span>\r\n\t\t\t<\/td>\r\n\t\t\t<td>\r\n\t\t\t\t45%\r\n\t\t\t<\/td>\r\n\t\t<\/tr>\r\n\t\t<tr style=\"background-color: #d2e1f5\">\r\n\t\t\t<td>\r\n\t\t\t\t<strong>eesti<\/strong>\r\n\t\t\t<\/td>\r\n\t\t\t<td>\r\n\t\t\t\tsemantika\r\n\t\t\t<\/td>\r\n\t\t\t<td>\r\n\t\t\t\tRenate Pajusalu\r\n\t\t\t<\/td>\r\n\t\t\t<td>\r\n\t\t\t\t<span>\u00a0<\/span>\r\n\t\t\t<\/td>\r\n\t\t\t<td>\r\n\t\t\t\t53%\r\n\t\t\t<\/td>\r\n\t\t<\/tr>\r\n\t<\/tbody>\r\n<\/table>\r\n\r\n<p>\r\n\tKokku 149 osalejat, parim tulemus 87%.\r\n<\/p>\r\n<br><div class=\"wp-block-group attached-files-group is-layout-constrained wp-block-group-is-layout-constrained\"><div class=\"wp-block-file\"><a href=\"https:\/\/sisu.ut.ee\/wp-content\/uploads\/sites\/311\/eelvoor2011eesti2.pdf\" target=\"_blank\" rel=\"noreferrer noopener\">2010\/2011 eelvooru \u00fclesanded, ilma lahendusteta<\/a><\/div><div class=\"wp-block-file\"><a href=\"https:\/\/sisu.ut.ee\/wp-content\/uploads\/sites\/311\/eelvoor_2011_kaks_lahendust.pdf\" target=\"_blank\" rel=\"noreferrer noopener\">2010\/2011 eelvooru 3. ja 5. \u00fclesande lahendused<\/a><\/div><div class=\"wp-block-file\"><a href=\"https:\/\/sisu.ut.ee\/wp-content\/uploads\/sites\/311\/gudzaratilahendus.pdf\" target=\"_blank\" rel=\"noreferrer noopener\">2010\/2011 eelvooru 4. \u00fclesande lahendus<\/a><\/div><\/div>","protected":false},"excerpt":{"rendered":"<p>Keel Valdkond Autor Avaldatud Keskmine tulemus asteegi morfoloogia Rosina Savisaar (Kogumik 2017, nr 13) 42% tamili arvud K\u00fclli Prillop (Kogumik 2017, nr 49) 48% t\u0161uva\u0161i morfoloogia, semantika (t\u00f5lge) \u00a0 53% gud\u017earati fonoloogia K\u00fclli Prillop (Kogumik 2017, nr 31) 45% eesti &#8230;<\/p>\n","protected":false},"author":167,"featured_media":0,"parent":0,"menu_order":0,"comment_status":"closed","ping_status":"closed","template":"","meta":{"_acf_changed":false,"inline_featured_image":false,"footnotes":""},"class_list":["post-21","page","type-page","status-publish","hentry"],"acf":[],"_links":{"self":[{"href":"https:\/\/sisu.ut.ee\/lingvistikaolympiaad\/wp-json\/wp\/v2\/pages\/21","targetHints":{"allow":["GET"]}}],"collection":[{"href":"https:\/\/sisu.ut.ee\/lingvistikaolympiaad\/wp-json\/wp\/v2\/pages"}],"about":[{"href":"https:\/\/sisu.ut.ee\/lingvistikaolympiaad\/wp-json\/wp\/v2\/types\/page"}],"author":[{"embeddable":true,"href":"https:\/\/sisu.ut.ee\/lingvistikaolympiaad\/wp-json\/wp\/v2\/users\/167"}],"replies":[{"embeddable":true,"href":"https:\/\/sisu.ut.ee\/lingvistikaolympiaad\/wp-json\/wp\/v2\/comments?post=21"}],"version-history":[{"count":2,"href":"https:\/\/sisu.ut.ee\/lingvistikaolympiaad\/wp-json\/wp\/v2\/pages\/21\/revisions"}],"predecessor-version":[{"id":228,"href":"https:\/\/sisu.ut.ee\/lingvistikaolympiaad\/wp-json\/wp\/v2\/pages\/21\/revisions\/228"}],"wp:attachment":[{"href":"https:\/\/sisu.ut.ee\/lingvistikaolympiaad\/wp-json\/wp\/v2\/media?parent=21"}],"curies":[{"name":"wp","href":"https:\/\/api.w.org\/{rel}","templated":true}]}}