{"id":15,"date":"2024-04-04T04:39:00","date_gmt":"2024-04-04T01:39:00","guid":{"rendered":"https:\/\/sisu.ut.ee\/lingvistikaolympiaad\/20152016-loppvoor\/"},"modified":"2024-04-04T04:39:19","modified_gmt":"2024-04-04T01:39:19","slug":"20152016-loppvoor","status":"publish","type":"page","link":"https:\/\/sisu.ut.ee\/lingvistikaolympiaad\/20152016-loppvoor\/","title":{"rendered":"2015\/2016 l\u00f5ppvoor"},"content":{"rendered":"<table class=\"table table-hover\" style=\"border-color: #5a92e1;border-width: 1px;border-style: solid\" border=\"1\">\r\n\t<tbody>\r\n\t\t<tr>\r\n\t\t\t<td>\r\n\t\t\t\t<span style=\"color:#ffffff\"><strong>Keel<\/strong><\/span>\r\n\t\t\t<\/td>\r\n\t\t\t<td>\r\n\t\t\t\t<span style=\"color:#ffffff\"><strong>Valdkond<\/strong><\/span>\r\n\t\t\t<\/td>\r\n\t\t\t<td>\r\n\t\t\t\t<span style=\"color:#ffffff\"><strong>Autor<\/strong><\/span>\r\n\t\t\t<\/td>\r\n\t\t\t<td>\r\n\t\t\t\t<span style=\"color:#ffffff\"><strong>Keskmine tulemus<\/strong><\/span>\r\n\t\t\t<\/td>\r\n\t\t<\/tr>\r\n\t\t<tr style=\"background-color: #d2e1f5\">\r\n\t\t\t<td>\r\n\t\t\t\t<strong>sora<\/strong>\r\n\t\t\t<\/td>\r\n\t\t\t<td>\r\n\t\t\t\tarvud\r\n\t\t\t<\/td>\r\n\t\t\t<td>\r\n\t\t\t\tAnts-Oskar M\u00e4esalu\r\n\t\t\t<\/td>\r\n\t\t\t<td>\r\n\t\t\t\t29%\r\n\t\t\t<\/td>\r\n\t\t<\/tr>\r\n\t\t<tr>\r\n\t\t\t<td>\r\n\t\t\t\t<strong>m\u00e4nksi<\/strong>\r\n\t\t\t<\/td>\r\n\t\t\t<td>\r\n\t\t\t\tmorfoloogia, s\u00fcntaks\r\n\t\t\t<\/td>\r\n\t\t\t<td>\r\n\t\t\t\tLinda Freienthal\r\n\t\t\t<\/td>\r\n\t\t\t<td>\r\n\t\t\t\t57%\r\n\t\t\t<\/td>\r\n\t\t<\/tr>\r\n\t\t<tr style=\"background-color: #d2e1f5\">\r\n\t\t\t<td>\r\n\t\t\t\t<strong>hindu-araabia<\/strong>\r\n\t\t\t<\/td>\r\n\t\t\t<td>\r\n\t\t\t\tarvud\r\n\t\t\t<\/td>\r\n\t\t\t<td>\r\n\t\t\t\tK\u00e4rt-Katrin Pere\r\n\t\t\t<\/td>\r\n\t\t\t<td>\r\n\t\t\t\t65%\r\n\t\t\t<\/td>\r\n\t\t<\/tr>\r\n\t\t<tr>\r\n\t\t\t<td>\r\n\t\t\t\t<strong>amhara<\/strong>\r\n\t\t\t<\/td>\r\n\t\t\t<td>\r\n\t\t\t\tmorfoloogia, s\u00fcntaks\r\n\t\t\t<\/td>\r\n\t\t\t<td>\r\n\t\t\t\tMiina Norvik\r\n\t\t\t<\/td>\r\n\t\t\t<td>\r\n\t\t\t\t58%\r\n\t\t\t<\/td>\r\n\t\t<\/tr>\r\n\t\t<tr style=\"background-color: #d2e1f5\">\r\n\t\t\t<td>\r\n\t\t\t\t<strong>\u00a0<\/strong>\r\n\t\t\t<\/td>\r\n\t\t\t<td>\r\n\t\t\t\tfonoloogia\r\n\t\t\t<\/td>\r\n\t\t\t<td>\r\n\t\t\t\tK\u00fclli Prillop\r\n\t\t\t<\/td>\r\n\t\t\t<td>\r\n\t\t\t\t58%\r\n\t\t\t<\/td>\r\n\t\t<\/tr>\r\n\t<\/tbody>\r\n<\/table>\r\n\r\n<p>\r\n\tParim tulemus 89%.\r\n<\/p>\r\n<br><div class=\"wp-block-group attached-files-group is-layout-constrained wp-block-group-is-layout-constrained\"><div class=\"wp-block-file\"><a href=\"https:\/\/sisu.ut.ee\/wp-content\/uploads\/sites\/311\/loppvoor_2016_ee.pdf\" target=\"_blank\" rel=\"noreferrer noopener\">2015\/2016 l\u00f5ppvooru \u00fclesanded, ilma lahendusteta<\/a><\/div><\/div>","protected":false},"excerpt":{"rendered":"<p>Keel Valdkond Autor Keskmine tulemus sora arvud Ants-Oskar M\u00e4esalu 29% m\u00e4nksi morfoloogia, s\u00fcntaks Linda Freienthal 57% hindu-araabia arvud K\u00e4rt-Katrin Pere 65% amhara morfoloogia, s\u00fcntaks Miina Norvik 58% \u00a0 fonoloogia K\u00fclli Prillop 58% Parim tulemus 89%.<\/p>\n","protected":false},"author":167,"featured_media":0,"parent":0,"menu_order":0,"comment_status":"closed","ping_status":"closed","template":"","meta":{"_acf_changed":false,"inline_featured_image":false,"footnotes":""},"class_list":["post-15","page","type-page","status-publish","hentry"],"acf":[],"_links":{"self":[{"href":"https:\/\/sisu.ut.ee\/lingvistikaolympiaad\/wp-json\/wp\/v2\/pages\/15","targetHints":{"allow":["GET"]}}],"collection":[{"href":"https:\/\/sisu.ut.ee\/lingvistikaolympiaad\/wp-json\/wp\/v2\/pages"}],"about":[{"href":"https:\/\/sisu.ut.ee\/lingvistikaolympiaad\/wp-json\/wp\/v2\/types\/page"}],"author":[{"embeddable":true,"href":"https:\/\/sisu.ut.ee\/lingvistikaolympiaad\/wp-json\/wp\/v2\/users\/167"}],"replies":[{"embeddable":true,"href":"https:\/\/sisu.ut.ee\/lingvistikaolympiaad\/wp-json\/wp\/v2\/comments?post=15"}],"version-history":[{"count":2,"href":"https:\/\/sisu.ut.ee\/lingvistikaolympiaad\/wp-json\/wp\/v2\/pages\/15\/revisions"}],"predecessor-version":[{"id":232,"href":"https:\/\/sisu.ut.ee\/lingvistikaolympiaad\/wp-json\/wp\/v2\/pages\/15\/revisions\/232"}],"wp:attachment":[{"href":"https:\/\/sisu.ut.ee\/lingvistikaolympiaad\/wp-json\/wp\/v2\/media?parent=15"}],"curies":[{"name":"wp","href":"https:\/\/api.w.org\/{rel}","templated":true}]}}