{"id":9,"date":"2024-04-04T08:57:00","date_gmt":"2024-04-04T05:57:00","guid":{"rendered":"https:\/\/sisu.ut.ee\/liivikeel\/41-sonavara\/"},"modified":"2024-12-25T11:27:17","modified_gmt":"2024-12-25T09:27:17","slug":"41-sonavara","status":"publish","type":"page","link":"https:\/\/sisu.ut.ee\/liivikeel\/41-sonavara\/","title":{"rendered":"4.1. S\u00f5n\u0101v\u012b\u013ca \/ S\u00f5navara"},"content":{"rendered":"<div style=\"height:15px\" aria-hidden=\"true\" class=\"wp-block-spacer\"><\/div>\n\n\n\n<p>Allolevas loetelus on esitatud m\u00f5ningad liivikeelsed omaduss\u00f5nad koos anton\u00fc\u00fcmidega. Muid huvipakkuvaid omaduss\u00f5nu saad otsida s\u00f5naraamatust aadressil <a href=\"https:\/\/livonian.tech\/\">https:\/\/livonian.tech\/<\/a>. <\/p>\n\n\n\n<h5 class=\"wp-block-heading\">4.1.1. Uuri omaduss\u00f5nu ja m\u00f5tle juurde ka sobiv nimis\u00f5na.<\/h5>\n\n\n\n<div class=\"wp-block-columns is-layout-flex wp-container-core-columns-is-layout-9d6595d7 wp-block-columns-is-layout-flex\">\n<div class=\"wp-block-column is-layout-flow wp-block-column-is-layout-flow\">\n<div class=\"wp-block-group is-vertical is-layout-flex wp-container-core-group-is-layout-8cf370e7 wp-block-group-is-layout-flex\">\n<p><strong>s\u016br <\/strong>\u2019suur\u2019 vs. <strong>pi\u0161ki<\/strong> \u2019v\u00e4ike\u2019<\/p>\n\n\n\n<p><strong>kiev\u0101m<\/strong> \u2019kerge\u2019\u00a0vs. <strong>l\u01dflam<\/strong> \u2019raske\u2019 (ka \u2019rase, tiine\u2019)\u00a0\u00a0\u00a0\u00a0\u00a0\u00a0\u00a0\u00a0\u00a0\u00a0\u00a0\u00a0\u00a0\u00a0\u00a0<\/p>\n\n\n\n<p><strong>j\u00f5v\u0101<\/strong> \u2019hea\u2019 vs. <strong>\u00e4bj\u00f5v\u0101<\/strong> \u2019paha\u2019, <strong>slik\u021b\u00f5<\/strong> \u2019halb, paha\u2019 (lt slikts) \u00a0\u00a0\u00a0\u00a0\u00a0\u00a0\u00a0\u00a0\u00a0\u00a0\u00a0<\/p>\n\n\n\n<p><strong>ma\u2019g\u1e11i ~ ma\u2019g\u1e11\u00f5<\/strong> \u2019maitsev; magus\u2019 vs. <strong>ki\u2019b\u1e11i<\/strong> \u2019kibe; m\u00f5ru\u2019<\/p>\n\n\n\n<p><strong>kna\u0161<\/strong> \u2019ilus, kaunis\u2019 vs. <strong>\u00e4bkna\u0161<\/strong> \u2019inetu\u2019<\/p>\n\n\n\n<p><strong>p\u012b\u2019emdi ~ p\u012bemd\u00f5<\/strong> \u2019pehme\u2019 vs. <strong>viz\u0101<\/strong> \u2019k\u00f5va\u2019<\/p>\n\n\n\n<p><strong>lem <\/strong>\u2019soe\u2019  vs. <strong>k\u012blma<\/strong> \u2019k\u00fclm\u2019 <\/p>\n\n\n\n<p><strong>tu\u2019\u013c\u013ci<\/strong> \u2019tuline, kuum\u2019 vs.<strong> jeiji <\/strong>\u2019j\u00e4ine\u2019<\/p>\n<\/div>\n<\/div>\n\n\n\n<div class=\"wp-block-column is-layout-flow wp-block-column-is-layout-flow\">\n<div class=\"wp-block-group is-vertical is-layout-flex wp-container-core-group-is-layout-8cf370e7 wp-block-group-is-layout-flex\">\n<p><strong>lu\u0161t\u012bg ~ r\u012bemli ~ r\u022dmli <\/strong>\u2019r\u00f5\u00f5mus, lustlik\u2019 \u00a0vs. <strong>mu\u2019rri ~ mur\u0101gli <\/strong>\u2019kurb, nukker, murelik\u2019<\/p>\n\n\n\n<p><strong>pitk\u0101<\/strong> \u2019pikk\u2019 vs. <strong>l\u012bti <\/strong>\u2019l\u00fchike\u2019<\/p>\n\n\n\n<p><strong>laig\u0101 <\/strong>\u2019lai\u2019 vs. <strong>kits\u0101z, \u01ed\u2019d\u00f5z<\/strong> \u2019kitsas\u2019<\/p>\n\n\n\n<p><strong>imm\u00f5rgoutlimi <\/strong>\u2019\u00fcmmargune\u2019 vs. <strong>ka\u0146\u021blimi<\/strong> \u2019kandiline\u2019<\/p>\n\n\n\n<p><strong>p\u012benti<\/strong> \u2019peen, peenike\u2019 vs. <strong>ja\u2019mdi ~ ja\u2019md\u00f5<\/strong> \u2019paks, j\u00e4me\u2019<\/p>\n\n\n\n<p><strong>kierdi <\/strong>\u2019kiire, nobe\u2019 vs.<strong> lougli <\/strong>\u2019aeglane\u2019<\/p>\n\n\n\n<p><strong>kuordi ~ kuord\u00f5 <\/strong>\u2019k\u00f5rge\u2019\u00a0vs. <strong>mad\u0101li<\/strong> \u2019madal\u2019<\/p>\n<\/div>\n<\/div>\n<\/div>\n\n\n\n<p>J\u00e4rgmisel lehek\u00fcljel saad \u00f5ppida v\u00e4rve.<\/p>\n\n\n\n<!--nextpage-->\n\n\n\n<h5 class=\"wp-block-heading\">4.1.2. Mis v\u00e4rviga on tegu?<\/h5>\n\n\n\n<p>Allolevate kaartide abil saad \u00f5ppida v\u00e4rve. T\u00fchja kasti tuleb kirjutada \u00f5ige v\u00e4rv. Juuresoleval pildil on kujutatud midagi, mille kohta vastavat omaduss\u00f5na saaks kasutada. Vajadusel kontrolli s\u00f5nade t\u00e4hendusi liivi keele s\u00f5naraamatust aadressil <a href=\"https:\/\/livonian.tech\/\">https:\/\/livonian.tech\/<\/a>.<\/p>\n\n\n\n<div class=\"h5p-iframe-wrapper\"><div class=\"video-placeholder-wrapper video-placeholder-wrapper--fixed\" style=\"height: 366px;\">\n\t\t\t    <div class=\"video-placeholder d-flex justify-content-center align-items-center\">\n\t\t\t        <div class=\"overlay text-white p-2 w-100 text-center d-block justify-content-center align-items-center\">\n\t\t\t            <div>Kolmandate osapoolte sisu n\u00e4gemiseks palun n\u00f5ustu k\u00fcpsistega.<\/div>\n\t\t\t            <button class=\"btn btn-secondary btn-sm mt-1 consent-change\">Muuda n\u00f5usolekut<\/button>\n\t\t\t        <\/div>\n\t\t\t    <\/div>\n\t\t\t<\/div>\n<\/div>\n","protected":false},"excerpt":{"rendered":"<p>Allolevas loetelus on esitatud m\u00f5ningad liivikeelsed omaduss\u00f5nad koos anton\u00fc\u00fcmidega. Muid huvipakkuvaid omaduss\u00f5nu saad otsida s\u00f5naraamatust aadressil https:\/\/livonian.tech\/. 4.1.1. Uuri omaduss\u00f5nu ja m\u00f5tle juurde ka sobiv nimis\u00f5na. s\u016br \u2019suur\u2019 vs. pi\u0161ki \u2019v\u00e4ike\u2019 kiev\u0101m \u2019kerge\u2019\u00a0vs. l\u01dflam \u2019raske\u2019 (ka \u2019rase, tiine\u2019)\u00a0\u00a0\u00a0\u00a0\u00a0\u00a0\u00a0\u00a0\u00a0\u00a0\u00a0\u00a0\u00a0\u00a0\u00a0 j\u00f5v\u0101 \u2019hea\u2019 &#8230;<\/p>\n","protected":false},"author":320,"featured_media":0,"parent":0,"menu_order":0,"comment_status":"closed","ping_status":"closed","template":"","meta":{"_acf_changed":false,"inline_featured_image":false,"footnotes":""},"class_list":["post-9","page","type-page","status-publish","hentry"],"acf":[],"_links":{"self":[{"href":"https:\/\/sisu.ut.ee\/liivikeel\/wp-json\/wp\/v2\/pages\/9","targetHints":{"allow":["GET"]}}],"collection":[{"href":"https:\/\/sisu.ut.ee\/liivikeel\/wp-json\/wp\/v2\/pages"}],"about":[{"href":"https:\/\/sisu.ut.ee\/liivikeel\/wp-json\/wp\/v2\/types\/page"}],"author":[{"embeddable":true,"href":"https:\/\/sisu.ut.ee\/liivikeel\/wp-json\/wp\/v2\/users\/320"}],"replies":[{"embeddable":true,"href":"https:\/\/sisu.ut.ee\/liivikeel\/wp-json\/wp\/v2\/comments?post=9"}],"version-history":[{"count":12,"href":"https:\/\/sisu.ut.ee\/liivikeel\/wp-json\/wp\/v2\/pages\/9\/revisions"}],"predecessor-version":[{"id":1750,"href":"https:\/\/sisu.ut.ee\/liivikeel\/wp-json\/wp\/v2\/pages\/9\/revisions\/1750"}],"wp:attachment":[{"href":"https:\/\/sisu.ut.ee\/liivikeel\/wp-json\/wp\/v2\/media?parent=9"}],"curies":[{"name":"wp","href":"https:\/\/api.w.org\/{rel}","templated":true}]}}