{"id":8,"date":"2024-04-04T08:57:00","date_gmt":"2024-04-04T05:57:00","guid":{"rendered":"https:\/\/sisu.ut.ee\/liivikeel\/52-grammatika\/"},"modified":"2025-03-04T15:49:51","modified_gmt":"2025-03-04T13:49:51","slug":"52-grammatika","status":"publish","type":"page","link":"https:\/\/sisu.ut.ee\/liivikeel\/52-grammatika\/","title":{"rendered":"5.2. Gramatik \/ Grammatika"},"content":{"rendered":"<div style=\"height:23px\" aria-hidden=\"true\" class=\"wp-block-spacer\"><\/div>\n\n\n\n<h4 class=\"wp-block-heading\">Lihtminevik<\/h4>\n\n\n\n<p><span style=\"line-height: 115%;\"><span style=\"line-height: 115%;\">Kindla k\u00f5neviisi lihtmineviku ehk imperfekti tunnused on <strong>peenendus, <i>-i, \u00ad\u0161<\/i>,<i> \u00ad\u017e, \u00ad\u012bz<\/i> ja \u2013<i>iz<\/i><\/strong>. <\/span><\/span><\/p>\n\n\n\n<p><span style=\"line-height: 115%;\"><span style=\"line-height: 115%;\">Lihtmineviku tunnusele liituvad isikul\u00f5pud erinevad m\u00f5neti olevikuvormides avalduvatest isikul\u00f5ppudest (vt oleviku kohta ptk 2). <\/span><\/span><\/p>\n\n\n\n<p><span style=\"line-height: 115%;\"><b><span style=\"line-height: 115%;\">Lihtmineviku jaatava k\u00f5neliigi<\/span><\/b><span style=\"line-height: 115%;\"> 1. ja 3. isikus avaldub \u00fcksnes lihtmineviku t\u00fcvi (t\u00e4histatud m\u00e4rgiga \u00f8). Ainsuse 2. isiku l\u00f5pp <b><i>\u2013<\/i>d<\/b> liitub t\u00e4ish\u00e4\u00e4likule v\u00f5i helilisele kaash\u00e4\u00e4likule, <i>-t<\/i> helitule kaash\u00e4\u00e4likule. Mitmuse 2. ja 3. isikus on m\u00e4rgata \u00fcldistumist: m\u00f5lemal juhul on kasutusel <i>t\u00f5<\/i>-l\u00f5puline vorm. L\u00f5pud \u2013<i>ma\u0304<\/i> ja \u2013<\/span><i>t<span style=\"line-height: 115%;\">a\u0304<\/span><\/i><span style=\"line-height: 115%;\"> on antud sulgudes, sest need esinevad vaid s\u00f5nas <mark style=\"background-color:rgba(0, 0, 0, 0)\" class=\"has-inline-color has-primary-color\"><i>l\u01df\u2019d\u00f5<\/i> \u2019minna\u2019<\/mark> (<em><mark style=\"background-color:rgba(0, 0, 0, 0)\" class=\"has-inline-color has-primary-color\">lek\u0161m\u0101 : lek\u0161t\u0101<\/mark><\/em>).\u00a0Isikul\u00f5pud lihtmineviku jaatavas k\u00f5neliigis verbide <mark style=\"background-color:rgba(0, 0, 0, 0)\" class=\"has-inline-color has-primary-color\"><em>n\u01df\u2019d\u00f5 <\/em>\u2019n\u00e4ha\u2019 <\/mark>ja <mark style=\"background-color:rgba(0, 0, 0, 0)\" class=\"has-inline-color has-primary-color\"><em>r\u00f5k\u0101nd\u00f5 <\/em>\u2019r\u00e4\u00e4kida\u2019 <\/mark>n\u00e4itel on j\u00e4rgmised:<\/span><\/span><\/p>\n\n\n\n<figure class=\"wp-block-table alignleft is-style-stripes has-small-font-size\"><table class=\"table table-hover\"><thead><tr><th class=\"has-text-align-left\" data-align=\"left\">Isik<\/th><th>P\u00f6\u00f6rdel\u00f5pp<\/th><th>N\u00e4ide<\/th><\/tr><\/thead><tbody><tr><td class=\"has-text-align-left\" data-align=\"left\">ains 1. isik<\/td><td><strong>\u00f8<\/strong><\/td><td>ma nei<strong>z<\/strong>, r\u00f5k\u0101nd<strong>iz<\/strong><\/td><\/tr><tr><td class=\"has-text-align-left\" data-align=\"left\">ains 2. isik<\/td><td><strong>-d ~ -t<\/strong><\/td><td>sa nei<strong>zt<\/strong>, r\u00f5k\u0101nd<strong>izt<\/strong><\/td><\/tr><tr><td class=\"has-text-align-left\" data-align=\"left\">ains 3. isik<\/td><td><strong>\u00f8<\/strong><\/td><td>ta nei<strong>z<\/strong>, r\u00f5k\u0101nd<strong>iz<\/strong><\/td><\/tr><tr><td class=\"has-text-align-left\" data-align=\"left\">mitm 1. isik<\/td><td><strong>-m\u00f5 (~ -m\u0101)<\/strong><\/td><td>m\u0113g neiz<strong>m\u00f5<\/strong>, r\u00f5k\u0101nd<strong>izm\u00f5<\/strong><\/td><\/tr><tr><td class=\"has-text-align-left\" data-align=\"left\">mitm 2. isik<\/td><td><strong>-t -t\u00f5 (~ -t\u0101)<\/strong><\/td><td>t\u0113g neiz<strong>t\u00f5<\/strong>, r\u00f5k\u0101nd<strong>izt(\u00f5)<\/strong><\/td><\/tr><tr><td class=\"has-text-align-left\" data-align=\"left\">mitm 3. isik<\/td><td><strong>-t -t\u00f5<\/strong><\/td><td>ne nei<strong>zt\u00f5<\/strong>, r\u00f5k\u0101nd<strong>izt(\u00f5)<\/strong><\/td><\/tr><\/tbody><\/table><\/figure>\n\n\n\n<div style=\"height:19px\" aria-hidden=\"true\" class=\"wp-block-spacer\"><\/div>\n\n\n\n<p><span style=\"line-height: 115%;\"><b><span style=\"line-height: 115%;\">Lihtmineviku eitavas k\u00f5neliigis<\/span><\/b><span style=\"line-height: 115%;\"> moodustatakse lihtminevik eitustegus\u00f5na lihtmineviku vormi ja p\u00f5hitegus\u00f5na eitusvormi abil. NB! P\u00f5hitegus\u00f5na eitusvormid kattuvad eitava k\u00f5neliigi vastavate olevikuvormidega (vt ptk 2 grammatikaosa). <\/span><\/span><\/p>\n\n\n\n<figure class=\"wp-block-table alignleft is-style-stripes has-small-font-size\"><table class=\"table table-hover\"><thead><tr><th class=\"has-text-align-left\" data-align=\"left\">Isik<\/th><th>Eitustegus\u00f5na<\/th><th>P\u00f6\u00f6rdel\u00f5pp<\/th><th>N\u00e4ide<\/th><\/tr><\/thead><tbody><tr><td class=\"has-text-align-left\" data-align=\"left\">ains 1. isik<\/td><td><strong>i\u2019z<\/strong><\/td><td><strong>\u00f8<\/strong><\/td><td>ma <strong>i\u2019z <\/strong>n\u01df, r\u00f5k\u0101nd<\/td><\/tr><tr><td class=\"has-text-align-left\" data-align=\"left\">ains 2. isik<\/td><td><strong>i\u2019zt<\/strong><\/td><td><strong>\u00f8<\/strong><\/td><td>sa <strong>i\u2019zt <\/strong>n\u01df, r\u00f5k\u0101nd<\/td><\/tr><tr><td class=\"has-text-align-left\" data-align=\"left\">ains 3. isik<\/td><td><strong><strong>i\u2019z<\/strong><\/strong><\/td><td><strong>\u00f8<\/strong><\/td><td>ta <strong>i\u2019z<\/strong> n\u01df, r\u00f5k\u0101nd<\/td><\/tr><tr><td class=\"has-text-align-left\" data-align=\"left\">mitm 1. isik<\/td><td><strong>i\u2019z<\/strong><\/td><td><strong>-m\u00f5 ~ -m ~ -\u00f5m<\/strong><\/td><td>m\u0113g <strong>i\u2019z<\/strong> n\u01df<strong>m\u00f5<\/strong>, r\u00f5k\u0101nd<strong>\u00f5m<\/strong><\/td><\/tr><tr><td class=\"has-text-align-left\" data-align=\"left\">mitm 2. isik<\/td><td><strong>i\u2019zt<\/strong><\/td><td><strong>-t\u00f5 ~ -t ~ -\u00f5t<\/strong><\/td><td>t\u0113g <strong>i\u2019zt <\/strong>n\u01df<strong>t\u00f5<\/strong>, r\u00f5k\u0101nd<strong>\u00f5t<\/strong><\/td><\/tr><tr><td class=\"has-text-align-left\" data-align=\"left\">mitm 3. isik<\/td><td><strong>i\u2019zt<\/strong><\/td><td><strong>-t\u00f5 ~ -t ~ -\u00f5t<\/strong><\/td><td>ne <strong>i\u2019zt <\/strong>n\u01df<strong>t\u00f5<\/strong>, r\u00f5k\u0101nd<strong>\u00f5t<\/strong><\/td><\/tr><\/tbody><\/table><\/figure>\n\n\n\n<div style=\"height:21px\" aria-hidden=\"true\" class=\"wp-block-spacer\"><\/div>\n\n\n\n<p><span style=\"line-height: 115%;\"><span style=\"line-height: 115%;\">Seega on eitavas k\u00f5neliigis lihtmineviku t\u00e4histajaks just eitustegus\u00f5na. Vrd:<\/span><\/span><\/p>\n\n\n\n<figure class=\"wp-block-table\"><table class=\"table table-hover\"><thead><tr><th>Olevik<\/th><th>Lihminevik<\/th><\/tr><\/thead><tbody><tr><td><span style=\"line-height: 107%;\">M\u0113g <strong><mark style=\"background-color:#03a9f4\" class=\"has-inline-color\">r\u00f5k\u0101nd\u00f5m <\/mark><\/strong>l\u012bv\u00f5 k\u012beld\u00f5 <\/span><\/td><td><span style=\"line-height: 107%;\">M\u0113g <strong><mark style=\"background-color:#ffe460\" class=\"has-inline-color\">r\u00f5k\u0101ndizm\u00f5 <\/mark><\/strong>l\u012bv\u00f5 k\u012beld\u00f5 <\/span><\/td><\/tr><tr><td>\u2018Me r\u00e4\u00e4gime liivi keelt\u2019<\/td><td>\u2018Me r\u00e4\u00e4kisime liivi keelt\u2019<\/td><\/tr><tr><td><span style=\"line-height: 107%;\">M\u0113g<mark style=\"background-color:#757575\" class=\"has-inline-color\"><strong>\u00e4\u2019b<\/strong><\/mark><strong><span style=\"background: #ededed;\"><mark style=\"background-color:#03a9f4\" class=\"has-inline-color\">r\u00f5k\u0101nd\u00f5m<\/mark><\/span> <\/strong>l\u012bv\u00f5 k\u012beld\u00f5<\/span><\/td><td><span style=\"line-height: 107%;\">M\u0113g <strong><span style=\"background-color: #fff0f5;\"><mark style=\"background-color:#757575\" class=\"has-inline-color\">i\u2019z<\/mark><\/span><\/strong><span style=\"background: #ededed;\"><strong><mark style=\"background-color:#03a9f4\" class=\"has-inline-color\">r\u00f5k\u0101nd\u00f5m<\/mark><\/strong><\/span> l\u012bv\u00f5 k\u012beld\u00f5<\/span><\/td><\/tr><tr><td>\u2018Me ei r\u00e4\u00e4gi liivi keelt\u2019<\/td><td>\u2018Me ei r\u00e4\u00e4kinud liivi keelt\u2019<\/td><\/tr><\/tbody><\/table><\/figure>\n\n\n\n<!--nextpage-->\n\n\n\n<h5 class=\"wp-block-heading\">P\u00f6\u00f6rdkond I<\/h5>\n\n\n\n<p>Tegus\u00f5nade <em>v\u0231lda <\/em>\u2019olla\u2019, <em>p\u0101nda <\/em>\u2019panna\u2019 ja <em>t\u016blda <\/em>\u2019tulla\u2019 puhul on lihtmineviku tunnuseks peenendus. Lihtminevikus ilmub s\u00f5nat\u00fcvesse \u2013<em>\u013c<\/em> v\u00f5i \u2013<em>\u0146<\/em>, mis asendab oleviku eitava k\u00f5neliigi (ja ka infinitiivi) vormides esineva <em>l<\/em>-i v\u00f5i <em>n<\/em>-i.<\/p>\n\n\n\n<figure class=\"wp-block-image size-full is-resized\"><img loading=\"lazy\" decoding=\"async\" width=\"640\" height=\"377\" src=\"https:\/\/sisu.ut.ee\/wp-content\/uploads\/sites\/649\/ptk_5_lihtminevik1.png\" alt=\"\" class=\"wp-image-2517\" style=\"width:582px;height:auto\" srcset=\"https:\/\/sisu.ut.ee\/wp-content\/uploads\/sites\/649\/ptk_5_lihtminevik1.png 640w, https:\/\/sisu.ut.ee\/wp-content\/uploads\/sites\/649\/ptk_5_lihtminevik1-300x177.png 300w\" sizes=\"auto, (max-width: 640px) 100vw, 640px\"><\/figure>\n\n\n\n<h5 class=\"wp-block-heading\">P\u00f6\u00f6rdkond II<\/h5>\n\n\n\n<p>\u00dchesilbilise vokaalt\u00fcvega tegus\u00f5nade lihtmineviku tunnuseks v\u00f5ib olla<\/p>\n\n\n\n<ul class=\"wp-block-list\">\n<li><strong><em>-i<\/em><\/strong> \u2013 esineb nt tegus\u00f5nades <em>k\u01df\u2019\/d\u00f5<\/em> \u2019k\u00e4ia\u2019, <em>t\u012b\u2019e\/d\u00f5<\/em> \u2019teha\u2019, <em>s\u01ed\/d\u00f5<\/em> \u2019saada\u2019, <em>j\u016bo\/d\u00f5<\/em> \u2019juua\u2019. Nendes s\u00f5nades t\u00fcvevokaalid lihtminevikus l\u00fchenevad,<br>kusjuures lihtmineviku t\u00fcves on <em>\u01df<\/em> ja <em>\u012be<\/em> asemel <em>e<\/em>, nt <em>t\u012b\u2019eb <\/em>\u2019teeb\u2019 &gt; <em>tei<\/em> \u2019tegi\u2019, ning <em>\u01ed<\/em> asemel <em>a<\/em>, nt <em>s\u01edb <\/em>\u2019saab\u2019 &gt; <em>sai <\/em>\u2019sai\u2019;<\/li>\n\n\n\n<li><strong><em>-\u017e<\/em><\/strong> \u2013 nt tegus\u00f5nades <em>v\u012b\/d\u00f5<\/em> \u2019viia\u2019, <em>v\u00f5i\/d\u00f5<\/em> \u2019v\u00f5i|da\u2019, <em>t\u01ed\u2019\/d\u00f5<\/em> \u2019tahta\u2019 (vt j\u00e4rgmisest tabelist);<\/li>\n\n\n\n<li><strong><em>-iz<\/em><\/strong> \u2013 vaid tegus\u00f5naga: <em>n\u01df\u2019\/d\u00f5<\/em> \u2019n\u00e4ha\u2019, mille minevikut\u00fcvi on <em>ne<\/em>-, nt <em>neiz<\/em> \u2019n\u00e4gi\u2019;<\/li>\n\n\n\n<li><strong><em>-\u0161<\/em><\/strong> \u2013 \u00fcksnes tegus\u00f5naga <em>l\u01df\u2019d\u00f5 <\/em>\u2019minna\u2019, mille minevikut\u00fcvi on <em>lek<\/em>\u2013 (vt tabelist).<\/li>\n<\/ul>\n\n\n\n<figure class=\"wp-block-image size-full is-resized\"><img loading=\"lazy\" decoding=\"async\" width=\"646\" height=\"380\" src=\"https:\/\/sisu.ut.ee\/wp-content\/uploads\/sites\/649\/ptk_5_lihtminevik2-1.png\" alt=\"\" class=\"wp-image-2534\" style=\"width:587px;height:auto\" srcset=\"https:\/\/sisu.ut.ee\/wp-content\/uploads\/sites\/649\/ptk_5_lihtminevik2-1.png 646w, https:\/\/sisu.ut.ee\/wp-content\/uploads\/sites\/649\/ptk_5_lihtminevik2-1-300x176.png 300w\" sizes=\"auto, (max-width: 646px) 100vw, 646px\"><\/figure>\n\n\n\n<h5 class=\"wp-block-heading\">P\u00f6\u00f6rdkond III<\/h5>\n\n\n\n<p>Sellesse p\u00f6\u00f6rdkonda kuuluvad kahesilbilised <em>a\/\u0101<\/em>-, <em>u<\/em>\u2013 ja <em>\u00f5<\/em>-t\u00fcvelised astmevahelduslikud tegus\u00f5nad, mille lihtmineviku tunnusteks on \u2013<em>iz <\/em>v\u00f5i \u2013<em>\u012bz<\/em>. Kui s\u00f5na esimeses silbis on pikk t\u00e4ish\u00e4\u00e4lik, on tunnus \u2013<em>iz<\/em>, kui aga l\u00fchike t\u00e4ish\u00e4\u00e4lik, siis \u2013<em>\u012bz<\/em>. Nende tegus\u00f5nade lihtmineviku jaatava k\u00f5neliigi vormid on alati n\u00f5rgaastmelised, kusjuures oleviku ainsuse vormides esinev t\u00fcvevokaal kaob minevikutunnuse eest.<\/p>\n\n\n\n<figure class=\"wp-block-image size-full is-resized\"><img loading=\"lazy\" decoding=\"async\" width=\"642\" height=\"170\" src=\"https:\/\/sisu.ut.ee\/wp-content\/uploads\/sites\/649\/ptk_5_lihtminevik3_1.png\" alt=\"\" class=\"wp-image-2521\" style=\"width:580px;height:auto\" srcset=\"https:\/\/sisu.ut.ee\/wp-content\/uploads\/sites\/649\/ptk_5_lihtminevik3_1.png 642w, https:\/\/sisu.ut.ee\/wp-content\/uploads\/sites\/649\/ptk_5_lihtminevik3_1-300x79.png 300w\" sizes=\"auto, (max-width: 642px) 100vw, 642px\"><\/figure>\n\n\n\n<figure class=\"wp-block-image size-full is-resized\"><img loading=\"lazy\" decoding=\"async\" width=\"642\" height=\"172\" src=\"https:\/\/sisu.ut.ee\/wp-content\/uploads\/sites\/649\/ptk_5_lihtminevik3_2.png\" alt=\"\" class=\"wp-image-2523\" style=\"width:578px;height:auto\" srcset=\"https:\/\/sisu.ut.ee\/wp-content\/uploads\/sites\/649\/ptk_5_lihtminevik3_2.png 642w, https:\/\/sisu.ut.ee\/wp-content\/uploads\/sites\/649\/ptk_5_lihtminevik3_2-300x80.png 300w\" sizes=\"auto, (max-width: 642px) 100vw, 642px\"><\/figure>\n\n\n\n<h5 class=\"wp-block-heading\">P\u00f6\u00f6rdkond IV<\/h5>\n\n\n\n<p>Selle p\u00f6\u00f6rdkonna moodustavad astmevahelduseta mitmesilbilise konsonantt\u00fcvega tegus\u00f5nad, mille lihtmineviku tunnus on \u00fcldjuhul \u2013<em>iz<\/em>.<\/p>\n\n\n\n<figure class=\"wp-block-image size-full is-resized\"><img loading=\"lazy\" decoding=\"async\" width=\"646\" height=\"382\" src=\"https:\/\/sisu.ut.ee\/wp-content\/uploads\/sites\/649\/ptk_5_lihtminevik4-2.png\" alt=\"\" class=\"wp-image-2537\" style=\"width:573px;height:auto\" srcset=\"https:\/\/sisu.ut.ee\/wp-content\/uploads\/sites\/649\/ptk_5_lihtminevik4-2.png 646w, https:\/\/sisu.ut.ee\/wp-content\/uploads\/sites\/649\/ptk_5_lihtminevik4-2-300x177.png 300w\" sizes=\"auto, (max-width: 646px) 100vw, 646px\"><\/figure>\n\n\n\n<!--nextpage-->\n\n\n\n<h4 class=\"wp-block-heading\">Arvs\u00f5nad<\/h4>\n\n\n\n<p>Liivi keeles esineb k\u00fcmnends\u00fcsteem, mis t\u00e4hendab,\u00a0et alus on 10 ning eraldi s\u00f5nad on k\u00fcmne kordsete jaoks, nt <mark style=\"background-color:rgba(0, 0, 0, 0)\" class=\"has-inline-color has-primary-color\"><em>sad\u0101 <\/em>\u2019100\u2019<\/mark>, <mark style=\"background-color:rgba(0, 0, 0, 0)\" class=\"has-inline-color has-primary-color\"><em>t\u016b\u2019ont\u00f5 <\/em>\u20191000\u2019<\/mark>. Teistk\u00fcmned moodustatakse <i>-tuoist\u00f5n <\/i>\u2019teist\u2019 liitmise teel, nt <mark style=\"background-color:rgba(0, 0, 0, 0)\" class=\"has-inline-color has-primary-color\"><em>ik\u0161tuoist\u00f5n <\/em>\u201911\u2019<\/mark>, <mark style=\"background-color:rgba(0, 0, 0, 0)\" class=\"has-inline-color has-primary-color\"><em>kak\u0161tuoist\u00f5n<\/em> \u201912\u2019<\/mark> jne; t\u00e4isk\u00fcmnete puhul liitub <i>-kimd\u00f5<\/i> \u2019k\u00fcmmend\u2019, nt<i> <\/i><mark style=\"background-color:rgba(0, 0, 0, 0)\" class=\"has-inline-color has-primary-color\"><em>kuolmkimd\u00f5<\/em> \u201930\u2019<\/mark>, <mark style=\"background-color:rgba(0, 0, 0, 0)\" class=\"has-inline-color has-primary-color\"><em>n\u0113\u013cakimd\u00f5 <\/em>\u201940\u2019<\/mark> jne. \u00dchelised on tavaks kirjutada k\u00fcmnelistest ja sajalistest jne lahku, nt<i> <\/i><mark style=\"background-color:rgba(0, 0, 0, 0)\" class=\"has-inline-color has-primary-color\"><em>v\u012b\u017ekimd\u00f5 k\u016b\u017e<\/em> \u201956\u2019<\/mark>, <mark style=\"background-color:rgba(0, 0, 0, 0)\" class=\"has-inline-color has-primary-color\"><em>seissadd\u00f5 k\u01ed\u2019d\u00f5ks<\/em> \u2019708\u2019<\/mark>.<\/p>\n\n\n\n<div style=\"height:10px\" aria-hidden=\"true\" class=\"wp-block-spacer\"><\/div>\n\n\n\n<figure class=\"wp-block-table alignleft is-style-stripes has-small-font-size\"><table class=\"table table-hover\"><thead><tr><th><strong>P\u00f5hiarvs\u00f5nad<\/strong><\/th><th><\/th><th><strong>J\u00e4rgarvs\u00f5nad<\/strong><\/th><th><\/th><\/tr><\/thead><tbody><tr><td><strong>0<\/strong><\/td><td>nul<\/td><td><strong>0.<\/strong><\/td><td>null\u00f5z<\/td><\/tr><tr><td><strong>1<\/strong><\/td><td>ik\u0161<\/td><td><strong>1.<\/strong><\/td><td>e\u2019\u017emi<\/td><\/tr><tr><td><strong>2<\/strong><\/td><td>kak\u0161<\/td><td><strong>2.<\/strong><\/td><td>tuoi<\/td><\/tr><tr><td><strong>3<\/strong><\/td><td>kuolm<\/td><td><strong>3.<\/strong><\/td><td>kuolm\u00f5z<\/td><\/tr><tr><td><strong>4<\/strong><\/td><td>n\u0113\u013ca<\/td><td><strong>4.<\/strong><\/td><td>ne\u013c\u013c\u00f5z<\/td><\/tr><tr><td><strong>5<\/strong><\/td><td>v\u012b\u017e<\/td><td><strong>5.<\/strong><\/td><td>v\u012bd\u00f5z<\/td><\/tr><tr><td><strong>6<\/strong><\/td><td>k\u016b\u017e<\/td><td><strong>6.<\/strong><\/td><td>k\u016bd\u00f5z<\/td><\/tr><tr><td><strong>7<\/strong><\/td><td>seis<\/td><td><strong>7.<\/strong><\/td><td>seism\u00f5z<\/td><\/tr><tr><td><strong>8<\/strong><\/td><td>k\u01ed\u2019d\u00f5ks<\/td><td><strong>8.<\/strong><\/td><td>k\u01ed\u2019d\u00f5ksm\u00f5z<\/td><\/tr><tr><td><strong>9<\/strong><\/td><td>\u012b\u2019d\u00f5ks<\/td><td><strong>9.<\/strong><\/td><td>\u012b\u2019d\u00f5ksm\u00f5z<\/td><\/tr><tr><td><strong>10<\/strong><\/td><td>kim<\/td><td><strong>10.<\/strong><\/td><td>kimm\u00f5z<\/td><\/tr><tr><td><strong>11<\/strong><\/td><td>ik\u0161tuoist\u00f5n<\/td><td><strong>11.<\/strong><\/td><td>ik\u0161tuoist\u00f5n\u00f5z<\/td><\/tr><tr><td><strong>30<\/strong><\/td><td>kuolmkimd\u00f5<\/td><td><strong>30.<\/strong><\/td><td>kuolmkimd\u00f5z<\/td><\/tr><tr><td><strong>41<\/strong><\/td><td>n\u0113\u013cakimd\u00f5 ik\u0161<\/td><td><strong>41.<\/strong><\/td><td>n\u0113\u013cakimd\u00f5 e\u2019\u017emi<\/td><\/tr><tr><td><strong>100<\/strong><\/td><td>sad\u0101<\/td><td><strong>100.<\/strong><\/td><td>sad\u0101z<\/td><\/tr><tr><td><strong>500<\/strong><\/td><td>v\u012b\u017esa\u2019dd\u00f5<\/td><td><strong>500.<\/strong><\/td><td>v\u012b\u017esad\u0101z<\/td><\/tr><tr><td><strong>610<\/strong><\/td><td>k\u016b\u017esa\u2019dd\u00f5 kim<\/td><td><strong>610.<\/strong><\/td><td>k\u016b\u017esad\u0101 kimm\u00f5z<\/td><\/tr><tr><td><strong>1000<\/strong><\/td><td>t\u016b\u2019ont\u00f5<\/td><td><strong>1000.<\/strong><\/td><td>t\u016b\u2019ont\u00f5z<\/td><\/tr><tr><td><strong>2003<\/strong><\/td><td>kak\u0161 t\u016b\u2019ont\u00f5 kuolm<\/td><td><strong>2003.<\/strong><\/td><td>kak\u0161 t\u016b\u2019ont\u00f5 kuolm\u00f5z<\/td><\/tr><tr><td><strong>1 000 100<\/strong><\/td><td>(ik\u0161) miljon ik\u0161sad\u0101<\/td><td><strong>1 000 100.<\/strong><\/td><td>(ik\u0161) miljon ik\u0161sad\u0101z<\/td><\/tr><\/tbody><\/table><\/figure>\n\n\n\n<div style=\"height:21px\" aria-hidden=\"true\" class=\"wp-block-spacer\"><\/div>\n\n\n\n<p>Kui <strong>p\u00f5hiarvs\u00f5na <\/strong>on \u00fchest suurem arv ja see\u00a0laiendab nimis\u00f5na, on nimis\u00f5na <strong>partitiivis<\/strong>, nt <mark style=\"background-color:rgba(0, 0, 0, 0)\" class=\"has-inline-color has-primary-color\"><em>\u012br<\/em> : <em>\u012b\u2019d\u00f5ks \u012brt\u00f5<\/em> \u2019hiir : \u00fcheksa hiirt\u2019<\/mark>. Sel p\u00f5hjusel on ka nt <mark style=\"background-color:rgba(0, 0, 0, 0)\" class=\"has-inline-color has-primary-color\"><em>v\u012b\u017esa\u2019dd\u00f5<\/em> \u2019viissada\u2019<\/mark> (vrd <mark style=\"background-color:rgba(0, 0, 0, 0)\" class=\"has-inline-color has-primary-color\"><em>sad\u0101<\/em> \u2019sada\u2019<\/mark>). Kui laiendav nimis\u00f5na on mingis muus k\u00e4\u00e4ndes, siis kaob ka partitiivi n\u00f5ue, nt kaass\u00f5na <i>i\u2019\u013c<\/i> n\u00f5uab laiendit genitiivis: <mark style=\"background-color:rgba(0, 0, 0, 0)\" class=\"has-inline-color has-primary-color\"><em>Ma m\u00f5tl\u00f5b i\u2019\u013c \u012b\u2019d\u00f5ks \u012br<\/em> \u2019Ma m\u00f5tlen \u00fcheksast hiirest\u2019<\/mark>.<\/p>\n\n\n\n<p><strong>J\u00e4rgarvs\u00f5nad <\/strong>moodustatatakse p\u00f5hiarvs\u00f5nadest tuletusliitega <b><i>-z<\/i> <\/b>v\u00f5i <b><i>-\u00f5z<\/i><\/b>. K\u00e4\u00e4namisel ilmub t\u00fcvesse <i>-nd<\/i>, nt <mark style=\"background-color:rgba(0, 0, 0, 0)\" class=\"has-inline-color has-primary-color\"><em>kimm\u00f5z <\/em>: <em>kimm\u00f5nd <\/em>\u2019k\u00fcmnes : k\u00fcmnenda\u2019<\/mark>. Liits\u00f5nalistel p\u00f5hiarvs\u00f5nadel k\u00e4\u00e4ndub alati esimene osa, vrd <mark style=\"background-color:rgba(0, 0, 0, 0)\" class=\"has-inline-color has-primary-color\"><em>v\u012b\u017etuoist\u00f5n <\/em>\u2019viisteist\u2019 : <em>v\u012bdtuoist\u00f5n <\/em>\u2019viieteistk\u00fcmne\u2019<\/mark>. Daativis ja instruktiivis j\u00e4\u00e4b esimene osa genitiivi ja k\u00e4\u00e4ndetunnus liitub vaid viimasele osale, nt <mark style=\"background-color:rgba(0, 0, 0, 0)\" class=\"has-inline-color has-primary-color\"><em>v\u012bdtuoist\u00f5n\u00f5n <\/em>\u2019viieteisk\u00fcmnendal(e)\u2019, <em>v\u012bdtuoist\u00f5n\u00f5ks <\/em>\u2019viieteistk\u00fcmnendaks\u2019<\/mark>. Kohak\u00e4\u00e4netes k\u00e4\u00e4nduvad k\u00f5ik osad, nt <mark style=\"background-color:rgba(0, 0, 0, 0)\" class=\"has-inline-color has-primary-color\"><em>k\u01ed\u2019dskimd\u00f5s irdt\u00f5ks<\/em> \u2019kahek\u00fcmnes harjutus\u2019<\/mark>.<\/p>\n\n\n\n<p>Toimumisaasta n\u00e4itamiseks kasutatakse \u00fcldiselt inessiivi, kusjuures muutub vaid viimane s\u00f5na, nt <mark style=\"background-color:rgba(0, 0, 0, 0)\" class=\"has-inline-color has-primary-color\"><em>Mi\u2019n van\u0101\u01dfma s\u012bndiz 8. (k\u01ed\u2019d\u00f5ksm\u00f5s) septemb\u00f5rs 1921. (t\u016b\u2019ont\u00f5 \u012b\u2019d\u00f5kssa\u2019dd\u00f5 kak\u0161kimd\u00f5 e\u2019\u017emis) \u0101igasts<\/em> \u2019Mu vanaema s\u00fcndis 8. septembril 1921. aastal\u2019<\/mark>.<\/p>\n","protected":false},"excerpt":{"rendered":"<p>Lihtminevik Kindla k\u00f5neviisi lihtmineviku ehk imperfekti tunnused on peenendus, -i, \u00ad\u0161, \u00ad\u017e, \u00ad\u012bz ja \u2013iz. Lihtmineviku tunnusele liituvad isikul\u00f5pud erinevad m\u00f5neti olevikuvormides avalduvatest isikul\u00f5ppudest (vt oleviku kohta ptk 2). Lihtmineviku jaatava k\u00f5neliigi 1. ja 3. isikus avaldub \u00fcksnes lihtmineviku t\u00fcvi &#8230;<\/p>\n","protected":false},"author":320,"featured_media":0,"parent":0,"menu_order":0,"comment_status":"closed","ping_status":"closed","template":"","meta":{"_acf_changed":false,"inline_featured_image":false,"footnotes":""},"class_list":["post-8","page","type-page","status-publish","hentry"],"acf":[],"_links":{"self":[{"href":"https:\/\/sisu.ut.ee\/liivikeel\/wp-json\/wp\/v2\/pages\/8","targetHints":{"allow":["GET"]}}],"collection":[{"href":"https:\/\/sisu.ut.ee\/liivikeel\/wp-json\/wp\/v2\/pages"}],"about":[{"href":"https:\/\/sisu.ut.ee\/liivikeel\/wp-json\/wp\/v2\/types\/page"}],"author":[{"embeddable":true,"href":"https:\/\/sisu.ut.ee\/liivikeel\/wp-json\/wp\/v2\/users\/320"}],"replies":[{"embeddable":true,"href":"https:\/\/sisu.ut.ee\/liivikeel\/wp-json\/wp\/v2\/comments?post=8"}],"version-history":[{"count":19,"href":"https:\/\/sisu.ut.ee\/liivikeel\/wp-json\/wp\/v2\/pages\/8\/revisions"}],"predecessor-version":[{"id":2623,"href":"https:\/\/sisu.ut.ee\/liivikeel\/wp-json\/wp\/v2\/pages\/8\/revisions\/2623"}],"wp:attachment":[{"href":"https:\/\/sisu.ut.ee\/liivikeel\/wp-json\/wp\/v2\/media?parent=8"}],"curies":[{"name":"wp","href":"https:\/\/api.w.org\/{rel}","templated":true}]}}