{"id":794,"date":"2024-10-17T13:13:29","date_gmt":"2024-10-17T10:13:29","guid":{"rendered":"https:\/\/sisu.ut.ee\/liivikeel\/?page_id=794"},"modified":"2024-10-17T13:32:27","modified_gmt":"2024-10-17T10:32:27","slug":"8-3-livod-kuoda-nustami-liivi-rahvamaja-ehitamine","status":"publish","type":"page","link":"https:\/\/sisu.ut.ee\/liivikeel\/8-3-livod-kuoda-nustami-liivi-rahvamaja-ehitamine\/","title":{"rendered":"8.3. L\u012bv\u00f5d kuod\u0101 nust\u0101mi \/ Liivi rahvamaja ehitamine"},"content":{"rendered":"<div style=\"height:19px\" aria-hidden=\"true\" class=\"wp-block-spacer\"><\/div>\n\n\n\n<p><\/p>\n\n\n\n<div class=\"wp-block-media-text has-media-on-the-right is-stacked-on-mobile\"><div class=\"wp-block-media-text__content\">\n<p class=\"has-text-align-left\">Liivi rahvamaja, mis ehitati h\u00f5imurahvaste toel, asub Ir\u0113l. Allolev pilt on tehtud rahvamaja avamise p\u00e4eval 6. augustil 1939 (foto Baiba \u0160uvc\u0101ne erakogust).<\/p>\n\n\n\n<p class=\"has-text-align-left\">Liivi rahvamaja ajaloost on p\u00f5hjaliku \u00fclevaate andnud Ren\u0101te Blumberga oma monograafi as \u201eL\u012bbie\u0161u tautas nama v\u0113sture. No ieceres l\u012bdz atkl\u0101\u0161anai\u201c (2021).<\/p>\n\n\n\n<p class=\"has-text-align-left\">Liivi rahvamaja ehitamisest, avapidustustest ja j\u00e4rgnenud rasketest aastatest on kirjutanud Eduard V\u00e4\u00e4ri oma liivikeelses artiklis \u201eLi\u0304v\u00f5d kuod\u0101 nust\u0101mi \u2013 Liivi rahvamaja ehitamine\u201c:<\/p>\n<\/div><figure class=\"wp-block-media-text__media\"><img loading=\"lazy\" decoding=\"async\" width=\"474\" height=\"300\" src=\"https:\/\/sisu.ut.ee\/wp-content\/uploads\/sites\/649\/8_liivirahvamaja1939_BaibaSuvcane_kogu.png\" alt=\"\" class=\"wp-image-800 size-full\" srcset=\"https:\/\/sisu.ut.ee\/wp-content\/uploads\/sites\/649\/8_liivirahvamaja1939_BaibaSuvcane_kogu.png 474w, https:\/\/sisu.ut.ee\/wp-content\/uploads\/sites\/649\/8_liivirahvamaja1939_BaibaSuvcane_kogu-300x190.png 300w\" sizes=\"auto, (max-width: 474px) 100vw, 474px\"><\/figure><\/div>\n\n\n\n<p><\/p>\n\n\n\n<p>\/\u2014\/ L\u012bv\u00f5d kuod\u0101 v\u022f\u013c va\u013cm\u00f5z un 6. ougust\u00f5s 1939 sai L\u012bv\u00f5d kuod\u0101 piv\u0101st\u00f5d. Nei ku av\u012bz\u00f5d k\u0113ratizt, v\u022f\u013c Ir\u0113l l\u012bvli\u017ei un le\u021bli\u017ei 1500 ri\u0161t\u012bngt\u00f5, s\u016bomidi 27, \u0113stli\u017ei 15, ung\u0101ridi 3. Paik\u00f5l v\u022f\u013ct\u00f5 Le\u021bm\u014d kult\u016brnoda\u013cast direkt\u014dr J. Labv\u012brs, \u0112sti p\u016bolst\u00f5 H. Rebane, S\u016bom\u00f5-Ugr\u00f5 Kult\u016br\u012bt p\u016bolst\u00f5 F. A. Heporauta ja Ung\u0101r p\u016bolst\u00f5 dokt\u014dr Tibor Eyssen. \u0112sti kult\u016brfilm p\u016bolst\u00f5 v\u022f\u013c \u0112sti Rovmuz\u0113j direkt\u014dr Ferdinand Linnus. Teit\u00f5 ka film s\u012best\u00f5, kui L\u012bv\u00f5d kuod\u0101 sai piv\u0101st\u00f5d. Rovkuod\u0101 v\u022f\u013c b\u00f5uvt\u00f5d S\u016bom\u00f5 arhitekt Huttunen projekt pierr\u00f5, siz\u0101lizarhitekt\u00f5ks v\u022f\u013c V. Paegle. B\u00f5uvijiks v\u022f\u013c Kronbergs. B\u00f5uvimi, m\u0113b\u00f5l un am\u0101 m\u016b maks\u012bz 100 000 latt\u00f5, p\u016bol v\u022f\u013c s\u014dd\u00f5d S\u016bom\u00f5st, tuoi p\u016bol \u0112stist un Le\u0163m\u014dld. Ung\u0101r\u00f5st tu\u013c r\u014dd\u00f5 am\u0101 veit\u00f5. Piv\u0101d \u012brgizt\u00f5 k\u012bela kak\u0161tuoist\u00f5n. N\u0113\u1e11i j\u016bodizt\u00f5 L\u012bv\u00f5d \u012at un L\u012bv\u00f5d Rovkuod\u0101 Fond. E\u017em\u00f5ks l\u012bvlizt t\u0113ri\u0146tizt\u00f5 kil\u0101li\u017ei. Siz r\u00f5k\u0101ndizt l\u012bv\u00f5d p\u00e4p H. K. Ervi\u00f6 un Ir\u0113 p\u00e4p A. Abakuks. Ervi\u00f6 r\u00f5k\u0101ndiz l\u012bv\u00f5 k\u012belk\u00f5ks, Abakuks le\u0163k\u012belk\u00f5ks.<\/p>\n\n\n\n<p>\/\u2014\/ \u022cd\u00f5n v\u022f\u013ct\u00f5 \u022dd\u00f5gizt, k\u016bo\u0157 l\u014dliz l\u012bv\u00f5d l\u014dlidi, rovzt d\u0101\u0146t\u0161izt\u00f5. Edgar V\u0101lgam\u0101 v\u022f\u013c l\u012bv\u00f5 k\u012beld\u00f5 tulk\u00f5n Aleksis Kivi \u201e\u012ae un p\u01dfva\u201c. J\u016bodiji Hilda Tserbah v\u022f\u013c s\u012be t\u012bend n\u01dfd\u00f5b\u00f5ks am\u0101d\u00f5n. K\u016bo\u0157\u00f5 j\u016bodiz Margarete Stalte. Am\u0101d v\u022f\u013ct\u00f5 r\u012bemlizt, am\u0101 em\u012b\u0146 l\u012bvlizt \u012b\u017e. N\u00e4nt\u00f5n v\u022f\u013c e\u0146t\u0161 rovkuod\u0101, ne t\u012bedizt, ku sug\u016bd n\u0113\u1e11i \u00e4b\u0163\u00f5b\u00f5d. V\u00f5i\u017e usk\u00f5, ku jel\u0101mi L\u012bv\u00f5d r\u0101ndas l\u01dfb jedd\u00f5p\u0113\u1e11\u00f5n. Didr\u00f5k Volganski murtiz k\u016bol\u00f5miz s\u014d\u0146\u00f5 i\u013c L\u012bv\u00f5d kuod\u0101. 1965. \u0101igast\u00f5s ta r\u00f5k\u0101ndiz nei: 5)\u201eSaks\u0101d suod\u0101 aigiz kil teit\u00f5 v\u00e4ggi jenn\u00f5 kajj\u00f5: k\u012bskizt\u00f5 kat\u016bkst jar\u0101ndiz, s\u01dfld\u00f5 ve\u017e sad\u012bz sizz\u00f5l. Ik\u0161 ne\u013c\u013c\u00f5zjag\u016b kuod\u0101 lag\u1e11i un s\u016b\u0157i p\u016b\u1e11i m\u01dfrgandizt, un v\u022f\u013c panm\u00f5zt \u016bdp\u01dfl, ka se sai not\u012bed\u00f5d. Kat\u016bks sai pand\u00f5d \u016b\u017e. Un kuod\u0101 um pald\u012b\u0146 andt\u00f5d L\u012bv\u00f5d r\u0101nda kal\u0101m\u012bed\u00f5n pa klubb\u00f5ks, pa kult\u016brkuod\u0101ks. Demberg, kis v\u022f\u013c s\u016br kiv\u012bd p\u00f5\u0157gtiji un kiv\u012bd vied\u0101ji, b\u0101\u013ck\u00f5d vied\u0101ji e\u0146t\u0161 j\u00f5v\u0101d ibbizt\u00f5ks, siz ku kuod\u0101 v\u022f\u013c v\u00e4ggi lopp\u00f5n, kat\u016bks v\u022f\u013c lopp\u00f5n, ta iz v\u00f5i s\u01dfld\u00f5 l\u01dfd\u00f5 pidd\u00f5z, ta lek\u0161 k\u00f5l\u0101ks rink\u00f5, alg\u00f5 ta n\u01dfg\u00f5, ku se kuod\u0101n um l\u01dflamstiz.\u201c T\u00e4st\u00f5 v\u00f5ib n\u01dfd\u00f5 s\u012beld\u00f5st, kui l\u012bvlizt e\u0146t\u0161 rovkuodd\u00f5 \u0101rmastizt. Bet per\u012bm\u012bed tu\u013ct\u00f5 un lek\u0161t\u00f5, n\u00e4nt\u00f5n iz \u016bo murt\u00f5, mis s\u014db L\u012bv\u00f5d rovkuod\u0101st. Per\u012bz\u00f5ks sai L\u012bv\u00f5d rovkuod\u0101 andt\u00f5d \u0160l\u012bt\u00f5r rezerv\u0101t\u00f5n un se v\u022f\u013c e\u017emi j\u00f5v\u0101 per\u012bm\u012bez. M\u0113g am\u0101d usk\u00f5m, ku rezerv\u0101t j\u016bodijizt pid\u0101b\u00f5d amnigg\u00f5ks sied\u0101 kuod\u0101 neka pieminekl\u00f5 l\u012bv\u00f5 rovv\u00f5n, kis t\u00e4s r\u0101ndas um k\u014dgi\u0146 jell\u00f5n.<\/p>\n\n\n\n<p>(V\u00e4\u00e4ri 1989, Kurs jt 2016: 86, 88)<\/p>\n","protected":false},"excerpt":{"rendered":"<p>Liivi rahvamaja, mis ehitati h\u00f5imurahvaste toel, asub Ir\u0113l. Allolev pilt on tehtud rahvamaja avamise p\u00e4eval 6. augustil 1939 (foto Baiba \u0160uvc\u0101ne erakogust). Liivi rahvamaja ajaloost on p\u00f5hjaliku \u00fclevaate andnud Ren\u0101te Blumberga oma monograafi as \u201eL\u012bbie\u0161u tautas nama v\u0113sture. No ieceres &#8230;<\/p>\n","protected":false},"author":471,"featured_media":0,"parent":0,"menu_order":0,"comment_status":"closed","ping_status":"closed","template":"","meta":{"_acf_changed":false,"inline_featured_image":false,"footnotes":""},"class_list":["post-794","page","type-page","status-publish","hentry"],"acf":[],"_links":{"self":[{"href":"https:\/\/sisu.ut.ee\/liivikeel\/wp-json\/wp\/v2\/pages\/794","targetHints":{"allow":["GET"]}}],"collection":[{"href":"https:\/\/sisu.ut.ee\/liivikeel\/wp-json\/wp\/v2\/pages"}],"about":[{"href":"https:\/\/sisu.ut.ee\/liivikeel\/wp-json\/wp\/v2\/types\/page"}],"author":[{"embeddable":true,"href":"https:\/\/sisu.ut.ee\/liivikeel\/wp-json\/wp\/v2\/users\/471"}],"replies":[{"embeddable":true,"href":"https:\/\/sisu.ut.ee\/liivikeel\/wp-json\/wp\/v2\/comments?post=794"}],"version-history":[{"count":6,"href":"https:\/\/sisu.ut.ee\/liivikeel\/wp-json\/wp\/v2\/pages\/794\/revisions"}],"predecessor-version":[{"id":804,"href":"https:\/\/sisu.ut.ee\/liivikeel\/wp-json\/wp\/v2\/pages\/794\/revisions\/804"}],"wp:attachment":[{"href":"https:\/\/sisu.ut.ee\/liivikeel\/wp-json\/wp\/v2\/media?parent=794"}],"curies":[{"name":"wp","href":"https:\/\/api.w.org\/{rel}","templated":true}]}}