{"id":780,"date":"2024-09-13T15:06:19","date_gmt":"2024-09-13T12:06:19","guid":{"rendered":"https:\/\/sisu.ut.ee\/liivikeel\/?page_id=780"},"modified":"2024-12-27T10:33:41","modified_gmt":"2024-12-27T08:33:41","slug":"7-5-ilzandoksi-ulesandeid","status":"publish","type":"page","link":"https:\/\/sisu.ut.ee\/liivikeel\/7-5-ilzandoksi-ulesandeid\/","title":{"rendered":"7.5. I\u2019lzand\u00f5k\u0161i \/ \u00dclesandeid"},"content":{"rendered":"<div style=\"height:21px\" aria-hidden=\"true\" class=\"wp-block-spacer\"><\/div>\n\n\n\n<h5 class=\"wp-block-heading\">7.5.1. Loe teksti ja t\u00f5lgi. Leia tekstist l\u00e4ti keele m\u00f5jusid.<\/h5>\n\n\n\n<div style=\"height:18px\" aria-hidden=\"true\" class=\"wp-block-spacer\"><\/div>\n\n\n\n<p class=\"has-text-align-center\"><strong>Mi\u2019n ve\u2019\u013c r\u01ed\u2019m\u012bez \/ Minu vend rahamees<\/strong><\/p>\n\n\n\n<p><br>Se u\u2019m v\u022fnd ne\u2019i, ku t\u00e4m\u0101 u\u2019m pand p\u016bolp\u00e4\u0304va \u00f5\u0304\u2019d\u00f5n ma\u2019gg\u00f5m. Si\u2019z t\u00e4\u2019mm\u00f5n u\u2019m tund k\u012bt\u00f5n u\u2019ns\u00f5 ik\u0161 m\u012bez, ku la\u2019z tulg\u00f5 r\u01ed\u2019d\u00f5 k\u014dvam, ku \u00e4\u2019b v\u022f\u013c\u013ci koug\u00f5n se r\u01ed\u2019, t\u00e4s\u0101 \u012b\u017e m\u00e4\u2019d p\u012bedr\u00f5b (~ r\u012b\u2019) j\u016bs. Ne\u2019i t\u00e4m\u0101 u\u2019m s\u01ednd virg\u00f5 un ta u\u2019m m\u00f5tl\u00f5n, mis se ni v\u022f\u2019\u013c, mis ta u\u2019m k\u012bt\u00f5n, se ri\u0161t\u012bng. Ni ta u\u2019m \u012bend ma\u2019gg\u00f5m teg\u012b\u017e.<br>Un si\u2019z tund t\u016boizta k\u00f5rd teg\u012b\u017e t\u00e4\u2019mm\u00f5n ne\u2019i k\u012bt\u00f5m. Si\u2019z t\u00e4m\u0101, se m\u012bez, u\u2019m k\u012bt\u00f5n t\u00e4\u2019mm\u00f5n ne\u2019i ku: \u201eA\u2019\u017e si\u2019nn\u00f5n irm u\u2019m, si\u2019z v\u00f5t\u0101 e\u0146t\u0161 iz\u0101, ag\u0101 teg\u012b\u017e mingiz tundt\u00f5b \u012b\u0146iz!\u201c Un t\u00e4m\u0101 u\u2019m m\u00f5tl\u00f5n, mis se ni u\u2019m, t\u016boizta k\u00f5rd j\u00f5v\u0101 tul\u0101b k\u012bt\u00f5m. T\u00e4m\u0101 u\u2019m k\u012ber\u00f5n tuoiz kilg p\u00e4\u0304l un \u012bend ma\u2019gg\u00f5m teg\u012b\u017e.<br>Bet ni ta u\u2019m tund kuolm\u00f5z k\u00f5rd t\u00e4\u2019mm\u00f5n k\u012bt\u00f5m s\u012bes e\u0146t\u0161 \u012bes\u00f5 un k\u012bt\u00f5n, la\u2019z ruoik\u00f5g, ku tul\u012b\u0146 l\u012bb p\u00e4\u0304vava\u2019l ull\u00f5 un naizt l\u00e4\u0304\u2019b\u00f5d n\u012bemidi lip\u0161\u0101m, la\u2019z tulg\u00f5 tu\u2019bb\u00f5 un v\u00f5t\u0101g tutk\u0101m\u00f5z l\u00e4\u2019b p\u00e4\u0304ld \u0101ita v\u00f5\u0163\u012bm un l\u00e4kk\u00f5 ait\u00f5 un v\u00f5t\u0101g uks tag\u0101nd l\u00e4\u2019bd\u0327i. Bet t\u00e4m\u0101 \u00e4\u2019b \u016bo l\u00e4\u0304\u2019nd.<br>Si\u2019z t\u00e4m\u0101 \u016bo\u0146d\u017e\u00f5l u\u2019m s\u01ednd virg\u00f5 un n\u016bz\u00f5n i\u2019lz\u00f5 un tund tu\u2019bb\u00f5 un va\u0146\u0163l\u00f5n, v\u00f5i tutk\u0101m\u00f5z l\u00e4\u2019b p\u00e4\u0304l u\u2019m se v\u00f5\u0163\u012bm, aga sied\u0101 \u00e4\u2019b \u016bo v\u022fnd. Si\u2019z t\u00e4m\u0101 u\u2019m ki\u2019zz\u00f5n jem\u0101 k\u00e4\u2019dst\u00f5, kus t\u00e4m\u0101 u\u2019m \u00f5\u0304\u2019d\u00f5g pand \u0101ita (~ \u0101\u0163a) v\u00f5\u0163\u012bm. Jem\u0101 u\u2019m k\u012bt\u00f5n, ku t\u00e4m\u0101 u\u2019m pand tutk\u0101m\u00f5z l\u00e4\u2019b p\u00e4\u0304l. No, un si\u2019z t\u00e4m\u0101 u\u2019m l\u00e4\u0304\u2019nd va\u0146\u0163l\u00f5m ait\u00f5, v\u00f5i se l\u00e4\u2019bd\u0327i u\u2019m s\u00e4\u0304l uks tag\u0101n, s\u012bepier\u0101st ku t\u00e4m\u0101 \u00e4\u2019b \u016bo tieud\u00f5n, kus se l\u00e4\u2019bd\u0327i riktig u\u2019m nopand\u00f5d v\u022fnd. Si\u2019z t\u00e4m\u0101 u\u2019m lieud\u00f5n s\u012be l\u00e4\u2019bd\u0327i s\u00e4\u0304ld \u0101\u0163a uks tag\u0101nd.<br><\/p>\n\n\n\n<p>Sr.1. VII 1922 Karl Damberg, 43, s Sr 1879<br>(LF IV)<\/p>\n\n\n\n<h5 class=\"wp-block-heading\">7.5.1. Loe teksti ja t\u00f5lgi. Leia tekstist l\u00e4tim\u00f5julised verbiprefiksiga s\u00f5nad.<\/h5>\n\n\n\n<div class=\"h5p-iframe-wrapper\"><div class=\"video-placeholder-wrapper video-placeholder-wrapper--fixed\" style=\"height: 366px;\">\n\t\t\t    <div class=\"video-placeholder d-flex justify-content-center align-items-center\">\n\t\t\t        <div class=\"overlay text-white p-2 w-100 text-center d-block justify-content-center align-items-center\">\n\t\t\t            <div>Kolmandate osapoolte sisu n\u00e4gemiseks palun n\u00f5ustu k\u00fcpsistega.<\/div>\n\t\t\t            <button class=\"btn btn-secondary btn-sm mt-1 consent-change\">Muuda n\u00f5usolekut<\/button>\n\t\t\t        <\/div>\n\t\t\t    <\/div>\n\t\t\t<\/div>\n<\/div>\n\n\n\n<!--nextpage-->\n\n\n\n<div style=\"height:20px\" aria-hidden=\"true\" class=\"wp-block-spacer\"><\/div>\n\n\n\n<h5 class=\"wp-block-heading\">7.5.2. Jussiiv<\/h5>\n\n\n\n<div class=\"h5p-iframe-wrapper\"><div class=\"video-placeholder-wrapper video-placeholder-wrapper--fixed\" style=\"height: 366px;\">\n\t\t\t    <div class=\"video-placeholder d-flex justify-content-center align-items-center\">\n\t\t\t        <div class=\"overlay text-white p-2 w-100 text-center d-block justify-content-center align-items-center\">\n\t\t\t            <div>Kolmandate osapoolte sisu n\u00e4gemiseks palun n\u00f5ustu k\u00fcpsistega.<\/div>\n\t\t\t            <button class=\"btn btn-secondary btn-sm mt-1 consent-change\">Muuda n\u00f5usolekut<\/button>\n\t\t\t        <\/div>\n\t\t\t    <\/div>\n\t\t\t<\/div>\n<\/div>\n","protected":false},"excerpt":{"rendered":"<p>7.5.1. Loe teksti ja t\u00f5lgi. Leia tekstist l\u00e4ti keele m\u00f5jusid. Mi\u2019n ve\u2019\u013c r\u01ed\u2019m\u012bez \/ Minu vend rahamees Se u\u2019m v\u022fnd ne\u2019i, ku t\u00e4m\u0101 u\u2019m pand p\u016bolp\u00e4\u0304va \u00f5\u0304\u2019d\u00f5n ma\u2019gg\u00f5m. Si\u2019z t\u00e4\u2019mm\u00f5n u\u2019m tund k\u012bt\u00f5n u\u2019ns\u00f5 ik\u0161 m\u012bez, ku la\u2019z tulg\u00f5 r\u01ed\u2019d\u00f5 &#8230;<\/p>\n","protected":false},"author":471,"featured_media":0,"parent":0,"menu_order":0,"comment_status":"closed","ping_status":"closed","template":"","meta":{"_acf_changed":false,"inline_featured_image":false,"footnotes":""},"class_list":["post-780","page","type-page","status-publish","hentry"],"acf":[],"_links":{"self":[{"href":"https:\/\/sisu.ut.ee\/liivikeel\/wp-json\/wp\/v2\/pages\/780","targetHints":{"allow":["GET"]}}],"collection":[{"href":"https:\/\/sisu.ut.ee\/liivikeel\/wp-json\/wp\/v2\/pages"}],"about":[{"href":"https:\/\/sisu.ut.ee\/liivikeel\/wp-json\/wp\/v2\/types\/page"}],"author":[{"embeddable":true,"href":"https:\/\/sisu.ut.ee\/liivikeel\/wp-json\/wp\/v2\/users\/471"}],"replies":[{"embeddable":true,"href":"https:\/\/sisu.ut.ee\/liivikeel\/wp-json\/wp\/v2\/comments?post=780"}],"version-history":[{"count":6,"href":"https:\/\/sisu.ut.ee\/liivikeel\/wp-json\/wp\/v2\/pages\/780\/revisions"}],"predecessor-version":[{"id":1913,"href":"https:\/\/sisu.ut.ee\/liivikeel\/wp-json\/wp\/v2\/pages\/780\/revisions\/1913"}],"wp:attachment":[{"href":"https:\/\/sisu.ut.ee\/liivikeel\/wp-json\/wp\/v2\/media?parent=780"}],"curies":[{"name":"wp","href":"https:\/\/api.w.org\/{rel}","templated":true}]}}