{"id":745,"date":"2024-09-13T11:40:26","date_gmt":"2024-09-13T08:40:26","guid":{"rendered":"https:\/\/sisu.ut.ee\/liivikeel\/?page_id=745"},"modified":"2024-10-27T09:55:32","modified_gmt":"2024-10-27T07:55:32","slug":"3-3-kievad-kevad","status":"publish","type":"page","link":"https:\/\/sisu.ut.ee\/liivikeel\/3-3-kievad-kevad\/","title":{"rendered":"3.3. &#8220;Kiev\u0101d&#8221; \/ &#8220;Kevad&#8221;"},"content":{"rendered":"<div style=\"height:22px\" aria-hidden=\"true\" class=\"wp-block-spacer\"><\/div>\n\n\n\n<p>Loe K\u014drli Stalte teksti <strong>\u201cKiev\u0101d\u201d <\/strong>(\u201cKevad\u201d) ja t\u00f5lgi.<\/p>\n\n\n\n<div class=\"wp-block-media-text has-media-on-the-right is-stacked-on-mobile\" style=\"grid-template-columns:auto 39%\"><div class=\"wp-block-media-text__content\">\n<p>Kiev\u0101d um r\u0101ndas ob\u0101\u013ci. Sied\u0101 t\u012beb jej miers\u00f5, mis \u0101ndab kilm\u00f5. Ag\u0101 ku kiev\u0101d um j\u016bs, siz ta ka um kna\u0161. L\u012bvli m\u00f5tl\u00f5b, ku nei kna\u0161\u0161\u00f5 kiev\u0101dt kui r\u0101ndas mitt\u00f5kuskis \u00e4b \u016bo. Pajd\u00f5n ja r\u012bemg\u00f5d\u00f5n \u0101t ka\u0146kizt j\u016bs. Um\u0101rztar\u0161i \u0113drik\u0161\u00f5b\u00f5d p\u016bd, mis imm\u00f5r v\u00f5ndz\u00f5b\u00f5d nig\u013cizt, miet\u0101 v\u022ft\u0161\u00f5s. Pe\u0161linkizt l\u012bndab\u00f5d \u012bd\u00f5p\u016bol ja t\u016bolap\u016bol, piv\u0101lind p\u012bl\u00f5b \u012bd j\u0101lga p\u01dfl e\u0146t\u0161 piez\u0101s, keg keg\u0101st\u00f5b ja am\u0101 m\u00f5ts\u0101 kil\u016bb lindl\u014dlist. Joug\u016bd ja \u016brgad \u0101t viet\u0101 t\u01dfd\u00f5d, ne j\u016bok\u0161\u00f5b\u00f5d kierdiz \u00f5v\u0101ks mier p\u016bol, m\u00e4r\u0101t\u00f5s e\u0146t\u0161 gol\u0101t\u00f5ks\u00f5ks. Kal\u0101m\u012bed v\u00f5ib\u00f5d teg\u012b\u017e mierr\u00f5 l\u01dfd\u00f5 ja jel\u0101jd s\u014db\u00f5d ka\u0157\u0157\u00f5l ajd\u00f5d. Ku n\u012bem\u00f5d \u0101t e\u017emizk\u00f5rd k\u014d\u0157al v\u022fnn\u00f5d, siz s\u014db\u00f5d, laz v\u022flk\u00f5 em\u012b\u0146 sem\u1e11i, k\u014d\u0157apain\u00f5d \u022dd\u00f5n gilt\u00f5d. K\u014d\u0157apain\u00f5d g\u012bltab\u00f5d vast\u00f5. Sie j\u016bs v\u00f5t\u0101b\u00f5d jagg\u00f5 ka lapst ja s\u012be \u022dd\u00f5n am\u0101d \u00e4d r\u012b\u1e11\u013c\u00f5t, a\u017e lapst\u00f5n \u0101t ka\u017e\u017eizt \u014dr\u00f5nd.<\/p>\n<\/div><figure class=\"wp-block-media-text__media\"><img loading=\"lazy\" decoding=\"async\" width=\"693\" height=\"485\" src=\"https:\/\/sisu.ut.ee\/wp-content\/uploads\/sites\/649\/Stalte_kievad.png\" alt=\"Pilt \u00f5pikust\" class=\"wp-image-851 size-full\" srcset=\"https:\/\/sisu.ut.ee\/wp-content\/uploads\/sites\/649\/Stalte_kievad.png 693w, https:\/\/sisu.ut.ee\/wp-content\/uploads\/sites\/649\/Stalte_kievad-300x210.png 300w\" sizes=\"auto, (max-width: 693px) 100vw, 693px\"><\/figure><\/div>\n\n\n\n<p class=\"has-text-align-right\">(Stalte 2011: 40, pilt samas)<\/p>\n\n\n\n<div style=\"height:17px\" aria-hidden=\"true\" class=\"wp-block-spacer\"><\/div>\n\n\n\n<div class=\"wp-block-file\"><a id=\"wp-block-file--media-fd39a666-3ae5-4d02-a17a-6e9a36e2cd41\" href=\"https:\/\/sisu.ut.ee\/wp-content\/uploads\/sites\/649\/Stalte_Kevad_tolge.pdf\">Kevade teksti t\u00f5lge eesti keelde<\/a><a href=\"https:\/\/sisu.ut.ee\/wp-content\/uploads\/sites\/649\/Stalte_Kevad_tolge.pdf\" class=\"wp-block-file__button wp-element-button\" download aria-describedby=\"wp-block-file--media-fd39a666-3ae5-4d02-a17a-6e9a36e2cd41\">Laadi alla<\/a><\/div>\n","protected":false},"excerpt":{"rendered":"<p>Loe K\u014drli Stalte teksti \u201cKiev\u0101d\u201d (\u201cKevad\u201d) ja t\u00f5lgi. Kiev\u0101d um r\u0101ndas ob\u0101\u013ci. Sied\u0101 t\u012beb jej miers\u00f5, mis \u0101ndab kilm\u00f5. Ag\u0101 ku kiev\u0101d um j\u016bs, siz ta ka um kna\u0161. L\u012bvli m\u00f5tl\u00f5b, ku nei kna\u0161\u0161\u00f5 kiev\u0101dt kui r\u0101ndas mitt\u00f5kuskis \u00e4b \u016bo. &#8230;<\/p>\n","protected":false},"author":471,"featured_media":0,"parent":0,"menu_order":0,"comment_status":"closed","ping_status":"closed","template":"","meta":{"_acf_changed":false,"inline_featured_image":false,"footnotes":""},"class_list":["post-745","page","type-page","status-publish","hentry"],"acf":[],"_links":{"self":[{"href":"https:\/\/sisu.ut.ee\/liivikeel\/wp-json\/wp\/v2\/pages\/745","targetHints":{"allow":["GET"]}}],"collection":[{"href":"https:\/\/sisu.ut.ee\/liivikeel\/wp-json\/wp\/v2\/pages"}],"about":[{"href":"https:\/\/sisu.ut.ee\/liivikeel\/wp-json\/wp\/v2\/types\/page"}],"author":[{"embeddable":true,"href":"https:\/\/sisu.ut.ee\/liivikeel\/wp-json\/wp\/v2\/users\/471"}],"replies":[{"embeddable":true,"href":"https:\/\/sisu.ut.ee\/liivikeel\/wp-json\/wp\/v2\/comments?post=745"}],"version-history":[{"count":9,"href":"https:\/\/sisu.ut.ee\/liivikeel\/wp-json\/wp\/v2\/pages\/745\/revisions"}],"predecessor-version":[{"id":955,"href":"https:\/\/sisu.ut.ee\/liivikeel\/wp-json\/wp\/v2\/pages\/745\/revisions\/955"}],"wp:attachment":[{"href":"https:\/\/sisu.ut.ee\/liivikeel\/wp-json\/wp\/v2\/media?parent=745"}],"curies":[{"name":"wp","href":"https:\/\/api.w.org\/{rel}","templated":true}]}}