{"id":716,"date":"2024-08-28T14:53:51","date_gmt":"2024-08-28T11:53:51","guid":{"rendered":"https:\/\/sisu.ut.ee\/liivikeel\/?page_id=716"},"modified":"2024-10-27T11:47:01","modified_gmt":"2024-10-27T09:47:01","slug":"1-6-ilzandoksi-ulesandeid","status":"publish","type":"page","link":"https:\/\/sisu.ut.ee\/liivikeel\/1-6-ilzandoksi-ulesandeid\/","title":{"rendered":"1.6. I\u2019lzand\u00f5k\u0161i \/ \u00dclesandeid"},"content":{"rendered":"<div style=\"height:20px\" aria-hidden=\"true\" class=\"wp-block-spacer\"><\/div>\n\n\n\n<p>Kui teada m\u00f5ningaid h\u00e4\u00e4likumuutusi, mis liivi keeles on aset leidnud, v\u00f5ib kohati olla lihtsam liivikeelseid s\u00f5nu \u00e4ra tunda. J\u00e4rgnevalt on eesti keele k\u00f5rval m\u00f5nikord v\u00f5rdlusesse v\u00f5etud ka soome keel, mis on sageli s\u00e4ilitanud algsema kuju ning aitab seega toimunud muutusi paremini tuvastada.<\/p>\n\n\n\n<ul class=\"wp-block-list\">\n<li>i v\u00f5i j-i ees s &gt; \u0161 (\u017e), nt <em>kak\u0161 <\/em>\u2019kaks\u2019 (vrd soome <em>kaksi<\/em>).<\/li>\n\n\n\n<li>h on kadunud k\u00f5igis asendites, ka esimese ja teise silbi piiril, kus teda asendab katketoon, nt <em>r\u01ed\u2019<\/em> \u2019raha\u2019. h esineb siiski v\u00f5\u00f5r- ja laens\u00f5nades ning m\u00f5ningates h\u00fc\u00fcds\u00f5nades.<\/li>\n\n\n\n<li>Esimese silbi t\u00e4ish\u00e4\u00e4lik on pikenenud, juhul kui sellele j\u00e4rgneb l r n v\u00f5i m, nt <em>j\u0101lga <\/em>\u2019jalg\u2019, <em>n\u01dflga <\/em>\u2019n\u00e4lg\u2019, <em>\u01dfrma <\/em>\u2019h\u00e4rm(atis)\u2019.<\/li>\n\n\n\n<li>S\u00f5na algul o &gt; v\u022f ja e &gt; je, nt <em>v\u022ft\u0161\u00f5 <\/em>\u2019otsida\u2019, <em>jem\u0101 <\/em>\u2019ema\u2019.<\/li>\n\n\n\n<li>On toimunud muutus a &gt; o, juhul kui sellele j\u00e4rgneb v v\u00f5i u, nt <em>lova\u0304 <\/em>\u2019voodi, lava\u2019.<\/li>\n\n\n\n<li>Algup\u00e4rased keskk\u00f5rged t\u00e4ish\u00e4\u00e4likud (t\u00e4histatud t\u00e4rniga) on diftongistunud, sh ka l\u00fchikesed: *e &gt; ie, *\u00f6 &gt; \u00fc\u00f6, *o &gt; uo, *e\u0304 &gt; i\u0304e, *\u022b &gt; \u01d6\u00f6, *o\u0304 &gt; u\u0304o, nt *<em>sepp\u00e4 <\/em>&gt; <em>siep\u0101 <\/em>\u2019sepp\u2019, *<em>solmi <\/em>&gt; <em>suo\u013cm <\/em>\u2019s\u00f5lm\u2019; \u00f6 ja \u00fc on asendunud e ja i-ga.<\/li>\n\n\n\n<li>Esimeses silbis on teise silbi i v\u00f5i j m\u00f5jul a o u &gt; \u00e4 \u00f6 \u00fc, nt <em>t\u00e4m <\/em>\u2019tamm\u2019 (vrd soome <em>tammi<\/em>).<\/li>\n<\/ul>\n\n\n\n<p>Neid h\u00e4\u00e4likumuutusi arvesse v\u00f5ttes p\u00fc\u00fca lahendada j\u00e4rgmistel lehek\u00fclgedel olevad harjutused. <\/p>\n\n\n\n<!--nextpage-->\n\n\n\n<p>Uuri siinsetel lehek\u00fclgedel eesti- ja soomekeelseid s\u00f5nu ning leia \u00f5ige liivikeelne vaste allolevate s\u00f5nade hulgast.<\/p>\n\n\n\n<h5 class=\"wp-block-heading\">1.6.1. Leia \u00f5ige liivikeelne vaste<\/h5>\n\n\n\n<div class=\"h5p-iframe-wrapper\"><div class=\"video-placeholder-wrapper video-placeholder-wrapper--fixed\" style=\"height: 366px;\">\n\t\t\t    <div class=\"video-placeholder d-flex justify-content-center align-items-center\">\n\t\t\t        <div class=\"overlay text-white p-2 w-100 text-center d-block justify-content-center align-items-center\">\n\t\t\t            <div>Kolmandate osapoolte sisu n\u00e4gemiseks palun n\u00f5ustu k\u00fcpsistega.<\/div>\n\t\t\t            <button class=\"btn btn-secondary btn-sm mt-1 consent-change\">Muuda n\u00f5usolekut<\/button>\n\t\t\t        <\/div>\n\t\t\t    <\/div>\n\t\t\t<\/div>\n<\/div>\n\n\n\n<!--nextpage-->\n\n\n\n<div style=\"height:17px\" aria-hidden=\"true\" class=\"wp-block-spacer\"><\/div>\n\n\n\n<h5 class=\"wp-block-heading\">1.6.2. Leia \u00f5ige liivikeelne vaste<\/h5>\n\n\n\n<div class=\"h5p-iframe-wrapper\"><div class=\"video-placeholder-wrapper video-placeholder-wrapper--fixed\" style=\"height: 366px;\">\n\t\t\t    <div class=\"video-placeholder d-flex justify-content-center align-items-center\">\n\t\t\t        <div class=\"overlay text-white p-2 w-100 text-center d-block justify-content-center align-items-center\">\n\t\t\t            <div>Kolmandate osapoolte sisu n\u00e4gemiseks palun n\u00f5ustu k\u00fcpsistega.<\/div>\n\t\t\t            <button class=\"btn btn-secondary btn-sm mt-1 consent-change\">Muuda n\u00f5usolekut<\/button>\n\t\t\t        <\/div>\n\t\t\t    <\/div>\n\t\t\t<\/div>\n<\/div>\n\n\n\n<!--nextpage-->\n\n\n\n<div style=\"height:23px\" aria-hidden=\"true\" class=\"wp-block-spacer\"><\/div>\n\n\n\n<h5 class=\"wp-block-heading\">1.6.3. Leia \u00f5ige liivikeelne vaste<\/h5>\n\n\n\n<div class=\"h5p-iframe-wrapper\"><div class=\"video-placeholder-wrapper video-placeholder-wrapper--fixed\" style=\"height: 366px;\">\n\t\t\t    <div class=\"video-placeholder d-flex justify-content-center align-items-center\">\n\t\t\t        <div class=\"overlay text-white p-2 w-100 text-center d-block justify-content-center align-items-center\">\n\t\t\t            <div>Kolmandate osapoolte sisu n\u00e4gemiseks palun n\u00f5ustu k\u00fcpsistega.<\/div>\n\t\t\t            <button class=\"btn btn-secondary btn-sm mt-1 consent-change\">Muuda n\u00f5usolekut<\/button>\n\t\t\t        <\/div>\n\t\t\t    <\/div>\n\t\t\t<\/div>\n<\/div>\n","protected":false},"excerpt":{"rendered":"<p>Kui teada m\u00f5ningaid h\u00e4\u00e4likumuutusi, mis liivi keeles on aset leidnud, v\u00f5ib kohati olla lihtsam liivikeelseid s\u00f5nu \u00e4ra tunda. J\u00e4rgnevalt on eesti keele k\u00f5rval m\u00f5nikord v\u00f5rdlusesse v\u00f5etud ka soome keel, mis on sageli s\u00e4ilitanud algsema kuju ning aitab seega toimunud muutusi &#8230;<\/p>\n","protected":false},"author":471,"featured_media":0,"parent":0,"menu_order":0,"comment_status":"closed","ping_status":"closed","template":"","meta":{"_acf_changed":false,"inline_featured_image":false,"footnotes":""},"class_list":["post-716","page","type-page","status-publish","hentry"],"acf":[],"_links":{"self":[{"href":"https:\/\/sisu.ut.ee\/liivikeel\/wp-json\/wp\/v2\/pages\/716","targetHints":{"allow":["GET"]}}],"collection":[{"href":"https:\/\/sisu.ut.ee\/liivikeel\/wp-json\/wp\/v2\/pages"}],"about":[{"href":"https:\/\/sisu.ut.ee\/liivikeel\/wp-json\/wp\/v2\/types\/page"}],"author":[{"embeddable":true,"href":"https:\/\/sisu.ut.ee\/liivikeel\/wp-json\/wp\/v2\/users\/471"}],"replies":[{"embeddable":true,"href":"https:\/\/sisu.ut.ee\/liivikeel\/wp-json\/wp\/v2\/comments?post=716"}],"version-history":[{"count":9,"href":"https:\/\/sisu.ut.ee\/liivikeel\/wp-json\/wp\/v2\/pages\/716\/revisions"}],"predecessor-version":[{"id":971,"href":"https:\/\/sisu.ut.ee\/liivikeel\/wp-json\/wp\/v2\/pages\/716\/revisions\/971"}],"wp:attachment":[{"href":"https:\/\/sisu.ut.ee\/liivikeel\/wp-json\/wp\/v2\/media?parent=716"}],"curies":[{"name":"wp","href":"https:\/\/api.w.org\/{rel}","templated":true}]}}