{"id":676,"date":"2024-08-21T13:09:26","date_gmt":"2024-08-21T10:09:26","guid":{"rendered":"https:\/\/sisu.ut.ee\/liivikeel\/?page_id=676"},"modified":"2024-09-13T10:12:56","modified_gmt":"2024-09-13T07:12:56","slug":"inozkillijid-kaashaalikud-2","status":"publish","type":"page","link":"https:\/\/sisu.ut.ee\/liivikeel\/haaldus\/inozkillijid-kaashaalikud-2\/","title":{"rendered":"\u012a\u0146\u00f5zkillijid \/ Kaash\u00e4\u00e4likud"},"content":{"rendered":"<div style=\"height:17px\" aria-hidden=\"true\" class=\"wp-block-spacer\"><\/div>\n\n\n\n<p>J\u00e4rgnevalt on kirjeldatud liivi keele kaash\u00e4\u00e4likuid ehk konsonante h\u00e4\u00e4ldusviisi, h\u00e4\u00e4lduskoha ja helilisuse j\u00e4rgi.<\/p>\n\n\n\n<p>Helitud konsonandid on <strong>p t t\u0327 k s \u0161<\/strong>, nt <em>pad\u0101 <\/em>\u2019pada\u2019, <em>tub\u0101 <\/em>\u2019tuba\u2019, <em>kak <\/em>\u2019kakk, kukkel\u2019. Heliliste h\u00e4\u00e4likute vahel ning helilise h\u00e4\u00e4liku j\u00e4rel s\u00f5na l\u00f5pul h\u00e4\u00e4lduvad need alati tugevalt, nt <em>v\u00f5t\u0327i\u0304m <\/em>\u2019v\u00f5ti\u2019, <em>tas\u016bd <\/em>\u2019tassid\u2019.<\/p>\n\n\n\n<p>Helilised konsonandid on <strong>b d \u1e11 g \u013c \u0146 \u0157 z \u017e<\/strong>, nt <em>sad\u0101 <\/em>\u2019sada\u2019, <em>v\u022fz\u0101 <\/em>\u2019liha\u2019, <em>a\u017e\u0101 <\/em>\u2019asi\u2019. Kuigi heliliste h\u00e4\u00e4likute vahel h\u00e4\u00e4lduvad need alati heliliselt, nt <em>taba\u0304r <\/em>\u2019saba\u2019, siis s\u00f5na l\u00f5pul ja p t t\u0327 k s \u0161 ees h\u00e4\u00e4lduvad need helitult, kuid n\u00f5rgalt, nt <em>aig <\/em>\u2019haug\u2019, <em>ru\u0304o\u017e <\/em>\u2019roos\u2019, <em>bl\u0113\u2019\u1e11 <\/em>\u2019kelm\u2019.<\/p>\n\n\n\n<p>Palataliseeritud ehk peenendatud konsonandid on <strong>\u1e11 \u013c \u0146 \u0157 \u0163<\/strong>, nt <em>pa\u1e11\u0101 <\/em>\u2019padi\u2019, <em>n\u01ed\u013ca <\/em>\u2019nali\u2019, <em>skut\u0327k <\/em>\u2019piiga, neiu\u2019.<\/p>\n\n\n\n<p><strong>f<\/strong> ja <strong>h<\/strong> on tugevad helitud h\u00e4\u00e4likud, mida kohtab ainult v\u00f5\u00f5rs\u00f5nades, nt <em>film <\/em>\u2019film\u2019, <em>h\u00e4rtsog <\/em>\u2019hertsog\u2019, <em>himn <\/em>\u2019h\u00fcmn\u2019.<\/p>\n\n\n\n<p><strong>ts t\u0161 dz d\u017e<\/strong> on afrikaadid, mis esinevad enamasti l\u00e4ti laens\u00f5nades, deskriptiivsetes ja onomatopoeetilistes s\u00f5nades, nt <em>tsep\u013c\u0101 <\/em>\u2019ahi\u2019, <em>t\u0161\u016b\u017e\u00f5<\/em> \u2019sosistada\u2019, <em>t\u01df\u2019dzi <\/em>\u2019t\u00e4htis\u2019 ja <em>dad\u017e\u0101 <\/em>\u2019takjas\u2019. Harvemini tuleb ette <strong>ds <\/strong>ja selle palataliseeritud variant <strong>\u1e11\u0161<\/strong>, nt <em>je\u2019ds\u00f5 <\/em>\u2019ees\u2019, <em>k\u016b\u2019o\u1e11\u0161t\u00f5<\/em> \u2019kohut m\u00f5ista\u2019.<\/p>\n\n\n\n<p>Pikka kaash\u00e4\u00e4likut t\u00e4histav t\u00e4ht kirjutatakse s\u00f5na l\u00f5pul ja teise kaash\u00e4\u00e4liku k\u00f5rval \u00fchekordselt, nt <em>kik <\/em>\u2019kukk\u2019, <em>and\u00f5<\/em> \u2019anda\u2019, <em>maks\u00f5 <\/em>\u2019maksta\u2019. Siit tulenevad ka \u00f5igekirjutuslikud kaash\u00e4\u00e4likuvaheldused, nt <em>kik <\/em>: <em>kikk\u00f5 <\/em>\u2019kukk : kukke\u2019, kusjuures pikkus on konsonantidel m\u00f5lemal juhul sarnane.<\/p>\n\n\n\n<p>Peaaegu k\u00f5ik konsonandid v\u00f5ivad esineda l\u00fchikeste ja pikkade geminaatide ehk kaksikkonsonantidena, st jaguneda kahte silpi, nt <em>tapp\u00f5 <\/em>\u2019tappa\u2019, <em>tap\u0101b <\/em>\u2019tapab\u2019. Liivi keeles leidub ka helilisi geminaate, nt <em>tu\u2019bb\u00f5 <\/em>\u2019tuppa, <em>ka\u2019dd\u00f5 <\/em>\u2019kaduda\u2019, <em>i\u2019zz\u00f5 <\/em>\u2019isa\u2019 (prt).<\/p>\n","protected":false},"excerpt":{"rendered":"<p>J\u00e4rgnevalt on kirjeldatud liivi keele kaash\u00e4\u00e4likuid ehk konsonante h\u00e4\u00e4ldusviisi, h\u00e4\u00e4lduskoha ja helilisuse j\u00e4rgi. Helitud konsonandid on p t t\u0327 k s \u0161, nt pad\u0101 \u2019pada\u2019, tub\u0101 \u2019tuba\u2019, kak \u2019kakk, kukkel\u2019. Heliliste h\u00e4\u00e4likute vahel ning helilise h\u00e4\u00e4liku j\u00e4rel s\u00f5na l\u00f5pul h\u00e4\u00e4lduvad &#8230;<\/p>\n","protected":false},"author":471,"featured_media":0,"parent":36,"menu_order":0,"comment_status":"closed","ping_status":"closed","template":"","meta":{"_acf_changed":false,"inline_featured_image":false,"footnotes":""},"class_list":["post-676","page","type-page","status-publish","hentry"],"acf":[],"_links":{"self":[{"href":"https:\/\/sisu.ut.ee\/liivikeel\/wp-json\/wp\/v2\/pages\/676","targetHints":{"allow":["GET"]}}],"collection":[{"href":"https:\/\/sisu.ut.ee\/liivikeel\/wp-json\/wp\/v2\/pages"}],"about":[{"href":"https:\/\/sisu.ut.ee\/liivikeel\/wp-json\/wp\/v2\/types\/page"}],"author":[{"embeddable":true,"href":"https:\/\/sisu.ut.ee\/liivikeel\/wp-json\/wp\/v2\/users\/471"}],"replies":[{"embeddable":true,"href":"https:\/\/sisu.ut.ee\/liivikeel\/wp-json\/wp\/v2\/comments?post=676"}],"version-history":[{"count":3,"href":"https:\/\/sisu.ut.ee\/liivikeel\/wp-json\/wp\/v2\/pages\/676\/revisions"}],"predecessor-version":[{"id":721,"href":"https:\/\/sisu.ut.ee\/liivikeel\/wp-json\/wp\/v2\/pages\/676\/revisions\/721"}],"up":[{"embeddable":true,"href":"https:\/\/sisu.ut.ee\/liivikeel\/wp-json\/wp\/v2\/pages\/36"}],"wp:attachment":[{"href":"https:\/\/sisu.ut.ee\/liivikeel\/wp-json\/wp\/v2\/media?parent=676"}],"curies":[{"name":"wp","href":"https:\/\/api.w.org\/{rel}","templated":true}]}}