{"id":584,"date":"2024-08-05T12:06:16","date_gmt":"2024-08-05T09:06:16","guid":{"rendered":"https:\/\/sisu.ut.ee\/liivikeel\/?page_id=584"},"modified":"2024-12-29T17:35:22","modified_gmt":"2024-12-29T15:35:22","slug":"9-3-rikaz-randa","status":"publish","type":"page","link":"https:\/\/sisu.ut.ee\/liivikeel\/9-3-rikaz-randa\/","title":{"rendered":"8.4. &#8220;Rik\u0101z r\u0101nda&#8221; \/ &#8220;Rikas rand&#8221;"},"content":{"rendered":"<div style=\"height:20px\" aria-hidden=\"true\" class=\"wp-block-spacer\"><\/div>\n\n\n\n<p>Luuletuse <strong>\u201cRik\u0101z r\u0101nda\u201d <\/strong>on kirjutanud tuntud liivi luuletaja ja kultuuritegelane K\u014drli Stalte (1870-1947). Luuletus on muuhulgas Stalte samanimelise, 2020. a ilmunud liivi-l\u00e4ti luulekogu pealkiri ja avaluuletus.<\/p>\n\n\n\n<p>Juuresoleval videol laulab seda <strong>Kal\u0101 jeng<\/strong>. <em>Kal\u0101 jeng<\/em> (\u201cKala hing\u201d) on t\u00e4nap\u00e4eva liivi muusikakollektiiv, mis esitab liivlaste luulep\u00e4randile loodud muusikat.<\/p>\n\n\n\n<figure class=\"wp-block-embed alignright is-type-video is-provider-youtube wp-block-embed-youtube\"><div class=\"wp-block-embed__wrapper\">\n<div class=\"ratio ratio-16x9 mb-3\"><div class=\"video-placeholder-wrapper video-placeholder-wrapper--16x9\">\n\t\t\t    <div class=\"video-placeholder d-flex justify-content-center align-items-center\">\n\t\t\t        <div class=\"overlay text-white p-2 w-100 text-center d-block justify-content-center align-items-center\">\n\t\t\t            <div>Kolmandate osapoolte sisu n\u00e4gemiseks palun n\u00f5ustu k\u00fcpsistega.<\/div>\n\t\t\t            <button class=\"btn btn-secondary btn-sm mt-1 consent-change\">Muuda n\u00f5usolekut<\/button>\n\t\t\t        <\/div>\n\t\t\t    <\/div>\n\t\t\t<\/div>\n<\/div>\n<\/div><\/figure>\n\n\n\n<p>Va\u0146tligid, kui pied\u0101g tikki\u017e<br>k\u016bldat\u00f5d um k\u022dnka p\u01dfl,<br>amm\u00f5 rand\u00f5 p\u01dfva\u013cik\u012bs<br>n\u01dft\u00f5 k\u016bldas p\u0101istam s\u01dfl.<\/p>\n\n\n\n<p>Kaj\u0101g\u00f5n \u0101t \u00f5bdizt t\u012bb\u00f5d,<br>samti am um k\u0101kuo\u013c\u00f5n,<br>\u014dr\u00f5nd nei \u012b\u017e t\u00f5ur\u00f5d l\u012bb\u00f5d<br>r\u0101ndad\u012bban, sportist\u00f5n.<\/p>\n\n\n\n<p>2x: Mis t\u0113g minn\u00f5n k\u012bt\u00f5t k\u016bldast,<br>\u00f5bd\u00f5st, mis um m\u014dnall\u00f5,<br>k\u012benta v\u022ft\u0161\u00f5m\u00f5st um m\u016bldast,<br>tulgid \u012b\u0146\u00f5z miernaig\u00f5.<\/p>\n\n\n\n<figure class=\"wp-block-image alignright size-full is-resized\"><img loading=\"lazy\" decoding=\"async\" width=\"500\" height=\"704\" src=\"https:\/\/sisu.ut.ee\/wp-content\/uploads\/sites\/649\/ptk_8_Rikazranda.jpg\" alt=\"\" class=\"wp-image-2355\" style=\"width:271px;height:auto\" srcset=\"https:\/\/sisu.ut.ee\/wp-content\/uploads\/sites\/649\/ptk_8_Rikazranda.jpg 500w, https:\/\/sisu.ut.ee\/wp-content\/uploads\/sites\/649\/ptk_8_Rikazranda-213x300.jpg 213w\" sizes=\"auto, (max-width: 500px) 100vw, 500px\"><\/figure>\n\n\n\n<p>\u0112tag\u00f5d s\u012bn p\u016bol e\u0146t\u0161 s\u012blma,<br>s\u012bn, kus p\u01dfva l\u016boj\u00f5 l\u01dfb;<br>kus siz v\u022flks kil i\u013c m\u014d\u012blma<br>neijen rik\u016bzt, kui s\u01dfl n\u01dfb?<br><br>S\u01dfl n\u01dfb neijen kuld\u00f5 l\u0101istam,<br>kuijen t\u00f5v\u0101 mier \u012bd um,<br>sieg\u0101s vald\u00f5 \u00f5bd\u00f5 p\u0101istam<br>l\u0101in\u00f5d tutk\u0101mis kui lum.<\/p>\n\n\n\n<p>2x: Mis t\u0113g minn\u00f5n k\u012bt\u00f5t k\u016bldast \u2026<\/p>\n\n\n\n<p>Ill\u00f5 ail\u00f5b purpur p\u012bla,<br>all\u00f5 laint um dimanti.<br>Am\u0101 imm\u00f5r rik\u0101z v\u012b\u013ca<br>\u00e4bnimt\u00f5d ja \u00e4dsmingi.<\/p>\n\n\n\n<p>K\u00e4d\u016bd iml\u00f5s kubb\u00f5 p\u0101nda<br>t\u0113g set v\u00f5ikst ja \u012bds\u00f5 s\u016bs<br>k\u012bt\u00f5 s\u01dfl: \u201c\u016aod rik\u0101z, r\u0101nda,<br>se\u013c\u013cizt rik\u016bzt \u00e4b \u016bo m\u016bs\u201d.<br><\/p>\n","protected":false},"excerpt":{"rendered":"<p>Luuletuse \u201cRik\u0101z r\u0101nda\u201d on kirjutanud tuntud liivi luuletaja ja kultuuritegelane K\u014drli Stalte (1870-1947). Luuletus on muuhulgas Stalte samanimelise, 2020. a ilmunud liivi-l\u00e4ti luulekogu pealkiri ja avaluuletus. Juuresoleval videol laulab seda Kal\u0101 jeng. Kal\u0101 jeng (\u201cKala hing\u201d) on t\u00e4nap\u00e4eva liivi muusikakollektiiv, &#8230;<\/p>\n","protected":false},"author":320,"featured_media":0,"parent":0,"menu_order":0,"comment_status":"closed","ping_status":"closed","template":"","meta":{"_acf_changed":false,"inline_featured_image":false,"footnotes":""},"class_list":["post-584","page","type-page","status-publish","hentry"],"acf":[],"_links":{"self":[{"href":"https:\/\/sisu.ut.ee\/liivikeel\/wp-json\/wp\/v2\/pages\/584","targetHints":{"allow":["GET"]}}],"collection":[{"href":"https:\/\/sisu.ut.ee\/liivikeel\/wp-json\/wp\/v2\/pages"}],"about":[{"href":"https:\/\/sisu.ut.ee\/liivikeel\/wp-json\/wp\/v2\/types\/page"}],"author":[{"embeddable":true,"href":"https:\/\/sisu.ut.ee\/liivikeel\/wp-json\/wp\/v2\/users\/320"}],"replies":[{"embeddable":true,"href":"https:\/\/sisu.ut.ee\/liivikeel\/wp-json\/wp\/v2\/comments?post=584"}],"version-history":[{"count":16,"href":"https:\/\/sisu.ut.ee\/liivikeel\/wp-json\/wp\/v2\/pages\/584\/revisions"}],"predecessor-version":[{"id":2364,"href":"https:\/\/sisu.ut.ee\/liivikeel\/wp-json\/wp\/v2\/pages\/584\/revisions\/2364"}],"wp:attachment":[{"href":"https:\/\/sisu.ut.ee\/liivikeel\/wp-json\/wp\/v2\/media?parent=584"}],"curies":[{"name":"wp","href":"https:\/\/api.w.org\/{rel}","templated":true}]}}