{"id":582,"date":"2024-08-05T12:03:47","date_gmt":"2024-08-05T09:03:47","guid":{"rendered":"https:\/\/sisu.ut.ee\/liivikeel\/?page_id=582"},"modified":"2024-08-05T12:03:48","modified_gmt":"2024-08-05T09:03:48","slug":"9-2-piedag-vaim","status":"publish","type":"page","link":"https:\/\/sisu.ut.ee\/liivikeel\/9-2-piedag-vaim\/","title":{"rendered":"9.2. Pied\u0101g vaim"},"content":{"rendered":"<p>Tekst Stalte (2011) aabitsast<\/p>\n\n\n\n<p>K\u022dnka s\u014dna p\u012bliz kuordiz m\u00e4g nug\u0101r p\u01dfl, lagd\u00f5 imm\u00f5rgou\u021b sid\u0101m\u00f5l. S\u012bes s\u014dnas jel\u012bzt kak\u0161 vann\u00f5 ri\u0161t\u012bngt, Brants ja Bab\u0101. Kubs ne sait nutt\u00f5d K\u022dnka rovk\u00f5ks, ag\u0101 Brant\u0161 ik\u0161iggi\u0146 \u2013 K\u022dnka Brants\u00f5ks ja Bab\u0101 \u2013 K\u022dnka Bab\u0101ks. Ag\u0101 s\u014dna tutk\u0101m\u00f5s kaz\u012bz s\u016br pied\u0101g. Se pied\u0101g v\u022f\u013c nei jamdi, ku kak\u0161 m\u012bezt izt s\u014dt t\u01dfnda imm\u00f5r akk\u00f5m. Ta v\u022f\u013c ka v\u00e4gg\u00f5 van\u0101, ag\u0101 am\u0101 s\u012beks v\u022f\u013ct t\u00e4m oks\u0101d vel vi\u0161\u0161\u00f5d ja a\u013c\u013c\u00f5d. \u201cS\u012be pied\u0101g um minn\u00f5n t\u00e4mp\u00f5 m\u014dz\u00f5 v\u00f5t\u0101m\u00f5st\u201d m\u00f5tl\u012bz Brants ja k\u00f5v\u012bstiz k\u012brazt. L\u01dflam se v\u022f\u013c kil t\u00e4mm\u00f5n, ag\u0101 iz v\u00f5i mitt\u00f5 mid\u0101gid t\u012bed\u00f5. Bab\u0101 v\u022f\u013c jub\u0101 n\u00e4d\u012b\u013ci\u0146 ruj\u0101 ja s\u014dna v\u022f\u013c v\u00e4gg\u00f5 k\u012blma, s\u012bepier\u0101st, ku iz \u016bo mitt\u00f5 mid\u0101gid mis ajj\u00f5 p\u0101nda. <\/p>\n\n\n\n<p>Brants ast\u012bz ulz\u00f5. V\u022f\u013c vel \u00e4m\u0101r. \u0100iga v\u022f\u013c vag\u0101 ja k\u012blma. Pied\u0101g p\u01dfl v\u022f\u013c am\u0101lebb\u00f5l v\u0101lda \u01dfrma. Brants ast\u012bz t\u00e4m j\u016br salliz irmk\u00f5ks. \u201cMa ra\u1e11\u013c\u00f5b ik\u0161iggi\u0146, kuijen s\u022ditab,\u201d m\u00f5tl\u012bz ta, \u201csiz ma l\u01dfb kil\u0101st abb\u00f5 s\u014dm ja m\u0113g irg\u00f5m z\u014djg\u00f5.\u201d Vel r\u014dz v\u012bbiz Brants, ag\u0101 siz ta nust\u012bz kirr\u00f5 ilz\u00f5. Ag\u0101 jedm\u00f5l ku se j\u014ddiz p\u016b lejj\u00f5 sizz\u00f5l l\u01dfd\u00f5, v\u022f\u013c k\u016blt\u00f5b jamdiz p\u016b t\u00f5vst mad\u0101li \u0113\u013c: \u201cBrants, mis sa t\u014dd t\u012bed\u00f5?\u201d \u201cBab\u0101 um v\u00e4gg\u00f5 ruj\u0101 ja s\u014dna um v\u00e4gg\u00f5 k\u012blma, ag\u0101 \u00e4b \u016bo mitt\u00f5 mid\u0101gid, miss\u00f5ks ajj\u00f5 kitt\u00f5,\u201d tab\u0101ltiz Brants jar\u0101\u00e4d\u0101g\u00f5n. \u201cL\u012bd sa min vast\u00f5 al\u0101stli, siz ma \u00e4b\u021b\u00f5b sinn\u00f5n,\u201d r\u00f5k\u0101ndiz mad\u0101li \u0113\u013c. \u201cJ\u00f5v\u0101 m\u012belk\u00f5ks!\u201d nut\u012bz Brants ja visk\u012bz kirr\u00f5 lum sizz\u00f5l. Ag\u0101 siz r\u00f5k\u0101ndiz \u0113\u013c pied\u0101g t\u00f5vst: \u201cV\u00f5t\u0101 e\u0146t\u0161 kirr\u00f5, li tubb\u00f5 ja va\u0146tl, mis t\u00e4mst um s\u014dnd!\u201d Pierr\u00f5 sied\u0101 lek\u0161 se\u013c\u013ci m\u00f5r\u017eiji \u016bgand\u00f5ks leb pied\u0101g lad\u0101 ja siz ei am\u0101 v\u0101gi\u017e.<\/p>\n\n\n\n<p>Brants tei nei, kui k\u012bt\u00f5d. Va\u0146tl\u00f5s tub\u0101s, pirg tul j\u016bs, e\u0146t\u0161 k\u012brazt, ta neiz, ku se v\u022f\u013c \u00f5bdiz\u00f5ks s\u014dnd. S\u012be e\u0146t\u0161 p\u01dfvan v\u012b\u017e Brants \u00f5bdiz kirr\u00f5 j\u0101lgab\u00f5 ja m\u012b\u017e jar\u0101 k\u016bldasiep\u0101n. Mitt\u00f5 kun\u0101gid ta iz \u016bo n\u01dfnd neijen r\u014dd\u00f5, kui ta ni sai. Am\u0101 jeds kuts\u012bz ta Bab\u0101 j\u016br dokt\u0101r. Siz ta lek\u0161 kuod\u0101j, v\u022fst\u012bz k\u0101ima k\u00e4dst p\u016b\u1e11i ja kit\u012bz s\u014dna lemm\u00f5ks. Dokt\u0101r a\u0157\u0161tiz Babb\u00f5 tierr\u00f5ks. K\u014dgi\u0146 vel jel\u012bzt Brants ja Bab\u0101 pier\u0101st sied\u0101 suggimizt K\u022dnka s\u014dnas v\u022fndzizt jel\u0101mizt. Ni ne m\u022flm\u00f5d \u0101t jub\u0101 k\u016bol\u00f5nd ja K\u022dnka s\u014dna um m\u014dz\u00f5 art\u00f5d. Ag\u0101 K\u022dnka pied\u0101g p\u012bl\u00f5b vel m\u00e4g nug\u0101r\u00f5s. Touv\u00f5d ja t\u016bld \u00e4b s\u022ditat t\u01dfnda murd\u00f5.<\/p>\n\n\n\n<figure class=\"wp-block-table\"><table class=\"table table-hover\"><tbody><tr><td><strong>Ainsuse nimetav (algvorm)<\/strong><\/td><td><strong>Vorm tekstis<\/strong><\/td><td><strong>N\u00e4itelause<\/strong><\/td><\/tr><tr><td>\u2026\u2026\u2026\u2026\u2026.. \u00a0\u00a0\u00a0m\u00e4g<\/td><td>kuordiz m\u00e4g (nug\u0101r p\u01dfl)<\/td><td>Kus \u0101t\u00f5 kuordizt m\u00e4g\u016bd\u2026\u2026\u2026\u2026\u2026\u2026\u2026..\u00a0\u00a0\u00a0 \u2026\u2026\u2026\u2026\u2026\u2026\u2026..?<\/td><\/tr><tr><td>\u2026\u2026\u2026\u2026\u2026..\u00a0\u00a0\u00a0 \u2026\u2026\u2026\u2026\u2026\u2026\u2026.<\/td><td>vann\u00f5 ri\u0161t\u012bngt<em><\/em><\/td><td>Ma r\u00f5k\u0101ndiz \u012bd van\u0101 ri\u0161t\u012bng\u00f5ks.<\/td><\/tr><tr><td>\u00a0\u2026\u2026\u2026\u2026\u2026.\u00a0 pied\u0101g<strong><\/strong><\/td><td><strong>\u00a0<\/strong><\/td><td>Ma n\u01dfb jamdizt pied\u0101gt\u2026\u2026\u2026\u2026\u2026\u2026..\u00a0\u00a0\u00a0 \u2026\u2026\u2026\u2026\u2026\u2026\u2026\u2026\u2026\u2026<\/td><\/tr><tr><td>\u2026\u2026\u2026\u2026\u2026\u2026\u00a0\u00a0\u00a0 \u2026\u2026\u2026\u2026\u2026\u2026.<\/td><td>vi\u0161\u0161\u00f5d (oks\u0101d)<\/td><td>\u00a0<\/td><\/tr><tr><td>\u2026\u2026\u2026\u2026\u2026\u2026 \u00a0\u00a0\u00a0\u2026\u2026\u2026\u2026\u2026\u2026.<\/td><td>a\u013c\u013c\u00f5d (oks\u0101d)<\/td><td>Ta ist\u0101b\u00a0 \u00a0\u2026\u2026\u2026\u2026\u2026..\u00a0\u00a0\u00a0 \u00a0\u2026\u2026\u2026\u2026\u2026\u2026\u2026 p\u01dfl<\/td><\/tr><tr><td><strong>\u00a0<\/strong><\/td><td>l\u01dflam \u00a0t\u012be<\/td><td>Kis t\u012beb l\u01dflamt t\u012bed\u00f5\u2026\u2026\u2026\u2026\u2026\u2026\u2026. \u00a0\u00a0\u2026\u2026\u2026\u2026\u2026\u2026\u2026..?<\/td><\/tr><tr><td><strong>\u00a0<\/strong><\/td><td>\u2026\u2026\u2026\u2026\u2026 ja \u2026\u2026\u2026\u2026\u2026 (\u0101iga)<\/td><td>T\u00e4mp\u00f5 t\u022ditiz vagg\u00f5 ja kilm\u00f5 aig\u00f5.<\/td><\/tr><tr><td>\u2026\u2026\u2026\u2026\u2026.\u00a0 \u01dfrma<strong><\/strong><\/td><td><strong>\u00a0<\/strong><\/td><td><strong>\u00a0<\/strong> P\u016bd \u0101t\u00f5 katt\u00f5d v\u0101lda \u01dfrmaks\u00a0 \u2026\u2026\u2026\u2026\u2026\u2026..<\/td><\/tr><tr><td>\u2026\u2026\u2026\u2026\u2026\u00a0\u00a0 \u2026\u2026\u2026\u2026\u2026\u2026\u2026.<\/td><td>sal\u012bz irmk\u00f5ks<\/td><td>V\u00f5i sa t\u016bnd\u00f5d sal\u012bzt irm\u00f5?<\/td><\/tr><tr><td>\u2026\u2026\u2026\u2026.\u00a0\u00a0\u00a0 \u2026\u2026\u2026..\u00a0\u00a0 \u2026\u2026\u2026..<\/td><td>jamdiz p\u016b t\u00f5vst<\/td><td>Kis jel\u0101b jamdiz\u00a0 p\u016b\u00a0 t\u00f5v siz\u0101l?<\/td><\/tr><tr><td>\u2026\u2026\u2026\u2026\u2026\u00a0\u00a0 \u2026\u2026\u2026\u2026\u2026\u2026\u2026.<strong><\/strong><\/td><td>\u2026\u2026\u2026\u2026\u2026\u2026 \u0113\u013c<\/td><td>P\u022fis k\u012btiz mad\u0101liz \u012bel\u00f5n \/ mad\u0101liz \u012belk\u00f5ks\u201cUh\u016b, uh\u016b!\u201d<\/td><\/tr><tr><td>\u2026\u2026\u2026\u2026\u2026\u00a0\u00a0 \u2026\u2026\u2026\u2026\u2026\u2026\u2026.<\/td><td>j\u00f5v\u0101 m\u012belk\u00f5ks<\/td><td>Minn\u00f5n um j\u00f5v\u0101 m\u0113\u013c\u00a0 \u2026\u2026\u2026\u2026\u2026. i\u013c s\u012be<\/td><\/tr><tr><td>\u2026\u2026\u2026\u2026\u2026\u00a0\u00a0 \u2026\u2026\u2026\u2026\u2026\u2026\u2026.<\/td><td>\u00f5bdiz\u00f5ks \u00f5bdiz kirr\u00f5<\/td><td>\u00a0 b\u00e4s \u00f5bdizt k\u012brazt\u00a0 \u2026\u2026\u2026\u2026\u2026\u2026\u2026\u2026..<\/td><\/tr><tr><td>\u2026\u2026\u2026\u2026\u2026\u00a0\u00a0 (s\u014dna)<strong><\/strong><\/td><td>lemm\u00f5ks<\/td><td>Am\u0101d t\u014db\u00f5d t\u016blda lemm\u00f5 soun\u00f5<\/td><\/tr><tr><td>\u2026\u2026\u2026\u2026\u2026\u00a0\u00a0 \u00a0(ri\u0161t\u012bng)<\/td><td>tierr\u00f5ks<\/td><td>\u0100nda\u00a0 s\u012be t\u012bera ri\u0161t\u012bng\u00f5n\u00a0\u00a0 \u2026\u2026\u2026\u2026\u2026\u2026\u2026\u2026.<\/td><\/tr><tr><td>\u2026\u2026\u2026\u2026\u2026\u00a0\u00a0 \u2026\u2026\u2026\u2026\u2026\u2026\u2026.<\/td><td>v\u022fndzizt jel\u0101mizt<strong><\/strong><\/td><td><strong>\u00a0<\/strong><\/td><\/tr><\/tbody><\/table><\/figure>\n","protected":false},"excerpt":{"rendered":"<p>Tekst Stalte (2011) aabitsast K\u022dnka s\u014dna p\u012bliz kuordiz m\u00e4g nug\u0101r p\u01dfl, lagd\u00f5 imm\u00f5rgou\u021b sid\u0101m\u00f5l. S\u012bes s\u014dnas jel\u012bzt kak\u0161 vann\u00f5 ri\u0161t\u012bngt, Brants ja Bab\u0101. Kubs ne sait nutt\u00f5d K\u022dnka rovk\u00f5ks, ag\u0101 Brant\u0161 ik\u0161iggi\u0146 \u2013 K\u022dnka Brants\u00f5ks ja Bab\u0101 \u2013 K\u022dnka Bab\u0101ks. &#8230;<\/p>\n","protected":false},"author":320,"featured_media":0,"parent":0,"menu_order":0,"comment_status":"closed","ping_status":"closed","template":"","meta":{"_acf_changed":false,"inline_featured_image":false,"footnotes":""},"class_list":["post-582","page","type-page","status-publish","hentry"],"acf":[],"_links":{"self":[{"href":"https:\/\/sisu.ut.ee\/liivikeel\/wp-json\/wp\/v2\/pages\/582","targetHints":{"allow":["GET"]}}],"collection":[{"href":"https:\/\/sisu.ut.ee\/liivikeel\/wp-json\/wp\/v2\/pages"}],"about":[{"href":"https:\/\/sisu.ut.ee\/liivikeel\/wp-json\/wp\/v2\/types\/page"}],"author":[{"embeddable":true,"href":"https:\/\/sisu.ut.ee\/liivikeel\/wp-json\/wp\/v2\/users\/320"}],"replies":[{"embeddable":true,"href":"https:\/\/sisu.ut.ee\/liivikeel\/wp-json\/wp\/v2\/comments?post=582"}],"version-history":[{"count":1,"href":"https:\/\/sisu.ut.ee\/liivikeel\/wp-json\/wp\/v2\/pages\/582\/revisions"}],"predecessor-version":[{"id":583,"href":"https:\/\/sisu.ut.ee\/liivikeel\/wp-json\/wp\/v2\/pages\/582\/revisions\/583"}],"wp:attachment":[{"href":"https:\/\/sisu.ut.ee\/liivikeel\/wp-json\/wp\/v2\/media?parent=582"}],"curies":[{"name":"wp","href":"https:\/\/api.w.org\/{rel}","templated":true}]}}