{"id":574,"date":"2024-08-05T11:52:30","date_gmt":"2024-08-05T08:52:30","guid":{"rendered":"https:\/\/sisu.ut.ee\/liivikeel\/?page_id=574"},"modified":"2024-08-05T11:53:18","modified_gmt":"2024-08-05T08:53:18","slug":"mis-ma-tamiezo-neiz","status":"publish","type":"page","link":"https:\/\/sisu.ut.ee\/liivikeel\/mis-ma-tamiezo-neiz\/","title":{"rendered":"9.1. Mis ma t\u00e4m\u012bez\u00f5 neiz"},"content":{"rendered":"<p>Tekst Stalte (2011) aabitsast.<\/p>\n\n\n\n<h4 class=\"wp-block-heading\">Mis se um?<\/h4>\n\n\n\n<p><\/p>\n\n\n\n<h4 class=\"wp-block-heading\">Lug ja tulk<\/h4>\n\n\n\n<p>V\u022f\u013c p\u016bol\u012be, ku u\u0146 lek\u0161 jar\u0101. Am\u0101d mag\u012bzt. Ma k\u016bliz tuoiz tub\u0101s r\u00f5k\u0101ndimizt ja li\u021b\u012bk\u0161imizt. Ma rop\u012bz lov\u0101ld ulz\u00f5 ja lek\u0161 va\u0146tl\u00f5m. Ma p\u012bliz salliz uks vail. Ja mis ma neiz! L\u0113na pip\u0101 ja jem\u0101 kaf\u0113k\u014dna pid\u012bzt k\u014dzgi\u0146i. M\u022flm\u00f5d\u00f5n v\u022f\u013ct pap\u012berst r\u016bo\u017e\u00f5d r\u012bndad j\u016bs ja pip\u0101 pid\u012bz kaf\u0113k\u014dna k\u00e4dak\u0101t\u00f5ks j\u016bs viz\u0101s. K\u014dznik\u012bdi v\u022f\u013c t\u00e4u\u017e p\u022drand.<br>Pad\u0101 ja pa\u0146 teit k\u014ddski\u0146 muz\u012bk\u00f5, munt am\u0101d d\u0101\u0146t\u0161izt. Sidta\u0146g\u00f5d k\u012berizt m\u00e4ndriks\u00f5ks, iz\u0101 filtss\u014dpk\u00f5d \u012bekizt tsi\u0161ib\u012b\u0161k\u00f5ks. Am\u0101d pa\u0146t sieg\u0101m\u00f5l v\u0101ldi\u0146 labaj\u0101lga vals\u00f5. Kaf\u0113tass\u00f5d ja t\u0113gl\u014dz\u00f5d v\u012berizt nem\u0113 k\u012berad \u012bdst s\u0101inast tuoiz j\u016br. \u201cAlgid t\u012begid neijen m\u00e4rr\u00f5!\u201d r\u012b\u1e11liz van\u0101\u01dfma, kuolmja\u013cgi raj. \u201cPer\u012brovst virg\u00f5b\u00f5d, siz um v\u012bt\u0161 lebb\u00f5.\u201d Ag\u0101 sied\u0101 iz pan mitik\u0161 t\u01dfd\u00f5l.<br>Neik\u014dgi\u0146 nagrizt ja d\u0101\u0146t\u0161izt, ku\u0146t\u0161 ik\u0161 kaf\u0113tas ailiz tsukk\u00f5rd\u016bo\u017e\u00f5ks kubb\u00f5. Kaf\u0113tas\u00f5n lek\u0161 \u014dz kilgst jar\u0101 ja tsukk\u00f5rd\u016bo\u017e sad\u012bz imm\u00f5r. Am\u0101 tsukk\u00f5r p\u022drand\u00f5l laig\u0101ld. \u201cKas ma iz k\u012bt!\u201d po\u021b\u012bk\u0161iz vana\u01dfma raj. Am\u0101d \u00e4d\u0101gizt v\u00e4gg\u00f5 jar\u0101 ja j\u016bok\u0161izt jeg\u0101ik\u0161 e\u0146t\u0161 k\u016bo\u017e\u00f5. Ma pug\u012bz t\u0101gi\u017e lovv\u00f5l. Jem\u0101 arriz \u016bo\u0146d\u017e\u00f5l, ku s\u016bork\u00f5d \u0101t s\u012be lig\u0101 t\u012bend.<\/p>\n\n\n\n<h4 class=\"wp-block-heading\">K\u0113rat \u00f5igizt form\u00f5d ja vast\u0101t kizzimizt\u00f5n<\/h4>\n\n\n\n<p>Add the missing part of a particle \/ phrasal verb and answer the question.<br>Kun\u0101 u\u0146 lek\u0161 \u2026\u2026\u2026\u2026\u2026\u2026..? Mik\u0161pier\u0101st?<br>Kust ta (n\u012b\u017eiji) rop\u012bz \u2026\u2026\u2026\u2026\u2026\u2026\u2026\u2026..? Ja mis ta neiz?<br>Mid\u0101 mitik\u0161 iz pan \u2026\u2026\u2026\u2026\u2026\u2026\u2026\u2026\u2026?<br>Mis siz sug\u012bz? Mink\u00f5ks ik\u0161 kaf\u0113tas ailiz \u2026\u2026\u2026\u2026\u2026\u2026\u2026?<br>V\u00f5i kaf\u0113tas\u00f5n lek\u0161 \u014dz kilgst \u2026\u2026\u2026\u2026\u2026\u2026\u2026 ?<br>Kis sad\u012bz \u2026\u2026\u2026\u2026\u2026\u2026\u2026\u2026..?<br>V\u00f5i am\u0101d \u00e4d\u0101gizt v\u00e4gg\u00f5 \u2026\u2026\u2026\u2026\u2026\u2026\u2026\u2026..?<br>Mis jem\u0101 arriz \u016bo\u0146d\u017e\u00f5l?<\/p>\n","protected":false},"excerpt":{"rendered":"<p>Tekst Stalte (2011) aabitsast. Mis se um? Lug ja tulk V\u022f\u013c p\u016bol\u012be, ku u\u0146 lek\u0161 jar\u0101. Am\u0101d mag\u012bzt. Ma k\u016bliz tuoiz tub\u0101s r\u00f5k\u0101ndimizt ja li\u021b\u012bk\u0161imizt. Ma rop\u012bz lov\u0101ld ulz\u00f5 ja lek\u0161 va\u0146tl\u00f5m. Ma p\u012bliz salliz uks vail. Ja mis ma &#8230;<\/p>\n","protected":false},"author":320,"featured_media":0,"parent":0,"menu_order":0,"comment_status":"closed","ping_status":"closed","template":"","meta":{"_acf_changed":false,"inline_featured_image":false,"footnotes":""},"class_list":["post-574","page","type-page","status-publish","hentry"],"acf":[],"_links":{"self":[{"href":"https:\/\/sisu.ut.ee\/liivikeel\/wp-json\/wp\/v2\/pages\/574","targetHints":{"allow":["GET"]}}],"collection":[{"href":"https:\/\/sisu.ut.ee\/liivikeel\/wp-json\/wp\/v2\/pages"}],"about":[{"href":"https:\/\/sisu.ut.ee\/liivikeel\/wp-json\/wp\/v2\/types\/page"}],"author":[{"embeddable":true,"href":"https:\/\/sisu.ut.ee\/liivikeel\/wp-json\/wp\/v2\/users\/320"}],"replies":[{"embeddable":true,"href":"https:\/\/sisu.ut.ee\/liivikeel\/wp-json\/wp\/v2\/comments?post=574"}],"version-history":[{"count":2,"href":"https:\/\/sisu.ut.ee\/liivikeel\/wp-json\/wp\/v2\/pages\/574\/revisions"}],"predecessor-version":[{"id":576,"href":"https:\/\/sisu.ut.ee\/liivikeel\/wp-json\/wp\/v2\/pages\/574\/revisions\/576"}],"wp:attachment":[{"href":"https:\/\/sisu.ut.ee\/liivikeel\/wp-json\/wp\/v2\/media?parent=574"}],"curies":[{"name":"wp","href":"https:\/\/api.w.org\/{rel}","templated":true}]}}