{"id":5,"date":"2024-04-04T08:57:00","date_gmt":"2024-04-04T05:57:00","guid":{"rendered":"https:\/\/sisu.ut.ee\/liivikeel\/21-sonavara\/"},"modified":"2025-03-11T20:11:22","modified_gmt":"2025-03-11T18:11:22","slug":"21-sonavara","status":"publish","type":"page","link":"https:\/\/sisu.ut.ee\/liivikeel\/21-sonavara\/","title":{"rendered":"2.1. S\u00f5n\u0101v\u012b\u013ca \/ S\u00f5navara"},"content":{"rendered":"<div style=\"height:15px\" aria-hidden=\"true\" class=\"wp-block-spacer\"><\/div>\n\n\n\n<p>Selles osas saad teha tutvust isikuliste ases\u00f5nadega (lk 1) ning \u00f5ppida \u00e4ra m\u00f5ned olulised tegus\u00f5nad (lk 2).<\/p>\n\n\n\n<h5 class=\"wp-block-heading\">2.1.1. Harjuta isikulisi ases\u00f5nu<\/h5>\n\n\n\n<p>Liivi keeles on ases\u00f5nadel nii pikad kui ka l\u00fchikesed (teatud juhtudel kiirk\u00f5ne) vormid. Proovi need allolevast s\u00f5nader\u00e4gastikust \u00fcles leida (s\u00f5nad v\u00f5ivad olla kirjutatud igat pidi). Enne lahendamist v\u00f5id uurida osa 2.2, kus vastavad vormid on v\u00e4lja toodud. <\/p>\n\n\n\n<div class=\"h5p-iframe-wrapper\"><div class=\"video-placeholder-wrapper video-placeholder-wrapper--fixed\" style=\"height: 366px;\">\n\t\t\t    <div class=\"video-placeholder d-flex justify-content-center align-items-center\">\n\t\t\t        <div class=\"overlay text-white p-2 w-100 text-center d-block justify-content-center align-items-center\">\n\t\t\t            <div>Kolmandate osapoolte sisu n\u00e4gemiseks palun n\u00f5ustu k\u00fcpsistega.<\/div>\n\t\t\t            <button class=\"btn btn-secondary btn-sm mt-1 consent-change\">Muuda n\u00f5usolekut<\/button>\n\t\t\t        <\/div>\n\t\t\t    <\/div>\n\t\t\t<\/div>\n<\/div>\n\n\n\n<!--nextpage-->\n\n\n\n<div style=\"height:14px\" aria-hidden=\"true\" class=\"wp-block-spacer\"><\/div>\n\n\n\n<h5 class=\"wp-block-heading\">2.1.2. Tutvu tegus\u00f5nadega<\/h5>\n\n\n\n<div class=\"h5p-iframe-wrapper\"><div class=\"video-placeholder-wrapper video-placeholder-wrapper--fixed\" style=\"height: 366px;\">\n\t\t\t    <div class=\"video-placeholder d-flex justify-content-center align-items-center\">\n\t\t\t        <div class=\"overlay text-white p-2 w-100 text-center d-block justify-content-center align-items-center\">\n\t\t\t            <div>Kolmandate osapoolte sisu n\u00e4gemiseks palun n\u00f5ustu k\u00fcpsistega.<\/div>\n\t\t\t            <button class=\"btn btn-secondary btn-sm mt-1 consent-change\">Muuda n\u00f5usolekut<\/button>\n\t\t\t        <\/div>\n\t\t\t    <\/div>\n\t\t\t<\/div>\n<\/div>\n\n\n\n<p>Kui soovid rohkem tegus\u00f5nu\u00a0\u00f5ppida, siis harjuta <a href=\"https:\/\/quizlet.com\/832708456\/2-optobkabal-oppetukk-tiemizsonad-2-tegusonad-2-flash-cards\/?i=2pub8s&amp;x=1jqt\" target=\"_blank\" rel=\"noreferrer noopener\">SIIN<\/a>.<\/p>\n","protected":false},"excerpt":{"rendered":"<p>Selles osas saad teha tutvust isikuliste ases\u00f5nadega (lk 1) ning \u00f5ppida \u00e4ra m\u00f5ned olulised tegus\u00f5nad (lk 2). 2.1.1. Harjuta isikulisi ases\u00f5nu Liivi keeles on ases\u00f5nadel nii pikad kui ka l\u00fchikesed (teatud juhtudel kiirk\u00f5ne) vormid. Proovi need allolevast s\u00f5nader\u00e4gastikust \u00fcles leida &#8230;<\/p>\n","protected":false},"author":320,"featured_media":0,"parent":0,"menu_order":0,"comment_status":"closed","ping_status":"closed","template":"","meta":{"_acf_changed":false,"inline_featured_image":false,"footnotes":""},"class_list":["post-5","page","type-page","status-publish","hentry"],"acf":[],"_links":{"self":[{"href":"https:\/\/sisu.ut.ee\/liivikeel\/wp-json\/wp\/v2\/pages\/5","targetHints":{"allow":["GET"]}}],"collection":[{"href":"https:\/\/sisu.ut.ee\/liivikeel\/wp-json\/wp\/v2\/pages"}],"about":[{"href":"https:\/\/sisu.ut.ee\/liivikeel\/wp-json\/wp\/v2\/types\/page"}],"author":[{"embeddable":true,"href":"https:\/\/sisu.ut.ee\/liivikeel\/wp-json\/wp\/v2\/users\/320"}],"replies":[{"embeddable":true,"href":"https:\/\/sisu.ut.ee\/liivikeel\/wp-json\/wp\/v2\/comments?post=5"}],"version-history":[{"count":9,"href":"https:\/\/sisu.ut.ee\/liivikeel\/wp-json\/wp\/v2\/pages\/5\/revisions"}],"predecessor-version":[{"id":2644,"href":"https:\/\/sisu.ut.ee\/liivikeel\/wp-json\/wp\/v2\/pages\/5\/revisions\/2644"}],"wp:attachment":[{"href":"https:\/\/sisu.ut.ee\/liivikeel\/wp-json\/wp\/v2\/media?parent=5"}],"curies":[{"name":"wp","href":"https:\/\/api.w.org\/{rel}","templated":true}]}}