{"id":49,"date":"2024-04-04T08:57:05","date_gmt":"2024-04-04T05:57:05","guid":{"rendered":"https:\/\/sisu.ut.ee\/liivikeel\/meist\/"},"modified":"2024-12-25T17:57:25","modified_gmt":"2024-12-25T15:57:25","slug":"meist","status":"publish","type":"page","link":"https:\/\/sisu.ut.ee\/liivikeel\/meist\/","title":{"rendered":"Autoritest"},"content":{"rendered":"<div style=\"height:18px\" aria-hidden=\"true\" class=\"wp-block-spacer\"><\/div>\n\n\n\n<div class=\"wp-block-media-text has-media-on-the-right is-stacked-on-mobile is-vertically-aligned-center\" style=\"grid-template-columns:auto 61%\"><div class=\"wp-block-media-text__content\">\n<p><strong>Miina Norvik <\/strong>on Tartu \u00dclikooli\u00a0l\u00e4\u00e4nemeresoome keelte lektor ja Tartu \u00dclikooli arheoloogia, geneetika ja lingvistika sidusuuringute kolleegiumi juhataja. Ta on olnud j\u00e4reldoktor nii Turu \u00dclikoolis Soomes kui ka Uppsala \u00dclikoolis Rootsis.<\/p>\n\n\n\n<p><strong>Tuuli Tuisk<\/strong> on Tartu \u00dclikooli l\u00e4\u00e4nemeresoome keelte foneetika teadur ja L\u00e4ti \u00dclikooli liivi instituudi k\u00fclalisteadur. Oma j\u00e4reldoktorantuuri tegi ta Kopenhaageni \u00dclikoolis Taanis.<\/p>\n<\/div><figure class=\"wp-block-media-text__media\"><img loading=\"lazy\" decoding=\"async\" width=\"1024\" height=\"576\" src=\"https:\/\/sisu.ut.ee\/wp-content\/uploads\/sites\/649\/20150915_113905_001-1024x576.jpg\" alt=\"Miina Norvik ja Tuuli Tuisk\" class=\"wp-image-111 size-full\" srcset=\"https:\/\/sisu.ut.ee\/wp-content\/uploads\/sites\/649\/20150915_113905_001-1024x576.jpg 1024w, https:\/\/sisu.ut.ee\/wp-content\/uploads\/sites\/649\/20150915_113905_001-300x169.jpg 300w, https:\/\/sisu.ut.ee\/wp-content\/uploads\/sites\/649\/20150915_113905_001-768x432.jpg 768w, https:\/\/sisu.ut.ee\/wp-content\/uploads\/sites\/649\/20150915_113905_001-1536x864.jpg 1536w, https:\/\/sisu.ut.ee\/wp-content\/uploads\/sites\/649\/20150915_113905_001-2048x1152.jpg 2048w, https:\/\/sisu.ut.ee\/wp-content\/uploads\/sites\/649\/20150915_113905_001-1920x1080.jpg 1920w\" sizes=\"auto, (max-width: 1024px) 100vw, 1024px\"><\/figure><\/div>\n\n\n\n<div style=\"height:17px\" aria-hidden=\"true\" class=\"wp-block-spacer\"><\/div>\n\n\n\n<p>Oleme liivi radadel kulgenud \u00fcsna koos, m\u00f5nikord k\u00fcll vahelduvates intervallides. J\u00f5udsime Kuramaa liivi keele juurde esimest korda Tartu \u00dclikoolis. Selles oli\u00a0oluline roll professor Tiit-Rein Viitsol, kelle k\u00e4e all liivi keelt \u00f5ppisime. Temaga koos sai k\u00e4idud v\u00e4lit\u00f6\u00f6del ja seminaridel Kuramaa liivi aladel ning\u00a0tema k\u00f5rval said tehtud ka esimesed sammud liivi keele \u00f5petamisel. Lisaks Tartu \u00dclikoolis peetud loengukursustele on\u00a0tee viinud k\u00fclalisloenguid andma ka Soome Turu \u00dclikooli, Ungarisse Debreceni \u00dclikooli ja Budapestis asuvasse\u00a0ELTE \u00dclikooli. Samuti oleme liivi keelt \u00f5petanud\u00a0Kuramaal ajaloolistel liivi aladel toimuvates\u00a0rahvusvahelistes liivi suve\u00fclikoolides (aastatel 2013, 2017 ja 2021; j\u00e4rgmine on tulekul 2024. a suvel).\u00a0<\/p>\n\n\n\n<p>\u00dchtlasi oleme tegelenud\u00a0liivi keele uurimisega. Kaitsesime oma doktoriv\u00e4itekirjad\u00a02015. aastal, kusjuures\u00a0samal\u00a0p\u00e4eval \u2013 12. novembril!\u00a0Miina k\u00e4sitles oma v\u00e4itekirjas\u00a0\u201eFuture time reference devices in Livonian in a Finnic context\u201c\u00a0tuleviku v\u00e4ljendamise vahendeid liivi keeles l\u00e4\u00e4nemeresoome keelte taustal, Tuuli keskendus doktoriv\u00e4itekirjas\u00a0\u201eLivonian word prosody\u201c liivi s\u00f5naprosoodiale.<\/p>\n\n\n\n<p>Liivi keele \u00f5petamis- ja uurimist\u00f6\u00f6s on meil olnud hea koost\u00f6\u00f6 kolleegidega L\u00e4ti \u00dclikooli liivi instituudist. Liivi S\u00f5prade Seltsi liikmetena oleme\u00a0seotud mitmete liivi keele ja kultuuri alaste ettev\u00f5tmistega.<\/p>\n\n\n\n<figure class=\"wp-block-image size-large\"><img loading=\"lazy\" decoding=\"async\" width=\"1024\" height=\"576\" src=\"https:\/\/sisu.ut.ee\/wp-content\/uploads\/sites\/649\/20150913_081244-1024x576.jpg\" alt=\"Liivi rannas\" class=\"wp-image-112\" srcset=\"https:\/\/sisu.ut.ee\/wp-content\/uploads\/sites\/649\/20150913_081244-1024x576.jpg 1024w, https:\/\/sisu.ut.ee\/wp-content\/uploads\/sites\/649\/20150913_081244-300x169.jpg 300w, https:\/\/sisu.ut.ee\/wp-content\/uploads\/sites\/649\/20150913_081244-768x432.jpg 768w, https:\/\/sisu.ut.ee\/wp-content\/uploads\/sites\/649\/20150913_081244-1536x864.jpg 1536w, https:\/\/sisu.ut.ee\/wp-content\/uploads\/sites\/649\/20150913_081244-2048x1152.jpg 2048w, https:\/\/sisu.ut.ee\/wp-content\/uploads\/sites\/649\/20150913_081244-1920x1080.jpg 1920w\" sizes=\"auto, (max-width: 1024px) 100vw, 1024px\"><figcaption class=\"wp-element-caption\">Liivi rannas 2015. a. Foto: Valts Ern\u0161treits<\/figcaption><\/figure>\n\n\n\n<h5 class=\"wp-block-heading\"><\/h5>\n","protected":false},"excerpt":{"rendered":"<p>Miina Norvik on Tartu \u00dclikooli\u00a0l\u00e4\u00e4nemeresoome keelte lektor ja Tartu \u00dclikooli arheoloogia, geneetika ja lingvistika sidusuuringute kolleegiumi juhataja. Ta on olnud j\u00e4reldoktor nii Turu \u00dclikoolis Soomes kui ka Uppsala \u00dclikoolis Rootsis. Tuuli Tuisk on Tartu \u00dclikooli l\u00e4\u00e4nemeresoome keelte foneetika teadur ja &#8230;<\/p>\n","protected":false},"author":320,"featured_media":0,"parent":0,"menu_order":0,"comment_status":"closed","ping_status":"closed","template":"","meta":{"_acf_changed":false,"inline_featured_image":false,"footnotes":""},"class_list":["post-49","page","type-page","status-publish","hentry"],"acf":[],"_links":{"self":[{"href":"https:\/\/sisu.ut.ee\/liivikeel\/wp-json\/wp\/v2\/pages\/49","targetHints":{"allow":["GET"]}}],"collection":[{"href":"https:\/\/sisu.ut.ee\/liivikeel\/wp-json\/wp\/v2\/pages"}],"about":[{"href":"https:\/\/sisu.ut.ee\/liivikeel\/wp-json\/wp\/v2\/types\/page"}],"author":[{"embeddable":true,"href":"https:\/\/sisu.ut.ee\/liivikeel\/wp-json\/wp\/v2\/users\/320"}],"replies":[{"embeddable":true,"href":"https:\/\/sisu.ut.ee\/liivikeel\/wp-json\/wp\/v2\/comments?post=49"}],"version-history":[{"count":17,"href":"https:\/\/sisu.ut.ee\/liivikeel\/wp-json\/wp\/v2\/pages\/49\/revisions"}],"predecessor-version":[{"id":1827,"href":"https:\/\/sisu.ut.ee\/liivikeel\/wp-json\/wp\/v2\/pages\/49\/revisions\/1827"}],"wp:attachment":[{"href":"https:\/\/sisu.ut.ee\/liivikeel\/wp-json\/wp\/v2\/media?parent=49"}],"curies":[{"name":"wp","href":"https:\/\/api.w.org\/{rel}","templated":true}]}}