{"id":470,"date":"2024-07-12T23:20:36","date_gmt":"2024-07-12T20:20:36","guid":{"rendered":"https:\/\/sisu.ut.ee\/liivikeel\/?page_id=470"},"modified":"2024-12-26T18:33:46","modified_gmt":"2024-12-26T16:33:46","slug":"4-5-harjutusi","status":"publish","type":"page","link":"https:\/\/sisu.ut.ee\/liivikeel\/4-5-harjutusi\/","title":{"rendered":"4.5. Il\u017eand\u00f5k\u0161i \/ Harjutusi"},"content":{"rendered":"<div style=\"height:15px\" aria-hidden=\"true\" class=\"wp-block-spacer\"><\/div>\n\n\n\n<h5 class=\"wp-block-heading\">4.5.1. Liivi lipp<\/h5>\n\n\n\n<div class=\"wp-block-media-text has-media-on-the-right is-stacked-on-mobile\"><div class=\"wp-block-media-text__content\">\n<p>Juuresoleval pildil on n\u00e4ha liivi rohevalgesinine lipp.<\/p>\n\n\n\n<p>Liivi lipu s\u00fcnd 1923. aastal on seotud samal aastal asutatud liivi \u00fchiskondliku organisatsiooni Liivi Liiduga. M\u00f5\u00f5tudelt ja v\u00e4rvide suhtelt L\u00e4ti riigilipuga sarnanev liivi lipp p\u00fchitseti 1923. aasta 18. novembril Ir\u0113 kirikum\u00f5isas.<\/p>\n<\/div><figure class=\"wp-block-media-text__media\"><img loading=\"lazy\" decoding=\"async\" width=\"1024\" height=\"768\" src=\"https:\/\/sisu.ut.ee\/wp-content\/uploads\/sites\/649\/20240803_132354-1024x768.jpg\" alt=\"Liivi p\u00fchad 2023\" class=\"wp-image-1761 size-full\" srcset=\"https:\/\/sisu.ut.ee\/wp-content\/uploads\/sites\/649\/20240803_132354-1024x768.jpg 1024w, https:\/\/sisu.ut.ee\/wp-content\/uploads\/sites\/649\/20240803_132354-300x225.jpg 300w, https:\/\/sisu.ut.ee\/wp-content\/uploads\/sites\/649\/20240803_132354-768x576.jpg 768w, https:\/\/sisu.ut.ee\/wp-content\/uploads\/sites\/649\/20240803_132354-1536x1152.jpg 1536w, https:\/\/sisu.ut.ee\/wp-content\/uploads\/sites\/649\/20240803_132354-1920x1440.jpg 1920w, https:\/\/sisu.ut.ee\/wp-content\/uploads\/sites\/649\/20240803_132354.jpg 2045w\" sizes=\"auto, (max-width: 1024px) 100vw, 1024px\"><\/figure><\/div>\n\n\n\n<p class=\"has-text-align-right\">Liivi p\u00fchad 2023. a. Foto: Miina Norvik<\/p>\n\n\n\n<p><\/p><div class=\"h5p-iframe-wrapper\"><div class=\"video-placeholder-wrapper video-placeholder-wrapper--fixed\" style=\"height: 366px;\">\n\t\t\t    <div class=\"video-placeholder d-flex justify-content-center align-items-center\">\n\t\t\t        <div class=\"overlay text-white p-2 w-100 text-center d-block justify-content-center align-items-center\">\n\t\t\t            <div>Kolmandate osapoolte sisu n\u00e4gemiseks palun n\u00f5ustu k\u00fcpsistega.<\/div>\n\t\t\t            <button class=\"btn btn-secondary btn-sm mt-1 consent-change\">Muuda n\u00f5usolekut<\/button>\n\t\t\t        <\/div>\n\t\t\t    <\/div>\n\t\t\t<\/div>\n<\/div><br><strong>Vihje.<\/strong> Loe uuesti luuletust \u201eMi\u2019n iz\u0101m\u01ed\u201c (\u201cMu isamaa\u201d) osas 4.4.\n\n\n\n<!--nextpage-->\n\n\n\n<div style=\"height:15px\" aria-hidden=\"true\" class=\"wp-block-spacer\"><\/div>\n\n\n\n<p>J\u00e4rgmised kaks harjutust on tehtud laulude kohta, mille autor on liivi muusik ja laululooja Ulla Fraser. Ta esitab m\u00f5lemat laulu koos \u0122irts Gail\u012btisega, kes on\u00a0liivi muusikat viljeleva Salaspilsi koori L\u014dja (Paat) dirigent ja liivi muusika uurija.<\/p>\n\n\n\n<h5 class=\"wp-block-heading\">4.5.2. Leia partitiivivormid<\/h5>\n\n\n\n<p>Allolevas harjutuses esinevad laused p\u00e4rinevad laulust <strong>\u201cKu ma rand\u00f5 l\u00e4b\u201d<\/strong> (\u201cKui ma l\u00e4hen randa\u201d): <\/p>\n\n\n\n<figure class=\"wp-block-embed alignleft is-type-video is-provider-youtube wp-block-embed-youtube wp-embed-aspect-16-9 wp-has-aspect-ratio\"><div class=\"wp-block-embed__wrapper\">\n<div class=\"ratio ratio-16x9 mb-3\"><div class=\"video-placeholder-wrapper video-placeholder-wrapper--16x9\">\n\t\t\t    <div class=\"video-placeholder d-flex justify-content-center align-items-center\">\n\t\t\t        <div class=\"overlay text-white p-2 w-100 text-center d-block justify-content-center align-items-center\">\n\t\t\t            <div>Kolmandate osapoolte sisu n\u00e4gemiseks palun n\u00f5ustu k\u00fcpsistega.<\/div>\n\t\t\t            <button class=\"btn btn-secondary btn-sm mt-1 consent-change\">Muuda n\u00f5usolekut<\/button>\n\t\t\t        <\/div>\n\t\t\t    <\/div>\n\t\t\t<\/div>\n<\/div>\n<\/div><\/figure>\n\n\n\n<div style=\"height:15px\" aria-hidden=\"true\" class=\"wp-block-spacer\"><\/div>\n\n\n\n<div class=\"h5p-iframe-wrapper\"><div class=\"video-placeholder-wrapper video-placeholder-wrapper--fixed\" style=\"height: 366px;\">\n\t\t\t    <div class=\"video-placeholder d-flex justify-content-center align-items-center\">\n\t\t\t        <div class=\"overlay text-white p-2 w-100 text-center d-block justify-content-center align-items-center\">\n\t\t\t            <div>Kolmandate osapoolte sisu n\u00e4gemiseks palun n\u00f5ustu k\u00fcpsistega.<\/div>\n\t\t\t            <button class=\"btn btn-secondary btn-sm mt-1 consent-change\">Muuda n\u00f5usolekut<\/button>\n\t\t\t        <\/div>\n\t\t\t    <\/div>\n\t\t\t<\/div>\n<\/div>\n\n\n\n<!--nextpage-->\n\n\n\n<div style=\"height:16px\" aria-hidden=\"true\" class=\"wp-block-spacer\"><\/div>\n\n\n\n<h5 class=\"wp-block-heading\">4.5.3. Mis v\u00e4rvi on?<\/h5>\n\n\n\n<p>Kuula laulu <strong>\u201cV\u0113rm\u00f5d\u201d<\/strong> (\u201cV\u00e4rvid\u201d) ning seej\u00e4rel t\u00e4ida l\u00fcngad allolevas harjutuses. <\/p>\n\n\n\n<figure class=\"wp-block-embed alignleft is-type-video is-provider-youtube wp-block-embed-youtube wp-embed-aspect-16-9 wp-has-aspect-ratio\"><div class=\"wp-block-embed__wrapper\">\n<div class=\"ratio ratio-16x9 mb-3\"><div class=\"video-placeholder-wrapper video-placeholder-wrapper--16x9\">\n\t\t\t    <div class=\"video-placeholder d-flex justify-content-center align-items-center\">\n\t\t\t        <div class=\"overlay text-white p-2 w-100 text-center d-block justify-content-center align-items-center\">\n\t\t\t            <div>Kolmandate osapoolte sisu n\u00e4gemiseks palun n\u00f5ustu k\u00fcpsistega.<\/div>\n\t\t\t            <button class=\"btn btn-secondary btn-sm mt-1 consent-change\">Muuda n\u00f5usolekut<\/button>\n\t\t\t        <\/div>\n\t\t\t    <\/div>\n\t\t\t<\/div>\n<\/div>\n<\/div><\/figure>\n\n\n\n<div style=\"height:15px\" aria-hidden=\"true\" class=\"wp-block-spacer\"><\/div>\n\n\n\n<div class=\"h5p-iframe-wrapper\"><div class=\"video-placeholder-wrapper video-placeholder-wrapper--fixed\" style=\"height: 366px;\">\n\t\t\t    <div class=\"video-placeholder d-flex justify-content-center align-items-center\">\n\t\t\t        <div class=\"overlay text-white p-2 w-100 text-center d-block justify-content-center align-items-center\">\n\t\t\t            <div>Kolmandate osapoolte sisu n\u00e4gemiseks palun n\u00f5ustu k\u00fcpsistega.<\/div>\n\t\t\t            <button class=\"btn btn-secondary btn-sm mt-1 consent-change\">Muuda n\u00f5usolekut<\/button>\n\t\t\t        <\/div>\n\t\t\t    <\/div>\n\t\t\t<\/div>\n<\/div>\n\n\n\n<div class=\"wp-block-file\"><a id=\"wp-block-file--media-0e706b50-ba62-4e36-ab1c-db722500380c\" href=\"https:\/\/sisu.ut.ee\/wp-content\/uploads\/sites\/649\/varvid_tolge.pdf\">V\u00e4rvide laulu t\u00f5lge eesti keelde<\/a><a href=\"https:\/\/sisu.ut.ee\/wp-content\/uploads\/sites\/649\/varvid_tolge.pdf\" class=\"wp-block-file__button wp-element-button\" download aria-describedby=\"wp-block-file--media-0e706b50-ba62-4e36-ab1c-db722500380c\">Laadi alla<\/a><\/div>\n\n\n\n<!--nextpage-->\n\n\n\n<div style=\"height:15px\" aria-hidden=\"true\" class=\"wp-block-spacer\"><\/div>\n\n\n\n<h5 class=\"wp-block-heading\">4.5.4. Vali sobiv vorm.<\/h5>\n\n\n\n<div class=\"h5p-iframe-wrapper\"><div class=\"video-placeholder-wrapper video-placeholder-wrapper--fixed\" style=\"height: 366px;\">\n\t\t\t    <div class=\"video-placeholder d-flex justify-content-center align-items-center\">\n\t\t\t        <div class=\"overlay text-white p-2 w-100 text-center d-block justify-content-center align-items-center\">\n\t\t\t            <div>Kolmandate osapoolte sisu n\u00e4gemiseks palun n\u00f5ustu k\u00fcpsistega.<\/div>\n\t\t\t            <button class=\"btn btn-secondary btn-sm mt-1 consent-change\">Muuda n\u00f5usolekut<\/button>\n\t\t\t        <\/div>\n\t\t\t    <\/div>\n\t\t\t<\/div>\n<\/div>\n","protected":false},"excerpt":{"rendered":"<p>4.5.1. Liivi lipp Juuresoleval pildil on n\u00e4ha liivi rohevalgesinine lipp. Liivi lipu s\u00fcnd 1923. aastal on seotud samal aastal asutatud liivi \u00fchiskondliku organisatsiooni Liivi Liiduga. M\u00f5\u00f5tudelt ja v\u00e4rvide suhtelt L\u00e4ti riigilipuga sarnanev liivi lipp p\u00fchitseti 1923. aasta 18. novembril Ir\u0113 &#8230;<\/p>\n","protected":false},"author":320,"featured_media":0,"parent":0,"menu_order":0,"comment_status":"closed","ping_status":"closed","template":"","meta":{"_acf_changed":false,"inline_featured_image":false,"footnotes":""},"class_list":["post-470","page","type-page","status-publish","hentry"],"acf":[],"_links":{"self":[{"href":"https:\/\/sisu.ut.ee\/liivikeel\/wp-json\/wp\/v2\/pages\/470","targetHints":{"allow":["GET"]}}],"collection":[{"href":"https:\/\/sisu.ut.ee\/liivikeel\/wp-json\/wp\/v2\/pages"}],"about":[{"href":"https:\/\/sisu.ut.ee\/liivikeel\/wp-json\/wp\/v2\/types\/page"}],"author":[{"embeddable":true,"href":"https:\/\/sisu.ut.ee\/liivikeel\/wp-json\/wp\/v2\/users\/320"}],"replies":[{"embeddable":true,"href":"https:\/\/sisu.ut.ee\/liivikeel\/wp-json\/wp\/v2\/comments?post=470"}],"version-history":[{"count":24,"href":"https:\/\/sisu.ut.ee\/liivikeel\/wp-json\/wp\/v2\/pages\/470\/revisions"}],"predecessor-version":[{"id":1905,"href":"https:\/\/sisu.ut.ee\/liivikeel\/wp-json\/wp\/v2\/pages\/470\/revisions\/1905"}],"wp:attachment":[{"href":"https:\/\/sisu.ut.ee\/liivikeel\/wp-json\/wp\/v2\/media?parent=470"}],"curies":[{"name":"wp","href":"https:\/\/api.w.org\/{rel}","templated":true}]}}