{"id":44,"date":"2024-04-04T08:57:04","date_gmt":"2024-04-04T05:57:04","guid":{"rendered":"https:\/\/sisu.ut.ee\/liivikeel\/52-tekstikatkend-filmist-professor-viitso-liivlased\/"},"modified":"2024-12-20T15:37:03","modified_gmt":"2024-12-20T13:37:03","slug":"5-4-nadilp%c7%9fvad-kud-ja-aigastaigad-nadalapaevad-kuud-ja-aastaajad","status":"publish","type":"page","link":"https:\/\/sisu.ut.ee\/liivikeel\/5-4-nadilp%c7%9fvad-kud-ja-aigastaigad-nadalapaevad-kuud-ja-aastaajad\/","title":{"rendered":"5.4. N\u00e4d\u012b\u013cp\u01dfvad, k\u016bd ja \u0101igast\u0101igad \/ N\u00e4dalap\u00e4evad, kuud ja aastaajad"},"content":{"rendered":"<div style=\"height:19px\" aria-hidden=\"true\" class=\"wp-block-spacer\"><\/div>\n\n\n\n<p>Loe ja t\u00f5lgi allolevat teksti. Kuidas k\u00f5lavad liivi keeles erinevad aastaajad, kuude nimetused ja n\u00e4dalap\u00e4evad?<\/p>\n\n\n\n<p>I\u0304\u2019ds a\u0304igasts um ne\u0304l\u0327 a a\u0304igasta\u0304ig\u00f5: kieva\u0304d, s\u00f5\u2019v, si\u2019g\u017e, t\u01edla. A\u0304igasts um kak\u0161tuoist\u00f5n ku\u0304d\u00f5 aga\u0304 v\u012b\u017ekimd\u00f5 kak\u0161 n\u00e4di\u0304l\u0327t\u00f5. Ku\u0304d\u00f5n a\u0304t\u00f5 en\u0327t\u0161 nimu\u0304d: janva\u0304r, februar, m\u00e4rts, april, mai, ju\u0304nij, ju\u0304lij, august, septemb\u00f5r, okto\u0304b\u00f5r, novemb\u00f5r ja detsemb\u00f5r. Va\u2019n\u0327\u0161ti ne ku\u0304d sait\u00f5 nutt\u00f5d u\u0304da\u0304igastku\u0304, ki\u0304n\u0327\u1e11\u00f5lku\u0304, kieva\u0304dku\u0304 ag\u0101 pastku\u0304, k\u00f5\u0304l\u0327imku\u0304, li\u0304\u2019ed\u00f5dku\u0304, j\u01edn\u0327ku\u0304 aga\u0304 j\u01edn\u0327p\u00e4\u0304vaku\u0304, a\u0304inaku\u0304, vi\u0304l\u0327aku\u0304, si\u2019g\u017eku\u0304, vi\u0304\u2019m\u00f5ku\u0304, ki\u0304lmaku\u0304, tal\u0327\u0161piva\u0304dku\u0304. Jega\u0304s n\u00e4di\u0304l\u0327s um seis p\u00e4uv\u00f5. Ti\u0304ep\u00e4\u0304vad a\u0304t\u00f5 e\u2019\u017e\u017e\u00f5mp\u00e4\u0304va, tu\u0304oiznap\u00e4\u0304va, kuolm\u00f5ndp\u00e4\u0304va, nel\u0327l\u0327\u00f5ndp\u00e4\u0304va ja bre\u0304d\u0327\u00f5g. No\u2019vd\u00f5bp\u00e4\u0304vad a\u0304t\u00f5 pu\u0304olp\u00e4\u0304va ja piva\u0304p\u00e4\u0304va.<\/p>\n\n\n\n<p>Loe K. Stalte luuletust n\u00e4dalap\u00e4evadest.<\/p>\n\n\n\n<p><strong>N\u00e4d\u012b\u013cp\u01dfvad \/ N\u00e4dalap\u00e4evad<\/strong><br><\/p>\n\n\n\n<div class=\"wp-block-media-text has-media-on-the-right is-stacked-on-mobile\" style=\"grid-template-columns:auto 56%\"><div class=\"wp-block-media-text__content\">\n<p>E\u017e\u017e\u00f5mp\u01dfvan r\u016boik set \u012bd,<br>Siz am\u0101 n\u00e4d\u012b\u013c kierdi l\u012bd.<br>T\u016boiznap\u01dfvan m\u00f5tt\u00f5l nei,<br>Ku p\u01dfvaks n\u00e4d\u012b\u013c l\u012btiks ei.<br>Kuolm\u00f5ndp\u01dfvan murt i\u013c s\u012be<br>Laz t\u012bem\u00f5t \u012beg\u00f5 mitik\u0161 t\u012be.<br>Ne\u013c\u013c\u00f5ndp\u01dfvan um se irg,<br>Ku r\u016boik\u00f5 teg\u012b\u017e \u016bdp\u01dfl irg.<br>Br\u0113\u1e11\u00f5n m\u00f5tt\u00f5l sin\u0101 nei:<br>Ik\u0161 t\u012bep\u01dfva set p\u01dfl\u00f5 ei.<br>P\u016bolp\u01dfvan um r\u016boik\u00f5m\u00f5st,<br>Um am\u0101 t\u012be sin lopt\u0101m\u00f5st.<br>Piv\u0101p\u01dfvan novv\u00f5m\u00f5st<br>Um am\u0101d\u00f5n t\u012be t\u012bemiz\u00f5st.<\/p>\n\n\n\n<p>(Stalte 2011: 70)<\/p>\n<\/div><figure class=\"wp-block-media-text__media\"><img loading=\"lazy\" decoding=\"async\" width=\"977\" height=\"663\" src=\"https:\/\/sisu.ut.ee\/wp-content\/uploads\/sites\/649\/ptk5_kettunen.png\" alt=\"\" class=\"wp-image-1492 size-full\" srcset=\"https:\/\/sisu.ut.ee\/wp-content\/uploads\/sites\/649\/ptk5_kettunen.png 977w, https:\/\/sisu.ut.ee\/wp-content\/uploads\/sites\/649\/ptk5_kettunen-300x204.png 300w, https:\/\/sisu.ut.ee\/wp-content\/uploads\/sites\/649\/ptk5_kettunen-768x521.png 768w\" sizes=\"auto, (max-width: 977px) 100vw, 977px\"><\/figure><\/div>\n\n\n\n<div style=\"height:20px\" aria-hidden=\"true\" class=\"wp-block-spacer\"><\/div>\n\n\n\n<p class=\"has-text-align-right has-extra-small-font-size\">N\u00e4ide Lauri Kettuneni 1938. a s\u00f5naraamatust<\/p>\n","protected":false},"excerpt":{"rendered":"<p>Loe ja t\u00f5lgi allolevat teksti. Kuidas k\u00f5lavad liivi keeles erinevad aastaajad, kuude nimetused ja n\u00e4dalap\u00e4evad? I\u0304\u2019ds a\u0304igasts um ne\u0304l\u0327 a a\u0304igasta\u0304ig\u00f5: kieva\u0304d, s\u00f5\u2019v, si\u2019g\u017e, t\u01edla. A\u0304igasts um kak\u0161tuoist\u00f5n ku\u0304d\u00f5 aga\u0304 v\u012b\u017ekimd\u00f5 kak\u0161 n\u00e4di\u0304l\u0327t\u00f5. Ku\u0304d\u00f5n a\u0304t\u00f5 en\u0327t\u0161 nimu\u0304d: janva\u0304r, februar, m\u00e4rts, &#8230;<\/p>\n","protected":false},"author":320,"featured_media":0,"parent":0,"menu_order":0,"comment_status":"closed","ping_status":"closed","template":"","meta":{"_acf_changed":false,"inline_featured_image":false,"footnotes":""},"class_list":["post-44","page","type-page","status-publish","hentry"],"acf":[],"_links":{"self":[{"href":"https:\/\/sisu.ut.ee\/liivikeel\/wp-json\/wp\/v2\/pages\/44","targetHints":{"allow":["GET"]}}],"collection":[{"href":"https:\/\/sisu.ut.ee\/liivikeel\/wp-json\/wp\/v2\/pages"}],"about":[{"href":"https:\/\/sisu.ut.ee\/liivikeel\/wp-json\/wp\/v2\/types\/page"}],"author":[{"embeddable":true,"href":"https:\/\/sisu.ut.ee\/liivikeel\/wp-json\/wp\/v2\/users\/320"}],"replies":[{"embeddable":true,"href":"https:\/\/sisu.ut.ee\/liivikeel\/wp-json\/wp\/v2\/comments?post=44"}],"version-history":[{"count":7,"href":"https:\/\/sisu.ut.ee\/liivikeel\/wp-json\/wp\/v2\/pages\/44\/revisions"}],"predecessor-version":[{"id":1531,"href":"https:\/\/sisu.ut.ee\/liivikeel\/wp-json\/wp\/v2\/pages\/44\/revisions\/1531"}],"wp:attachment":[{"href":"https:\/\/sisu.ut.ee\/liivikeel\/wp-json\/wp\/v2\/media?parent=44"}],"curies":[{"name":"wp","href":"https:\/\/api.w.org\/{rel}","templated":true}]}}