{"id":37,"date":"2024-04-04T08:57:04","date_gmt":"2024-04-04T05:57:04","guid":{"rendered":"https:\/\/sisu.ut.ee\/liivikeel\/21-kitomizi-valjendeid\/"},"modified":"2024-07-12T15:16:06","modified_gmt":"2024-07-12T12:16:06","slug":"21-kitomizi-valjendeid","status":"publish","type":"page","link":"https:\/\/sisu.ut.ee\/liivikeel\/21-kitomizi-valjendeid\/","title":{"rendered":"2.3. Ki\u0304t\u00f5mi\u017ei \/ V\u00e4ljendeid"},"content":{"rendered":"<div style=\"height:15px\" aria-hidden=\"true\" class=\"wp-block-spacer\"><\/div>\n\n\n\n<p>Tutvu liivikeelsete v\u00e4ljenditega ja kuula neid Julg\u012b\u00a0Stalte esituses:<\/p>\n\n\n\n<figure class=\"wp-block-audio alignleft\"><audio controls src=\"https:\/\/sisu.ut.ee\/wp-content\/uploads\/sites\/649\/ptk_2_valjendid.mp3\"><\/audio><\/figure>\n\n\n\n<div style=\"height:15px\" aria-hidden=\"true\" class=\"wp-block-spacer\"><\/div>\n\n\n\n<div class=\"wp-block-group is-vertical is-layout-flex wp-container-core-group-is-layout-8cf370e7 wp-block-group-is-layout-flex\">\n<p><strong>Kui si\u2019nn\u00f5n l\u01df\u2019b<\/strong>? Kuidas sul l\u00e4heb?\u00a0<\/p>\n\n\n\n<p><strong>Kui sa jel\u0101d? <\/strong>Kuidas sa elad?\u00a0<\/p>\n\n\n\n<p><strong>Kui sa \u012b\u2019\u017e jel\u0101d? <\/strong>Kuidas sa ise elad?<\/p>\n\n\n\n<p><strong>Kui t\u0113g jel\u0101t?<\/strong> Kuidas te\/Te elate?<\/p>\n\n\n\n<p><strong>S\u016br tien\u016b, j\u00f5v\u012bst!<\/strong> Suur t\u00e4nu, h\u00e4sti!<\/p>\n\n\n\n<p><strong>Tien\u016b, \u00e4\u2019b \u016bo vi\u2019gg\u00f5. <\/strong>T\u00e4nu (t\u00e4nan), ei ole viga.<\/p>\n\n\n\n<p><strong>\u00c4\u2019bj\u00f5v\u012bst\u00a0<\/strong>\/<strong> Slik\u021bi ~ slik\u021b\u00f5.<\/strong> Halvasti.<\/p>\n\n\n\n<p><strong>V\u00f5i ne\u2019i? <\/strong>V\u00f5i nii?<\/p>\n\n\n\n<p><strong>Ak ne\u2019i! <\/strong>Ah nii!<\/p>\n\n\n\n<p><strong>Mis sa t\u01ed\u2019d? <\/strong>Mis sa tahad?<\/p>\n\n\n\n<p><strong>V\u00f5i t\u0113g t\u01ed\u2019t\u00f5 mid\u0101g\u00f5st? <\/strong>Kas te tahate midagi?<\/p>\n\n\n\n<p><strong>N\u01df, p\u01edlaks.<\/strong> Jah, palun.\u00a0<\/p>\n\n\n\n<p><strong>Tien\u016b, \u00e4p.<\/strong> T\u00e4nu (t\u00e4nan), ei.<\/p>\n\n\n\n<p><strong>Ma tien\u016bb sid\u0101m\u00f5st. <\/strong>Ma t\u00e4nan s\u00fcdamest.<\/p>\n\n\n\n<p><strong>N\u01df ag\u0101 \u00e4p? <\/strong>Jah v\u00f5i ei?<\/p>\n<\/div>\n","protected":false},"excerpt":{"rendered":"<p>Tutvu liivikeelsete v\u00e4ljenditega ja kuula neid Julg\u012b\u00a0Stalte esituses: Kui si\u2019nn\u00f5n l\u01df\u2019b? Kuidas sul l\u00e4heb?\u00a0 Kui sa jel\u0101d? Kuidas sa elad?\u00a0 Kui sa \u012b\u2019\u017e jel\u0101d? Kuidas sa ise elad? Kui t\u0113g jel\u0101t? Kuidas te\/Te elate? S\u016br tien\u016b, j\u00f5v\u012bst! Suur t\u00e4nu, h\u00e4sti! &#8230;<\/p>\n","protected":false},"author":320,"featured_media":0,"parent":0,"menu_order":0,"comment_status":"closed","ping_status":"closed","template":"","meta":{"_acf_changed":false,"inline_featured_image":false,"footnotes":""},"class_list":["post-37","page","type-page","status-publish","hentry"],"acf":[],"_links":{"self":[{"href":"https:\/\/sisu.ut.ee\/liivikeel\/wp-json\/wp\/v2\/pages\/37","targetHints":{"allow":["GET"]}}],"collection":[{"href":"https:\/\/sisu.ut.ee\/liivikeel\/wp-json\/wp\/v2\/pages"}],"about":[{"href":"https:\/\/sisu.ut.ee\/liivikeel\/wp-json\/wp\/v2\/types\/page"}],"author":[{"embeddable":true,"href":"https:\/\/sisu.ut.ee\/liivikeel\/wp-json\/wp\/v2\/users\/320"}],"replies":[{"embeddable":true,"href":"https:\/\/sisu.ut.ee\/liivikeel\/wp-json\/wp\/v2\/comments?post=37"}],"version-history":[{"count":3,"href":"https:\/\/sisu.ut.ee\/liivikeel\/wp-json\/wp\/v2\/pages\/37\/revisions"}],"predecessor-version":[{"id":414,"href":"https:\/\/sisu.ut.ee\/liivikeel\/wp-json\/wp\/v2\/pages\/37\/revisions\/414"}],"wp:attachment":[{"href":"https:\/\/sisu.ut.ee\/liivikeel\/wp-json\/wp\/v2\/media?parent=37"}],"curies":[{"name":"wp","href":"https:\/\/api.w.org\/{rel}","templated":true}]}}