{"id":36,"date":"2024-04-04T08:57:04","date_gmt":"2024-04-04T05:57:04","guid":{"rendered":"https:\/\/sisu.ut.ee\/liivikeel\/haaldus\/"},"modified":"2024-12-29T11:15:25","modified_gmt":"2024-12-29T09:15:25","slug":"haaldus","status":"publish","type":"page","link":"https:\/\/sisu.ut.ee\/liivikeel\/haaldus\/","title":{"rendered":"1.3. Ulz\u00f5k\u012bt\u00f5mi \/ H\u00e4\u00e4ldus"},"content":{"rendered":"<div style=\"height:18px\" aria-hidden=\"true\" class=\"wp-block-spacer\"><\/div>\n\n\n\n<div class=\"wp-block-media-text is-stacked-on-mobile\" style=\"grid-template-columns:28% auto\"><figure class=\"wp-block-media-text__media\"><img loading=\"lazy\" decoding=\"async\" width=\"657\" height=\"1024\" src=\"https:\/\/sisu.ut.ee\/wp-content\/uploads\/sites\/649\/2_KorliStalte_PF0003-103-657x1024.jpg\" alt=\"\" class=\"wp-image-815 size-full\" srcset=\"https:\/\/sisu.ut.ee\/wp-content\/uploads\/sites\/649\/2_KorliStalte_PF0003-103-657x1024.jpg 657w, https:\/\/sisu.ut.ee\/wp-content\/uploads\/sites\/649\/2_KorliStalte_PF0003-103-193x300.jpg 193w, https:\/\/sisu.ut.ee\/wp-content\/uploads\/sites\/649\/2_KorliStalte_PF0003-103-768x1197.jpg 768w, https:\/\/sisu.ut.ee\/wp-content\/uploads\/sites\/649\/2_KorliStalte_PF0003-103-986x1536.jpg 986w, https:\/\/sisu.ut.ee\/wp-content\/uploads\/sites\/649\/2_KorliStalte_PF0003-103-1315x2048.jpg 1315w, https:\/\/sisu.ut.ee\/wp-content\/uploads\/sites\/649\/2_KorliStalte_PF0003-103-1920x2991.jpg 1920w, https:\/\/sisu.ut.ee\/wp-content\/uploads\/sites\/649\/2_KorliStalte_PF0003-103-scaled.jpg 1643w\" sizes=\"auto, (max-width: 657px) 100vw, 657px\"><\/figure><div class=\"wp-block-media-text__content\">\n<p>Selles alapeat\u00fckis tutvustatakse liivi t\u00e4hestikku, toonis\u00fcsteemi, t\u00e4ish\u00e4\u00e4likuid ja kaash\u00e4\u00e4likuid.<\/p>\n\n\n\n<p>Juuresoleval 1936. aasta fotol h\u00e4\u00e4ldab Ko\u0304rli Stalte vokaali <strong>u<\/strong> Tartu \u00dclikooli foneetika laboris. Ko\u0304rli Stalte (1870\u20131947) oli liivi kultuuritegelane, kirjanik, t\u00f5lkija, \u00f5petaja ja ajakirja L\u012bvli toimetaja. Ta oli mitmete teadlaste jaoks ka oluline keelejuht. <\/p>\n<\/div><\/div>\n\n\n\n<p class=\"has-small-font-size\">K\u014drli Stalte. Foto: E. Bakis 1936, T\u00dc EMSA PF0003-103<\/p>\n","protected":false},"excerpt":{"rendered":"<p>Selles alapeat\u00fckis tutvustatakse liivi t\u00e4hestikku, toonis\u00fcsteemi, t\u00e4ish\u00e4\u00e4likuid ja kaash\u00e4\u00e4likuid. Juuresoleval 1936. aasta fotol h\u00e4\u00e4ldab Ko\u0304rli Stalte vokaali u Tartu \u00dclikooli foneetika laboris. Ko\u0304rli Stalte (1870\u20131947) oli liivi kultuuritegelane, kirjanik, t\u00f5lkija, \u00f5petaja ja ajakirja L\u012bvli toimetaja. Ta oli mitmete teadlaste jaoks &#8230;<\/p>\n","protected":false},"author":320,"featured_media":0,"parent":0,"menu_order":0,"comment_status":"closed","ping_status":"closed","template":"","meta":{"_acf_changed":false,"inline_featured_image":false,"footnotes":""},"class_list":["post-36","page","type-page","status-publish","hentry"],"acf":[],"_links":{"self":[{"href":"https:\/\/sisu.ut.ee\/liivikeel\/wp-json\/wp\/v2\/pages\/36","targetHints":{"allow":["GET"]}}],"collection":[{"href":"https:\/\/sisu.ut.ee\/liivikeel\/wp-json\/wp\/v2\/pages"}],"about":[{"href":"https:\/\/sisu.ut.ee\/liivikeel\/wp-json\/wp\/v2\/types\/page"}],"author":[{"embeddable":true,"href":"https:\/\/sisu.ut.ee\/liivikeel\/wp-json\/wp\/v2\/users\/320"}],"replies":[{"embeddable":true,"href":"https:\/\/sisu.ut.ee\/liivikeel\/wp-json\/wp\/v2\/comments?post=36"}],"version-history":[{"count":8,"href":"https:\/\/sisu.ut.ee\/liivikeel\/wp-json\/wp\/v2\/pages\/36\/revisions"}],"predecessor-version":[{"id":2315,"href":"https:\/\/sisu.ut.ee\/liivikeel\/wp-json\/wp\/v2\/pages\/36\/revisions\/2315"}],"wp:attachment":[{"href":"https:\/\/sisu.ut.ee\/liivikeel\/wp-json\/wp\/v2\/media?parent=36"}],"curies":[{"name":"wp","href":"https:\/\/api.w.org\/{rel}","templated":true}]}}