{"id":34,"date":"2024-04-04T08:57:03","date_gmt":"2024-04-04T05:57:03","guid":{"rendered":"https:\/\/sisu.ut.ee\/liivikeel\/dialogod-dialoogid\/"},"modified":"2024-08-23T13:50:44","modified_gmt":"2024-08-23T10:50:44","slug":"dialogod-dialoogid","status":"publish","type":"page","link":"https:\/\/sisu.ut.ee\/liivikeel\/dialogod-dialoogid\/","title":{"rendered":"1.5. Dial\u014dg\u00f5d \/ Dialoogid"},"content":{"rendered":"<div style=\"height:19px\" aria-hidden=\"true\" class=\"wp-block-spacer\"><\/div>\n\n\n\n<p>Siin saad kuulata liivikeelseid l\u00fchidialooge. <span style=\"font-size: 15px;\">Dialooge loevad liivlased Valt Ern\u0161treit ja Gita K\u016bla. <\/span><\/p>\n\n\n\n<div class=\"wp-block-media-text is-stacked-on-mobile\" style=\"grid-template-columns:38% auto\"><figure class=\"wp-block-media-text__media\"><img loading=\"lazy\" decoding=\"async\" width=\"1024\" height=\"683\" src=\"https:\/\/sisu.ut.ee\/wp-content\/uploads\/sites\/649\/1_ValtsErnstreits-1024x683.jpg\" alt=\"Valt Ern\u0161treit\" class=\"wp-image-695 size-full\" srcset=\"https:\/\/sisu.ut.ee\/wp-content\/uploads\/sites\/649\/1_ValtsErnstreits-1024x683.jpg 1024w, https:\/\/sisu.ut.ee\/wp-content\/uploads\/sites\/649\/1_ValtsErnstreits-300x200.jpg 300w, https:\/\/sisu.ut.ee\/wp-content\/uploads\/sites\/649\/1_ValtsErnstreits-768x512.jpg 768w, https:\/\/sisu.ut.ee\/wp-content\/uploads\/sites\/649\/1_ValtsErnstreits-1536x1024.jpg 1536w, https:\/\/sisu.ut.ee\/wp-content\/uploads\/sites\/649\/1_ValtsErnstreits-2048x1366.jpg 2048w, https:\/\/sisu.ut.ee\/wp-content\/uploads\/sites\/649\/1_ValtsErnstreits-1920x1281.jpg 1920w\" sizes=\"auto, (max-width: 1024px) 100vw, 1024px\"><\/figure><div class=\"wp-block-media-text__content\">\n<p><span style=\"font-size: 15px;\">Kuula esimest dialoogi:\u00a0<\/span><\/p>\n\n\n\n<figure class=\"wp-block-audio alignleft\"><audio controls src=\"https:\/\/sisu.ut.ee\/wp-content\/uploads\/sites\/649\/ptk_1_dialoog1.mp3\"><\/audio><\/figure>\n\n\n\n<div style=\"height:17px\" aria-hidden=\"true\" class=\"wp-block-spacer\"><\/div>\n\n\n\n<div class=\"wp-block-group is-vertical is-layout-flex wp-container-core-group-is-layout-8cf370e7 wp-block-group-is-layout-flex\">\n<p><span style=\"line-height: 115%;\"><b><span style=\"line-height: 115%;\">P\u0113t\u00f5r<\/span><\/b><span style=\"line-height: 115%;\">: J\u00f5\u2019vv\u00f5 u\u0304om\u00f5gt, op\u0101tiji! <\/span><\/span><\/p>\n\n\n\n<p><span style=\"line-height: 115%;\"><b><span style=\"line-height: 115%;\">Op\u0101tiji<\/span><\/b><span style=\"line-height: 115%;\">: J\u00f5\u2019vv\u00f5 u\u0304om\u00f5gt, P\u0113t\u00f5r! P\u01edlaks, t\u00e4s\u0101 u\u2019m si\u2019n \u016b\u017e l\u012bv\u00f5 k\u012bel opt\u00f5br\u01ednt\u00f5z!<\/span><\/span><\/p>\n\n\n\n<p><span style=\"line-height: 115%;\"><b><span style=\"line-height: 115%;\">P\u0113t\u00f5r<\/span><\/b><span style=\"line-height: 115%;\">: S\u016br tien\u016b! Se u\u2019m kna\u0161 r\u01ednt\u00f5z.<\/span><\/span><\/p>\n<\/div>\n\n\n\n<p><\/p>\n\n\n\n<p><strong>**<\/strong><\/p>\n<\/div><\/div>\n\n\n\n<div class=\"wp-block-media-text has-media-on-the-right is-stacked-on-mobile is-vertically-aligned-top is-style-default\" style=\"grid-template-columns:auto 27%\"><div class=\"wp-block-media-text__content\">\n<div class=\"wp-block-group is-vertical is-layout-flex wp-container-core-group-is-layout-8cf370e7 wp-block-group-is-layout-flex\">\n<div style=\"height:0px\" aria-hidden=\"true\" class=\"wp-block-spacer wp-container-content-f9bd05ee\"><\/div>\n\n\n\n<p>\u00a0<span style=\"font-size: 15px;\">Kuula teist dialoogi:\u00a0<\/span><\/p>\n\n\n\n<figure class=\"wp-block-audio alignleft\"><audio controls src=\"https:\/\/sisu.ut.ee\/wp-content\/uploads\/sites\/649\/ptk_1_dialoog2.mp3\"><\/audio><\/figure>\n\n\n\n<div class=\"wp-block-group is-vertical is-layout-flex wp-container-core-group-is-layout-8cf370e7 wp-block-group-is-layout-flex\">\n<p><span style=\"line-height: 115%;\"><b><span style=\"line-height: 115%;\">Op\u0101tiji<\/span><\/b><span style=\"line-height: 115%;\">: T\u0113ri\u0146t\u0161, Irma!<\/span><\/span><\/p>\n\n\n\n<p><span style=\"line-height: 115%;\"><b><span style=\"line-height: 115%;\">Irma<\/span><\/b><span style=\"line-height: 115%;\">: T\u0113ri\u0146t\u0161, op\u0101tiji!<\/span><\/span><\/p>\n\n\n\n<p><span style=\"line-height: 115%;\"><b><span style=\"line-height: 115%;\">Op\u0101tiji<\/span><\/b><span style=\"line-height: 115%;\">: V\u00f5i sa \u016bod \u0113stli ja jel\u0101d \u0112stim\u01edl?<\/span><\/span><\/p>\n\n\n\n<p><span style=\"line-height: 115%;\"><b><span style=\"line-height: 115%;\">Irma<\/span><\/b><span style=\"line-height: 115%;\">: \u00c4p, ma u\u2019m l\u012bvli ja ma jel\u0101b Kur\u0101m\u01edl Piz\u0101 kil\u0101s.<\/span><\/span><\/p>\n<\/div>\n\n\n\n<p><\/p>\n\n\n\n<p><span style=\"line-height: 150%;\"><b><span style=\"line-height: 150%;\">**<\/span><\/b><\/span><\/p>\n\n\n\n<p>\u00a0<span style=\"font-size: 15px;\">Kuula kolmandat dialoogi:\u00a0<\/span><\/p>\n\n\n\n<figure class=\"wp-block-audio alignleft\"><audio controls src=\"https:\/\/sisu.ut.ee\/wp-content\/uploads\/sites\/649\/ptk_1_dialoog3.mp3\"><\/audio><\/figure>\n\n\n\n<div class=\"wp-block-group is-vertical is-layout-flex wp-container-core-group-is-layout-8cf370e7 wp-block-group-is-layout-flex\">\n<p><span style=\"line-height: 115%;\"><b><span style=\"line-height: 115%;\">Irma<\/span><\/b><span style=\"line-height: 115%;\">: P\u0113t\u00f5r, v\u00f5i sa tul\u0101d m\u016bp\u00f5 ka sk\u016bol\u00f5?<\/span><\/span><\/p>\n\n\n\n<p><span style=\"line-height: 115%;\"><b><span style=\"line-height: 115%;\">P\u0113t\u00f5r<\/span><\/b><span style=\"line-height: 115%;\">: N\u01df, ma tul\u0101b.<\/span><\/span><\/p>\n\n\n\n<p><span style=\"line-height: 115%;\"><b><span style=\"line-height: 115%;\">Irma<\/span><\/b><span style=\"line-height: 115%;\">: J\u00f5v\u012bst! <\/span><span style=\"line-height: 115%;\">Ne\u0304miz p\u00e4\u0304l! <\/span><\/span><\/p>\n\n\n\n<p><span style=\"line-height: 115%;\"><b><span style=\"line-height: 115%;\">P\u0113t\u00f5r<\/span><\/b><span style=\"line-height: 115%;\">: <\/span><span style=\"line-height: 115%;\">N\u0113miz s\u01ed\u0146, Irma!<\/span><\/span><\/p>\n<\/div>\n<\/div>\n<\/div><figure class=\"wp-block-media-text__media\"><img loading=\"lazy\" decoding=\"async\" width=\"825\" height=\"1024\" src=\"https:\/\/sisu.ut.ee\/wp-content\/uploads\/sites\/649\/1_GitaKula-825x1024.jpg\" alt=\"Gita K\u016bla\" class=\"wp-image-694 size-full\" srcset=\"https:\/\/sisu.ut.ee\/wp-content\/uploads\/sites\/649\/1_GitaKula-825x1024.jpg 825w, https:\/\/sisu.ut.ee\/wp-content\/uploads\/sites\/649\/1_GitaKula-242x300.jpg 242w, https:\/\/sisu.ut.ee\/wp-content\/uploads\/sites\/649\/1_GitaKula-768x954.jpg 768w, https:\/\/sisu.ut.ee\/wp-content\/uploads\/sites\/649\/1_GitaKula-1237x1536.jpg 1237w, https:\/\/sisu.ut.ee\/wp-content\/uploads\/sites\/649\/1_GitaKula-1649x2048.jpg 1649w, https:\/\/sisu.ut.ee\/wp-content\/uploads\/sites\/649\/1_GitaKula.jpg 1832w\" sizes=\"auto, (max-width: 825px) 100vw, 825px\"><\/figure><\/div>\n\n\n\n<div style=\"height:19px\" aria-hidden=\"true\" class=\"wp-block-spacer\"><\/div>\n","protected":false},"excerpt":{"rendered":"<p>Siin saad kuulata liivikeelseid l\u00fchidialooge. Dialooge loevad liivlased Valt Ern\u0161treit ja Gita K\u016bla.<\/p>\n","protected":false},"author":320,"featured_media":0,"parent":0,"menu_order":0,"comment_status":"closed","ping_status":"closed","template":"","meta":{"_acf_changed":false,"inline_featured_image":false,"footnotes":""},"class_list":["post-34","page","type-page","status-publish","hentry"],"acf":[],"_links":{"self":[{"href":"https:\/\/sisu.ut.ee\/liivikeel\/wp-json\/wp\/v2\/pages\/34","targetHints":{"allow":["GET"]}}],"collection":[{"href":"https:\/\/sisu.ut.ee\/liivikeel\/wp-json\/wp\/v2\/pages"}],"about":[{"href":"https:\/\/sisu.ut.ee\/liivikeel\/wp-json\/wp\/v2\/types\/page"}],"author":[{"embeddable":true,"href":"https:\/\/sisu.ut.ee\/liivikeel\/wp-json\/wp\/v2\/users\/320"}],"replies":[{"embeddable":true,"href":"https:\/\/sisu.ut.ee\/liivikeel\/wp-json\/wp\/v2\/comments?post=34"}],"version-history":[{"count":9,"href":"https:\/\/sisu.ut.ee\/liivikeel\/wp-json\/wp\/v2\/pages\/34\/revisions"}],"predecessor-version":[{"id":703,"href":"https:\/\/sisu.ut.ee\/liivikeel\/wp-json\/wp\/v2\/pages\/34\/revisions\/703"}],"wp:attachment":[{"href":"https:\/\/sisu.ut.ee\/liivikeel\/wp-json\/wp\/v2\/media?parent=34"}],"curies":[{"name":"wp","href":"https:\/\/api.w.org\/{rel}","templated":true}]}}