{"id":33,"date":"2024-04-04T08:57:03","date_gmt":"2024-04-04T05:57:03","guid":{"rendered":"https:\/\/sisu.ut.ee\/liivikeel\/tuon-toon\/"},"modified":"2024-10-26T12:31:32","modified_gmt":"2024-10-26T09:31:32","slug":"tuon-toon","status":"publish","type":"page","link":"https:\/\/sisu.ut.ee\/liivikeel\/tuon-toon\/","title":{"rendered":"T\u016bo\u0146 \/ Toon"},"content":{"rendered":"<div style=\"height:20px\" aria-hidden=\"true\" class=\"wp-block-spacer\"><\/div>\n\n\n\n<p>Liivi keeles eristatakse s\u00f5nades kaht tooni: <strong>p\u00fcsitooni<\/strong> ja <strong>katketooni<\/strong>. P\u00fcsitooni puhul on s\u00f5na r\u00f5hulise silbi p\u00f5hitoon kergelt t\u00f5usev,\u00a0katketooni puhul t\u00f5usev-langev v\u00f5i langev.\u00a0Katketooni puhul kaasneb p\u00f5hitooni tipuga lar\u00fcngalisatsioon, st k\u00f5rilihaste pingutus ja h\u00e4\u00e4lekurdude ebaregulaarne v\u00f5nkumine, harukordadel k\u00f5risulgh\u00e4\u00e4lik. Katketooniga s\u00f5nades kostub h\u00e4\u00e4l justkui rohkem pingul olevat. Juuresoleval joonisel on p\u00fcsitoon pideva kontuuriga ja katketoon katkendliku kontuuriga.<\/p>\n\n\n\n<figure class=\"wp-block-image size-full\"><img loading=\"lazy\" decoding=\"async\" width=\"582\" height=\"258\" src=\"https:\/\/sisu.ut.ee\/wp-content\/uploads\/sites\/649\/ptk_1_toonikontuurid.png\" alt=\"P\u00fcsitoon ja katketoon liivi s\u00f5nades\" class=\"wp-image-88\" srcset=\"https:\/\/sisu.ut.ee\/wp-content\/uploads\/sites\/649\/ptk_1_toonikontuurid.png 582w, https:\/\/sisu.ut.ee\/wp-content\/uploads\/sites\/649\/ptk_1_toonikontuurid-300x133.png 300w\" sizes=\"auto, (max-width: 582px) 100vw, 582px\"><figcaption class=\"wp-element-caption\">P\u00fcsitoon ja katketoon liivi s\u00f5nades<\/figcaption><\/figure>\n\n\n\n<p>Kuula katke- ja p\u00fcsitooni helin\u00e4iteid Hilda Gr\u012bva esituses. Katketooni t\u00e4histatakse liivi keeles \u00fclakomaga.<\/p>\n\n\n\n<p>Laused \u201cK\u012bt\u00f5 <strong>jo\u2019ud <\/strong>v\u0113l. K\u012bt\u00f5 <strong>joud <\/strong>v\u0113l.\u201d \u2018\u00dctle <strong>jahud <\/strong>veel. \u00dctle <strong>j\u00f5ud <\/strong>veel.\u2019\u00a0(<strong>jo\u2019ud <\/strong>katketooniga, <strong>joud <\/strong>p\u00fcsitooniga):\u00a0<\/p>\n\n\n\n<figure class=\"wp-block-audio alignleft\"><audio controls src=\"https:\/\/sisu.ut.ee\/wp-content\/uploads\/sites\/649\/ptk_1_katketoon_pusitoon.mp3\"><\/audio><\/figure>\n\n\n\n<div style=\"height:20px\" aria-hidden=\"true\" class=\"wp-block-spacer\"><\/div>\n\n\n\n<p><span class=\"file media-element file-os-files-link\" data-file_info=\"%7B%22fid%22:%2278278%22,%22view_mode%22:%22os_files_link%22,%22type%22:%22media%22%7D\">P\u00fcsitooniga s\u00f5na <strong>m\u01ed <\/strong>\u2018maa\u2019:\u00a0<\/span><span class=\"file media-element file-os-files-link\" data-file_info=\"%7B%22fid%22:%2278279%22,%22view_mode%22:%22os_files_link%22,%22type%22:%22media%22%7D\"><img decoding=\"async\" class=\"file-icon\" src=\"\/profiles\/openscholar\/modules\/os\/modules\/os_files\/icons\/audio-x-generic.svg\" alt=\"\"> <\/span><\/p>\n\n\n\n<figure class=\"wp-block-audio alignleft\"><audio controls src=\"https:\/\/sisu.ut.ee\/wp-content\/uploads\/sites\/649\/ptk_1_pusitoon_moo.mp3\"><\/audio><\/figure>\n\n\n\n<div style=\"height:23px\" aria-hidden=\"true\" class=\"wp-block-spacer\"><\/div>\n\n\n\n<p><span class=\"file media-element file-os-files-link\" data-file_info=\"%7B%22fid%22:%2278278%22,%22view_mode%22:%22os_files_link%22,%22type%22:%22media%22%7D\">Katketooniga s\u00f5na <strong>r\u01ed\u2019\u00a0<\/strong>\u2018raha\u2019:\u00a0<\/span><span class=\"file media-element file-os-files-link\" data-file_info=\"%7B%22fid%22:%2278280%22,%22view_mode%22:%22os_files_link%22,%22type%22:%22media%22%7D\"><img decoding=\"async\" class=\"file-icon\" src=\"\/profiles\/openscholar\/modules\/os\/modules\/os_files\/icons\/audio-x-generic.svg\" alt=\"\"><\/span><\/p>\n\n\n\n<figure class=\"wp-block-audio alignleft\"><audio controls src=\"https:\/\/sisu.ut.ee\/wp-content\/uploads\/sites\/649\/ptk_1_katketoon_roo.mp3\"><\/audio><\/figure>\n","protected":false},"excerpt":{"rendered":"<p>Liivi keeles eristatakse s\u00f5nades kaht tooni: p\u00fcsitooni ja katketooni. P\u00fcsitooni puhul on s\u00f5na r\u00f5hulise silbi p\u00f5hitoon kergelt t\u00f5usev,\u00a0katketooni puhul t\u00f5usev-langev v\u00f5i langev.\u00a0Katketooni puhul kaasneb p\u00f5hitooni tipuga lar\u00fcngalisatsioon, st k\u00f5rilihaste pingutus ja h\u00e4\u00e4lekurdude ebaregulaarne v\u00f5nkumine, harukordadel k\u00f5risulgh\u00e4\u00e4lik. Katketooniga s\u00f5nades kostub h\u00e4\u00e4l &#8230;<\/p>\n","protected":false},"author":320,"featured_media":0,"parent":0,"menu_order":0,"comment_status":"closed","ping_status":"closed","template":"","meta":{"_acf_changed":false,"inline_featured_image":false,"footnotes":""},"class_list":["post-33","page","type-page","status-publish","hentry"],"acf":[],"_links":{"self":[{"href":"https:\/\/sisu.ut.ee\/liivikeel\/wp-json\/wp\/v2\/pages\/33","targetHints":{"allow":["GET"]}}],"collection":[{"href":"https:\/\/sisu.ut.ee\/liivikeel\/wp-json\/wp\/v2\/pages"}],"about":[{"href":"https:\/\/sisu.ut.ee\/liivikeel\/wp-json\/wp\/v2\/types\/page"}],"author":[{"embeddable":true,"href":"https:\/\/sisu.ut.ee\/liivikeel\/wp-json\/wp\/v2\/users\/320"}],"replies":[{"embeddable":true,"href":"https:\/\/sisu.ut.ee\/liivikeel\/wp-json\/wp\/v2\/comments?post=33"}],"version-history":[{"count":9,"href":"https:\/\/sisu.ut.ee\/liivikeel\/wp-json\/wp\/v2\/pages\/33\/revisions"}],"predecessor-version":[{"id":873,"href":"https:\/\/sisu.ut.ee\/liivikeel\/wp-json\/wp\/v2\/pages\/33\/revisions\/873"}],"wp:attachment":[{"href":"https:\/\/sisu.ut.ee\/liivikeel\/wp-json\/wp\/v2\/media?parent=33"}],"curies":[{"name":"wp","href":"https:\/\/api.w.org\/{rel}","templated":true}]}}