{"id":31,"date":"2024-04-04T08:57:03","date_gmt":"2024-04-04T05:57:03","guid":{"rendered":"https:\/\/sisu.ut.ee\/liivikeel\/kitomizi-valjendeid\/"},"modified":"2024-08-23T13:17:26","modified_gmt":"2024-08-23T10:17:26","slug":"kitomizi-valjendeid","status":"publish","type":"page","link":"https:\/\/sisu.ut.ee\/liivikeel\/kitomizi-valjendeid\/","title":{"rendered":"1.2. Ki\u0304t\u00f5mi\u017ei \/ V\u00e4ljendeid"},"content":{"rendered":"<div style=\"height:17px\" aria-hidden=\"true\" class=\"wp-block-spacer\"><\/div>\n\n\n\n<p>Tutvu liivikeelsete v\u00e4ljenditega ja kuula neid Julg\u012b Stalte esituses:<\/p>\n\n\n\n<figure class=\"wp-block-audio alignleft\"><audio controls src=\"https:\/\/sisu.ut.ee\/wp-content\/uploads\/sites\/649\/liivi_opik_1ptk_1_valjendeid_julgistalte.mp3\"><\/audio><\/figure>\n\n\n\n<div style=\"height:19px\" aria-hidden=\"true\" class=\"wp-block-spacer\"><\/div>\n\n\n\n<div class=\"wp-block-group is-vertical is-layout-flex wp-container-core-group-is-layout-8cf370e7 wp-block-group-is-layout-flex\">\n<p><strong>J\u00f5\u2019vv\u00f5 p\u00e4uv\u00f5! J\u00f5va\u0304 p\u00e4\u0304va! <\/strong> Tere p\u00e4evast!<\/p>\n\n\n\n<p><strong>J\u00f5\u2019vv\u00f5 u\u0304om\u00f5gt! J\u00f5va\u0304 u\u0304om\u00f5g! <\/strong>Tere hommikust!<\/p>\n\n\n\n<p><strong>J\u00f5\u2019vv\u00f5 \u022d\u2019d\u00f5gt! J\u00f5va\u0304 \u022d\u2019d\u00f5g! <\/strong>Tere \u00f5htust!<\/p>\n\n\n\n<p><strong>Te\u0304ri\u0146t\u0161!<\/strong> Tere! Tervitus!<\/p>\n\n\n\n<p><strong>\u012ae t\u0113ri\u0146t\u0161!<\/strong> J\u00e4\u00e4 terveks! Head tervist!<\/p>\n\n\n\n<p><strong>J\u00f5\u2019vv\u00f5 i\u0304ed\u00f5! <\/strong>Head \u00f6\u00f6d!<\/p>\n\n\n\n<p><strong>Ne\u0304miz p\u00e4\u0304l! N\u0113miz s\u01ed\u0146! <\/strong>N\u00e4gemiseni!<\/p>\n\n\n\n<p><strong>Jum\u0101l\u00f5ks! <\/strong>Jumalaga!<\/p>\n\n\n\n<p><strong>J\u00f5\u2019vv\u00f5 riekk\u00f5! <\/strong>Head teed!<\/p>\n\n\n\n<p><strong>J\u00f5\u2019v\u1e11i piv\u1e11i!<\/strong> H\u00e4id p\u00fchi!<\/p>\n\n\n\n<p><strong>Ti\u0304erat\u00f5ks! <\/strong>Terviseks!<\/p>\n\n\n\n<p><strong>Tienu\u0304! Ma tienu\u0304b! <\/strong>Ait\u00e4h! T\u00e4nu! Ma t\u00e4nan!<\/p>\n\n\n\n<p><strong>Ma tien\u016bb sid\u0101m\u00f5st!<\/strong> Ma t\u00e4nan s\u00fcdamest!<\/p>\n\n\n\n<p><strong>P\u01edlaks! <\/strong>Palun!<\/p>\n<\/div>\n","protected":false},"excerpt":{"rendered":"<p>Tutvu liivikeelsete v\u00e4ljenditega ja kuula neid Julg\u012b Stalte esituses: J\u00f5\u2019vv\u00f5 p\u00e4uv\u00f5! J\u00f5va\u0304 p\u00e4\u0304va! Tere p\u00e4evast! J\u00f5\u2019vv\u00f5 u\u0304om\u00f5gt! J\u00f5va\u0304 u\u0304om\u00f5g! Tere hommikust! J\u00f5\u2019vv\u00f5 \u022d\u2019d\u00f5gt! J\u00f5va\u0304 \u022d\u2019d\u00f5g! Tere \u00f5htust! Te\u0304ri\u0146t\u0161! Tere! Tervitus! \u012ae t\u0113ri\u0146t\u0161! J\u00e4\u00e4 terveks! Head tervist! J\u00f5\u2019vv\u00f5 i\u0304ed\u00f5! Head \u00f6\u00f6d! &#8230;<\/p>\n","protected":false},"author":320,"featured_media":0,"parent":0,"menu_order":0,"comment_status":"closed","ping_status":"closed","template":"","meta":{"_acf_changed":false,"inline_featured_image":false,"footnotes":""},"class_list":["post-31","page","type-page","status-publish","hentry"],"acf":[],"_links":{"self":[{"href":"https:\/\/sisu.ut.ee\/liivikeel\/wp-json\/wp\/v2\/pages\/31","targetHints":{"allow":["GET"]}}],"collection":[{"href":"https:\/\/sisu.ut.ee\/liivikeel\/wp-json\/wp\/v2\/pages"}],"about":[{"href":"https:\/\/sisu.ut.ee\/liivikeel\/wp-json\/wp\/v2\/types\/page"}],"author":[{"embeddable":true,"href":"https:\/\/sisu.ut.ee\/liivikeel\/wp-json\/wp\/v2\/users\/320"}],"replies":[{"embeddable":true,"href":"https:\/\/sisu.ut.ee\/liivikeel\/wp-json\/wp\/v2\/comments?post=31"}],"version-history":[{"count":8,"href":"https:\/\/sisu.ut.ee\/liivikeel\/wp-json\/wp\/v2\/pages\/31\/revisions"}],"predecessor-version":[{"id":689,"href":"https:\/\/sisu.ut.ee\/liivikeel\/wp-json\/wp\/v2\/pages\/31\/revisions\/689"}],"wp:attachment":[{"href":"https:\/\/sisu.ut.ee\/liivikeel\/wp-json\/wp\/v2\/media?parent=31"}],"curies":[{"name":"wp","href":"https:\/\/api.w.org\/{rel}","templated":true}]}}