{"id":28,"date":"2024-04-04T08:57:03","date_gmt":"2024-04-04T05:57:03","guid":{"rendered":"https:\/\/sisu.ut.ee\/liivikeel\/6-optobkabal-6-oppetukk\/"},"modified":"2024-12-29T16:15:48","modified_gmt":"2024-12-29T14:15:48","slug":"6-optobkabal-6-oppetukk","status":"publish","type":"page","link":"https:\/\/sisu.ut.ee\/liivikeel\/6-optobkabal-6-oppetukk\/","title":{"rendered":"6. opt\u00f5bkab\u0101l \/ 6. \u00f5ppet\u00fckk"},"content":{"rendered":"<div class=\"course-info-block page-section page-section--wide py-6\">\n\t\t<div class=\"container-fluid\">\n\t\t\t<div class=\"col-lg-10 offset-lg-1\">\n\t\t\t\t<div class=\"row\">\n\t\t\t\t\t\t\t\t\t\t\t<div class=\"col-sm-6 col-lg-4 col-xxl-3\">\n\t\t\t\t\t\t\t<div class=\"course-info my-2 my-md-3\">\n\t\t\t\t\t\t\t\t<p class=\"course-info__label d-flex mb-2 fw-bolder\">\n\t\t\t\t\t\t\t\t\tS\u00f5navara\n\t\t\t\t\t\t\t\t<\/p>\n\t\t\t\t\t\t\t\t\t\t\t\t\t\t\t\t\t<p class=\"course-info__value mb-0\">Loomad, s\u00f6\u00f6gid, joogid<\/p>\n\t\t\t\t\t\t\t\t\t\t\t\t\t\t\t<\/div>\n\t\t\t\t\t\t<\/div>\n\t\t\t\t\t\t\t\t\t\t\t<div class=\"col-sm-6 col-lg-4 col-xxl-3\">\n\t\t\t\t\t\t\t<div class=\"course-info my-2 my-md-3\">\n\t\t\t\t\t\t\t\t<p class=\"course-info__label d-flex mb-2 fw-bolder\">\n\t\t\t\t\t\t\t\t\tGrammatika\n\t\t\t\t\t\t\t\t<\/p>\n\t\t\t\t\t\t\t\t\t\t\t\t\t\t\t\t\t<p class=\"course-info__value mb-0\">K\u00e4skiv k\u00f5neviis, modaalkonstruktsioonid, tingiv k\u00f5neviis<\/p>\n\t\t\t\t\t\t\t\t\t\t\t\t\t\t\t<\/div>\n\t\t\t\t\t\t<\/div>\n\t\t\t\t\t\t\t\t\t\t\t<div class=\"col-sm-6 col-lg-4 col-xxl-3\">\n\t\t\t\t\t\t\t<div class=\"course-info my-2 my-md-3\">\n\t\t\t\t\t\t\t\t<p class=\"course-info__label d-flex mb-2 fw-bolder\">\n\t\t\t\t\t\t\t\t\tAudiovisuaalne materjal\n\t\t\t\t\t\t\t\t<\/p>\n\t\t\t\t\t\t\t\t\t\t\t\t\t\t\t\t\t<p class=\"course-info__value mb-0\">Laulud\u00a0\"Al\u0101 j\u016bo\", \"Kat\u0161i\u0304n vo\u0307\u2019\u013c ka\u0161\"<\/p>\n\t\t\t\t\t\t\t\t\t\t\t\t\t\t\t<\/div>\n\t\t\t\t\t\t<\/div>\n\t\t\t\t\t\t\t\t\t<\/div>\n\t\t\t<\/div>\n\t\t<\/div>\n\t<\/div>\n","protected":false},"excerpt":{"rendered":"","protected":false},"author":320,"featured_media":0,"parent":0,"menu_order":0,"comment_status":"closed","ping_status":"closed","template":"","meta":{"_acf_changed":false,"inline_featured_image":false,"footnotes":""},"class_list":["post-28","page","type-page","status-publish","hentry"],"acf":[],"_links":{"self":[{"href":"https:\/\/sisu.ut.ee\/liivikeel\/wp-json\/wp\/v2\/pages\/28","targetHints":{"allow":["GET"]}}],"collection":[{"href":"https:\/\/sisu.ut.ee\/liivikeel\/wp-json\/wp\/v2\/pages"}],"about":[{"href":"https:\/\/sisu.ut.ee\/liivikeel\/wp-json\/wp\/v2\/types\/page"}],"author":[{"embeddable":true,"href":"https:\/\/sisu.ut.ee\/liivikeel\/wp-json\/wp\/v2\/users\/320"}],"replies":[{"embeddable":true,"href":"https:\/\/sisu.ut.ee\/liivikeel\/wp-json\/wp\/v2\/comments?post=28"}],"version-history":[{"count":5,"href":"https:\/\/sisu.ut.ee\/liivikeel\/wp-json\/wp\/v2\/pages\/28\/revisions"}],"predecessor-version":[{"id":2338,"href":"https:\/\/sisu.ut.ee\/liivikeel\/wp-json\/wp\/v2\/pages\/28\/revisions\/2338"}],"wp:attachment":[{"href":"https:\/\/sisu.ut.ee\/liivikeel\/wp-json\/wp\/v2\/media?parent=28"}],"curies":[{"name":"wp","href":"https:\/\/api.w.org\/{rel}","templated":true}]}}