{"id":27,"date":"2024-04-04T08:57:02","date_gmt":"2024-04-04T05:57:02","guid":{"rendered":"https:\/\/sisu.ut.ee\/liivikeel\/5-optobkabal-5-oppetukk\/"},"modified":"2024-10-20T23:22:46","modified_gmt":"2024-10-20T20:22:46","slug":"5-optobkabal-5-oppetukk","status":"publish","type":"page","link":"https:\/\/sisu.ut.ee\/liivikeel\/5-optobkabal-5-oppetukk\/","title":{"rendered":"5. opt\u00f5bkab\u0101l \/ 5. \u00f5ppet\u00fckk"},"content":{"rendered":"<div class=\"course-info-block page-section page-section--wide py-6\">\n\t\t<div class=\"container-fluid\">\n\t\t\t<div class=\"col-lg-10 offset-lg-1\">\n\t\t\t\t<div class=\"row\">\n\t\t\t\t\t\t\t\t\t\t\t<div class=\"col-sm-6 col-lg-4 col-xxl-3\">\n\t\t\t\t\t\t\t<div class=\"course-info my-2 my-md-3\">\n\t\t\t\t\t\t\t\t<p class=\"course-info__label d-flex mb-2 fw-bolder\">\n\t\t\t\t\t\t\t\t\tS\u00f5navara\n\t\t\t\t\t\t\t\t<\/p>\n\t\t\t\t\t\t\t\t\t\t\t\t\t\t\t\t\t<p class=\"course-info__value mb-0\">N\u00e4dalap\u00e4evad, kuud, aastaajad, arvs\u00f5nad<\/p>\n\t\t\t\t\t\t\t\t\t\t\t\t\t\t\t<\/div>\n\t\t\t\t\t\t<\/div>\n\t\t\t\t\t\t\t\t\t\t\t<div class=\"col-sm-6 col-lg-4 col-xxl-3\">\n\t\t\t\t\t\t\t<div class=\"course-info my-2 my-md-3\">\n\t\t\t\t\t\t\t\t<p class=\"course-info__label d-flex mb-2 fw-bolder\">\n\t\t\t\t\t\t\t\t\tGrammatika\n\t\t\t\t\t\t\t\t<\/p>\n\t\t\t\t\t\t\t\t\t\t\t\t\t\t\t\t\t<p class=\"course-info__value mb-0\">Tegus\u00f5na lihtminevik, arvs\u00f5nad<\/p>\n\t\t\t\t\t\t\t\t\t\t\t\t\t\t\t<\/div>\n\t\t\t\t\t\t<\/div>\n\t\t\t\t\t\t\t\t\t\t\t<div class=\"col-sm-6 col-lg-4 col-xxl-3\">\n\t\t\t\t\t\t\t<div class=\"course-info my-2 my-md-3\">\n\t\t\t\t\t\t\t\t<p class=\"course-info__label d-flex mb-2 fw-bolder\">\n\t\t\t\t\t\t\t\t\tAudiovisuaalne materjal\n\t\t\t\t\t\t\t\t<\/p>\n\t\t\t\t\t\t\t\t\t\t\t\t\t\t\t\t\t<p class=\"course-info__value mb-0\">Tekst \"Mi'n muinizva'nbizt\", filmikatkend \"Profesor Viitso l\u012bvlizt\", laul\u00a0\"Kal\u0101m\u012be loul\"<\/p>\n\t\t\t\t\t\t\t\t\t\t\t\t\t\t\t<\/div>\n\t\t\t\t\t\t<\/div>\n\t\t\t\t\t\t\t\t\t<\/div>\n\t\t\t<\/div>\n\t\t<\/div>\n\t<\/div>\n","protected":false},"excerpt":{"rendered":"","protected":false},"author":320,"featured_media":0,"parent":0,"menu_order":0,"comment_status":"closed","ping_status":"closed","template":"","meta":{"_acf_changed":false,"inline_featured_image":false,"footnotes":""},"class_list":["post-27","page","type-page","status-publish","hentry"],"acf":[],"_links":{"self":[{"href":"https:\/\/sisu.ut.ee\/liivikeel\/wp-json\/wp\/v2\/pages\/27","targetHints":{"allow":["GET"]}}],"collection":[{"href":"https:\/\/sisu.ut.ee\/liivikeel\/wp-json\/wp\/v2\/pages"}],"about":[{"href":"https:\/\/sisu.ut.ee\/liivikeel\/wp-json\/wp\/v2\/types\/page"}],"author":[{"embeddable":true,"href":"https:\/\/sisu.ut.ee\/liivikeel\/wp-json\/wp\/v2\/users\/320"}],"replies":[{"embeddable":true,"href":"https:\/\/sisu.ut.ee\/liivikeel\/wp-json\/wp\/v2\/comments?post=27"}],"version-history":[{"count":4,"href":"https:\/\/sisu.ut.ee\/liivikeel\/wp-json\/wp\/v2\/pages\/27\/revisions"}],"predecessor-version":[{"id":848,"href":"https:\/\/sisu.ut.ee\/liivikeel\/wp-json\/wp\/v2\/pages\/27\/revisions\/848"}],"wp:attachment":[{"href":"https:\/\/sisu.ut.ee\/liivikeel\/wp-json\/wp\/v2\/media?parent=27"}],"curies":[{"name":"wp","href":"https:\/\/api.w.org\/{rel}","templated":true}]}}