{"id":26,"date":"2024-04-04T08:57:02","date_gmt":"2024-04-04T05:57:02","guid":{"rendered":"https:\/\/sisu.ut.ee\/liivikeel\/4-optobkabal-4-oppetukk\/"},"modified":"2024-10-20T23:22:14","modified_gmt":"2024-10-20T20:22:14","slug":"4-optobkabal-4-oppetukk","status":"publish","type":"page","link":"https:\/\/sisu.ut.ee\/liivikeel\/4-optobkabal-4-oppetukk\/","title":{"rendered":"4. opt\u00f5bkab\u0101l \/ 4. \u00f5ppet\u00fckk"},"content":{"rendered":"<div class=\"course-info-block page-section page-section--wide py-6\">\n\t\t<div class=\"container-fluid\">\n\t\t\t<div class=\"col-lg-10 offset-lg-1\">\n\t\t\t\t<div class=\"row\">\n\t\t\t\t\t\t\t\t\t\t\t<div class=\"col-sm-6 col-lg-4 col-xxl-3\">\n\t\t\t\t\t\t\t<div class=\"course-info my-2 my-md-3\">\n\t\t\t\t\t\t\t\t<p class=\"course-info__label d-flex mb-2 fw-bolder\">\n\t\t\t\t\t\t\t\t\tS\u00f5navara\n\t\t\t\t\t\t\t\t<\/p>\n\t\t\t\t\t\t\t\t\t\t\t\t\t\t\t\t\t<p class=\"course-info__value mb-0\">Omaduss\u00f5nad ja v\u00e4rvid<\/p>\n\t\t\t\t\t\t\t\t\t\t\t\t\t\t\t<\/div>\n\t\t\t\t\t\t<\/div>\n\t\t\t\t\t\t\t\t\t\t\t<div class=\"col-sm-6 col-lg-4 col-xxl-3\">\n\t\t\t\t\t\t\t<div class=\"course-info my-2 my-md-3\">\n\t\t\t\t\t\t\t\t<p class=\"course-info__label d-flex mb-2 fw-bolder\">\n\t\t\t\t\t\t\t\t\tGrammatika\n\t\t\t\t\t\t\t\t<\/p>\n\t\t\t\t\t\t\t\t\t\t\t\t\t\t\t\t\t<p class=\"course-info__value mb-0\">Daativ, partitiiv; kohak\u00e4\u00e4nded, koham\u00e4\u00e4rs\u00f5nad ja tagas\u00f5nad; omaduss\u00f5nade v\u00f5rdlemine<\/p>\n\t\t\t\t\t\t\t\t\t\t\t\t\t\t\t<\/div>\n\t\t\t\t\t\t<\/div>\n\t\t\t\t\t\t\t\t\t\t\t<div class=\"col-sm-6 col-lg-4 col-xxl-3\">\n\t\t\t\t\t\t\t<div class=\"course-info my-2 my-md-3\">\n\t\t\t\t\t\t\t\t<p class=\"course-info__label d-flex mb-2 fw-bolder\">\n\t\t\t\t\t\t\t\t\tAudiovisuaalne materjal\n\t\t\t\t\t\t\t\t<\/p>\n\t\t\t\t\t\t\t\t\t\t\t\t\t\t\t\t\t<p class=\"course-info__value mb-0\">Luuletus \"Mi\u2019n iz\u0101m\u01ed\", laul \"V\u0113rm\u00f5d\"<\/p>\n\t\t\t\t\t\t\t\t\t\t\t\t\t\t\t<\/div>\n\t\t\t\t\t\t<\/div>\n\t\t\t\t\t\t\t\t\t<\/div>\n\t\t\t<\/div>\n\t\t<\/div>\n\t<\/div>\n","protected":false},"excerpt":{"rendered":"","protected":false},"author":320,"featured_media":0,"parent":0,"menu_order":0,"comment_status":"closed","ping_status":"closed","template":"","meta":{"_acf_changed":false,"inline_featured_image":false,"footnotes":""},"class_list":["post-26","page","type-page","status-publish","hentry"],"acf":[],"_links":{"self":[{"href":"https:\/\/sisu.ut.ee\/liivikeel\/wp-json\/wp\/v2\/pages\/26","targetHints":{"allow":["GET"]}}],"collection":[{"href":"https:\/\/sisu.ut.ee\/liivikeel\/wp-json\/wp\/v2\/pages"}],"about":[{"href":"https:\/\/sisu.ut.ee\/liivikeel\/wp-json\/wp\/v2\/types\/page"}],"author":[{"embeddable":true,"href":"https:\/\/sisu.ut.ee\/liivikeel\/wp-json\/wp\/v2\/users\/320"}],"replies":[{"embeddable":true,"href":"https:\/\/sisu.ut.ee\/liivikeel\/wp-json\/wp\/v2\/comments?post=26"}],"version-history":[{"count":6,"href":"https:\/\/sisu.ut.ee\/liivikeel\/wp-json\/wp\/v2\/pages\/26\/revisions"}],"predecessor-version":[{"id":847,"href":"https:\/\/sisu.ut.ee\/liivikeel\/wp-json\/wp\/v2\/pages\/26\/revisions\/847"}],"wp:attachment":[{"href":"https:\/\/sisu.ut.ee\/liivikeel\/wp-json\/wp\/v2\/media?parent=26"}],"curies":[{"name":"wp","href":"https:\/\/api.w.org\/{rel}","templated":true}]}}