{"id":2308,"date":"2024-12-29T11:06:49","date_gmt":"2024-12-29T09:06:49","guid":{"rendered":"https:\/\/sisu.ut.ee\/liivikeel\/?page_id=2308"},"modified":"2024-12-29T11:12:40","modified_gmt":"2024-12-29T09:12:40","slug":"9-3-garad","status":"publish","type":"page","link":"https:\/\/sisu.ut.ee\/liivikeel\/9-3-garad\/","title":{"rendered":"9.3. Gar\u0101d"},"content":{"rendered":"<div style=\"height:20px\" aria-hidden=\"true\" class=\"wp-block-spacer\"><\/div>\n\n\n\n<p>Oskar Looritsa liivi rahvaluulekogu (LF, Sr 58; Sr. 2. VII 1922 Ma\u0157i Andzenov, 66)<\/p>\n\n\n\n<p><br>Ik\u0161 nai tu\u013c ve\u0161pr\u0101igal obb\u00f5 \u016adskil\u0101st S\u012bkr\u00f5g\u00f5l un ni ta um n\u00e4\u0304nd, ku kna\u0161\u0161\u00f5 se\u013c\u013ci bar\u0101 um tund k\u0101lmad p\u00e4\u0304ld\u00f5, k\u0101lmadtar\u0101 riekst\u00f5 ri\u0161t\u00f5 t\u00e4mm\u00f5n vast\u00f5 \u2013 kna\u0161\u0161\u00f5d v\u0101ldad, no\u0113d\u0327\u00f5nd, kna\u0161\u0161\u00f5d \u014dr\u00f5nd s\u00e4\u0304lgas. Un ni s\u012be naiz\u00f5n eit\u00f5n nei irm, nei irm, m\u016bo\u0161tad, nei pimdi um, un \u012ben\u00f5d ne gar\u0101d paik\u00f5l. Nai m\u00f5tl\u00f5n, mis ni l\u012bb. S\u014dnd r\u014d\u0161k\u00f5z pidd\u00f5z, ik\u0161t\u00f5z \u012bend kilg\u00f5 p\u012bl\u00f5m un ni ta set pand pidd\u00f5z jedsp\u0113d\u0327\u00f5n. Ta va\u0146\u0163l\u00f5n t\u0101gi\u017e un ni n\u00e4\u0304nd, ku l\u00e4\u0304n\u00f5d jedsp\u0113d\u0327\u00f5n, nei kna\u0161\u0161\u00f5 loul\u00f5s. Ta um ni ruoik\u00f5n kuod\u0101j t\u016blda. \u2013 Jar\u0101k\u016bol\u00f5nd gar\u0101d t\u00e4s \u012b\u017e um\u0101t\u00f5 ju.<\/p>\n\n\n\n<p><br><\/p>\n","protected":false},"excerpt":{"rendered":"<p>Oskar Looritsa liivi rahvaluulekogu (LF, Sr 58; Sr. 2. VII 1922 Ma\u0157i Andzenov, 66) Ik\u0161 nai tu\u013c ve\u0161pr\u0101igal obb\u00f5 \u016adskil\u0101st S\u012bkr\u00f5g\u00f5l un ni ta um n\u00e4\u0304nd, ku kna\u0161\u0161\u00f5 se\u013c\u013ci bar\u0101 um tund k\u0101lmad p\u00e4\u0304ld\u00f5, k\u0101lmadtar\u0101 riekst\u00f5 ri\u0161t\u00f5 t\u00e4mm\u00f5n vast\u00f5 \u2013 &#8230;<\/p>\n","protected":false},"author":471,"featured_media":0,"parent":0,"menu_order":0,"comment_status":"closed","ping_status":"closed","template":"","meta":{"_acf_changed":false,"inline_featured_image":false,"footnotes":""},"class_list":["post-2308","page","type-page","status-publish","hentry"],"acf":[],"_links":{"self":[{"href":"https:\/\/sisu.ut.ee\/liivikeel\/wp-json\/wp\/v2\/pages\/2308","targetHints":{"allow":["GET"]}}],"collection":[{"href":"https:\/\/sisu.ut.ee\/liivikeel\/wp-json\/wp\/v2\/pages"}],"about":[{"href":"https:\/\/sisu.ut.ee\/liivikeel\/wp-json\/wp\/v2\/types\/page"}],"author":[{"embeddable":true,"href":"https:\/\/sisu.ut.ee\/liivikeel\/wp-json\/wp\/v2\/users\/471"}],"replies":[{"embeddable":true,"href":"https:\/\/sisu.ut.ee\/liivikeel\/wp-json\/wp\/v2\/comments?post=2308"}],"version-history":[{"count":3,"href":"https:\/\/sisu.ut.ee\/liivikeel\/wp-json\/wp\/v2\/pages\/2308\/revisions"}],"predecessor-version":[{"id":2314,"href":"https:\/\/sisu.ut.ee\/liivikeel\/wp-json\/wp\/v2\/pages\/2308\/revisions\/2314"}],"wp:attachment":[{"href":"https:\/\/sisu.ut.ee\/liivikeel\/wp-json\/wp\/v2\/media?parent=2308"}],"curies":[{"name":"wp","href":"https:\/\/api.w.org\/{rel}","templated":true}]}}