{"id":17,"date":"2024-04-04T08:57:01","date_gmt":"2024-04-04T05:57:01","guid":{"rendered":"https:\/\/sisu.ut.ee\/liivikeel\/11-sonavila-sonavara\/"},"modified":"2024-10-20T22:52:41","modified_gmt":"2024-10-20T19:52:41","slug":"11-sonavila-sonavara","status":"publish","type":"page","link":"https:\/\/sisu.ut.ee\/liivikeel\/11-sonavila-sonavara\/","title":{"rendered":"1.1. S\u00f5n\u0101v\u012b\u013ca \/ S\u00f5navara"},"content":{"rendered":"<div style=\"height:15px\" aria-hidden=\"true\" class=\"wp-block-spacer\"><\/div>\n\n\n\n<p>Uuri tabelit ning nuputa, millised\u00a0maad, rahvad ja keeled v\u00f5iks tabelis olevate s\u00f5nade taga peituda. Kontrolli vastuseid s\u00f5naraamatust <a href=\"https:\/\/livonian.tech\/\">https:\/\/livonian.tech\/<\/a> ja otsi infot ka muude maade, rahvaste ja keelte kohta.<\/p>\n\n\n\n<div class=\"wp-block-columns has-small-font-size is-layout-flex wp-container-core-columns-is-layout-9d6595d7 wp-block-columns-is-layout-flex\">\n<div class=\"wp-block-column is-layout-flow wp-block-column-is-layout-flow\" style=\"flex-basis:100%\">\n<figure class=\"wp-block-table alignleft is-style-stripes\"><table class=\"table table-hover\"><tbody><tr><td class=\"has-text-align-left\" data-align=\"left\"><strong>Valst, vald<\/strong><\/td><td> <strong>Ro\u2019vz<\/strong><\/td><td><strong>K\u0113\u013c<\/strong><\/td><\/tr><tr><td class=\"has-text-align-left\" data-align=\"left\">D\u0113\u0146m\u01ed<\/td><td>d\u0113\u0146li<\/td><td>d\u0113\u0146 k\u0113\u013c<\/td><\/tr><tr><td class=\"has-text-align-left\" data-align=\"left\">Engli\u0161m\u01ed<\/td><td>engli\u0161ma\u0146 ~ eng\u00f5lma\u0146<\/td><td>engli\u0161 k\u0113\u013c<\/td><\/tr><tr><td class=\"has-text-align-left\" data-align=\"left\">\u0112stim\u01ed<\/td><td>\u0113stli<\/td><td>\u0113sti k\u0113\u013c<\/td><\/tr><tr><td class=\"has-text-align-left\" data-align=\"left\">Kr\u012b\u2019evm\u01ed<\/td><td>kr\u012b\u2019ev\u00f5z<\/td><td>kr\u012b\u2019ev\u00f5 k\u0113\u013c<\/td><\/tr><tr><td class=\"has-text-align-left\" data-align=\"left\">Lei\u0161(\u00f5)m\u01ed<\/td><td>lei\u0161<\/td><td>lei\u0161 k\u0113\u013c<\/td><\/tr><tr><td class=\"has-text-align-left\" data-align=\"left\">Le\u0163m\u01ed<\/td><td>le\u0163li<\/td><td>le\u0163k\u0113\u013c<\/td><\/tr><tr><td class=\"has-text-align-left\" data-align=\"left\">L\u012bv\u00f5d r\u0101nda, L\u012bv\u00f5m\u01ed,<br>Ku\u2019rm\u01ed, Kur\u0101m\u01ed<\/td><td>l\u012bvli, r\u0101ndali, ku\u2019rm\u01ednik\u0101, kur\u0101li<\/td><td>l\u012bv\u00f5 k\u0113\u013c, r\u0101ndak\u0113\u013c<\/td><\/tr><tr><td class=\"has-text-align-left\" data-align=\"left\">P\u016bo\u013cm\u01ed<\/td><td>p\u016bo\u013c\u00f5k, p\u016bo\u013c\u00f5z<\/td><td>p\u016bo\u013c k\u0113\u013c<\/td><\/tr><tr><td class=\"has-text-align-left\" data-align=\"left\">R\u016bot\u0161m\u01ed<\/td><td>r\u016bot\u0161li<\/td><td>r\u016bot\u0161 k\u0113\u013c<\/td><\/tr><tr><td class=\"has-text-align-left\" data-align=\"left\">Saks\u0101m\u01ed<\/td><td>saks\u0101<\/td><td>saks\u0101 k\u0113\u013c<\/td><\/tr><tr><td class=\"has-text-align-left\" data-align=\"left\">S\u016bom\u00f5m\u01ed<\/td><td>s\u016bomli<\/td><td>s\u016bom\u00f5 k\u0113\u013c<\/td><\/tr><tr><td class=\"has-text-align-left\" data-align=\"left\">Ungarm\u01ed<\/td><td>ungar<\/td><td>ungar k\u0113\u013c<\/td><\/tr><\/tbody><\/table><\/figure>\n\n\n\n<figure class=\"wp-block-image alignright size-full\"><img loading=\"lazy\" decoding=\"async\" width=\"512\" height=\"512\" src=\"https:\/\/sisu.ut.ee\/wp-content\/uploads\/sites\/649\/512px-The_Earth_seen_from_Apollo_17.jpg\" alt=\"\" class=\"wp-image-826\" srcset=\"https:\/\/sisu.ut.ee\/wp-content\/uploads\/sites\/649\/512px-The_Earth_seen_from_Apollo_17.jpg 512w, https:\/\/sisu.ut.ee\/wp-content\/uploads\/sites\/649\/512px-The_Earth_seen_from_Apollo_17-300x300.jpg 300w, https:\/\/sisu.ut.ee\/wp-content\/uploads\/sites\/649\/512px-The_Earth_seen_from_Apollo_17-150x150.jpg 150w\" sizes=\"auto, (max-width: 512px) 100vw, 512px\"><\/figure>\n<\/div>\n<\/div>\n","protected":false},"excerpt":{"rendered":"<p>Uuri tabelit ning nuputa, millised\u00a0maad, rahvad ja keeled v\u00f5iks tabelis olevate s\u00f5nade taga peituda. Kontrolli vastuseid s\u00f5naraamatust https:\/\/livonian.tech\/ ja otsi infot ka muude maade, rahvaste ja keelte kohta. Valst, vald Ro\u2019vz K\u0113\u013c D\u0113\u0146m\u01ed d\u0113\u0146li d\u0113\u0146 k\u0113\u013c Engli\u0161m\u01ed engli\u0161ma\u0146 ~ eng\u00f5lma\u0146 &#8230;<\/p>\n","protected":false},"author":320,"featured_media":0,"parent":0,"menu_order":0,"comment_status":"closed","ping_status":"closed","template":"","meta":{"_acf_changed":false,"inline_featured_image":false,"footnotes":""},"class_list":["post-17","page","type-page","status-publish","hentry"],"acf":[],"_links":{"self":[{"href":"https:\/\/sisu.ut.ee\/liivikeel\/wp-json\/wp\/v2\/pages\/17","targetHints":{"allow":["GET"]}}],"collection":[{"href":"https:\/\/sisu.ut.ee\/liivikeel\/wp-json\/wp\/v2\/pages"}],"about":[{"href":"https:\/\/sisu.ut.ee\/liivikeel\/wp-json\/wp\/v2\/types\/page"}],"author":[{"embeddable":true,"href":"https:\/\/sisu.ut.ee\/liivikeel\/wp-json\/wp\/v2\/users\/320"}],"replies":[{"embeddable":true,"href":"https:\/\/sisu.ut.ee\/liivikeel\/wp-json\/wp\/v2\/comments?post=17"}],"version-history":[{"count":11,"href":"https:\/\/sisu.ut.ee\/liivikeel\/wp-json\/wp\/v2\/pages\/17\/revisions"}],"predecessor-version":[{"id":829,"href":"https:\/\/sisu.ut.ee\/liivikeel\/wp-json\/wp\/v2\/pages\/17\/revisions\/829"}],"wp:attachment":[{"href":"https:\/\/sisu.ut.ee\/liivikeel\/wp-json\/wp\/v2\/media?parent=17"}],"curies":[{"name":"wp","href":"https:\/\/api.w.org\/{rel}","templated":true}]}}