{"id":13,"date":"2024-04-04T08:57:01","date_gmt":"2024-04-04T05:57:01","guid":{"rendered":"https:\/\/sisu.ut.ee\/liivikeel\/71-sonavara\/"},"modified":"2024-10-29T13:43:19","modified_gmt":"2024-10-29T11:43:19","slug":"71-sonavara","status":"publish","type":"page","link":"https:\/\/sisu.ut.ee\/liivikeel\/71-sonavara\/","title":{"rendered":"7.1. S\u00f5n\u0101v\u012b\u013ca \/ S\u00f5navara"},"content":{"rendered":"<div style=\"height:15px\" aria-hidden=\"true\" class=\"wp-block-spacer\"><\/div>\n\n\n\n<div class=\"h5p-iframe-wrapper\"><div class=\"video-placeholder-wrapper video-placeholder-wrapper--fixed\" style=\"height: 366px;\">\n\t\t\t    <div class=\"video-placeholder d-flex justify-content-center align-items-center\">\n\t\t\t        <div class=\"overlay text-white p-2 w-100 text-center d-block justify-content-center align-items-center\">\n\t\t\t            <div>Kolmandate osapoolte sisu n\u00e4gemiseks palun n\u00f5ustu k\u00fcpsistega.<\/div>\n\t\t\t            <button class=\"btn btn-secondary btn-sm mt-1 consent-change\">Muuda n\u00f5usolekut<\/button>\n\t\t\t        <\/div>\n\t\t\t    <\/div>\n\t\t\t<\/div>\n<\/div>\n\n\n\n<div style=\"height:20px\" aria-hidden=\"true\" class=\"wp-block-spacer\"><\/div>\n\n\n\n<figure class=\"wp-block-image aligncenter size-large is-resized\"><img loading=\"lazy\" decoding=\"async\" width=\"1024\" height=\"843\" src=\"https:\/\/sisu.ut.ee\/wp-content\/uploads\/sites\/649\/27c_lapa_vadalojad-1024x843.jpg\" alt=\"\" class=\"wp-image-1059\" style=\"width:565px;height:auto\" srcset=\"https:\/\/sisu.ut.ee\/wp-content\/uploads\/sites\/649\/27c_lapa_vadalojad-1024x843.jpg 1024w, https:\/\/sisu.ut.ee\/wp-content\/uploads\/sites\/649\/27c_lapa_vadalojad-300x247.jpg 300w, https:\/\/sisu.ut.ee\/wp-content\/uploads\/sites\/649\/27c_lapa_vadalojad-768x632.jpg 768w, https:\/\/sisu.ut.ee\/wp-content\/uploads\/sites\/649\/27c_lapa_vadalojad-1536x1265.jpg 1536w, https:\/\/sisu.ut.ee\/wp-content\/uploads\/sites\/649\/27c_lapa_vadalojad-2048x1687.jpg 2048w, https:\/\/sisu.ut.ee\/wp-content\/uploads\/sites\/649\/27c_lapa_vadalojad-1920x1581.jpg 1920w\" sizes=\"auto, (max-width: 1024px) 100vw, 1024px\"><\/figure>\n\n\n\n<p class=\"has-text-align-center has-extra-small-font-size\">Noodapaadid rannas. Foto: tundmatu allikas 1943 v\u00f5i 1944<\/p>\n","protected":false},"excerpt":{"rendered":"<p>Noodapaadid rannas. Foto: tundmatu allikas 1943 v\u00f5i 1944<\/p>\n","protected":false},"author":320,"featured_media":0,"parent":0,"menu_order":0,"comment_status":"closed","ping_status":"closed","template":"","meta":{"_acf_changed":false,"inline_featured_image":false,"footnotes":""},"class_list":["post-13","page","type-page","status-publish","hentry"],"acf":[],"_links":{"self":[{"href":"https:\/\/sisu.ut.ee\/liivikeel\/wp-json\/wp\/v2\/pages\/13","targetHints":{"allow":["GET"]}}],"collection":[{"href":"https:\/\/sisu.ut.ee\/liivikeel\/wp-json\/wp\/v2\/pages"}],"about":[{"href":"https:\/\/sisu.ut.ee\/liivikeel\/wp-json\/wp\/v2\/types\/page"}],"author":[{"embeddable":true,"href":"https:\/\/sisu.ut.ee\/liivikeel\/wp-json\/wp\/v2\/users\/320"}],"replies":[{"embeddable":true,"href":"https:\/\/sisu.ut.ee\/liivikeel\/wp-json\/wp\/v2\/comments?post=13"}],"version-history":[{"count":8,"href":"https:\/\/sisu.ut.ee\/liivikeel\/wp-json\/wp\/v2\/pages\/13\/revisions"}],"predecessor-version":[{"id":1060,"href":"https:\/\/sisu.ut.ee\/liivikeel\/wp-json\/wp\/v2\/pages\/13\/revisions\/1060"}],"wp:attachment":[{"href":"https:\/\/sisu.ut.ee\/liivikeel\/wp-json\/wp\/v2\/media?parent=13"}],"curies":[{"name":"wp","href":"https:\/\/api.w.org\/{rel}","templated":true}]}}