{"id":11,"date":"2024-04-04T08:57:01","date_gmt":"2024-04-04T05:57:01","guid":{"rendered":"https:\/\/sisu.ut.ee\/liivikeel\/31-sonavara\/"},"modified":"2024-09-13T11:00:11","modified_gmt":"2024-09-13T08:00:11","slug":"31-sonavara","status":"publish","type":"page","link":"https:\/\/sisu.ut.ee\/liivikeel\/31-sonavara\/","title":{"rendered":"3.1. S\u00f5n\u0101v\u012b\u013ca \/ S\u00f5navara"},"content":{"rendered":"<div style=\"height:21px\" aria-hidden=\"true\" class=\"wp-block-spacer\"><\/div>\n\n\n\n<p><span style=\"font-size: 15px;\">N\u00e4ited k\u00fcsis\u00f5nade kasutuse kohta:\u00a0 \u00a0<\/span> \u00a0 \u00a0 \u00a0 \u00a0 \u00a0 \u00a0<\/p>\n\n\n\n<div class=\"wp-block-media-text has-media-on-the-right is-stacked-on-mobile is-style-rounded\" style=\"grid-template-columns:auto 23%\"><div class=\"wp-block-media-text__content\">\n<p class=\"has-text-align-center\"><strong>Kis <\/strong>sa \u016bod? <strong>Kes <\/strong>sa oled?<br><strong>K\u012ben <\/strong>kuo\u021b se u\u2019m? <strong>Kelle<\/strong> kott see on?<br><strong>K\u012benda <\/strong>sa n\u01dfd? <strong>Keda <\/strong>sa n\u00e4ed?<br><strong>Mis <\/strong>se u\u2019m? <strong>Mis <\/strong>see on?<br><strong>Mis <\/strong>(mid\u0101) ta t\u01ed\u2019b? <strong>Mis <\/strong>~ <strong>mida <\/strong>ta tahab?<br><strong>Kus <\/strong>se neitst jel\u0101b? <strong>Kus <\/strong>see t\u00fcdruk elab?<br><strong>Kus <\/strong>ta ni l\u01df\u2019b? <strong>Kuhu <\/strong>ta n\u00fc\u00fcd l\u00e4heb?<br><strong>Kun\u0101 <\/strong>sa tul\u0101d? <strong>Millal <\/strong>sa tuled?<br><strong>Mingi <\/strong>si\u2019n jem\u0101 u\u2019m? <strong>Milline <\/strong>su ema on?<\/p>\n<\/div><figure class=\"wp-block-media-text__media\"><img loading=\"lazy\" decoding=\"async\" width=\"710\" height=\"599\" src=\"https:\/\/sisu.ut.ee\/wp-content\/uploads\/sites\/649\/ptk_3_kysisonad.png\" alt=\"K\u00fcsis\u00f5nad\" class=\"wp-image-69 size-full\" srcset=\"https:\/\/sisu.ut.ee\/wp-content\/uploads\/sites\/649\/ptk_3_kysisonad.png 710w, https:\/\/sisu.ut.ee\/wp-content\/uploads\/sites\/649\/ptk_3_kysisonad-300x253.png 300w\" sizes=\"auto, (max-width: 710px) 100vw, 710px\"><\/figure><\/div>\n\n\n\n<p><br><\/p>\n\n\n\n<div class=\"wp-block-media-text is-stacked-on-mobile is-style-rounded\" style=\"grid-template-columns:25% auto\"><figure class=\"wp-block-media-text__media\"><img loading=\"lazy\" decoding=\"async\" width=\"710\" height=\"599\" src=\"https:\/\/sisu.ut.ee\/wp-content\/uploads\/sites\/649\/ptk_3_kysisonad.png\" alt=\"K\u00fcsis\u00f5nad\" class=\"wp-image-69 size-full\" srcset=\"https:\/\/sisu.ut.ee\/wp-content\/uploads\/sites\/649\/ptk_3_kysisonad.png 710w, https:\/\/sisu.ut.ee\/wp-content\/uploads\/sites\/649\/ptk_3_kysisonad-300x253.png 300w\" sizes=\"auto, (max-width: 710px) 100vw, 710px\"><\/figure><div class=\"wp-block-media-text__content\">\n<p class=\"has-text-align-center\"><strong>Kummi <\/strong>kilg u\u2019m ka\u0163ki? <strong>Kumb <\/strong>k\u00fclg on katki?<br><strong>Mik\u0161pier\u0101st <\/strong>sa piet\u0101d? <strong>Miks<\/strong> sa valetad?<br><strong>Mits <\/strong>p\u00e4uv\u00f5 u\u2019m \u012b\u2019ds n\u00e4d\u012b\u013cs? <strong>Mitu <\/strong>p\u00e4eva on \u00fches n\u00e4dalas?<br><strong>Mitsm\u00f5z <\/strong>k\u016b u\u2019m mai? <strong>Mitmes <\/strong>kuu on mai?<br><strong>Kui <\/strong>si\u2019nn\u00f5n l\u01df\u2019b? <strong>Kuidas <\/strong>sul l\u00e4heb?<br><strong>V\u00f5i <\/strong>sa op\u016bd l\u012bv\u00f5 k\u012beld\u00f5? <strong>Kas <\/strong>sa \u00f5pid liivi keelt?<br><strong>Kas <\/strong>ta jel\u0101b le\u2019\u017eg\u00f5l? <strong>Kas <\/strong>ta elab l\u00e4hedal?<\/p>\n<\/div><\/div>\n","protected":false},"excerpt":{"rendered":"<p>N\u00e4ited k\u00fcsis\u00f5nade kasutuse kohta:\u00a0 \u00a0 \u00a0 \u00a0 \u00a0 \u00a0 \u00a0 \u00a0 Kis sa \u016bod? Kes sa oled?K\u012ben kuo\u021b se u\u2019m? Kelle kott see on?K\u012benda sa n\u01dfd? Keda sa n\u00e4ed?Mis se u\u2019m? Mis see on?Mis (mid\u0101) ta t\u01ed\u2019b? Mis ~ mida &#8230;<\/p>\n","protected":false},"author":320,"featured_media":0,"parent":0,"menu_order":0,"comment_status":"closed","ping_status":"closed","template":"","meta":{"_acf_changed":false,"inline_featured_image":false,"footnotes":""},"class_list":["post-11","page","type-page","status-publish","hentry"],"acf":[],"_links":{"self":[{"href":"https:\/\/sisu.ut.ee\/liivikeel\/wp-json\/wp\/v2\/pages\/11","targetHints":{"allow":["GET"]}}],"collection":[{"href":"https:\/\/sisu.ut.ee\/liivikeel\/wp-json\/wp\/v2\/pages"}],"about":[{"href":"https:\/\/sisu.ut.ee\/liivikeel\/wp-json\/wp\/v2\/types\/page"}],"author":[{"embeddable":true,"href":"https:\/\/sisu.ut.ee\/liivikeel\/wp-json\/wp\/v2\/users\/320"}],"replies":[{"embeddable":true,"href":"https:\/\/sisu.ut.ee\/liivikeel\/wp-json\/wp\/v2\/comments?post=11"}],"version-history":[{"count":8,"href":"https:\/\/sisu.ut.ee\/liivikeel\/wp-json\/wp\/v2\/pages\/11\/revisions"}],"predecessor-version":[{"id":741,"href":"https:\/\/sisu.ut.ee\/liivikeel\/wp-json\/wp\/v2\/pages\/11\/revisions\/741"}],"wp:attachment":[{"href":"https:\/\/sisu.ut.ee\/liivikeel\/wp-json\/wp\/v2\/media?parent=11"}],"curies":[{"name":"wp","href":"https:\/\/api.w.org\/{rel}","templated":true}]}}