{"id":1019,"date":"2024-10-27T14:19:32","date_gmt":"2024-10-27T12:19:32","guid":{"rendered":"https:\/\/sisu.ut.ee\/liivikeel\/?page_id=1019"},"modified":"2025-03-12T13:36:15","modified_gmt":"2025-03-12T11:36:15","slug":"isikuid","status":"publish","type":"page","link":"https:\/\/sisu.ut.ee\/liivikeel\/isikuid\/","title":{"rendered":"Isikuid"},"content":{"rendered":"<p>Siin osas tutvustame inimesi, kelle nimed \u00f5piku \u00f5ppet\u00fckkidest l\u00e4bi k\u00e4ivad.<\/p>\n\n\n\n<h5 class=\"wp-block-heading has-text-align-right\">Julg\u012b ja Lel\u016b Stalte<\/h5>\n\n\n\n<div class=\"wp-block-media-text has-media-on-the-right is-stacked-on-mobile\" style=\"grid-template-columns:auto 47%\"><div class=\"wp-block-media-text__content\">\n<p>Julg\u012b Stalte ja tema vanem t\u00fctar Lel\u016b Stalte on p\u00e4rit tuntud liivi suguv\u00f5sast, kes hoiab elus liivi rahvamuusika p\u00e4randit. Julg\u012b vanemad Dainis Stalts ja Helm\u012b Stalte asutasid 1976. aastal folklooriansambli Skandinieki, mis viljeleb nii l\u00e4ti kui ka liivi muusikat. Julg\u012b Stalte on muusik ja laulude looja, kes on lisaks Stalte perekonna rahvamuusikaansamblile ja Skandiniekile \u00fcles astunud ka mitme teise muusikakollektiivi koosseisus, nt Nurmorkest\u00f5r, Tu\u013c\u013ci Lum, TaiTai.<\/p>\n\n\n\n<p>Juuresolev foto on kuvat\u00f5mmis L\u00e4ti \u00dclikooli liivi instituudi liivi keele \u00f5ppevideost. Kuula nende esitatud laulu \u201cL\u0113ba\u201d (\u201cLeib\u201d) \u00f5pikus osast 6.5.2.<\/p>\n<\/div><figure class=\"wp-block-media-text__media\"><img loading=\"lazy\" decoding=\"async\" width=\"917\" height=\"445\" src=\"https:\/\/sisu.ut.ee\/wp-content\/uploads\/sites\/649\/ptk_6_JulgiLeluStalte_3-1.png\" alt=\"\" class=\"wp-image-1026 size-full\" srcset=\"https:\/\/sisu.ut.ee\/wp-content\/uploads\/sites\/649\/ptk_6_JulgiLeluStalte_3-1.png 917w, https:\/\/sisu.ut.ee\/wp-content\/uploads\/sites\/649\/ptk_6_JulgiLeluStalte_3-1-300x146.png 300w, https:\/\/sisu.ut.ee\/wp-content\/uploads\/sites\/649\/ptk_6_JulgiLeluStalte_3-1-768x373.png 768w\" sizes=\"auto, (max-width: 917px) 100vw, 917px\"><\/figure><\/div>\n\n\n\n<div style=\"height:20px\" aria-hidden=\"true\" class=\"wp-block-spacer\"><\/div>\n\n\n\n<h5 class=\"wp-block-heading\">Valts Ern\u0161treits<\/h5>\n\n\n\n<div class=\"wp-block-media-text is-stacked-on-mobile\" style=\"grid-template-columns:42% auto\"><figure class=\"wp-block-media-text__media\"><img loading=\"lazy\" decoding=\"async\" width=\"1024\" height=\"683\" src=\"https:\/\/sisu.ut.ee\/wp-content\/uploads\/sites\/649\/VE_1-1024x683.jpg\" alt=\"\" class=\"wp-image-1029 size-full\" srcset=\"https:\/\/sisu.ut.ee\/wp-content\/uploads\/sites\/649\/VE_1-1024x683.jpg 1024w, https:\/\/sisu.ut.ee\/wp-content\/uploads\/sites\/649\/VE_1-300x200.jpg 300w, https:\/\/sisu.ut.ee\/wp-content\/uploads\/sites\/649\/VE_1-768x512.jpg 768w, https:\/\/sisu.ut.ee\/wp-content\/uploads\/sites\/649\/VE_1-1536x1024.jpg 1536w, https:\/\/sisu.ut.ee\/wp-content\/uploads\/sites\/649\/VE_1-2048x1366.jpg 2048w, https:\/\/sisu.ut.ee\/wp-content\/uploads\/sites\/649\/VE_1-1920x1281.jpg 1920w\" sizes=\"auto, (max-width: 1024px) 100vw, 1024px\"><\/figure><div class=\"wp-block-media-text__content\">\n<p>Valts Ern\u0161treits (liivip\u00e4raselt Valt Ern\u0161treit) on liivi kirjanik, keeleteadlane, t\u00f5lk(ija) ja L\u00e4ti \u00dclikooli liivi instituudi juhataja. Tema liivi juured on Piz\u0101 k\u00fclas ja \u00fcks tema esivanemaid oli esimene liivi luuletaja J\u0101\u0146 Prints. Valtsil on oluline roll viimaste emakeelsete liivlaste perekonnalugude, m\u00e4lestuste ja s\u00f5navara talletamisel.<\/p>\n\n\n\n<p class=\"has-small-font-size\">Foto: Zane Ern\u0161treite<\/p>\n<\/div><\/div>\n\n\n\n<div style=\"height:22px\" aria-hidden=\"true\" class=\"wp-block-spacer\"><\/div>\n\n\n\n<h5 class=\"wp-block-heading has-text-align-right\">Gita K\u016bla<\/h5>\n\n\n\n<div class=\"wp-block-media-text has-media-on-the-right is-stacked-on-mobile\" style=\"grid-template-columns:auto 38%\"><div class=\"wp-block-media-text__content\">\n<p>Gita perekonna juured on S\u012bkr\u00f5gi k\u00fclas. Ta elab aga Liep\u0101jas ja tegeleb k\u00e4sit\u00f6\u00f6ga kohalikus tarbekunstistuudios. Gita on tegev ka L\u00e4ti \u00dclikooli liivi instituudi projektides ja tema h\u00e4\u00e4l k\u00f5lab n\u00e4iteks liivi s\u00f5naraamatu (vt <a href=\"https:\/\/livonian.tech\/\">https:\/\/livonian.tech\/<\/a>) helin\u00e4idetes.<\/p>\n\n\n\n<p>Liivi keelt \u00f5ppis ta oma vanaemalt Elfr\u012bda \u017dagarelt. Ta m\u00e4letab lapsep\u00f5lvest, kuidas vanaema r\u00e4\u00e4kis oma s\u00f5pradega liivi keeles. Praegu k\u00f5neleb Gita liivi keelt enamasti oma ema Maija Norenberga ja t\u00fctre Sofijaga.<\/p>\n\n\n\n<p class=\"has-small-font-size\">Foto: Andris K\u016bla<\/p>\n<\/div><figure class=\"wp-block-media-text__media\"><img loading=\"lazy\" decoding=\"async\" width=\"1024\" height=\"768\" src=\"https:\/\/sisu.ut.ee\/wp-content\/uploads\/sites\/649\/GitaKula_2-1024x768.jpg\" alt=\"\" class=\"wp-image-1034 size-full\" srcset=\"https:\/\/sisu.ut.ee\/wp-content\/uploads\/sites\/649\/GitaKula_2-1024x768.jpg 1024w, https:\/\/sisu.ut.ee\/wp-content\/uploads\/sites\/649\/GitaKula_2-300x225.jpg 300w, https:\/\/sisu.ut.ee\/wp-content\/uploads\/sites\/649\/GitaKula_2-768x576.jpg 768w, https:\/\/sisu.ut.ee\/wp-content\/uploads\/sites\/649\/GitaKula_2-1536x1152.jpg 1536w, https:\/\/sisu.ut.ee\/wp-content\/uploads\/sites\/649\/GitaKula_2-2048x1536.jpg 2048w, https:\/\/sisu.ut.ee\/wp-content\/uploads\/sites\/649\/GitaKula_2-1920x1440.jpg 1920w\" sizes=\"auto, (max-width: 1024px) 100vw, 1024px\"><\/figure><\/div>\n\n\n\n<div style=\"height:20px\" aria-hidden=\"true\" class=\"wp-block-spacer\"><\/div>\n\n\n\n<h5 class=\"wp-block-heading\">Ulla Fraser<\/h5>\n\n\n\n<div class=\"wp-block-media-text is-stacked-on-mobile\" style=\"grid-template-columns:34% auto\"><figure class=\"wp-block-media-text__media\"><img loading=\"lazy\" decoding=\"async\" width=\"1024\" height=\"768\" src=\"https:\/\/sisu.ut.ee\/wp-content\/uploads\/sites\/649\/UllaFraser-1024x768.jpeg\" alt=\"\" class=\"wp-image-1037 size-full\" srcset=\"https:\/\/sisu.ut.ee\/wp-content\/uploads\/sites\/649\/UllaFraser-1024x768.jpeg 1024w, https:\/\/sisu.ut.ee\/wp-content\/uploads\/sites\/649\/UllaFraser-300x225.jpeg 300w, https:\/\/sisu.ut.ee\/wp-content\/uploads\/sites\/649\/UllaFraser-768x576.jpeg 768w, https:\/\/sisu.ut.ee\/wp-content\/uploads\/sites\/649\/UllaFraser-1536x1152.jpeg 1536w, https:\/\/sisu.ut.ee\/wp-content\/uploads\/sites\/649\/UllaFraser-1920x1440.jpeg 1920w, https:\/\/sisu.ut.ee\/wp-content\/uploads\/sites\/649\/UllaFraser.jpeg 2048w\" sizes=\"auto, (max-width: 1024px) 100vw, 1024px\"><\/figure><div class=\"wp-block-media-text__content\">\n<p>Ulla Fraser on liivi muusik ja laululooja. Tema on ka laulude \u201cKu ma rand\u00f5 l\u01dfb\u201d (vt ptk 4.4.1.) ja \u201eV\u0113rm\u00f5d\u201c (ptk 4.4.2) autor ning esitab laulu \u201cAl\u0101 j\u016bo\u201d peat\u00fckis 6.3.<\/p>\n\n\n\n<p>Fotol \u00f5petab Ulla liivikeelseid laule 3. rahvusvahelises suve\u00fclikoolis Kuo\u0161tr\u00f5gis 2021. aastal.<\/p>\n\n\n\n<p class=\"has-small-font-size\">Foto: Tuuli Tuisk<\/p>\n<\/div><\/div>\n\n\n\n<!--nextpage-->\n\n\n\n<div style=\"height:25px\" aria-hidden=\"true\" class=\"wp-block-spacer\"><\/div>\n\n\n\n<h5 class=\"wp-block-heading has-text-align-right\">K\u014drli Stalte<\/h5>\n\n\n\n<div class=\"wp-block-media-text has-media-on-the-right is-stacked-on-mobile\" style=\"grid-template-columns:auto 42%\"><div class=\"wp-block-media-text__content\">\n<p>K\u014drli Stalte (1870-1947) oli liivi luuletaja, kultuuritegelane ja kooli\u00f5petaja. Tema eestvedamisel asutati 1922. aastal esimene liivi koor ehk nn Liivi Liidu koor (Liivi Liit ise asutati m\u00f5nev\u00f5rra hiljem, 1923. a). <\/p>\n\n\n\n<p>Juuresoleval fotol kontrollivad K\u014drli Stalte ja professor Lauri Kettunen (vasakul) \u201cLivisch-deutsches W\u00f6rterbuchi\u201d k\u00e4sikirja (Ir\u0113, 1928. a paiku).<\/p>\n\n\n\n<p class=\"has-small-font-size\">Foto: ERM Fk 929:32<\/p>\n<\/div><figure class=\"wp-block-media-text__media\"><img loading=\"lazy\" decoding=\"async\" width=\"799\" height=\"533\" src=\"https:\/\/sisu.ut.ee\/wp-content\/uploads\/sites\/649\/ptk_8_KettunenStalte_pisipilt-1.jpg\" alt=\"\" class=\"wp-image-2349 size-full\" srcset=\"https:\/\/sisu.ut.ee\/wp-content\/uploads\/sites\/649\/ptk_8_KettunenStalte_pisipilt-1.jpg 799w, https:\/\/sisu.ut.ee\/wp-content\/uploads\/sites\/649\/ptk_8_KettunenStalte_pisipilt-1-300x200.jpg 300w, https:\/\/sisu.ut.ee\/wp-content\/uploads\/sites\/649\/ptk_8_KettunenStalte_pisipilt-1-768x512.jpg 768w\" sizes=\"auto, (max-width: 799px) 100vw, 799px\"><\/figure><\/div>\n\n\n\n<div style=\"height:23px\" aria-hidden=\"true\" class=\"wp-block-spacer\"><\/div>\n\n\n\n<h5 class=\"wp-block-heading\">Tiit-Rein Viitso<\/h5>\n\n\n\n<div class=\"wp-block-media-text is-stacked-on-mobile\" style=\"grid-template-columns:28% auto\"><figure class=\"wp-block-media-text__media\"><img loading=\"lazy\" decoding=\"async\" width=\"841\" height=\"1024\" src=\"https:\/\/sisu.ut.ee\/wp-content\/uploads\/sites\/649\/5_Viitso2007-841x1024.jpg\" alt=\"\" class=\"wp-image-2628 size-full\" srcset=\"https:\/\/sisu.ut.ee\/wp-content\/uploads\/sites\/649\/5_Viitso2007-841x1024.jpg 841w, https:\/\/sisu.ut.ee\/wp-content\/uploads\/sites\/649\/5_Viitso2007-246x300.jpg 246w, https:\/\/sisu.ut.ee\/wp-content\/uploads\/sites\/649\/5_Viitso2007-768x935.jpg 768w, https:\/\/sisu.ut.ee\/wp-content\/uploads\/sites\/649\/5_Viitso2007.jpg 1193w\" sizes=\"auto, (max-width: 841px) 100vw, 841px\"><\/figure><div class=\"wp-block-media-text__content\">\n<p>Eesti keeleteadlane Tiit-Rein Viitso (1938\u20132022) oli l\u00e4\u00e4nemeresoome keelte ajaloo ja fonoloogia uurija, Tartu \u00dclikooli l\u00e4\u00e4nemeresoome keelte professor ja Liivi S\u00f5prade Seltsi esimees. Tema s\u00fcgavam huvi oli liivi keel, mille talletamise, uurimise ja \u00f5petamisega tegeles ta aastak\u00fcmneid ja mille parimaid tundjaid ta l\u00e4bi aegade oli. Liivi keelt uuris ta k\u00f5ige erinevamatest vaatenurkadest, h\u00e4\u00e4likutest s\u00f5navarani. Peale liivi keele teadusliku uurimise on ta tegelenud ka liivi kirjakeele arendamisega, liivikeelsete raamatute toimetamisega ning liivi keele \u00f5petamisega.<\/p>\n\n\n\n<p>Viitso aastak\u00fcmneid kestnud liivi keele kogumist\u00f6\u00f6 silmapaistvaim tulemus on 2012. aastal tr\u00fckis ilmunud \u201cLiivi-eesti-l\u00e4ti s\u00f5naraamat\u201c (koost\u00f6\u00f6s Valt Ern\u0161treitiga). Tema liivi keele alased t\u00f6\u00f6d on kokku koondatud kogumikku \u201eLiivi keel ja l\u00e4\u00e4nemeresoome keelemaastikud\u201d (ilmus 2008).<\/p>\n\n\n\n<p class=\"has-small-font-size\"><sub>Foto: Tuuli Tuisk<\/sub><\/p>\n<\/div><\/div>\n\n\n\n<div style=\"height:22px\" aria-hidden=\"true\" class=\"wp-block-spacer\"><\/div>\n\n\n\n<h5 class=\"wp-block-heading has-text-align-right\">P\u0113t\u00f5r Damberg<\/h5>\n\n\n\n<div class=\"wp-block-media-text has-media-on-the-right is-stacked-on-mobile\" style=\"grid-template-columns:auto 27%\"><div class=\"wp-block-media-text__content\">\n<p>P\u0113t\u00f5r Damberg (1909\u20131987) oli tuntud liivi kultuuri- ja haridustegelane, kes on loonud olulisi liivikeelseid tekste ja \u00f5ppematerjale. Tal on t\u00e4htis roll liivi rahvaluule kogumisel ja talletamisel. 1931.\u20131933. a osales ta liivi ajalehe \u201eL\u012bvli\u201c toimetamist\u00f6\u00f6s. 1935. a ilmus tr\u00fckis Dambergi koostatud liivi keele lugemik \u201eJemak\u012bel lugd\u00f5br\u0101nt\u00f5z sk\u016bol ja kuod pierast\u201c, mis oli m\u00f5eldud \u00f5ppevahendiks k\u00f5ikidele liivi keele \u00f5ppijaile. <\/p>\n\n\n\n<p><\/p>\n\n\n\n<p><\/p>\n\n\n\n<p class=\"has-small-font-size\">Foto: livones.net<\/p>\n<\/div><figure class=\"wp-block-media-text__media\"><img loading=\"lazy\" decoding=\"async\" width=\"602\" height=\"770\" src=\"https:\/\/sisu.ut.ee\/wp-content\/uploads\/sites\/649\/1_peteris-dambergs-602x770-1.jpg\" alt=\"\" class=\"wp-image-2637 size-full\" srcset=\"https:\/\/sisu.ut.ee\/wp-content\/uploads\/sites\/649\/1_peteris-dambergs-602x770-1.jpg 602w, https:\/\/sisu.ut.ee\/wp-content\/uploads\/sites\/649\/1_peteris-dambergs-602x770-1-235x300.jpg 235w\" sizes=\"auto, (max-width: 602px) 100vw, 602px\"><\/figure><\/div>\n","protected":false},"excerpt":{"rendered":"<p>Siin osas tutvustame inimesi, kelle nimed \u00f5piku \u00f5ppet\u00fckkidest l\u00e4bi k\u00e4ivad. Julg\u012b ja Lel\u016b Stalte Julg\u012b Stalte ja tema vanem t\u00fctar Lel\u016b Stalte on p\u00e4rit tuntud liivi suguv\u00f5sast, kes hoiab elus liivi rahvamuusika p\u00e4randit. Julg\u012b vanemad Dainis Stalts ja Helm\u012b Stalte &#8230;<\/p>\n","protected":false},"author":471,"featured_media":0,"parent":0,"menu_order":0,"comment_status":"closed","ping_status":"closed","template":"","meta":{"_acf_changed":false,"inline_featured_image":false,"footnotes":""},"class_list":["post-1019","page","type-page","status-publish","hentry"],"acf":[],"_links":{"self":[{"href":"https:\/\/sisu.ut.ee\/liivikeel\/wp-json\/wp\/v2\/pages\/1019","targetHints":{"allow":["GET"]}}],"collection":[{"href":"https:\/\/sisu.ut.ee\/liivikeel\/wp-json\/wp\/v2\/pages"}],"about":[{"href":"https:\/\/sisu.ut.ee\/liivikeel\/wp-json\/wp\/v2\/types\/page"}],"author":[{"embeddable":true,"href":"https:\/\/sisu.ut.ee\/liivikeel\/wp-json\/wp\/v2\/users\/471"}],"replies":[{"embeddable":true,"href":"https:\/\/sisu.ut.ee\/liivikeel\/wp-json\/wp\/v2\/comments?post=1019"}],"version-history":[{"count":22,"href":"https:\/\/sisu.ut.ee\/liivikeel\/wp-json\/wp\/v2\/pages\/1019\/revisions"}],"predecessor-version":[{"id":2670,"href":"https:\/\/sisu.ut.ee\/liivikeel\/wp-json\/wp\/v2\/pages\/1019\/revisions\/2670"}],"wp:attachment":[{"href":"https:\/\/sisu.ut.ee\/liivikeel\/wp-json\/wp\/v2\/media?parent=1019"}],"curies":[{"name":"wp","href":"https:\/\/api.w.org\/{rel}","templated":true}]}}