{"id":2013,"date":"2024-04-04T08:57:01","date_gmt":"2024-04-04T05:57:01","guid":{"rendered":"https:\/\/sisu.ut.ee\/liivikeel\/82-gramatik-grammatika\/"},"modified":"2024-12-29T10:47:19","modified_gmt":"2024-12-29T08:47:19","slug":"82-gramatik-grammatika","status":"publish","type":"page","link":"https:\/\/sisu.ut.ee\/liivikeel\/en\/82-gramatik-grammatika\/","title":{"rendered":"8.2. Gramatik \/ Grammar"},"content":{"rendered":"<div style=\"height:20px\" aria-hidden=\"true\" class=\"wp-block-spacer\"><\/div>\n\n\n\n<p>This grammar section gives an overview of participles (page 1), the passive and impersonal (page 2), and converb constructions (page 3).<\/p>\n\n\n\n<h5 class=\"wp-block-heading\">Participles<\/h5>\n\n\n\n<p>Participles are verb forms that share features with adjectives, e.g., cf. <mark style=\"background-color:rgba(0, 0, 0, 0)\" class=\"has-inline-color has-primary-color\"><em>a\u013c\u013c\u00f5d p\u016bl\u012b\u2019ed\u00f5d<\/em> \u2019green leaves\u2019<\/mark> and <mark style=\"background-color:rgba(0, 0, 0, 0)\" class=\"has-inline-color has-primary-color\"><em>m\u01ed\u2019z\u00f5 sa\u2019dd\u00f5nd p\u016bl\u012b\u2019ed\u00f5d<\/em> \u2019fallen leaves\u2019<\/mark>, where <mark style=\"background-color:rgba(0, 0, 0, 0)\" class=\"has-inline-color has-primary-color\"><em>sa\u2019dd\u00f5nd<\/em> \u2018fallen\u2019 <\/mark>is a participle.. Participles found in Livonian can be classified according to voice, tense, and number. Thus, for the verb <mark style=\"background-color:rgba(0, 0, 0, 0)\" class=\"has-inline-color has-primary-color\"><em>sa\u2019dd\u00f5<\/em> \u2019to fall\u2019<\/mark>, the <em>-nd<\/em> indicates active voice, a completed event, and the plural (cf. singular: <mark style=\"background-color:rgba(0, 0, 0, 0)\" class=\"has-inline-color has-primary-color\"><em>m\u01ed\u2019z\u00f5 sa\u2019dd\u00f5n p\u016bl\u0113\u2019\u1e11<\/em> \u2019fallen leaf\u2019<\/mark>). The table shows the different participle forms using the verbs <mark style=\"background-color:rgba(0, 0, 0, 0)\" class=\"has-inline-color has-primary-color\"><em>a\u2019il\u00f5<\/em> \u2019to run\u2019<\/mark> and <mark style=\"background-color:rgba(0, 0, 0, 0)\" class=\"has-inline-color has-primary-color\"><em>nutt\u00f5<\/em> \u2019to call\u2019<\/mark>.<\/p>\n\n\n\n<figure class=\"wp-block-table\"><table class=\"table table-hover\"><tbody><tr><td><strong>Voice<\/strong><\/td><td><strong>Tense<\/strong><\/td><td><strong>Singular<\/strong><\/td><td><strong>Example<\/strong><\/td><td><strong>Plural<\/strong><\/td><td><strong>Example<\/strong><\/td><\/tr><tr><td>active<\/td><td rowspan=\"2\">present<\/td><td><strong>(-b, -b\u00f5, -\u00f5b)<\/strong> <br><strong>-iji, -ji, -i<\/strong> <strong>\u00a0<\/strong><\/td><td>a\u2019il<strong>iji<\/strong> \u2019running\u2019 <br>nut\u0101<strong>ji<\/strong> \u2018calling\u2019 \u00a0<\/td><td><strong>(-b\u00f5d, -\u00f5b\u00f5d)<\/strong> <br><strong>-ijid, -jid, -id<\/strong><\/td><td>a\u2019il<strong>ijid<\/strong> \u2019running\u2019 <br>nut\u0101<strong>jid<\/strong> \u2018calling\u2019<\/td><\/tr><tr><td>passive<\/td><td><strong>-d\u00f5b, -t\u00f5d,<\/strong> <strong>-\u00f5b<\/strong><\/td><td>a\u2019il<strong>d\u00f5b<\/strong> \u2018(being) run\u2019 <br>nutt<strong>\u00f5b<\/strong> \u2018(being) called\u2019<\/td><td><strong>-d\u00f5b\u00f5d, -t\u00f5b\u00f5d,<\/strong> <br><strong>-\u00f5b\u00f5d<\/strong><\/td><td>a\u2019il<strong>d\u00f5b\u00f5d<\/strong> \u2018(being) run\u2019 <br>nutt<strong>\u00f5b\u00f5d<\/strong> \u2018(being) called\u2019<\/td><\/tr><tr><td>active<\/td><td rowspan=\"2\">past<\/td><td><strong>-n, -\u00f5n,<\/strong> <strong>-nd<\/strong><\/td><td>a\u2019il<strong>\u00f5n<\/strong> \u2018run\u2019 <br>nutt\u00f5<strong>n<\/strong> \u2018called\u2019<\/td><td><strong>-nd, -\u00f5nd,<\/strong> <strong>-n\u00f5d<\/strong><\/td><td>a\u2019il<strong>\u00f5nd<\/strong> \u2018run\u2019 <br>nutt\u00f5<strong>nd<\/strong> \u2018called\u2019<\/td><\/tr><tr><td>passive<\/td><td colspan=\"4\"><strong>-d\u00f5d, -t\u00f5d, -\u00f5d<\/strong>\u00a0\u00a0\u00a0\u00a0\u00a0\u00a0\u00a0\u00a0\u00a0\u00a0\u00a0\u00a0\u00a0\u00a0\u00a0\u00a0\u00a0\u00a0\u00a0\u00a0\u00a0 a\u2019il<strong>d\u00f5d <\/strong>\u2018run\u2019<br> nutt<strong>\u00f5d <\/strong>\u2018called\u2019<\/td><\/tr><\/tbody><\/table><figcaption class=\"wp-element-caption\">Livonian participles<\/figcaption><\/figure>\n\n\n\n<h5 class=\"wp-block-heading\">Present tense participles<\/h5>\n\n\n\n<div style=\"height:20px\" aria-hidden=\"true\" class=\"wp-block-spacer\"><\/div>\n\n\n\n<p><strong>Active present participles<\/strong> are rarely used (which is why they appear in parentheses in the table above), because they coincide with the 3rd person indicative forms, e.g., <em><mark style=\"background-color:rgba(0, 0, 0, 0)\" class=\"has-inline-color has-primary-color\">jel\u0101b<\/mark> <\/em>means<mark style=\"background-color:rgba(0, 0, 0, 0)\" class=\"has-inline-color has-primary-color\"> \u2019(s\/he) lives\u2019 (also \u2019(I) live\u2019) as well as \u2019living\u2019<\/mark>. Although <mark style=\"background-color:rgba(0, 0, 0, 0)\" class=\"has-inline-color has-primary-color\"><strong><em>jel\u0101b<\/em><\/strong><em> ri\u0161t\u012bng<\/em> \u2019a living person\u2019<\/mark> is in principle possible, an active present participle based on an agent noun is more expected, e.g., <mark style=\"background-color:rgba(0, 0, 0, 0)\" class=\"has-inline-color has-primary-color\"><em>va laig\u0101ld <strong>jel\u0101ji <\/strong>ri\u0161t\u012bng<\/em> \u2019quite a broadly living person\u2019 <\/mark>(see also Section 7.3). Number agreement depends on the word, e.g., <em>\u022d<\/em><mark style=\"background-color:rgba(0, 0, 0, 0)\" class=\"has-inline-color has-primary-color\"><em>gijizt sid\u016bd<\/em> \u2019blazing coals\u2019<\/mark>, cf. <mark style=\"background-color:rgba(0, 0, 0, 0)\" class=\"has-inline-color has-primary-color\"><em>lu\u2019ggiji lapst<\/em> \u2019confirmees, confirmands\u2019 (literal translation: \u2019reading children\u2019)<\/mark>. This means that in many cases these participles are being used as adjectives.<\/p>\n\n\n\n<p><strong>Passive present participles<\/strong> are used to form one of the modal constructions expressing obligation, e.g., <mark style=\"background-color:rgba(0, 0, 0, 0)\" class=\"has-inline-color has-primary-color\"><em>Si\u2019nn\u00f5n um<strong> s\u012bed\u00f5b<\/strong> se l\u0113ba<\/em> \u2019You have to eat the bread\u2019<\/mark> (see Section 6.3 for the other main modal construction). However, they occur in more than just modal uses, e.g., <em>T<\/em><mark style=\"background-color:rgba(0, 0, 0, 0)\" class=\"has-inline-color has-primary-color\"><em>\u00e4\u2019mm\u00f5n v\u022f\u2019\u013c n\u012b\u2019em\u00f5 <strong>m\u012bd\u00f5b<\/strong><\/em> \u2019He had a cow to sell\u2019.<\/mark> The construction can also express purpose, e.g., <em>T<\/em><mark style=\"background-color:rgba(0, 0, 0, 0)\" class=\"has-inline-color has-primary-color\"><em>a v\u022f\u2019\u013c s\u01edt\u00f5d R\u012bg\u00f5 le\u2019bb\u00f5 <\/em><strong><em>va\u0146t\u00f5lt\u00f5b<\/em><\/strong> \u2019He was sent to R\u012bga for examination\u2019<\/mark>. Likewise, there are also examples of instrumental forms, e.g., <mark style=\"background-color:rgba(0, 0, 0, 0)\" class=\"has-inline-color has-primary-color\"><em>Se a\u017e\u0101 s\u01edb<strong> tieudt\u00f5b\u00f5ks<\/strong> <\/em>\u2019This thing is becoming known\u2019<\/mark>.<\/p>\n\n\n\n<p>Passive present participles also occur in various compounds either as the head word or as a complement, e.g., <mark style=\"background-color:rgba(0, 0, 0, 0)\" class=\"has-inline-color has-primary-color\"><em>k\u00e4\u2019d<strong>ak\u0101t\u00f5b<\/strong><\/em> \u2019handle\u2019, <strong><em>s\u012bed\u00f5b<\/em><\/strong><em>a\u017e\u0101<\/em> \u2019foodstuff\u2019, <strong><em>suoimd\u00f5b<\/em><\/strong><em>s\u00f5n\u0101 <\/em>\u2019curse word\u2019<\/mark>. Often the purpose is also reflected either directly or indirectly from the compound word, e.g., <mark style=\"background-color:rgba(0, 0, 0, 0)\" class=\"has-inline-color has-primary-color\"><strong><em>sul\u0101t\u00f5b <\/em><\/strong><em>r\u012bst<\/em> \u2019melting dish\u2019<\/mark> (or a dish for melting). When expressing purpose, the present passive participle can appear with the postposition<mark style=\"background-color:rgba(0, 0, 0, 0)\" class=\"has-inline-color has-primary-color\"><em>pier\u0101st<\/em><strong> <\/strong>\u2018for\u2019<\/mark>, e.g.,<mark style=\"background-color:rgba(0, 0, 0, 0)\" class=\"has-inline-color has-primary-color\"><em>Kuo\u0163\u012bdn\u00f5\u2019gg\u00f5l v\u022f\u2019\u013c kuo\u0163\u012bd <strong>paikt\u00f5b<\/strong> <strong>pier\u0101st<\/strong><\/em> \u2019The packing needle was for mending sacks\u2019<\/mark>.<\/p>\n\n\n\n<h5 class=\"wp-block-heading\">Past tense participles<\/h5>\n\n\n\n<div style=\"height:20px\" aria-hidden=\"true\" class=\"wp-block-spacer\"><\/div>\n\n\n\n<p><strong>Active past participles<\/strong> are used as the main verb in <strong>compound past tense forms<\/strong>, e.g., <mark style=\"background-color:rgba(0, 0, 0, 0)\" class=\"has-inline-color has-primary-color\"><em>M\u0113g <strong>\u016bom\u00f5 s\u012ben\u00f5d<\/strong> \/ <strong>\u00e4\u2019b \u016bom\u00f5<\/strong> <strong>s\u012ben\u00f5d<\/strong> l\u022dinagi\u017ei<\/em> \u2019We have \/ have not eaten lunch\u2019 <\/mark>(past perfect), <em>T<\/em><mark style=\"background-color:rgba(0, 0, 0, 0)\" class=\"has-inline-color has-primary-color\"><em>a <strong>v\u022f\u2019\u013c \/<\/strong> <strong>i\u2019z \u016bo k\u01dfnd<\/strong> sk\u016bols\u00f5<\/em>\u2019 \u2019S\/he had \/ had not gone to school\u2019<\/mark> (pluperfect), but also in compound future tense forms, e.g., <mark style=\"background-color:rgba(0, 0, 0, 0)\" class=\"has-inline-color has-primary-color\"><em>Si\u2019z ta <strong>l\u012bb \/ \u00e4\u2019b l\u012b lopt\u00f5n<\/strong> i\u013c\u012bzsk\u016bol<\/em> \u2019Then he will have \/ will not have finished university\u2019<\/mark>.<\/p>\n\n\n\n<p>It is typical for active past participles to function as predicative adverbials, characterizing the subject, e.g., <mark style=\"background-color:rgba(0, 0, 0, 0)\" class=\"has-inline-color has-primary-color\"><em>M\u0113g jel\u0101m <strong>la\u2019gg\u00f5nd<\/strong><\/em> \u2019We live apart (= separated)\u2019<\/mark>. Thus, participles are not always connected to the verb \u2018to be\u2019. There are also instrumental forms, e.g., <mark style=\"background-color:rgba(0, 0, 0, 0)\" class=\"has-inline-color has-primary-color\"><em>Se a\u017e\u0101 \u012beb <strong>ka\u2019dd\u00f5n\u00f5ks<\/strong><\/em> \u2019This thing is lost\u2019.<\/mark><\/p>\n\n\n\n<p>The active past participle also appears as a complement and agrees in number, e.g., <mark style=\"background-color:rgba(0, 0, 0, 0)\" class=\"has-inline-color has-primary-color\"><em>jar\u0101<strong> kuij\u00f5n <\/strong>k\u00e4b\u0101 :<\/em> <em>jar\u0101<strong> kuij\u00f5nd<\/strong> k\u00e4b\u0101d<\/em> \u2019dried out hoof : dried out hooves\u2019<\/mark>. Some participles have become adjectives, e.g., <mark style=\"background-color:rgba(0, 0, 0, 0)\" class=\"has-inline-color has-primary-color\"><strong><em>j\u016bob\u00f5n <\/em><\/strong> \u2018drunk\u2019<\/mark>.<\/p>\n\n\n\n<p><strong>Passive past participles<\/strong> are used to form passive constructions (see the next page for more details).<\/p>\n\n\n\n<!--nextpage-->\n\n\n\n<h5 class=\"wp-block-heading\">Passives and impersonals<\/h5>\n\n\n\n<div style=\"height:0px\" aria-hidden=\"true\" class=\"wp-block-spacer\"><\/div>\n\n\n\n<p>Livonian does not have the synthetic impersonal form typical of the Finnic languages (cf., e.g., Estonian<em> tehakse : tehti<\/em>, <em>minnakse : mindi<\/em>, etc.). Instead, <strong>a construction consisting of the auxiliary<\/strong> <strong>verb<mark style=\"background-color:rgba(0, 0, 0, 0)\" class=\"has-inline-color has-primary-color\"> <em>v\u0231lda<\/em> \u2019to be\u2019, <em>s\u01edd\u00f5<\/em> \u2019to get\u2019, or <em>l\u012bd\u00f5<\/em> \u2019to be (in the future)\u2019<\/mark> and the passive past participle of the main verb<\/strong> is used. The temporal meaning depends on the tense of the auxiliary verb as well as on the broader context. In the past tense, the auxiliary verb is in the past tense, e.g., <mark style=\"background-color:rgba(0, 0, 0, 0)\" class=\"has-inline-color has-primary-color\"><em>Ta <strong>sai <\/strong>freilen\u00f5ks <strong>nutt\u00f5d<\/strong><\/em> \u2019She got called a miss\u2019, <em>T\u00e4\u2019m leja <strong>v\u022f\u2019\u013c <\/strong>\u01ed\u2019v\u00f5d\u00f5ks <strong>katt\u00f5d<\/strong><\/em> \u2019Her flesh was covered with sores\u2019<\/mark>, in the present or future tense, it is in the present tense (the interpretation also depends on the context), e.g., <mark style=\"background-color:rgba(0, 0, 0, 0)\" class=\"has-inline-color has-primary-color\"><em>Ne <strong>s\u01edb\u00f5d <\/strong>ib\u016bkst\u00f5ks <strong>nutt\u00f5d<\/strong> <\/em>\u2019They are called hair\u2019, <em>Se t\u012be <strong>s\u01edb<\/strong><\/em> <strong><em>t\u012b\u2019ed\u00f5d <\/em><\/strong>\u2019This work will get done\u2019.<\/mark><\/p>\n\n\n\n<p><strong>Good to know.<\/strong> It is characteristic of the aforementioned constructions for the agent to be removed from subject position. Expressing the agent as some other part of the sentence, however, is not generally expected in Livonian. Only in rare cases is the agent expressed with the elative or a postpositional phrase, e.g., <mark style=\"background-color:rgba(0, 0, 0, 0)\" class=\"has-inline-color has-primary-color\"><em>Ne v\u022f\u2019\u013ct\u00f5 <strong>br\u016bdgan\u0101st<\/strong> kutst\u00f5d.<\/em> \u2019They were invited by the groom\u2019,<em>T\u00e4m\u0101 s\u01edb <strong>k\u0113nig k\u00e4\u2019dst <\/strong>jar\u0101 tapt\u00f5d.<\/em> \u2019He was killed by the king\u2019. <\/mark><\/p>\n\n\n\n<p>If the subject is omitted, the 3rd person singular or plural verb form can be <strong>understood as an impersonal<\/strong>, e.g., <mark style=\"background-color:rgba(0, 0, 0, 0)\" class=\"has-inline-color has-primary-color\"><em>viet\u0101<strong> k\u0101ndiz<\/strong><\/em> \u2019(one) carried water\u2019<\/mark><mark style=\"background-color:rgba(0, 0, 0, 0)\" class=\"has-inline-color has-primary-color\">, <em>B\u016bo\u1e11<strong> t\u012beb <\/strong>v\u0101ldi\u0146 \u016bd n\u00e4d\u012b\u013c <\/em>\u2019(One) will open the shop next week\u2019. <\/mark>Compound past tense forms can also be understood as impersonals, e.g., <mark style=\"background-color:rgba(0, 0, 0, 0)\" class=\"has-inline-color has-primary-color\"><em>Ik\u0161k\u00f5rd <strong>\u0101t\u00f5 l\u01df\u2019n\u00f5d<\/strong> lapst\u0101 ri\u0161t\u00f5m <\/em>\u2019(They) once had gone to baptize a child\u2019<\/mark>. In such instances, it is common for the object to retain its case (cf. <mark style=\"background-color:rgba(0, 0, 0, 0)\" class=\"has-inline-color has-primary-color\"><em>viet\u0101 k\u0101ndiz<\/em> \u2019(one) carried water\u2019 and <em>ta k\u0101ndiz viet\u0101<\/em> \u2019s\/he carried water\u2019<\/mark>). By contrast, in the passive constructions described above, it is certainly possible for the object to retain its case, but it is more common for the object of an active clause to become the subject of a passive clause (<em><mark style=\"background-color:rgba(0, 0, 0, 0)\" class=\"has-inline-color has-primary-color\">X nut\u012bz t\u01dfnda freilen\u00f5ks \u2018<\/mark><\/em><mark style=\"background-color:rgba(0, 0, 0, 0)\" class=\"has-inline-color has-primary-color\">X called her a miss\u2019 <\/mark><em><mark style=\"background-color:rgba(0, 0, 0, 0)\" class=\"has-inline-color has-primary-color\">&gt; Ta sai freilen\u00f5ks nutt\u00f5d<\/mark><\/em> <mark style=\"background-color:rgba(0, 0, 0, 0)\" class=\"has-inline-color has-primary-color\">\u2018She got called a miss\u2019<\/mark>).<\/p>\n\n\n\n<!--nextpage-->\n\n\n\n<h5 class=\"wp-block-heading\">Converb constructions<\/h5>\n\n\n\n<div style=\"height:20px\" aria-hidden=\"true\" class=\"wp-block-spacer\"><\/div>\n\n\n\n<p>The converb in Livonian is marked with<strong> <em>-ds\u00f5<\/em><\/strong>, <strong><em>-\u00f5s<\/em><\/strong><em>.<\/em> Generally, this form expresses adverbial relationships, adding temporal or manner meanings.<\/p>\n\n\n\n<ul class=\"wp-block-list\">\n<li>Examples of temporal meanings: <mark style=\"background-color:rgba(0, 0, 0, 0)\" class=\"has-inline-color has-primary-color\"><em>Ta lieud\u00f5n<\/em> <em>sk\u016bolst\u00f5<strong> tulds\u00f5<\/strong>\u2026 <\/em>\u2019S\/he found (it) coming from school\u2026\u2019, <strong><em>L\u01df\u2019ds\u00f5<\/em><\/strong><em> ta n\u01dfnd\u2026 <\/em>\u2019As he was going, he saw\u2026\u2019<\/mark><\/li>\n\n\n\n<li>An example of a manner meaning: <mark style=\"background-color:rgba(0, 0, 0, 0)\" class=\"has-inline-color has-primary-color\"><em>Ta lek\u0161 ja\u013cgi <strong>vie\u2019dd\u00f5s<\/strong> jem\u0101n tagan<\/em> \u2019He followed his mother dragging his feet<\/mark>\u2018<\/li>\n<\/ul>\n\n\n\n<p>The events described usually occur simultaneously, though the event expressed by the converb construction can also immediately precede the other event, e.g., <mark style=\"background-color:rgba(0, 0, 0, 0)\" class=\"has-inline-color has-primary-color\"><em>Sied\u0101 <strong>k\u016bl\u00f5s<\/strong> \u012brgis l\u00e4p\u0161 utt\u00f5<\/em> \u2019Hearing it, the child began to cry.\u2019<\/mark><\/p>\n\n\n\n<p>The negative counterparts of converb constructions are supine abessive forms (-<em><strong>m\u00f5t<\/strong><\/em>), which can occur with the negative word <mark style=\"background-color:rgba(0, 0, 0, 0)\" class=\"has-inline-color has-primary-color\"><em>ilm\u00f5<\/em> \u2018without\u2019<\/mark>(or the word <em><mark style=\"background-color:rgba(0, 0, 0, 0)\" class=\"has-inline-color has-primary-color\">b\u00e4s<\/mark><\/em>, which borrowed from the Latvian word <em>bez<\/em>, which has the same meaning), e.g., <mark style=\"background-color:rgba(0, 0, 0, 0)\" class=\"has-inline-color has-primary-color\"><em>Ve\u2019l k\u014dgi\u0146 van\u0101m\u012bez va\u0146\u021b\u013c\u00f5n, <strong>ilm\u00f5<\/strong> s\u012blmad<strong> p\u012bltam\u00f5t<\/strong>, mie\u2019rjem\u0101n tagan<\/em><strong> <\/strong>\u2019For a long time yet, the old man looked, without blinking his eyes, after Sea Mother\u2019.<\/mark><\/p>\n","protected":false},"excerpt":{"rendered":"<p>This grammar section gives an overview of participles (page 1), the passive and impersonal (page 2), and converb constructions (page 3). Participles Participles are verb forms that share features with adjectives, e.g., cf. a\u013c\u013c\u00f5d p\u016bl\u012b\u2019ed\u00f5d \u2019green leaves\u2019 and m\u01ed\u2019z\u00f5 sa\u2019dd\u00f5nd &#8230;<\/p>\n","protected":false},"author":320,"featured_media":0,"parent":0,"menu_order":0,"comment_status":"closed","ping_status":"closed","template":"","meta":{"_acf_changed":false,"inline_featured_image":false,"footnotes":""},"class_list":["post-2013","page","type-page","status-publish","hentry"],"acf":[],"_links":{"self":[{"href":"https:\/\/sisu.ut.ee\/liivikeel\/en\/wp-json\/wp\/v2\/pages\/2013","targetHints":{"allow":["GET"]}}],"collection":[{"href":"https:\/\/sisu.ut.ee\/liivikeel\/en\/wp-json\/wp\/v2\/pages"}],"about":[{"href":"https:\/\/sisu.ut.ee\/liivikeel\/en\/wp-json\/wp\/v2\/types\/page"}],"author":[{"embeddable":true,"href":"https:\/\/sisu.ut.ee\/liivikeel\/en\/wp-json\/wp\/v2\/users\/320"}],"replies":[{"embeddable":true,"href":"https:\/\/sisu.ut.ee\/liivikeel\/en\/wp-json\/wp\/v2\/comments?post=2013"}],"version-history":[{"count":29,"href":"https:\/\/sisu.ut.ee\/liivikeel\/en\/wp-json\/wp\/v2\/pages\/2013\/revisions"}],"predecessor-version":[{"id":2297,"href":"https:\/\/sisu.ut.ee\/liivikeel\/en\/wp-json\/wp\/v2\/pages\/2013\/revisions\/2297"}],"wp:attachment":[{"href":"https:\/\/sisu.ut.ee\/liivikeel\/en\/wp-json\/wp\/v2\/media?parent=2013"}],"curies":[{"name":"wp","href":"https:\/\/api.w.org\/{rel}","templated":true}]}}