{"id":1997,"date":"2024-04-04T08:57:00","date_gmt":"2024-04-04T05:57:00","guid":{"rendered":"https:\/\/sisu.ut.ee\/liivikeel\/62-grammatika\/"},"modified":"2024-12-30T12:02:02","modified_gmt":"2024-12-30T10:02:02","slug":"62-grammatika","status":"publish","type":"page","link":"https:\/\/sisu.ut.ee\/liivikeel\/en\/62-grammatika\/","title":{"rendered":"6.2. Gramatik \/ Grammar"},"content":{"rendered":"<div style=\"height:15px\" aria-hidden=\"true\" class=\"wp-block-spacer\"><\/div>\n\n\n\n<p>This grammar section describes the imperative mood (page 1), the conditional mood (page 2), and modal constructions (page 3).<\/p>\n\n\n\n<h4 class=\"wp-block-heading\">Imperative mood<\/h4>\n\n\n\n<p>The imperative is generally used for commands, appeals, requests, or prohibitions, which are directed from the speaker to one listener (2nd person singular) or several listeners (2nd person plural), though the speaker (1st person plural) can also be involved.<\/p>\n\n\n\n<figure class=\"wp-block-table is-style-stripes\"><table class=\"table table-hover\"><thead><tr><th class=\"has-text-align-left\" data-align=\"left\">Person<\/th><th>Ending<\/th><th>Example<\/th><\/tr><\/thead><tbody><tr><td class=\"has-text-align-left\" data-align=\"left\">Sg 2nd prs (sa)<\/td><td><strong>\u00f8<\/strong><\/td><td><strong>R\u00f5k\u0101nd<\/strong> viz\u0101stiz ja loug\u00f5! \u2019Speak firmly and slowly!\u2019<\/td><\/tr><tr><td class=\"has-text-align-left\" data-align=\"left\">Pl 1st prs (m\u0113g)<\/td><td><strong>-g\u00f5m, -\u00f5g\u00f5m<\/strong><\/td><td>Opp\u00f5<strong>g\u00f5m<\/strong> l\u012bv\u00f5 k\u012beld\u00f5! \u2019Let\u2019s learn Livonian!\u2019<\/td><\/tr><tr><td class=\"has-text-align-left\" data-align=\"left\">Pl 2nd prs (t\u0113g)<\/td><td><strong>-gid, -igid<\/strong><\/td><td>P\u01edlaks, v\u022f\u2019dl\u00f5<strong>gid<\/strong>, ku\u0146t\u0161 m\u0113g tu\u2019lm\u00f5 kuod\u0101j! \u2019Please wait until we come home!\u2019<\/td><\/tr><\/tbody><\/table><\/figure>\n\n\n\n<p><strong>Note!<\/strong><\/p>\n\n\n\n<ul class=\"wp-block-list\">\n<li>The <strong>2nd person singular<\/strong> generally has <strong>no ending<\/strong>, e.g., <mark style=\"background-color:rgba(0, 0, 0, 0)\" class=\"has-inline-color has-primary-color\"><em>ai\u2019l<\/em> \u2019run\u2019, <em>v\u022ft\u0161<\/em> \u2019look, search\u2019, <em>n\u012b\u017e <\/em>\u2019tell\u2019<\/mark>. Verbs like <mark style=\"background-color:rgba(0, 0, 0, 0)\" class=\"has-inline-color has-primary-color\"><em>m\u00f5tl\u00f5<\/em> \u2019to think\u2019<\/mark>and <mark style=\"background-color:rgba(0, 0, 0, 0)\" class=\"has-inline-color has-primary-color\"><em>na\u2019gr\u00f5<\/em> \u2019to laugh\u2019<\/mark> have consonant stems in the singular, e.g., <mark style=\"background-color:rgba(0, 0, 0, 0)\" class=\"has-inline-color has-primary-color\"><em>m\u00f5tt\u00f5l <\/em>\u2019think\u2019<\/mark> and <mark style=\"background-color:rgba(0, 0, 0, 0)\" class=\"has-inline-color has-primary-color\"><em>al\u0101 m\u00f5tt\u00f5l <\/em>\u2019don\u2019t think\u2019<\/mark> (cf. <mark style=\"background-color:rgba(0, 0, 0, 0)\" class=\"has-inline-color has-primary-color\"><em>m\u00f5tl\u00f5gid<\/em> \u2019think (pl)\u2019<\/mark> and<em> <\/em><mark style=\"background-color:rgba(0, 0, 0, 0)\" class=\"has-inline-color has-primary-color\"><em>na\u2019gr\u00f5gid <\/em>\u2019laugh (pl)\u2019<\/mark>). Monosyllabic verbs with vowel-final stems end in a vowel, e.g., <mark style=\"background-color:rgba(0, 0, 0, 0)\" class=\"has-inline-color has-primary-color\"><em>v\u012b <\/em>\u2019take\u2019<\/mark>, but also verbs with an <em>\u0101-\/a<\/em>-stem, e.g., <mark style=\"background-color:rgba(0, 0, 0, 0)\" class=\"has-inline-color has-primary-color\"><em>\u0101nda \u2019<\/em>give\u2019.<\/mark><\/li>\n\n\n\n<li>In the <strong>1st person plural<\/strong>, the <strong>expected indicative form<\/strong> is used without a pronoun, e.g., <em><mark style=\"background-color:rgba(0, 0, 0, 0)\" class=\"has-inline-color has-primary-color\">L\u01dfm gilg\u00f5m!<\/mark><\/em><mark style=\"background-color:rgba(0, 0, 0, 0)\" class=\"has-inline-color has-primary-color\"> \u2019Let\u2019s go swimming!\u2019<\/mark><\/li>\n\n\n\n<li>In the <strong>2nd person plural<\/strong>, the ending <em><strong>-g\u012bd<\/strong><\/em> is used in two cases: <mark style=\"background-color:rgba(0, 0, 0, 0)\" class=\"has-inline-color has-primary-color\"><em>s\u00e4\/g\u012bd<\/em> \u2019here\u2019<\/mark> ja<mark style=\"background-color:rgba(0, 0, 0, 0)\" class=\"has-inline-color has-primary-color\"><em> li\/g\u012bd <\/em>\u2019go\u2019.<\/mark><\/li>\n\n\n\n<li>In the affirmative, the <strong>total object<\/strong> of the imperative is in the <strong>genitive<\/strong>, e.g., <mark style=\"background-color:rgba(0, 0, 0, 0)\" class=\"has-inline-color has-primary-color\"><em>T\u016bo s\u012be <strong>r\u01ednt\u00f5<\/strong> t\u01dfn\u00f5! <\/em>\u2019Bring the book here!\u2019<\/mark><em> <\/em>(cf. <mark style=\"background-color:rgba(0, 0, 0, 0)\" class=\"has-inline-color has-primary-color\"><em>r\u01ednt\u00f5z <\/em>\u2019book\u2019<\/mark>).<\/li>\n<\/ul>\n\n\n\n<div style=\"height:20px\" aria-hidden=\"true\" class=\"wp-block-spacer\"><\/div>\n\n\n\n<h5 class=\"wp-block-heading\">Negative<\/h5>\n\n\n\n<figure class=\"wp-block-table is-style-stripes\"><table class=\"table table-hover\"><thead><tr><th>Person<\/th><th>Ending<\/th><th>Example<\/th><\/tr><\/thead><tbody><tr><td>Sg 2nd prs (sa)<\/td><td><strong>al\u0101 + <\/strong><strong>\u00f8<\/strong><\/td><td><strong>Al\u0101 r\u00f5k\u0101nd<\/strong> ne\u2019i v\u0101\u2019gi\u017e ja kierd\u00f5!<em> <\/em>\u2019Don\u2019t speak so quietly and quickly!\u2019<\/td><\/tr><tr><td>Pl 1st prs (m\u0113g)<\/td><td><strong>a\u2019lg\u00f5m + -g\u00f5m, -\u00f5g\u00f5m<\/strong><\/td><td><strong>A\u2019lg\u00f5m<\/strong> opp\u00f5<strong>g\u00f5m<\/strong> set engli\u0161 k\u012beld\u00f5! \u2019Let\u2019s not learn only English!\u2019<\/td><\/tr><tr><td>Pl 2nd prs (t\u0113g)<\/td><td><strong>a\u2019lgid + -gid, -igid<\/strong><\/td><td><strong>A\u2019lgid<\/strong> t\u012be<strong>gid<\/strong> ne\u2019ije\u2019n m\u00e4rr\u00f5! \u2019Don\u2019t make so much noise!\u2019<\/td><\/tr><\/tbody><\/table><\/figure>\n\n\n\n<p><strong>Note!<\/strong><\/p>\n\n\n\n<ul class=\"wp-block-list\">\n<li>In the <strong>2nd person singular<\/strong>,<em> \u0101-\/a-<\/em>stem forms are different from the corresponding affirmative forms (cf. <em>i<mark style=\"background-color:rgba(0, 0, 0, 0)\" class=\"has-inline-color has-primary-color\">st\u0101<\/mark><\/em><mark style=\"background-color:rgba(0, 0, 0, 0)\" class=\"has-inline-color has-primary-color\"> \u2019sit\u2019 : <em>al\u0101 ist\u00f5<\/em> \u2019don\u2019t sit\u2019<\/mark>), e.g., <mark style=\"background-color:rgba(0, 0, 0, 0)\" class=\"has-inline-color has-primary-color\"><em><strong>Al\u0101 ist\u00f5<\/strong> l\u014dda p\u01dfl\u00f5, <strong>ist\u0101<\/strong> ra\u2019j p\u01dfl\u00f5!<\/em>  \u2019Don\u2019t sit on the table, sit on the chair!\u2019<\/mark><\/li>\n\n\n\n<li>Like in the affirmative, the <strong>expected indicative form is used for the 1st person plural <\/strong>also in the negative, e.g., <mark style=\"background-color:rgba(0, 0, 0, 0)\" class=\"has-inline-color has-primary-color\"><em>A\u2019lg\u00f5m i\u2019ml\u00f5m! <\/em>\u2019Let\u2019s not be surprised!\u2019<\/mark><\/li>\n\n\n\n<li><strong>2nd person plural<\/strong>: <mark style=\"background-color:rgba(0, 0, 0, 0)\" class=\"has-inline-color has-primary-color\"><em>a\u2019lgid opp\u00f5\/gid<\/em> \u2019don\u2019t learn\u2019, <em>a\u2019lgid \u0101nda\/gid<\/em> \u2019don\u2019t give\u2019<\/mark><\/li>\n\n\n\n<li>In the negative, the<strong> object is in the partitive<\/strong>, e.g., <mark style=\"background-color:rgba(0, 0, 0, 0)\" class=\"has-inline-color has-primary-color\"><em>Al\u0101 t\u016bo sied\u0101 <strong>r\u01ednt\u00f5zt <\/strong>t\u01dfn\u00f5! <\/em>\u2019Don\u2019t bring the book here!\u2019<\/mark><\/li>\n<\/ul>\n\n\n\n<!--nextpage-->\n\n\n\n<div style=\"height:15px\" aria-hidden=\"true\" class=\"wp-block-spacer\"><\/div>\n\n\n\n<h4 class=\"wp-block-heading\">Conditional mood<\/h4>\n\n\n\n<p>Konditsionaali ehk tingivat k\u00f5neviisi kasutatakse ennek\u00f5ike s\u00fcndmuse v\u00f5i seisundi irreaalsuse v\u00e4ljendamiseks. \u00dcldjuhul seostub sellega v\u00f5imalikkuse t\u00e4hendus, st esinemise t\u00f5en\u00e4osus mingis kujuteldavas situatsioonis. Tingival k\u00f5neviisil on nii oleviku kui ka mineviku aeg.<\/p>\n\n\n\n<h5 class=\"wp-block-heading\">Present tense conditional<\/h5>\n\n\n\n<p>The present tense conditional is formed with the ending <strong>\u2013<em>ks<\/em><\/strong> or <strong>\u2013<\/strong><em><strong>\u00f5ks<\/strong><\/em>. Here are a few examples of verbs conjugated in the <strong>affirmative<\/strong>:<\/p>\n\n\n\n<figure class=\"wp-block-table alignleft is-style-stripes\"><table class=\"table table-hover\"><thead><tr><th><\/th><th><strong>v\u0231l|da<\/strong> \u2019to be\u2019<br>(Group 1)<\/th><th><strong>s\u01ed|d\u00f5 <\/strong>\u2019to get\u2019<br>(Group 2)<\/th><th><strong>je\u2019ll|\u00f5 <\/strong>\u2019to live\u2019<br>(Group 3)<\/th><th><strong>lu\u2019gg|\u00f5 <\/strong>\u2019to read\u2019<br>(Group 3)<\/th><th><strong>m\u00f5tl|\u00f5 <\/strong>\u2019to think\u2019<br>(Group 4)<\/th><\/tr><\/thead><tbody><tr><td><strong>ma<\/strong><strong><\/strong><\/td><td>v\u022fl|ks<\/td><td>s\u01ed|ks<\/td><td>jel\u0101|ks<\/td><td>lu\u2019gg|\u00f5ks<\/td><td>m\u00f5tl|\u00f5ks<\/td><\/tr><tr><td><strong>sa<\/strong><strong><\/strong><\/td><td>v\u022fl|ks|t<\/td><td>s\u01ed|ks|t<\/td><td>jel\u0101|ks|t<\/td><td>lu\u2019gg|\u00f5ks|t<\/td><td>m\u00f5tl|\u00f5ks|t<\/td><\/tr><tr><td><strong>ta<\/strong><strong><\/strong><\/td><td>v\u022fl|ks<\/td><td>s\u01ed|ks<\/td><td>jel\u0101|ks<\/td><td>lu\u2019gg|\u00f5ks<\/td><td>m\u00f5tl|\u00f5ks<\/td><\/tr><tr><td><strong>m\u0113g<\/strong><strong><\/strong><\/td><td>v\u022fl|ks|m\u00f5<\/td><td>s\u01ed|ks|m\u00f5<\/td><td>jel\u0101|ks|m\u00f5<\/td><td>lu\u2019gg|\u00f5ks|m\u00f5<\/td><td>m\u00f5tl|\u00f5ks|m\u00f5<\/td><\/tr><tr><td><strong>t\u0113g<\/strong><strong><\/strong><\/td><td>v\u022fl|ks|t\u00f5<\/td><td>s\u01ed|ks|t\u00f5<\/td><td>jel\u0101|ks|t\u00f5<\/td><td>lu\u2019gg|\u00f5ks|t\u00f5<\/td><td>m\u00f5tl|\u00f5ks|t\u00f5<\/td><\/tr><tr><td><strong>ne<\/strong><strong><\/strong><\/td><td>v\u022fl|ks|t\u00f5<\/td><td>s\u01ed|ks|t\u00f5<\/td><td>jel\u0101|ks|t\u00f5<\/td><td>lu\u2019gg|\u00f5ks|t\u00f5<\/td><td>m\u00f5tl|\u00f5ks|t\u00f5<\/td><\/tr><\/tbody><\/table><figcaption class=\"wp-element-caption\">Present tense conditional affirmative forms<\/figcaption><\/figure>\n\n\n\n<div style=\"height:15px\" aria-hidden=\"true\" class=\"wp-block-spacer\"><\/div>\n\n\n\n<p><strong>Note! <\/strong><em>\u016b- <\/em>and <em>\u00f5<\/em>-stem verbs (nt <em>lu\u2019gg\u00f5<\/em>) belonging to Group 3 attach the conditional ending to the strong grade form (see also Section 2.4).<\/p>\n\n\n\n<p>In <strong>negative<\/strong> singular forms, only the conditional ending is attached to the stem, while in plural forms a personal ending is also added (just like in the affirmative). Negative forms of the verbs <em>je\u2019ll\u00f5<\/em> \u2018to live\u2019 and <em>lu\u2019gg\u00f5 <\/em>\u2018to read\u2019 are given below:<\/p>\n\n\n\n<figure class=\"wp-block-table alignleft\"><table class=\"table table-hover\"><tbody><tr><td><strong>ma <\/strong><strong><\/strong><\/td><td>\u00e4\u2019b jel\u0101|ks<\/td><td>\u00e4\u2019b lu\u2019gg|\u00f5ks<\/td><\/tr><tr><td><strong>sa <\/strong><strong><\/strong><\/td><td>\u00e4\u2019d jel\u0101|ks<\/td><td>\u00e4\u2019d lu\u2019gg|\u00f5ks<\/td><\/tr><tr><td><strong>ta <\/strong><strong><\/strong><\/td><td>\u00e4\u2019b jel\u0101|ks<\/td><td>\u00e4\u2019b lu\u2019gg|\u00f5ks<\/td><\/tr><tr><td><strong>m\u0113g <\/strong><strong><\/strong><\/td><td>\u00e4\u2019b jel\u0101|ks|m\u00f5<\/td><td>\u00e4\u2019b lu\u2019gg|\u00f5ks|m\u00f5<\/td><\/tr><tr><td><strong>t\u0113g <\/strong><strong><\/strong><\/td><td>\u00e4t jel\u0101|ks|t\u00f5<\/td><td>\u00e4t lu\u2019gg|\u00f5ks|t\u00f5<\/td><\/tr><tr><td><strong>ne <\/strong><strong><\/strong><\/td><td>\u00e4\u2019b jel\u0101|ks|t\u00f5<\/td><td>\u00e4\u2019b lu\u2019gg|\u00f5ks|t\u00f5<\/td><\/tr><\/tbody><\/table><figcaption class=\"wp-element-caption\">Present tense conditional negative forms<\/figcaption><\/figure>\n\n\n\n<div style=\"height:15px\" aria-hidden=\"true\" class=\"wp-block-spacer\"><\/div>\n\n\n\n<p>Present tense forms describe events, which have not yet occurred at the time of observation, but may occur in the future, e.g.,<br><mark style=\"background-color:rgba(0, 0, 0, 0)\" class=\"has-inline-color has-primary-color\"><em><strong>Vo\u0307lks<\/strong> ni mi\u2019nn\u00f5n r\u01edz v\u022dita, ma <strong>ti\u0304eks<\/strong> v\u00f5\u0304idagstleib\u00f5, bet leib\u00f5 \u00e4\u2019b u\u0304o <\/em>\u2019If I had a bit of butter, I would make a sandwich, but I don\u2019t have any bread\u2019<\/mark><\/p>\n\n\n\n<div style=\"height:15px\" aria-hidden=\"true\" class=\"wp-block-spacer\"><\/div>\n\n\n\n<h5 class=\"wp-block-heading\">Past tense conditional<\/h5>\n\n\n\n<p>The past tense conditional is formed using the conditional form of the verb <em><strong>v\u0231lda<\/strong><\/em> +<strong> the participle form of the main verb<\/strong>. The affirmative and negative past tense forms of the verb <em>m\u00e4ng\u00f5<\/em> \u2019m\u00e4ngida\u2019 are given below (see Unit 8 about participles):<\/p>\n\n\n\n<figure class=\"wp-block-table alignleft\"><table class=\"table table-hover\"><tbody><tr><td><strong>ma<\/strong><\/td><td>v\u022fl|ks <\/td><td>\u00e4\u2019b v\u022fl|ks<\/td><td rowspan=\"3\">\u00a0 m\u00e4ng\u00f5n<\/td><\/tr><tr><td><strong>sa<\/strong><\/td><td>v\u022fl|ks|t<\/td><td>\u00e4\u2019d v\u022fl|ks<\/td><\/tr><tr><td><strong>ta<\/strong><\/td><td>v\u022fl|ks<\/td><td>\u00e4\u2019b v\u022fl|ks<\/td><\/tr><tr><td><strong>m\u0113g<\/strong><\/td><td>v\u022fl|ks|m\u00f5<\/td><td>\u00e4\u2019b v\u022fl|ks|m\u00f5<\/td><td rowspan=\"3\">\u00a0 m\u00e4ng\u00f5nd<\/td><\/tr><tr><td><strong>t\u0113g<\/strong><\/td><td>v\u022fl|ks|t\u00f5<\/td><td>\u00e4t v\u022fl|ks|t\u00f5<\/td><\/tr><tr><td><strong>ne<\/strong><\/td><td>v\u022fl|ks|t\u00f5<\/td><td>\u00e4\u2019b  v\u022fl|ks|t\u00f5<\/td><\/tr><\/tbody><\/table><figcaption class=\"wp-element-caption\">Past tense conditional affirmative and negative forms<\/figcaption><\/figure>\n\n\n\n<div style=\"height:15px\" aria-hidden=\"true\" class=\"wp-block-spacer\"><\/div>\n\n\n\n<p>Past tense forms describe events, which did not happen for some reason, but could have happened, e.g.,<br><mark style=\"background-color:rgba(0, 0, 0, 0)\" class=\"has-inline-color has-primary-color\"><em>Ku sa ka <strong>v\u022flkst<\/strong> sk\u016bols\u00f5 <strong>k\u01df\u2019nd<\/strong> ja <strong>opp\u00f5n<\/strong>, si\u2019z ka si\u2019nn\u00f5n v\u022flks ne\u2019i \u012b\u2019\u017e j\u00f5v\u0101 jel\u0101mi<\/em> \u2019If you had gone to school and studied, then you also would have just as good of a life\u2019<\/mark><\/p>\n\n\n\n<p>Negative forms, however, imply the opposite, i.e., an event took place, even though it could have also not happened, e.g.,<mark style=\"background-color:rgba(0, 0, 0, 0)\" class=\"has-inline-color has-primary-color\"><em>Lu\u2019gg\u00f5 kil ta u\u2019m m\u022fist\u00f5n, m\u00f5itiz p\u00e4p t\u00e4\u2019mm\u00f5n <strong>\u00e4\u2019b v\u022flks and\u00f5n<\/strong> 1858. [t\u016b\u2019ont\u00f5 k\u01ed\u2019d\u00f5kssa\u2019dd\u00f5 v\u012b\u017ekimd\u00f5 k\u01ed\u2019d\u00f5ksm\u00f5s] \u0101igasts b\u012bb\u00f5l<\/em> \u2019He certainly knows how to read, otherwise the pastor would not have given him the 1858 Bible\u2019.<\/mark><\/p>\n\n\n\n<!--nextpage-->\n\n\n\n<h4 class=\"wp-block-heading\">Modal constructions<\/h4>\n\n\n\n<p>Livonian uses various constructions to express obligation and need. The most common of these is the construction consisting of the auxiliary verb <em><strong>v\u0231lda<\/strong><\/em> \u2019to be\u2019 + the main verb \u2013 the so-called debitive form (<strong><em>-m\u00f5st<\/em><\/strong>).<\/p>\n\n\n\n<ul class=\"wp-block-list\">\n<li>The one on whom the obligation or need falls is marked with the dative case.: <mark style=\"background-color:rgba(0, 0, 0, 0)\" class=\"has-inline-color has-primary-color\"><em>Mi\u2019nn\u00f5n <strong>u\u2019m a\u2019il\u00f5m\u00f5st<\/strong> kuod\u0101j<\/em> \u2019I have to run home\u2019<\/mark>.<\/li>\n\n\n\n<li>If the dative argument is not explicitly given in the sentence, then the main verb can be used just with the verb <em>v\u0231lda<\/em> or by itself without the auxiliary verb:<mark style=\"background-color:rgba(0, 0, 0, 0)\" class=\"has-inline-color has-primary-color\"> <em>\u0113ra je\u2019dst\u00f5 <strong>\u00e4\u2019b \u016bo maksam\u00f5st<\/strong> <\/em>\u2019<\/mark>You don\u2019t have to pay for the book\u2019;<mark style=\"background-color:rgba(0, 0, 0, 0)\" class=\"has-inline-color has-primary-color\"><em>Ku o\u2019bb\u00f5, si\u2019z o\u2019bb\u00f5, mis s\u01df\u2019l v\u00f5ib t\u012b\u2019ed\u00f5, <strong>tu\u2019lm\u00f5st <\/strong>m\u016bp\u00f5 va\u0157\u012bm<\/em> \u2019If it\u2019s late, then it\u2019s late, what can I do, tomorrow I have to come earlier\u2019<\/mark>.<\/li>\n<\/ul>\n","protected":false},"excerpt":{"rendered":"<p>This grammar section describes the imperative mood (page 1), the conditional mood (page 2), and modal constructions (page 3). Imperative mood The imperative is generally used for commands, appeals, requests, or prohibitions, which are directed from the speaker to one &#8230;<\/p>\n","protected":false},"author":320,"featured_media":0,"parent":0,"menu_order":0,"comment_status":"closed","ping_status":"closed","template":"","meta":{"_acf_changed":false,"inline_featured_image":false,"footnotes":"[]"},"class_list":["post-1997","page","type-page","status-publish","hentry"],"acf":[],"_links":{"self":[{"href":"https:\/\/sisu.ut.ee\/liivikeel\/en\/wp-json\/wp\/v2\/pages\/1997","targetHints":{"allow":["GET"]}}],"collection":[{"href":"https:\/\/sisu.ut.ee\/liivikeel\/en\/wp-json\/wp\/v2\/pages"}],"about":[{"href":"https:\/\/sisu.ut.ee\/liivikeel\/en\/wp-json\/wp\/v2\/types\/page"}],"author":[{"embeddable":true,"href":"https:\/\/sisu.ut.ee\/liivikeel\/en\/wp-json\/wp\/v2\/users\/320"}],"replies":[{"embeddable":true,"href":"https:\/\/sisu.ut.ee\/liivikeel\/en\/wp-json\/wp\/v2\/comments?post=1997"}],"version-history":[{"count":29,"href":"https:\/\/sisu.ut.ee\/liivikeel\/en\/wp-json\/wp\/v2\/pages\/1997\/revisions"}],"predecessor-version":[{"id":2399,"href":"https:\/\/sisu.ut.ee\/liivikeel\/en\/wp-json\/wp\/v2\/pages\/1997\/revisions\/2399"}],"wp:attachment":[{"href":"https:\/\/sisu.ut.ee\/liivikeel\/en\/wp-json\/wp\/v2\/media?parent=1997"}],"curies":[{"name":"wp","href":"https:\/\/api.w.org\/{rel}","templated":true}]}}