{"id":1902,"date":"2024-07-12T23:20:36","date_gmt":"2024-07-12T20:20:36","guid":{"rendered":"https:\/\/sisu.ut.ee\/liivikeel\/4-5-harjutusi\/"},"modified":"2024-12-28T22:18:57","modified_gmt":"2024-12-28T20:18:57","slug":"4-5-harjutusi","status":"publish","type":"page","link":"https:\/\/sisu.ut.ee\/liivikeel\/en\/4-5-harjutusi\/","title":{"rendered":"4.5. Il\u017eand\u00f5k\u0161i \/ Exercises"},"content":{"rendered":"<div style=\"height:15px\" aria-hidden=\"true\" class=\"wp-block-spacer\"><\/div>\n\n\n\n<h5 class=\"wp-block-heading\">4.5.1. The Livonian flag<\/h5>\n\n\n\n<div class=\"wp-block-media-text has-media-on-the-right is-stacked-on-mobile\"><div class=\"wp-block-media-text__content\">\n<p>The picture shows the green, white, and blue Livonian flag.<\/p>\n\n\n\n<p>The creation of the Livonian flag in 1923 is connected with the Livonian Union, a Livonian community organization founded that same year. The Livonian flag, similar in its proportions to the Latvian national flag, was consecrated on November 18, 1923, at Ir\u0113 church manor.<\/p>\n<\/div><figure class=\"wp-block-media-text__media\"><img loading=\"lazy\" decoding=\"async\" width=\"1024\" height=\"768\" src=\"https:\/\/sisu.ut.ee\/wp-content\/uploads\/sites\/649\/\/20240803_132354-1024x768.jpg\" alt=\"Liivi p\u00fchad 2023\" class=\"wp-image-1761 size-full\" srcset=\"https:\/\/sisu.ut.ee\/wp-content\/uploads\/sites\/649\/20240803_132354-1024x768.jpg 1024w, https:\/\/sisu.ut.ee\/wp-content\/uploads\/sites\/649\/20240803_132354-300x225.jpg 300w, https:\/\/sisu.ut.ee\/wp-content\/uploads\/sites\/649\/20240803_132354-768x576.jpg 768w, https:\/\/sisu.ut.ee\/wp-content\/uploads\/sites\/649\/20240803_132354-1536x1152.jpg 1536w, https:\/\/sisu.ut.ee\/wp-content\/uploads\/sites\/649\/20240803_132354-1920x1440.jpg 1920w, https:\/\/sisu.ut.ee\/wp-content\/uploads\/sites\/649\/20240803_132354.jpg 2045w\" sizes=\"auto, (max-width: 1024px) 100vw, 1024px\"><\/figure><\/div>\n\n\n\n<p class=\"has-text-align-right\">At the Livonian Festival in 2023. Photo: Miina Norvik<\/p>\n\n\n\n<p><\/p><div class=\"h5p-iframe-wrapper\"><div class=\"video-placeholder-wrapper video-placeholder-wrapper--fixed\" style=\"height: 366px;\">\n\t\t\t    <div class=\"video-placeholder d-flex justify-content-center align-items-center\">\n\t\t\t        <div class=\"overlay text-white p-2 w-100 text-center d-block justify-content-center align-items-center\">\n\t\t\t            <div>To view third-party content, please accept cookies.<\/div>\n\t\t\t            <button class=\"btn btn-secondary btn-sm mt-1 consent-change\">Change consent<\/button>\n\t\t\t        <\/div>\n\t\t\t    <\/div>\n\t\t\t<\/div>\n<\/div><br><strong>Hint.<\/strong> Reread the poem \u201cMi\u2019n iz\u0101m\u01ed\u201d (\u201cMy fatherland\u201d) in Section 4.4.\n\n\n\n<!--nextpage-->\n\n\n\n<div style=\"height:15px\" aria-hidden=\"true\" class=\"wp-block-spacer\"><\/div>\n\n\n\n<p>The next two exercises are based on songs written by the Livonian musician and songwriter Ulla Fraser. She performs both songs with \u0122irts Gail\u012btis, who is conductor of the Salaspils choir L\u014dja (Boat) \u2013 which performs Livonian songs \u2013 and is also a researcher of Livonian music.<\/p>\n\n\n\n<h5 class=\"wp-block-heading\">4.5.2. Find the partitive forms<\/h5>\n\n\n\n<p>The sentences in the exercise below come from the song <strong>\u201cKu ma rand\u00f5 l\u00e4b\u201d<\/strong> (\u201cWhen I go to the shore\u201d):<\/p>\n\n\n\n<figure class=\"wp-block-embed alignleft is-type-video is-provider-youtube wp-block-embed-youtube wp-embed-aspect-16-9 wp-has-aspect-ratio\"><div class=\"wp-block-embed__wrapper\">\n<div class=\"ratio ratio-16x9 mb-3\"><div class=\"video-placeholder-wrapper video-placeholder-wrapper--16x9\">\n\t\t\t    <div class=\"video-placeholder d-flex justify-content-center align-items-center\">\n\t\t\t        <div class=\"overlay text-white p-2 w-100 text-center d-block justify-content-center align-items-center\">\n\t\t\t            <div>To view third-party content, please accept cookies.<\/div>\n\t\t\t            <button class=\"btn btn-secondary btn-sm mt-1 consent-change\">Change consent<\/button>\n\t\t\t        <\/div>\n\t\t\t    <\/div>\n\t\t\t<\/div>\n<\/div>\n<\/div><\/figure>\n\n\n\n<div style=\"height:15px\" aria-hidden=\"true\" class=\"wp-block-spacer\"><\/div>\n\n\n\n<div class=\"h5p-iframe-wrapper\"><div class=\"video-placeholder-wrapper video-placeholder-wrapper--fixed\" style=\"height: 366px;\">\n\t\t\t    <div class=\"video-placeholder d-flex justify-content-center align-items-center\">\n\t\t\t        <div class=\"overlay text-white p-2 w-100 text-center d-block justify-content-center align-items-center\">\n\t\t\t            <div>To view third-party content, please accept cookies.<\/div>\n\t\t\t            <button class=\"btn btn-secondary btn-sm mt-1 consent-change\">Change consent<\/button>\n\t\t\t        <\/div>\n\t\t\t    <\/div>\n\t\t\t<\/div>\n<\/div>\n\n\n\n<!--nextpage-->\n\n\n\n<div style=\"height:16px\" aria-hidden=\"true\" class=\"wp-block-spacer\"><\/div>\n\n\n\n<h5 class=\"wp-block-heading\">4.5.3. What color is it?<\/h5>\n\n\n\n<p>Listen to the song <strong>\u201cV\u0113rm\u00f5d\u201d<\/strong> (\u201cColors\u201d) and then fill in the blanks in the exercise below.<\/p>\n\n\n\n<figure class=\"wp-block-embed alignleft is-type-video is-provider-youtube wp-block-embed-youtube wp-embed-aspect-16-9 wp-has-aspect-ratio\"><div class=\"wp-block-embed__wrapper\">\n<div class=\"ratio ratio-16x9 mb-3\"><div class=\"video-placeholder-wrapper video-placeholder-wrapper--16x9\">\n\t\t\t    <div class=\"video-placeholder d-flex justify-content-center align-items-center\">\n\t\t\t        <div class=\"overlay text-white p-2 w-100 text-center d-block justify-content-center align-items-center\">\n\t\t\t            <div>To view third-party content, please accept cookies.<\/div>\n\t\t\t            <button class=\"btn btn-secondary btn-sm mt-1 consent-change\">Change consent<\/button>\n\t\t\t        <\/div>\n\t\t\t    <\/div>\n\t\t\t<\/div>\n<\/div>\n<\/div><\/figure>\n\n\n\n<div style=\"height:15px\" aria-hidden=\"true\" class=\"wp-block-spacer\"><\/div>\n\n\n\n<div class=\"h5p-iframe-wrapper\"><div class=\"video-placeholder-wrapper video-placeholder-wrapper--fixed\" style=\"height: 366px;\">\n\t\t\t    <div class=\"video-placeholder d-flex justify-content-center align-items-center\">\n\t\t\t        <div class=\"overlay text-white p-2 w-100 text-center d-block justify-content-center align-items-center\">\n\t\t\t            <div>To view third-party content, please accept cookies.<\/div>\n\t\t\t            <button class=\"btn btn-secondary btn-sm mt-1 consent-change\">Change consent<\/button>\n\t\t\t        <\/div>\n\t\t\t    <\/div>\n\t\t\t<\/div>\n<\/div>\n\n\n\n<div class=\"wp-block-file\"><a id=\"wp-block-file--media-0e706b50-ba62-4e36-ab1c-db722500380c\" href=\"https:\/\/sisu.ut.ee\/wp-content\/uploads\/sites\/649\/varvid_tolge.pdf\">A translation of the color song into Estonian<\/a><a href=\"https:\/\/sisu.ut.ee\/wp-content\/uploads\/sites\/649\/varvid_tolge.pdf\" class=\"wp-block-file__button wp-element-button\" download aria-describedby=\"wp-block-file--media-0e706b50-ba62-4e36-ab1c-db722500380c\">Download<\/a><\/div>\n\n\n\n<!--nextpage-->\n\n\n\n<div style=\"height:15px\" aria-hidden=\"true\" class=\"wp-block-spacer\"><\/div>\n\n\n\n<h5 class=\"wp-block-heading\">4.5.4. Choose the appropriate form.<\/h5>\n\n\n\n<div class=\"h5p-iframe-wrapper\"><div class=\"video-placeholder-wrapper video-placeholder-wrapper--fixed\" style=\"height: 366px;\">\n\t\t\t    <div class=\"video-placeholder d-flex justify-content-center align-items-center\">\n\t\t\t        <div class=\"overlay text-white p-2 w-100 text-center d-block justify-content-center align-items-center\">\n\t\t\t            <div>To view third-party content, please accept cookies.<\/div>\n\t\t\t            <button class=\"btn btn-secondary btn-sm mt-1 consent-change\">Change consent<\/button>\n\t\t\t        <\/div>\n\t\t\t    <\/div>\n\t\t\t<\/div>\n<\/div>\n","protected":false},"excerpt":{"rendered":"<p>4.5.1. The Livonian flag The picture shows the green, white, and blue Livonian flag. The creation of the Livonian flag in 1923 is connected with the Livonian Union, a Livonian community organization founded that same year. The Livonian flag, similar &#8230;<\/p>\n","protected":false},"author":320,"featured_media":0,"parent":0,"menu_order":0,"comment_status":"closed","ping_status":"closed","template":"","meta":{"_acf_changed":false,"inline_featured_image":false,"footnotes":""},"class_list":["post-1902","page","type-page","status-publish","hentry"],"acf":[],"_links":{"self":[{"href":"https:\/\/sisu.ut.ee\/liivikeel\/en\/wp-json\/wp\/v2\/pages\/1902","targetHints":{"allow":["GET"]}}],"collection":[{"href":"https:\/\/sisu.ut.ee\/liivikeel\/en\/wp-json\/wp\/v2\/pages"}],"about":[{"href":"https:\/\/sisu.ut.ee\/liivikeel\/en\/wp-json\/wp\/v2\/types\/page"}],"author":[{"embeddable":true,"href":"https:\/\/sisu.ut.ee\/liivikeel\/en\/wp-json\/wp\/v2\/users\/320"}],"replies":[{"embeddable":true,"href":"https:\/\/sisu.ut.ee\/liivikeel\/en\/wp-json\/wp\/v2\/comments?post=1902"}],"version-history":[{"count":9,"href":"https:\/\/sisu.ut.ee\/liivikeel\/en\/wp-json\/wp\/v2\/pages\/1902\/revisions"}],"predecessor-version":[{"id":2135,"href":"https:\/\/sisu.ut.ee\/liivikeel\/en\/wp-json\/wp\/v2\/pages\/1902\/revisions\/2135"}],"wp:attachment":[{"href":"https:\/\/sisu.ut.ee\/liivikeel\/en\/wp-json\/wp\/v2\/media?parent=1902"}],"curies":[{"name":"wp","href":"https:\/\/api.w.org\/{rel}","templated":true}]}}