{"id":1893,"date":"2024-04-04T08:57:00","date_gmt":"2024-04-04T05:57:00","guid":{"rendered":"https:\/\/sisu.ut.ee\/liivikeel\/41-sonavara\/"},"modified":"2024-12-27T19:51:55","modified_gmt":"2024-12-27T17:51:55","slug":"41-sonavara","status":"publish","type":"page","link":"https:\/\/sisu.ut.ee\/liivikeel\/en\/41-sonavara\/","title":{"rendered":"4.1. S\u00f5n\u0101v\u012b\u013ca \/ Vocabulary"},"content":{"rendered":"<div style=\"height:15px\" aria-hidden=\"true\" class=\"wp-block-spacer\"><\/div>\n\n\n\n<p>The list below shows various Livonian adjectives and their antonyms. You can find other interesting adjectives in the dictionary at <a href=\"https:\/\/livonian.tech\/en\/\" target=\"_blank\" rel=\"noreferrer noopener\">https:\/\/livonian.tech\/en\/<\/a>.<\/p>\n\n\n\n<h5 class=\"wp-block-heading\">4.1.1. Study the adjectives and think of suitable nouns to go with them.<\/h5>\n\n\n\n<div class=\"wp-block-columns is-layout-flex wp-container-core-columns-is-layout-9d6595d7 wp-block-columns-is-layout-flex\">\n<div class=\"wp-block-column is-layout-flow wp-block-column-is-layout-flow\">\n<div class=\"wp-block-group is-vertical is-layout-flex wp-container-core-group-is-layout-8cf370e7 wp-block-group-is-layout-flex\">\n<p><strong>s\u016br <\/strong>\u2019big\u2019 vs. <strong>pi\u0161ki<\/strong> \u2019small\u2019<\/p>\n\n\n\n<p><strong>kiev\u0101m<\/strong> \u2019light, easy\u2019\u00a0vs. <strong>l\u01dflam<\/strong> \u2019heavy, difficult\u2019 (also \u2019pregnant\u2019)\u00a0\u00a0\u00a0\u00a0\u00a0\u00a0\u00a0\u00a0\u00a0\u00a0\u00a0\u00a0\u00a0\u00a0\u00a0<\/p>\n\n\n\n<p><strong>j\u00f5v\u0101<\/strong> \u2019good\u2019 vs. <strong>\u00e4bj\u00f5v\u0101<\/strong> \u2019bad, evil\u2019, <strong>slik\u021b\u00f5<\/strong> \u2019bad, evil\u2019 (Latvian <em>slikts<\/em>) \u00a0\u00a0\u00a0\u00a0\u00a0\u00a0\u00a0\u00a0\u00a0\u00a0\u00a0<\/p>\n\n\n\n<p><strong>ma\u2019g\u1e11i ~ ma\u2019g\u1e11\u00f5<\/strong> \u2019tasty; sweet\u2019 vs. <strong>ki\u2019b\u1e11i<\/strong> \u2019bitter; acrid\u2019<\/p>\n\n\n\n<p><strong>kna\u0161<\/strong> \u2019beautiful, pretty\u2019 vs. <strong>\u00e4bkna\u0161<\/strong> \u2019ugly\u2019<\/p>\n\n\n\n<p><strong>p\u012b\u2019emdi ~ p\u012bemd\u00f5<\/strong> \u2019soft\u2019 vs. <strong>viz\u0101<\/strong> \u2019hard\u2019<\/p>\n\n\n\n<p><strong>lem <\/strong>\u2019warm\u2019 vs. <strong>k\u012blma<\/strong> \u2019cold\u2019<\/p>\n\n\n\n<p><strong>tu\u2019\u013c\u013ci<\/strong> \u2019hot\u2019 vs.<strong> jeiji <\/strong>\u2019icy, frigid\u2019<\/p>\n<\/div>\n<\/div>\n\n\n\n<div class=\"wp-block-column is-layout-flow wp-block-column-is-layout-flow\">\n<div class=\"wp-block-group is-vertical is-layout-flex wp-container-core-group-is-layout-8cf370e7 wp-block-group-is-layout-flex\">\n<p><strong>lu\u0161t\u012bg ~ r\u012bemli ~ r\u022dmli <\/strong>\u2019happy, joyful\u2019 \u00a0vs. <strong>mu\u2019rri ~ mur\u0101gli <\/strong>\u2019sad, grim, sorrowful\u2019<\/p>\n\n\n\n<p><strong>pitk\u0101<\/strong> \u2019long, tall\u2019 vs. <strong>l\u012bti <\/strong>\u2019short\u2019<\/p>\n\n\n\n<p><strong>laig\u0101 <\/strong>\u2019wide\u2019 vs. <strong>kits\u0101z, \u01ed\u2019d\u00f5z<\/strong> \u2019narrow\u2019<\/p>\n\n\n\n<p><strong>imm\u00f5rgoutlimi <\/strong>\u2019round\u2019 vs. <strong>ka\u0146\u021blimi<\/strong> \u2019angular, edged\u2019<\/p>\n\n\n\n<p><strong>p\u012benti<\/strong> \u2019fine, thin\u2019 vs. <strong>ja\u2019mdi ~ ja\u2019md\u00f5<\/strong> \u2019thick, fat\u2019<\/p>\n\n\n\n<p><strong>kierdi <\/strong>\u2019fast\u2019 vs.<strong> lougli <\/strong>\u2019slow\u2019<\/p>\n\n\n\n<p><strong>kuordi ~ kuord\u00f5 <\/strong>\u2019high\u2019\u00a0vs. <strong>mad\u0101li<\/strong> \u2019low\u2019<\/p>\n<\/div>\n<\/div>\n<\/div>\n\n\n\n<p>Learn the colors on the next page.<\/p>\n\n\n\n<!--nextpage-->\n\n\n\n<h5 class=\"wp-block-heading\">4.1.2. What color is it?<\/h5>\n\n\n\n<p>You can learn the colors using the cards below. Write the correct color in the empty box. The pictures show something that the corresponding adjective could be used to describe. If necessary, check the meanings of the words in the Livonian dictionary at <a href=\"https:\/\/livonian.tech\/en\/\" target=\"_blank\" rel=\"noreferrer noopener\">https:\/\/livonian.tech\/en\/<\/a>.<\/p>\n\n\n\n<div class=\"h5p-iframe-wrapper\"><div class=\"video-placeholder-wrapper video-placeholder-wrapper--fixed\" style=\"height: 366px;\">\n\t\t\t    <div class=\"video-placeholder d-flex justify-content-center align-items-center\">\n\t\t\t        <div class=\"overlay text-white p-2 w-100 text-center d-block justify-content-center align-items-center\">\n\t\t\t            <div>To view third-party content, please accept cookies.<\/div>\n\t\t\t            <button class=\"btn btn-secondary btn-sm mt-1 consent-change\">Change consent<\/button>\n\t\t\t        <\/div>\n\t\t\t    <\/div>\n\t\t\t<\/div>\n<\/div>\n","protected":false},"excerpt":{"rendered":"<p>The list below shows various Livonian adjectives and their antonyms. You can find other interesting adjectives in the dictionary at https:\/\/livonian.tech\/en\/. 4.1.1. Study the adjectives and think of suitable nouns to go with them. s\u016br \u2019big\u2019 vs. pi\u0161ki \u2019small\u2019 kiev\u0101m &#8230;<\/p>\n","protected":false},"author":320,"featured_media":0,"parent":0,"menu_order":0,"comment_status":"closed","ping_status":"closed","template":"","meta":{"_acf_changed":false,"inline_featured_image":false,"footnotes":""},"class_list":["post-1893","page","type-page","status-publish","hentry"],"acf":[],"_links":{"self":[{"href":"https:\/\/sisu.ut.ee\/liivikeel\/en\/wp-json\/wp\/v2\/pages\/1893","targetHints":{"allow":["GET"]}}],"collection":[{"href":"https:\/\/sisu.ut.ee\/liivikeel\/en\/wp-json\/wp\/v2\/pages"}],"about":[{"href":"https:\/\/sisu.ut.ee\/liivikeel\/en\/wp-json\/wp\/v2\/types\/page"}],"author":[{"embeddable":true,"href":"https:\/\/sisu.ut.ee\/liivikeel\/en\/wp-json\/wp\/v2\/users\/320"}],"replies":[{"embeddable":true,"href":"https:\/\/sisu.ut.ee\/liivikeel\/en\/wp-json\/wp\/v2\/comments?post=1893"}],"version-history":[{"count":5,"href":"https:\/\/sisu.ut.ee\/liivikeel\/en\/wp-json\/wp\/v2\/pages\/1893\/revisions"}],"predecessor-version":[{"id":1991,"href":"https:\/\/sisu.ut.ee\/liivikeel\/en\/wp-json\/wp\/v2\/pages\/1893\/revisions\/1991"}],"wp:attachment":[{"href":"https:\/\/sisu.ut.ee\/liivikeel\/en\/wp-json\/wp\/v2\/media?parent=1893"}],"curies":[{"name":"wp","href":"https:\/\/api.w.org\/{rel}","templated":true}]}}