{"id":1559,"date":"2024-04-04T08:57:01","date_gmt":"2024-04-04T05:57:01","guid":{"rendered":"https:\/\/sisu.ut.ee\/liivikeel\/72-grammatika\/"},"modified":"2024-12-23T09:34:51","modified_gmt":"2024-12-23T07:34:51","slug":"72-grammatika","status":"publish","type":"page","link":"https:\/\/sisu.ut.ee\/liivikeel\/en\/72-grammatika\/","title":{"rendered":"7.2. Gramatik \/ Grammar"},"content":{"rendered":"<div style=\"height:15px\" aria-hidden=\"true\" class=\"wp-block-spacer\"><\/div>\n\n\n\n<p>The grammar section of this lesson gives an overview of the jussive (page 1) and the quotative (page 2).<\/p>\n\n\n\n<h4 class=\"wp-block-heading\">Jussive<\/h4>\n\n\n\n<p>The jussive is typically used when a command, prohibition, or request comes from someone other than the speaker and is directed at someone other than the listener. Usually, this construction consists of the particle <em>la\u2019z <\/em>and the jussive form of the verb.<\/p>\n\n\n\n<p>E.g.,\u00a0\u00a0<span style=\"line-height: 115%;\"><span style=\"line-height: 115%;\"><mark style=\"background-color:rgba(0, 0, 0, 0)\" class=\"has-inline-color has-primary-color\"><em><strong>La\u2019z v\u00f5t\u0101g<\/strong> s\u012be ib\u012bz ja <strong>pang\u00f5 <\/strong>ratt\u00f5d je\u2019dd\u00f5<\/em>. \u2019Have (him) take the horse and put it in front of the cart<\/mark>.\u2019<\/span><\/span><\/p>\n\n\n\n<p>Possible endings include <strong><em>-g<\/em><\/strong>,<strong><em> -\u00f5g<\/em><\/strong>, <strong><em>-g\u00f5<\/em><\/strong><em>, <\/em><strong><em>-kk\u00f5<\/em><\/strong>,\u00a0<strong><em>-k\u00f5<\/em><\/strong>. Both of the last two are used only with one word: <em>l\u00e4kk\u00f5 <\/em>\u2018 may (s\/he) go, so (s\/he) goes\u2019 and\u00a0<i><span style=\"line-height: 107%;\">v\u022flk\u00f5<\/span><\/i><span style=\"line-height: 107%;\"> \u2018may (s\/he) be, so (s\/he) is\u2019, respectively.<\/span><\/p>\n\n\n\n<figure class=\"wp-block-table alignleft\"><table class=\"table table-hover\"><tbody><tr><td><strong>Person<\/strong><\/td><td><strong>v\u0231l|da<\/strong> \u2019to be\u2019<\/td><td><strong>t\u012b\u2019e|d\u00f5<\/strong> \u2019to do\u2019<\/td><td><strong>pall|\u00f5<\/strong> \u2019to ask\u2019<\/td><td><strong>lu\u2019gg|\u00f5<\/strong> \u2019to read\u2019<\/td><td><strong>m\u00f5tl|\u00f5<\/strong> \u2019to think\u2019<\/td><\/tr><tr><td>ma, sa, ta<\/td><td>v\u022fl|k\u00f5<\/td><td>t\u012be|g\u00f5<\/td><td>p\u01edla|g<\/td><td>lu\u2019gg|\u00f5g<\/td><td>m\u00f5tl|\u00f5g<\/td><\/tr><tr><td>m\u0113g, t\u0113g, ne<\/td><td>v\u022fl|k\u00f5|d<\/td><td>t\u012be|g\u00f5|d<\/td><td>p\u01edla|g|\u00f5d<\/td><td>lu\u2019gg|\u00f5g|\u00f5d<\/td><td>m\u00f5tl|\u00f5g|\u00f5d<\/td><\/tr><\/tbody><\/table><\/figure>\n\n\n\n<div style=\"height:17px\" aria-hidden=\"true\" class=\"wp-block-spacer\"><\/div>\n\n\n\n<p><span style=\"line-height: 115%;\"><span style=\"line-height: 115%;\">Jussive constructions are also used as purpose clauses,\u00a0<\/span><\/span>e.g.,\u00a0<span style=\"line-height: normal;\"><mark style=\"background-color:rgba(0, 0, 0, 0)\" class=\"has-inline-color has-primary-color\"><em>Ne\u2019i ta a\u0304ndab s\u012be bot\u012b\u013c <strong>la\u2019z j\u016bog\u00f5<\/strong><\/em>. \u2019He gives the bottle so, in order to drink.\u2019<\/mark><\/span><\/p>\n\n\n\n<p>To form the <strong>negative<\/strong>, add the negative verb <em>a\u2019lg\u00f5 <\/em>or <em>a\u2019lg\u00f5d:<\/em><\/p>\n\n\n\n<figure class=\"wp-block-table alignleft\"><table class=\"table table-hover\"><tbody><tr><td><strong>ma, sa, ta<\/strong><\/td><td>a\u2019lg\u00f5<\/td><td>p\u01edla|g<\/td><\/tr><tr><td><strong>me\u0304g, te\u0304g, ne<\/strong><\/td><td>a\u2019lg\u00f5d<\/td><td>p\u01edla|g|\u00f5d<\/td><\/tr><\/tbody><\/table><\/figure>\n\n\n\n<div style=\"height:22px\" aria-hidden=\"true\" class=\"wp-block-spacer\"><\/div>\n\n\n\n<p>E.g.,\u00a0<mark style=\"background-color:rgba(0, 0, 0, 0)\" class=\"has-inline-color has-primary-color\"><span style=\"line-height: 115%;\"><span style=\"line-height: 115%;\"><em>Nai k\u012bt\u00f5n, <strong>alg\u00f5 <\/strong>Mik\u012b\u013c <strong>k\u0101rtag<\/strong>.<\/em> \u2019The woman (had) said that Mik\u012b\u013c should not be afraid.\u2019<\/span><\/span>\u00a0<\/mark><\/p>\n\n\n\n<!--nextpage-->\n\n\n\n<div style=\"height:15px\" aria-hidden=\"true\" class=\"wp-block-spacer\"><\/div>\n\n\n\n<h4 class=\"wp-block-heading\">Quotative<\/h4>\n\n\n\n<p>The quotative or indirect speech is used to convey mediated information. It is commonly used in complement clauses that are governed by a verb of expression or perception like<span lang=\"FI\"><span style=\"line-height: 107%;\">\u00a0<i>ki\u2019zz\u00f5<\/i> \u2019to ask\u2019, <i>k\u016bl\u00f5 <\/i>\u2019to hear\u2019, <i>n\u00e4g\u021b\u00f5 <\/i>\u2019to show\u2019, etc., e.g., <mark style=\"background-color:rgba(0, 0, 0, 0)\" class=\"has-inline-color has-primary-color\"><em>Neitst tund u\u2019lz\u00f5 ja ki\u2019zz\u00f5n, mis ta <strong>t\u01ed\u2019ji<\/strong>, sk\u016bolm\u0113star ve\u2019l <strong>ma\u2019ggiji <\/strong><\/em>\u2019The girl (had) come out and asked, what he wanted, the teacher was still asleep\u2019<\/mark>. Unlike in Estonian, where the quotative generally indicates that the speaker does not take responsibility for the accuracy of a statement\u2019s content, in Livonian its main function is specifically to indicate mediated information.<\/span><\/span><\/p>\n\n\n\n<p>The endings are <em><strong>-i<\/strong><\/em>, <em><strong>-ji<\/strong><\/em>, <strong><em>-iji<\/em><\/strong>; in the plural, <em><strong>-d<\/strong> <\/em>is added.\u00a0<\/p>\n\n\n\n<ul class=\"wp-block-list\">\n<li><strong>-i<\/strong> \u2013 is used with the verbs <em>v\u0231lda <\/em>\u2019to be\u2019, <em>t\u016blda <\/em>\u2019to come\u2019, <em>p\u0101nda <\/em>\u2019to put\u2019: <em>v\u022f\u013c\u013c\/i <\/em>\u2019(is said to) be\u2019, <em>tu\u013c\u013c\/i <\/em>\u2019(is said to) come\u2019, <em>pa\u0146\u0146\/i <\/em>\u2019(is said to) put\u2019. -\u013c and -\u0146 appear in the word stem analogically with simple past tense forms, cf. <em>v\u022f\u2019\u013c <\/em>\u2019(s\/he) was\u2019, <em>tu\u2019\u013c <\/em>\u2018(s\/he) came\u2019, <em>pa\u2019\u0146 <\/em>\u2019(s\/he) put\u2019.<\/li>\n\n\n\n<li><strong>-ji<\/strong> \u2013 occurs<br>a) with monosyllabic vowel-stem verbs, e.g., v\u012b\/ji \u2018(is said to) lead\u2019. This also includes verbs with stem vowels, which are shortened in the simple past tense, the same as in the quotative stem \u0113 occurs in place of \u01df and \u012be, cf.<em>k\u01df\u2019\/d\u00f5 <\/em>\u2019to walk\u2019 : <em>kei <\/em>\u2019(s\/he) walked\u2019 : <em>k\u0113\/ji <\/em>\u2019(is said to) walk\u2019, <em>s\u012be\/d\u00f5<\/em> \u2019to eat\u2019 : <em>sei <\/em>\u2019(s\/he) ate\u2019 : <em>s\u0113\/ji <\/em>\u2019(is said to) eat\u2019;<br>b) with disyllabic a-\/\u0101-stems.<\/li>\n\n\n\n<li><strong>-iji<\/strong> \u2013 occurs in verbs with \u016b-, \u00f5-, and consonant stems; for verbs with gradation, it is added to the strong grade form.<\/li>\n<\/ul>\n\n\n\n<figure class=\"wp-block-table alignleft\"><table class=\"table table-hover\"><tbody><tr><td><strong>Person<\/strong><\/td><td><strong>v\u0231l|da <\/strong>\u2019to be\u2019<\/td><td><strong>s\u01ed|d\u00f5 <\/strong>\u2019to get\u2019<\/td><td><strong>pall|\u00f5 <\/strong>\u2019to ask\u2019<\/td><td><strong>lu\u2019gg|\u00f5 <\/strong>\u2019to read\u2019<\/td><td><strong>k\u0113rat|\u00f5 <\/strong>\u2019to write\u2019<\/td><\/tr><tr><td><strong>ma, sa, ta<\/strong><\/td><td>vo\u0307l\u0327l\u0327 |i<\/td><td>s\u01ed|ji<\/td><td>p\u01edla|ji<\/td><td>lu\u2019gg|iji<\/td><td>k\u0113rat|iji<\/td><\/tr><tr><td><strong>m\u0113g, t\u0113g, ne<\/strong><\/td><td>vo\u0307l\u0327l\u0327 |i|d<\/td><td>s\u01ed|ji|d<\/td><td>p\u01edla|ji|d<\/td><td>lu\u2019gg|iji|d<\/td><td>k\u0113rat|iji|d<\/td><\/tr><\/tbody><\/table><\/figure>\n\n\n\n<div style=\"height:24px\" aria-hidden=\"true\" class=\"wp-block-spacer\"><\/div>\n\n\n\n<p>The <strong>negative<\/strong> is formed by adding the negative verb:<\/p>\n\n\n\n<figure class=\"wp-block-table alignleft\"><table class=\"table table-hover\"><tbody><tr><td><strong>ma<\/strong><\/td><td>\u00e4\u2019b<\/td><td>k\u0113rat|iji<\/td><\/tr><tr><td><strong>sa<\/strong><\/td><td>\u00e4\u2019d<\/td><td>k\u0113rat|iji<\/td><\/tr><tr><td><strong>ta<\/strong><\/td><td>\u00e4\u2019b<\/td><td>k\u0113rat|iji<\/td><\/tr><tr><td><strong>m\u0113g<\/strong><\/td><td>\u00e4\u2019b<\/td><td>k\u0113rat|iji|d<\/td><\/tr><tr><td><strong>t\u0113g<\/strong><\/td><td>\u00e4t<\/td><td>k\u0113rat|iji|d<\/td><\/tr><tr><td><strong>ne<\/strong><\/td><td>\u00e4\u2019b<\/td><td>k\u0113rat|iji|d<\/td><\/tr><\/tbody><\/table><\/figure>\n\n\n\n<div style=\"height:21px\" aria-hidden=\"true\" class=\"wp-block-spacer\"><\/div>\n\n\n\n<p><span style=\"line-height: 107%;\">Nt <mark style=\"background-color:rgba(0, 0, 0, 0)\" class=\"has-inline-color has-primary-color\"><em>Se\u013c\u013ci van\u0101 ri\u0161t\u012bng <strong>\u00e4\u2019b v\u00f5iji <\/strong>jem\u012b\u0146 mid\u0113g\u00f5st sield\u00f5ks opp\u00f5<\/em>. \u2019An old man like this (is said to) not be able to learn anything clearly anymore.<\/mark><\/span><span style=\"line-height: 107%;\"><mark style=\"background-color:rgba(0, 0, 0, 0)\" class=\"has-inline-color has-primary-color\">\u2019<\/mark><\/span><\/p>\n\n\n\n<!--nextpage-->\n\n\n\n<h5 class=\"wp-block-heading\">Le\u0163k\u012bel m\u022f\u2019jjimi \/ Latvian influence<\/h5>\n\n\n\n<div style=\"height:18px\" aria-hidden=\"true\" class=\"wp-block-spacer\"><\/div>\n\n\n\n<p>The influence of Latvian on Livonian is noticeable at all linguistic levels. The easiest to recognize are various loanwords such as <mark style=\"background-color:rgba(0, 0, 0, 0)\" class=\"has-inline-color has-primary-color\"><strong><em>bro\u2019ut\u0161\u00f5<\/em> <\/strong>\u2019to travel\u2019 <\/mark>(Latvian <em>braukt <\/em>: <em>brauc<\/em>), <mark style=\"background-color:rgba(0, 0, 0, 0)\" class=\"has-inline-color has-primary-color\"><em><strong>dad\u017e\u0101 <\/strong><\/em>\u2019thistle\u2019 <\/mark>(Latvian <em>dadzis<\/em>), etc. Likewise, Latvian function words have been borrowed and become established in Livonian, e.g., <mark style=\"background-color:rgba(0, 0, 0, 0)\" class=\"has-inline-color has-primary-color\"><em><strong>un <\/strong><\/em>\u2019and\u2019, <em><strong>bet <\/strong><\/em>\u2019but\u2019, <strong><em>b\u00e4s<\/em> <\/strong>\u2019without\u2019, <em><strong>pa <\/strong><\/em><\/mark>(translative function word, e.g., <em>pa s\u016br\u00f5ks<\/em> \u2019large (transl)\u2019). The corresponding Livonian forms <em>ja<\/em>, <em>ag\u0101<\/em>, <em>ilm\u00f5<\/em> have also remained in use alongside these.<\/p>\n\n\n\n<p>The use of prefixes with Livonian verbs is also a result of Latvian influence. These include some, which correspond to Livonian compound verbs, e.g., <em><strong><mark style=\"background-color:rgba(0, 0, 0, 0)\" class=\"has-inline-color has-primary-color\">sam\u016bo\u0161tab<\/mark><\/strong><\/em><mark style=\"background-color:rgba(0, 0, 0, 0)\" class=\"has-inline-color has-primary-color\">\u2019(s\/he) understands\u2019 <\/mark>(Latvian <em>saprot<\/em> \u2018(s\/he) understands\u2019) (cf. <em>s\u01edb ar\u016b<\/em> \u2018(s\/he) understands\u2019), as well as some where the prefix does not add anything to the meaning of the sentence, e.g., cf. <mark style=\"background-color:rgba(0, 0, 0, 0)\" class=\"has-inline-color has-primary-color\"><em><strong>piep\u01edlab <\/strong><\/em>\u2019(s\/he) asks\u2019 <\/mark>(Latvian <em>piel\u016bdz<\/em> \u2018(s\/he) worships\u2019). However, it has been observed that the use of prefixes varies from speaker to speaker, e.g., one speaker says <mark style=\"background-color:rgba(0, 0, 0, 0)\" class=\"has-inline-color has-primary-color\"><strong><em>iegrum\u0101nik\u0101d<\/em> <\/strong>\u2019enemies\u2019<\/mark> (Latvian <em>ienaidnieki<\/em> \u2018enemies\u2019), but another says<em> <strong><mark style=\"background-color:rgba(0, 0, 0, 0)\" class=\"has-inline-color has-primary-color\">grum\u0101nik\u0101d<\/mark><\/strong><\/em>.<\/p>\n\n\n\n<p>Livonian has also left its mark on Latvian. The most well-known example of this influence in Latvian is stress on the first syllable, which has been attributed to the influence of Livonian or, more broadly, (southern) Finnic languages. The fact that the Latvian locative case can sometimes be used to indicate direction has been attributed to Livonian influence. Likewise, there are also several words in Latvian that are borrowed from Livonian., e.g., <strong><mark style=\"background-color:rgba(0, 0, 0, 0)\" class=\"has-inline-color has-primary-color\"><em>s\u0113ne<\/em> <\/mark><\/strong>(Livonian <em>s\u0113\u0146 <\/em>\u2019mushroom\u2019), <em><strong><mark style=\"background-color:rgba(0, 0, 0, 0)\" class=\"has-inline-color has-primary-color\">maks\u0101t<\/mark> <\/strong><\/em>(Livonian <em>maks\u00f5 <\/em>\u2019to pay\u2019).<\/p>\n","protected":false},"excerpt":{"rendered":"<p>The grammar section of this lesson gives an overview of the jussive (page 1) and the quotative (page 2). Jussive The jussive is typically used when a command, prohibition, or request comes from someone other than the speaker and is &#8230;<\/p>\n","protected":false},"author":320,"featured_media":0,"parent":0,"menu_order":0,"comment_status":"closed","ping_status":"closed","template":"","meta":{"_acf_changed":false,"inline_featured_image":false,"footnotes":""},"class_list":["post-1559","page","type-page","status-publish","hentry"],"acf":[],"_links":{"self":[{"href":"https:\/\/sisu.ut.ee\/liivikeel\/en\/wp-json\/wp\/v2\/pages\/1559","targetHints":{"allow":["GET"]}}],"collection":[{"href":"https:\/\/sisu.ut.ee\/liivikeel\/en\/wp-json\/wp\/v2\/pages"}],"about":[{"href":"https:\/\/sisu.ut.ee\/liivikeel\/en\/wp-json\/wp\/v2\/types\/page"}],"author":[{"embeddable":true,"href":"https:\/\/sisu.ut.ee\/liivikeel\/en\/wp-json\/wp\/v2\/users\/320"}],"replies":[{"embeddable":true,"href":"https:\/\/sisu.ut.ee\/liivikeel\/en\/wp-json\/wp\/v2\/comments?post=1559"}],"version-history":[{"count":29,"href":"https:\/\/sisu.ut.ee\/liivikeel\/en\/wp-json\/wp\/v2\/pages\/1559\/revisions"}],"predecessor-version":[{"id":1698,"href":"https:\/\/sisu.ut.ee\/liivikeel\/en\/wp-json\/wp\/v2\/pages\/1559\/revisions\/1698"}],"wp:attachment":[{"href":"https:\/\/sisu.ut.ee\/liivikeel\/en\/wp-json\/wp\/v2\/media?parent=1559"}],"curies":[{"name":"wp","href":"https:\/\/api.w.org\/{rel}","templated":true}]}}