{"id":1502,"date":"2024-04-04T08:57:00","date_gmt":"2024-04-04T05:57:00","guid":{"rendered":"https:\/\/sisu.ut.ee\/liivikeel\/52-grammatika\/"},"modified":"2025-03-20T12:40:45","modified_gmt":"2025-03-20T10:40:45","slug":"52-grammatika","status":"publish","type":"page","link":"https:\/\/sisu.ut.ee\/liivikeel\/en\/52-grammatika\/","title":{"rendered":"5.2. Gramatik \/ Grammar"},"content":{"rendered":"<div style=\"height:23px\" aria-hidden=\"true\" class=\"wp-block-spacer\"><\/div>\n\n\n\n<h4 class=\"wp-block-heading\">Simple past tense<\/h4>\n\n\n\n<p>The simple past \u2013 or imperfect \u2013 tense can be recognized by <span style=\"line-height: 115%;\"><span style=\"line-height: 115%;\"><strong>palatalization <\/strong>and the endings<strong> <i>-i, \u00ad\u0161<\/i>,<i> \u00ad\u017e, \u00ad\u012bz<\/i>, \u2013<i>iz<\/i><\/strong>. <\/span><\/span><\/p>\n\n\n\n<p>The personal endings added to the simple past tense are somewhat different from the personal endings that appear in present tense forms (see Unit 2 on the present tense).<\/p>\n\n\n\n<p>For 1st and 3rd person of the <strong>affirmative simple past<\/strong> tense, only the simple past stem (marked with the symbol \u00f8 in the table below) is used. For the 2nd person singular, the ending <strong>-d<\/strong> is added to a vowel or a voiced consonant, <em>-t<\/em> to a voiceless consonant. A generalization can be seen for 2nd and 3rd person plural: in both cases <span style=\"line-height: 115%;\"><span style=\"line-height: 115%;\"><i>t\u00f5<\/i>\u2013<\/span><\/span>final forms are used. The endings <span style=\"line-height: 115%;\"><span style=\"line-height: 115%;\">\u2013<i>ma\u0304<\/i> and \u2013<\/span><i>t<span style=\"line-height: 115%;\">a\u0304<\/span><\/i><\/span> are given in parentheses, because these are used only with the word <span style=\"line-height: 115%;\"><span style=\"line-height: 115%;\"><mark style=\"background-color:rgba(0, 0, 0, 0)\" class=\"has-inline-color has-primary-color\"><i>l\u01df\u2019d\u00f5 <\/i> \u2019to go\u2019<\/mark> (<em><mark style=\"background-color:rgba(0, 0, 0, 0)\" class=\"has-inline-color has-primary-color\">lek\u0161m\u0101 : lek\u0161t\u0101<\/mark><\/em>).<\/span><\/span> The personal endings of the affirmative simple past for the verbs <span style=\"line-height: 115%;\"><span style=\"line-height: 115%;\"><mark style=\"background-color:rgba(0, 0, 0, 0)\" class=\"has-inline-color has-primary-color\"><em>n\u01df\u2019d\u00f5 <\/em>\u2019to see\u2019 <\/mark>and <mark style=\"background-color:rgba(0, 0, 0, 0)\" class=\"has-inline-color has-primary-color\"><em>r\u00f5k\u0101nd\u00f5 <\/em>\u2019to speak\u2019 <\/mark><\/span><\/span>are given below:<\/p>\n\n\n\n<figure class=\"wp-block-table alignleft is-style-stripes has-small-font-size\"><table class=\"table table-hover\"><thead><tr><th class=\"has-text-align-left\" data-align=\"left\">Person<\/th><th>Ending<\/th><th>Examples<\/th><\/tr><\/thead><tbody><tr><td class=\"has-text-align-left\" data-align=\"left\">sg 1st prs<\/td><td><strong>\u00f8<\/strong><\/td><td>ma nei<strong>z<\/strong>, r\u00f5k\u0101nd<strong>iz<\/strong><\/td><\/tr><tr><td class=\"has-text-align-left\" data-align=\"left\">sg 2nd prs<\/td><td><strong>-d ~ -t<\/strong><\/td><td>sa nei<strong>zt<\/strong>, r\u00f5k\u0101nd<strong>izt<\/strong><\/td><\/tr><tr><td class=\"has-text-align-left\" data-align=\"left\">sg 3rd prs<\/td><td><strong>\u00f8<\/strong><\/td><td>ta nei<strong>z<\/strong>, r\u00f5k\u0101nd<strong>iz<\/strong><\/td><\/tr><tr><td class=\"has-text-align-left\" data-align=\"left\">pl 1st prs<\/td><td><strong>-m\u00f5 (~ -m\u0101)<\/strong><\/td><td>m\u0113g neiz<strong>m\u00f5<\/strong>, r\u00f5k\u0101nd<strong>izm\u00f5<\/strong><\/td><\/tr><tr><td class=\"has-text-align-left\" data-align=\"left\">pl 2nd prs<\/td><td><strong>-t -t\u00f5 (~ -t\u0101)<\/strong><\/td><td>t\u0113g neiz<strong>t\u00f5<\/strong>, r\u00f5k\u0101nd<strong>izt(\u00f5)<\/strong><\/td><\/tr><tr><td class=\"has-text-align-left\" data-align=\"left\">pl 3rd prs<\/td><td><strong>-t -t\u00f5<\/strong><\/td><td>ne nei<strong>zt\u00f5<\/strong>, r\u00f5k\u0101nd<strong>izt(\u00f5)<\/strong><\/td><\/tr><\/tbody><\/table><\/figure>\n\n\n\n<div style=\"height:19px\" aria-hidden=\"true\" class=\"wp-block-spacer\"><\/div>\n\n\n\n<p>The <strong>negative simple past<\/strong> is formed using a simple past form of the negative verb and a negative form of the lexical verb. Note: The negative form of the lexical verb used to form the negative simple past is the same as the form used to form the negative present (see the Grammar section of Unit 2).<\/p>\n\n\n\n<figure class=\"wp-block-table alignleft is-style-stripes has-small-font-size\"><table class=\"table table-hover\"><thead><tr><th class=\"has-text-align-left\" data-align=\"left\">Person<\/th><th>Negative<\/th><th>Ending<\/th><th>Examples<\/th><\/tr><\/thead><tbody><tr><td class=\"has-text-align-left\" data-align=\"left\">sg 1st prs<\/td><td><strong>i\u2019z<\/strong><\/td><td><strong>\u00f8<\/strong><\/td><td>ma <strong>i\u2019z <\/strong>n\u01df, r\u00f5k\u0101nd<\/td><\/tr><tr><td class=\"has-text-align-left\" data-align=\"left\">sg 2nd prs<\/td><td><strong>i\u2019zt<\/strong><\/td><td><strong>\u00f8<\/strong><\/td><td>sa <strong>i\u2019zt <\/strong>n\u01df, r\u00f5k\u0101nd<\/td><\/tr><tr><td class=\"has-text-align-left\" data-align=\"left\">sg 3rd prs<\/td><td><strong><strong>i\u2019z<\/strong><\/strong><\/td><td><strong>\u00f8<\/strong><\/td><td>ta <strong>i\u2019z<\/strong> n\u01df, r\u00f5k\u0101nd<\/td><\/tr><tr><td class=\"has-text-align-left\" data-align=\"left\">pl 1st prs<\/td><td><strong>i\u2019z<\/strong><\/td><td><strong>-m\u00f5 ~ -m ~ -\u00f5m<\/strong><\/td><td>m\u0113g <strong>i\u2019z<\/strong> n\u01df<strong>m\u00f5<\/strong>, r\u00f5k\u0101nd<strong>\u00f5m<\/strong><\/td><\/tr><tr><td class=\"has-text-align-left\" data-align=\"left\">pl 2nd prs<\/td><td><strong>i\u2019zt<\/strong><\/td><td><strong>-t\u00f5 ~ -t ~ -\u00f5t<\/strong><\/td><td>t\u0113g <strong>i\u2019zt <\/strong>n\u01df<strong>t\u00f5<\/strong>, r\u00f5k\u0101nd<strong>\u00f5t<\/strong><\/td><\/tr><tr><td class=\"has-text-align-left\" data-align=\"left\">pl 3rd prs<\/td><td><strong>i\u2019zt<\/strong><\/td><td><strong>-t\u00f5 ~ -t ~ -\u00f5t<\/strong><\/td><td>ne <strong>i\u2019zt <\/strong>n\u01df<strong>t\u00f5<\/strong>, r\u00f5k\u0101nd<strong>\u00f5t<\/strong><\/td><\/tr><\/tbody><\/table><\/figure>\n\n\n\n<div style=\"height:21px\" aria-hidden=\"true\" class=\"wp-block-spacer\"><\/div>\n\n\n\n<p><span style=\"line-height: 115%;\"><span style=\"line-height: 115%;\">Therefore, the negative verb is specifically what marks the negative in the simple past tense. Cf:<\/span><\/span><\/p>\n\n\n\n<figure class=\"wp-block-table\"><table class=\"table table-hover\"><thead><tr><th>Present tense<\/th><th>Simple Past tense<\/th><\/tr><\/thead><tbody><tr><td><span style=\"line-height: 107%;\">M\u0113g <strong><mark style=\"background-color:#03a9f4\" class=\"has-inline-color\">r\u00f5k\u0101nd\u00f5m <\/mark><\/strong>l\u012bv\u00f5 k\u012beld\u00f5 <\/span><\/td><td><span style=\"line-height: 107%;\">M\u0113g <strong><mark style=\"background-color:#ffe460\" class=\"has-inline-color\">r\u00f5k\u0101ndizm\u00f5 <\/mark><\/strong>l\u012bv\u00f5 k\u012beld\u00f5 <\/span><\/td><\/tr><tr><td>\u2018We are speaking Livonian\u2019<\/td><td>\u2018We spoke Livonian\u2019<\/td><\/tr><tr><td><span style=\"line-height: 107%;\">M\u0113g<mark style=\"background-color:#757575\" class=\"has-inline-color\"><strong>\u00e4\u2019b<\/strong><\/mark><strong><span style=\"background: #ededed;\"><mark style=\"background-color:#03a9f4\" class=\"has-inline-color\">r\u00f5k\u0101nd\u00f5m<\/mark><\/span> <\/strong>l\u012bv\u00f5 k\u012beld\u00f5<\/span><\/td><td><span style=\"line-height: 107%;\">M\u0113g <strong><span style=\"background-color: #fff0f5;\"><mark style=\"background-color:#757575\" class=\"has-inline-color\">i\u2019z<\/mark><\/span><\/strong><span style=\"background: #ededed;\"><strong><mark style=\"background-color:#03a9f4\" class=\"has-inline-color\">r\u00f5k\u0101nd\u00f5m<\/mark><\/strong><\/span> l\u012bv\u00f5 k\u012beld\u00f5<\/span><\/td><\/tr><tr><td>\u2018We are not speaking Livonian\u2019<\/td><td>\u2018We did not speak Livonian\u2019<\/td><\/tr><\/tbody><\/table><\/figure>\n\n\n\n<!--nextpage-->\n\n\n\n<h5 class=\"wp-block-heading\">Conjugation I<\/h5>\n\n\n\n<p>The simple past tense forms of the verbs\u00a0<em>v\u0231lda\u00a0<\/em>\u2019to be\u2019,\u00a0<em>p\u0101nda\u00a0<\/em>\u2019to put\u2019, and\u00a0<em>t\u016blda\u00a0<\/em>\u2019to come\u2019 end in a palatalized consonant. The consonants \u2013<em>\u013c<\/em>\u00a0and \u2013<em>\u0146<\/em> in the simple past tense stem replace the <em>l <\/em>and <em>n <\/em>found in the negative present tense (and also infinitive) forms of these verbs.<\/p>\n\n\n\n<div style=\"height:0px\" aria-hidden=\"true\" class=\"wp-block-spacer\"><\/div>\n\n\n\n<figure class=\"wp-block-image size-full is-resized\"><img loading=\"lazy\" decoding=\"async\" width=\"640\" height=\"377\" src=\"https:\/\/sisu.ut.ee\/wp-content\/uploads\/sites\/649\/ptk_5_lihtminevik1.png\" alt=\"\" class=\"wp-image-2518\" style=\"width:617px;height:auto\" srcset=\"https:\/\/sisu.ut.ee\/wp-content\/uploads\/sites\/649\/ptk_5_lihtminevik1.png 640w, https:\/\/sisu.ut.ee\/wp-content\/uploads\/sites\/649\/ptk_5_lihtminevik1-300x177.png 300w\" sizes=\"auto, (max-width: 640px) 100vw, 640px\"><\/figure>\n\n\n\n<div style=\"height:17px\" aria-hidden=\"true\" class=\"wp-block-spacer\"><\/div>\n\n\n\n<h5 class=\"wp-block-heading\">Conjugation II<\/h5>\n\n\n\n<p>The simple past forms of verbs with monosyllabic vowel-final stems can end in:<\/p>\n\n\n\n<ul class=\"wp-block-list\">\n<li><strong><em>-i<\/em><\/strong>\u00a0\u2013 found, e.g., in the verbs\u00a0<em>k\u01df\u2019\/d\u00f5<\/em>\u00a0\u2019to walk\u2019,\u00a0<em>t\u012b\u2019e\/d\u00f5<\/em>\u00a0\u2019to do, to make\u2019,\u00a0<em>s\u01ed\/d\u00f5<\/em>\u00a0\u2019to get\u2019,\u00a0<em>j\u016bo\/d\u00f5<\/em>\u00a0\u2019to drink\u2019. The stem vowels in these words are shortened in the simple past tense, while <em>\u01df<\/em>\u00a0and\u00a0<em>\u012be<\/em>\u00a0are replaced by\u00a0<em>e<\/em>, e.g.,\u00a0<em>t\u012b\u2019eb\u00a0<\/em>\u2019(s\/he) does, makes\u2019 &gt;\u00a0<em>tei<\/em>\u00a0\u2019(s\/he) did, made\u2019, and <em>\u01ed<\/em>\u00a0is replaced by\u00a0<em>a<\/em>, e.g.,\u00a0<em>s\u01edb\u00a0<\/em>\u2019(s\/he) gets\u2019 &gt;\u00a0<em>sai\u00a0<\/em>\u2019(s\/he) got\u2019;<\/li>\n\n\n\n<li><strong><em>-\u017e<\/em><\/strong>\u00a0\u2013 e.g., in the verbs\u00a0<em>v\u012b\/d\u00f5<\/em>\u00a0\u2019to take\u2019,\u00a0<em>v\u00f5i\/d\u00f5<\/em>\u00a0\u2019to be able\u2019,\u00a0<em>t\u01ed\u2019\/d\u00f5<\/em>\u00a0\u2019to want\u2019 (see the table below);<\/li>\n\n\n\n<li><strong><em>-iz<\/em><\/strong>\u00a0\u2013 only in the verb\u00a0<em>n\u01df\u2019\/d\u00f5<\/em>\u00a0\u2019to see\u2019, which has the past tense stem\u00a0<em>ne<\/em>-, e.g.,\u00a0<em>neiz<\/em>\u00a0\u2019(s\/he) saw\u2019;<\/li>\n\n\n\n<li><strong><em>-\u0161<\/em><\/strong>\u00a0\u2013 only in the verb\u00a0<em>l\u01df\u2019d\u00f5\u00a0<\/em>\u2019to go\u2019, which has the past tense stem\u00a0<em>lek<\/em>\u2013 (see the table below).<\/li>\n<\/ul>\n\n\n\n<figure class=\"wp-block-image size-full is-resized\"><img loading=\"lazy\" decoding=\"async\" width=\"646\" height=\"380\" src=\"https:\/\/sisu.ut.ee\/wp-content\/uploads\/sites\/649\/ptk_5_lihtminevik2-1.png\" alt=\"\" class=\"wp-image-2535\" style=\"width:620px;height:auto\" srcset=\"https:\/\/sisu.ut.ee\/wp-content\/uploads\/sites\/649\/ptk_5_lihtminevik2-1.png 646w, https:\/\/sisu.ut.ee\/wp-content\/uploads\/sites\/649\/ptk_5_lihtminevik2-1-300x176.png 300w\" sizes=\"auto, (max-width: 646px) 100vw, 646px\"><\/figure>\n\n\n\n<h5 class=\"wp-block-heading\">Conjugation III<\/h5>\n\n\n\n<p>This conjugation group includes disyllabic verbs with gradation, which have <em>a\/\u0101<\/em>-,\u00a0<em>u<\/em>\u2013, and\u00a0<em>\u00f5<\/em>-final stems. The simple past tense forms of this group end in either \u2013<em>iz\u00a0<\/em>or \u2013<em>\u012bz<\/em>. When there is a long consonant in the first syllable, the ending is \u2013<em>iz<\/em>, but when there is a short consonant, the ending is \u2013<em>\u012bz<\/em>. The affirmative simple past tense forms of verbs in this group are always weak grade and the stem vowel found in singular present tense forms is lost in the past tense.<\/p>\n\n\n\n<figure class=\"wp-block-image size-full is-resized\"><img loading=\"lazy\" decoding=\"async\" width=\"642\" height=\"170\" src=\"https:\/\/sisu.ut.ee\/wp-content\/uploads\/sites\/649\/ptk_5_lihtminevik3_1.png\" alt=\"\" class=\"wp-image-2522\" style=\"width:614px;height:auto\" srcset=\"https:\/\/sisu.ut.ee\/wp-content\/uploads\/sites\/649\/ptk_5_lihtminevik3_1.png 642w, https:\/\/sisu.ut.ee\/wp-content\/uploads\/sites\/649\/ptk_5_lihtminevik3_1-300x79.png 300w\" sizes=\"auto, (max-width: 642px) 100vw, 642px\"><\/figure>\n\n\n\n<figure class=\"wp-block-image size-full is-resized\"><img loading=\"lazy\" decoding=\"async\" width=\"642\" height=\"172\" src=\"https:\/\/sisu.ut.ee\/wp-content\/uploads\/sites\/649\/ptk_5_lihtminevik3_2.png\" alt=\"\" class=\"wp-image-2524\" style=\"width:613px;height:auto\" srcset=\"https:\/\/sisu.ut.ee\/wp-content\/uploads\/sites\/649\/ptk_5_lihtminevik3_2.png 642w, https:\/\/sisu.ut.ee\/wp-content\/uploads\/sites\/649\/ptk_5_lihtminevik3_2-300x80.png 300w\" sizes=\"auto, (max-width: 642px) 100vw, 642px\"><\/figure>\n\n\n\n<h5 class=\"wp-block-heading\">Conjugation IV<\/h5>\n\n\n\n<p>This conjugation group is composed of polysyllabic verbs without gradation with consonant-final stems. The simple past tense ending for these verbs is always \u2013<em>iz<\/em>.<\/p>\n\n\n\n<figure class=\"wp-block-image size-full is-resized\"><img loading=\"lazy\" decoding=\"async\" width=\"646\" height=\"382\" src=\"https:\/\/sisu.ut.ee\/wp-content\/uploads\/sites\/649\/ptk_5_lihtminevik4-2.png\" alt=\"\" class=\"wp-image-2538\" style=\"width:611px;height:auto\" srcset=\"https:\/\/sisu.ut.ee\/wp-content\/uploads\/sites\/649\/ptk_5_lihtminevik4-2.png 646w, https:\/\/sisu.ut.ee\/wp-content\/uploads\/sites\/649\/ptk_5_lihtminevik4-2-300x177.png 300w\" sizes=\"auto, (max-width: 646px) 100vw, 646px\"><\/figure>\n\n\n\n<!--nextpage-->\n\n\n\n<h4 class=\"wp-block-heading\">Numerals<\/h4>\n\n\n\n<p>Livonian uses a decimal system, which means that its numeral system is based on 10 and there are unique words for multiples of ten, e.g.,<mark style=\"background-color:rgba(0, 0, 0, 0)\" class=\"has-inline-color has-primary-color\"><em> sad\u0101 <\/em>\u2019100\u2019<\/mark>, <mark style=\"background-color:rgba(0, 0, 0, 0)\" class=\"has-inline-color has-primary-color\"><em>t\u016b\u2019ont\u00f5 <\/em>\u20191000\u2019<\/mark>. The numerals 11-19 are formed using <i>-tuoist\u00f5n <\/i>\u2019-teen\u2019, e.g., <mark style=\"background-color:rgba(0, 0, 0, 0)\" class=\"has-inline-color has-primary-color\"><em>ik\u0161tuoist\u00f5n <\/em>\u201911\u2019<\/mark>, <mark style=\"background-color:rgba(0, 0, 0, 0)\" class=\"has-inline-color has-primary-color\"><em>kak\u0161tuoist\u00f5n<\/em> \u201912\u2019,<\/mark> etc.; multiples of ten are formed using <i>-kimd\u00f5<\/i> \u2019-ty\u2019, e.g.,<i> <\/i><mark style=\"background-color:rgba(0, 0, 0, 0)\" class=\"has-inline-color has-primary-color\"><em>kuolmkimd\u00f5<\/em> \u201930\u2019<\/mark>, <mark style=\"background-color:rgba(0, 0, 0, 0)\" class=\"has-inline-color has-primary-color\"><em>n\u0113\u013cakimd\u00f5 <\/em>\u201940\u2019<\/mark>, etc. It is customary to write single numerals separately from tens and hundreds, etc., e.g.,<mark style=\"background-color:rgba(0, 0, 0, 0)\" class=\"has-inline-color has-primary-color\"> <em>v\u012b\u017ekimd\u00f5 k\u016b\u017e<\/em> \u201956\u2019<\/mark>, <mark style=\"background-color:rgba(0, 0, 0, 0)\" class=\"has-inline-color has-primary-color\"><em>seissadd\u00f5 k\u01ed\u2019d\u00f5ks<\/em> \u2019708\u2019<\/mark>.<\/p>\n\n\n\n<div style=\"height:10px\" aria-hidden=\"true\" class=\"wp-block-spacer\"><\/div>\n\n\n\n<figure class=\"wp-block-table alignleft is-style-stripes has-small-font-size\"><table class=\"table table-hover\"><thead><tr><th><strong>Cardinal numerals<\/strong><\/th><th><\/th><th><strong>Ordinal numerals<\/strong><\/th><th><\/th><\/tr><\/thead><tbody><tr><td><strong>0<\/strong><\/td><td>nul<\/td><td><strong>0th<\/strong><\/td><td>null\u00f5z<\/td><\/tr><tr><td><strong>1<\/strong><\/td><td>ik\u0161<\/td><td><strong>1st<\/strong><\/td><td>e\u2019\u017emi<\/td><\/tr><tr><td><strong>2<\/strong><\/td><td>kak\u0161<\/td><td><strong>2nd<\/strong><\/td><td>tuoi<\/td><\/tr><tr><td><strong>3<\/strong><\/td><td>kuolm<\/td><td><strong>3rd<\/strong><\/td><td>kuolm\u00f5z<\/td><\/tr><tr><td><strong>4<\/strong><\/td><td>n\u0113\u013ca<\/td><td><strong>4th<\/strong><\/td><td>ne\u013c\u013c\u00f5z<\/td><\/tr><tr><td><strong>5<\/strong><\/td><td>v\u012b\u017e<\/td><td><strong>5th<\/strong><\/td><td>v\u012bd\u00f5z<\/td><\/tr><tr><td><strong>6<\/strong><\/td><td>k\u016b\u017e<\/td><td><strong>6th<\/strong><\/td><td>k\u016bd\u00f5z<\/td><\/tr><tr><td><strong>7<\/strong><\/td><td>seis<\/td><td><strong>7th<\/strong><\/td><td>seism\u00f5z<\/td><\/tr><tr><td><strong>8<\/strong><\/td><td>k\u01ed\u2019d\u00f5ks<\/td><td><strong>8th<\/strong><\/td><td>k\u01ed\u2019d\u00f5ksm\u00f5z<\/td><\/tr><tr><td><strong>9<\/strong><\/td><td>\u012b\u2019d\u00f5ks<\/td><td><strong>9th<\/strong><\/td><td>\u012b\u2019d\u00f5ksm\u00f5z<\/td><\/tr><tr><td><strong>10<\/strong><\/td><td>kim<\/td><td><strong>10th<\/strong><\/td><td>kimm\u00f5z<\/td><\/tr><tr><td><strong>11<\/strong><\/td><td>ik\u0161tuoist\u00f5n<\/td><td><strong>11th<\/strong><\/td><td>ik\u0161tuoist\u00f5n\u00f5z<\/td><\/tr><tr><td><strong>30<\/strong><\/td><td>kuolmkimd\u00f5<\/td><td><strong>30th<\/strong><\/td><td>kuolmkimd\u00f5z<\/td><\/tr><tr><td><strong>41<\/strong><\/td><td>n\u0113\u013cakimd\u00f5 ik\u0161<\/td><td><strong>41st<\/strong><\/td><td>n\u0113\u013cakimd\u00f5 e\u2019\u017emi<\/td><\/tr><tr><td><strong>100<\/strong><\/td><td>sad\u0101<\/td><td><strong>100th<\/strong><\/td><td>sad\u0101z<\/td><\/tr><tr><td><strong>500<\/strong><\/td><td>v\u012b\u017esa\u2019dd\u00f5<\/td><td><strong>500th<\/strong><\/td><td>v\u012b\u017esad\u0101z<\/td><\/tr><tr><td><strong>610<\/strong><\/td><td>k\u016b\u017esa\u2019dd\u00f5 kim<\/td><td><strong>610th<\/strong><\/td><td>k\u016b\u017esad\u0101 kimm\u00f5z<\/td><\/tr><tr><td><strong>1000<\/strong><\/td><td>t\u016b\u2019ont\u00f5<\/td><td><strong>1000th<\/strong><\/td><td>t\u016b\u2019ont\u00f5z<\/td><\/tr><tr><td><strong>2003<\/strong><\/td><td>kak\u0161 t\u016b\u2019ont\u00f5 kuolm<\/td><td><strong>2003rd<\/strong><\/td><td>kak\u0161 t\u016b\u2019ont\u00f5 kuolm\u00f5z<\/td><\/tr><tr><td><strong>1,000,100<\/strong><\/td><td>(ik\u0161) miljon ik\u0161sad\u0101<\/td><td><strong>1,000,100th<\/strong><\/td><td>(ik\u0161) miljon ik\u0161sad\u0101z<\/td><\/tr><\/tbody><\/table><\/figure>\n\n\n\n<div style=\"height:21px\" aria-hidden=\"true\" class=\"wp-block-spacer\"><\/div>\n\n\n\n<p>If a <strong>cardinal numeral<\/strong> is greater than one and is used to modify a noun, then the noun is in the <strong>partitive<\/strong>, e.g., <mark style=\"background-color:rgba(0, 0, 0, 0)\" class=\"has-inline-color has-primary-color\"><em>\u012br<\/em> : <em>\u012b\u2019d\u00f5ks \u012brt\u00f5<\/em> \u2019mouse : nine mice\u2019<\/mark>. This is also the reason why the partitive form <em>sa\u2019dd\u00f5 <\/em>is used in, e.g.,<mark style=\"background-color:rgba(0, 0, 0, 0)\" class=\"has-inline-color has-primary-color\"><em>v\u012b\u017esa\u2019dd\u00f5<\/em> \u2019five hundred\u2019<\/mark> (cf. <mark style=\"background-color:rgba(0, 0, 0, 0)\" class=\"has-inline-color has-primary-color\"><em>sad\u0101<\/em> \u2019hundred\u2019<\/mark>). If the modified noun is in any other case, then the partitive is not used, e.g., a noun modified by the preposition <i>i\u2019\u013c<\/i> must be in the genitive: <mark style=\"background-color:rgba(0, 0, 0, 0)\" class=\"has-inline-color has-primary-color\"><em>Ma m\u00f5tl\u00f5b i\u2019\u013c \u012b\u2019d\u00f5ks \u012br<\/em> \u2019I am thinking about nine mice\u2019<\/mark>.<\/p>\n\n\n\n<p><strong>Ordinal numerals <\/strong>are formed from cardinal numerals using the derivational suffix <b><i>-z<\/i> <\/b>or <b><i>-\u00f5z<\/i><\/b>. In declension, <i>-nd<\/i> appears in the stem, e.g., <mark style=\"background-color:rgba(0, 0, 0, 0)\" class=\"has-inline-color has-primary-color\"><em>kimm\u00f5z <\/em>: <em>kimm\u00f5nd <\/em>\u2019tenth (nom) : tenth (gen)\u2019<\/mark>. The first component is also always declined in compound cardinal numerals, cf.<mark style=\"background-color:rgba(0, 0, 0, 0)\" class=\"has-inline-color has-primary-color\"><em>v\u012b\u017etuoist\u00f5n <\/em>\u2019fifteen (nom)\u2019 : <em>v\u012bdtuoist\u00f5n <\/em>\u2019fifteen (gen)\u2019<\/mark>. In the dative and instrumental, the first component remains in the genitive and the case ending is added only to the final component, e.g., <mark style=\"background-color:rgba(0, 0, 0, 0)\" class=\"has-inline-color has-primary-color\"><em>v\u012bdtuoist\u00f5n\u00f5n <\/em>\u2019fifteenth (dat)\u2019, <em>v\u012bdtuoist\u00f5n\u00f5ks <\/em>\u2019fifteenth (inst)\u2019<\/mark>. All components are declined for local cases, e.g., <mark style=\"background-color:rgba(0, 0, 0, 0)\" class=\"has-inline-color has-primary-color\"><em>k\u01ed\u2019dskimd\u00f5s irdt\u00f5ks<\/em> \u2019in the twentieth exercise\u2019<\/mark>.<\/p>\n\n\n\n<p>The inessive is generally used to show the year in which an event occurs; in this situation, only the final word is modified, e.g., <mark style=\"background-color:rgba(0, 0, 0, 0)\" class=\"has-inline-color has-primary-color\"><em>Mi\u2019n van\u0101\u01dfma s\u012bndiz 8. (k\u01ed\u2019d\u00f5ksm\u00f5s) septemb\u00f5rs 1921. (t\u016b\u2019ont\u00f5 \u012b\u2019d\u00f5kssa\u2019dd\u00f5 kak\u0161kimd\u00f5 e\u2019\u017emis) \u0101igasts<\/em> \u2019My grandmother was born on September 8th in 1921\u2019<\/mark>.<\/p>\n","protected":false},"excerpt":{"rendered":"<p>Simple past tense The simple past \u2013 or imperfect \u2013 tense can be recognized by palatalization and the endings -i, \u00ad\u0161, \u00ad\u017e, \u00ad\u012bz, \u2013iz. The personal endings added to the simple past tense are somewhat different from the personal endings &#8230;<\/p>\n","protected":false},"author":320,"featured_media":0,"parent":0,"menu_order":0,"comment_status":"closed","ping_status":"closed","template":"","meta":{"_acf_changed":false,"inline_featured_image":false,"footnotes":""},"class_list":["post-1502","page","type-page","status-publish","hentry"],"acf":[],"_links":{"self":[{"href":"https:\/\/sisu.ut.ee\/liivikeel\/en\/wp-json\/wp\/v2\/pages\/1502","targetHints":{"allow":["GET"]}}],"collection":[{"href":"https:\/\/sisu.ut.ee\/liivikeel\/en\/wp-json\/wp\/v2\/pages"}],"about":[{"href":"https:\/\/sisu.ut.ee\/liivikeel\/en\/wp-json\/wp\/v2\/types\/page"}],"author":[{"embeddable":true,"href":"https:\/\/sisu.ut.ee\/liivikeel\/en\/wp-json\/wp\/v2\/users\/320"}],"replies":[{"embeddable":true,"href":"https:\/\/sisu.ut.ee\/liivikeel\/en\/wp-json\/wp\/v2\/comments?post=1502"}],"version-history":[{"count":29,"href":"https:\/\/sisu.ut.ee\/liivikeel\/en\/wp-json\/wp\/v2\/pages\/1502\/revisions"}],"predecessor-version":[{"id":2701,"href":"https:\/\/sisu.ut.ee\/liivikeel\/en\/wp-json\/wp\/v2\/pages\/1502\/revisions\/2701"}],"wp:attachment":[{"href":"https:\/\/sisu.ut.ee\/liivikeel\/en\/wp-json\/wp\/v2\/media?parent=1502"}],"curies":[{"name":"wp","href":"https:\/\/api.w.org\/{rel}","templated":true}]}}