{"id":1271,"date":"2024-04-04T08:57:01","date_gmt":"2024-04-04T05:57:01","guid":{"rendered":"https:\/\/sisu.ut.ee\/liivikeel\/31-sonavara\/"},"modified":"2024-12-11T09:11:17","modified_gmt":"2024-12-11T07:11:17","slug":"31-sonavara","status":"publish","type":"page","link":"https:\/\/sisu.ut.ee\/liivikeel\/en\/31-sonavara\/","title":{"rendered":"3.1. S\u00f5n\u0101v\u012b\u013ca \/ Vocabulary"},"content":{"rendered":"<div style=\"height:21px\" aria-hidden=\"true\" class=\"wp-block-spacer\"><\/div>\n\n\n\n<p>Examples of the question words in use<span style=\"font-size: 15px;\">:\u00a0 \u00a0<\/span> \u00a0 \u00a0 \u00a0 \u00a0 \u00a0 \u00a0<\/p>\n\n\n\n<div class=\"wp-block-media-text has-media-on-the-right is-stacked-on-mobile is-style-rounded\" style=\"grid-template-columns:auto 23%\"><div class=\"wp-block-media-text__content\">\n<p class=\"has-text-align-center\"><strong>Kis <\/strong>sa \u016bod? <strong>Who <\/strong>are you?<br><strong>K\u012ben <\/strong>kuo\u021b se u\u2019m? <strong>Whose<\/strong> bag is this?<br><strong>K\u012benda <\/strong>sa n\u01dfd? <strong>Who <\/strong>do you see?<br><strong>Mis <\/strong>se u\u2019m? <strong>What <\/strong>is it?<br><strong>Mis <\/strong>(mid\u0101) ta t\u01ed\u2019b? <strong>What <\/strong>does s\/he want?<br><strong>Kus <\/strong>se neitst jel\u0101b? <strong>Where <\/strong>does this girl live?<br><strong>Kus <\/strong>ta ni l\u01df\u2019b? <strong>Where <\/strong>is s\/he going now?<br><strong>Kun\u0101 <\/strong>sa tul\u0101d? <strong>When <\/strong>are you coming?<br><strong>Mingi <\/strong>si\u2019n jem\u0101 u\u2019m? <strong>What <\/strong>is your mother <strong>like<\/strong>?<\/p>\n<\/div><figure class=\"wp-block-media-text__media\"><img loading=\"lazy\" decoding=\"async\" width=\"710\" height=\"599\" src=\"https:\/\/sisu.ut.ee\/wp-content\/uploads\/sites\/649\/ptk_3_kysisonad.png\" alt=\"K\u00fcsis\u00f5nad\" class=\"wp-image-69 size-full\" srcset=\"https:\/\/sisu.ut.ee\/wp-content\/uploads\/sites\/649\/ptk_3_kysisonad.png 710w, https:\/\/sisu.ut.ee\/wp-content\/uploads\/sites\/649\/ptk_3_kysisonad-300x253.png 300w\" sizes=\"auto, (max-width: 710px) 100vw, 710px\"><\/figure><\/div>\n\n\n\n<p><br><\/p>\n\n\n\n<div class=\"wp-block-media-text is-stacked-on-mobile is-style-rounded\" style=\"grid-template-columns:25% auto\"><figure class=\"wp-block-media-text__media\"><img loading=\"lazy\" decoding=\"async\" width=\"710\" height=\"599\" src=\"https:\/\/sisu.ut.ee\/wp-content\/uploads\/sites\/649\/ptk_3_kysisonad.png\" alt=\"K\u00fcsis\u00f5nad\" class=\"wp-image-69 size-full\" srcset=\"https:\/\/sisu.ut.ee\/wp-content\/uploads\/sites\/649\/ptk_3_kysisonad.png 710w, https:\/\/sisu.ut.ee\/wp-content\/uploads\/sites\/649\/ptk_3_kysisonad-300x253.png 300w\" sizes=\"auto, (max-width: 710px) 100vw, 710px\"><\/figure><div class=\"wp-block-media-text__content\">\n<p class=\"has-text-align-center\"><strong>Kummi <\/strong>kilg u\u2019m ka\u0163ki? <strong>Which <\/strong>side <strong>(of the two)<\/strong> is broken?<br><strong>Mik\u0161pier\u0101st <\/strong>sa piet\u0101d? <strong>Why<\/strong> are you lying?<br><strong>Mits <\/strong>p\u00e4uv\u00f5 u\u2019m \u012b\u2019ds n\u00e4d\u012b\u013cs? <strong>How many <\/strong>days are there in one week?<br><strong>Mitsm\u00f5z <\/strong>k\u016b u\u2019m mai? <strong>Which <\/strong>month is May?<br><strong>Kui <\/strong>si\u2019nn\u00f5n l\u01df\u2019b? <strong>How <\/strong>is it going (for you)?<br><strong>V\u00f5i <\/strong>sa op\u016bd l\u012bv\u00f5 k\u012beld\u00f5? <strong>Are<\/strong> you learning Livonian?<br><strong>Kas <\/strong>ta jel\u0101b le\u2019\u017eg\u00f5l? <strong>Does <\/strong>he live nearby?<\/p>\n<\/div><\/div>\n","protected":false},"excerpt":{"rendered":"<p>Examples of the question words in use:\u00a0 \u00a0 \u00a0 \u00a0 \u00a0 \u00a0 \u00a0 \u00a0 Kis sa \u016bod? Who are you?K\u012ben kuo\u021b se u\u2019m? Whose bag is this?K\u012benda sa n\u01dfd? Who do you see?Mis se u\u2019m? What is it?Mis (mid\u0101) ta &#8230;<\/p>\n","protected":false},"author":320,"featured_media":0,"parent":0,"menu_order":0,"comment_status":"closed","ping_status":"closed","template":"","meta":{"_acf_changed":false,"inline_featured_image":false,"footnotes":""},"class_list":["post-1271","page","type-page","status-publish","hentry"],"acf":[],"_links":{"self":[{"href":"https:\/\/sisu.ut.ee\/liivikeel\/en\/wp-json\/wp\/v2\/pages\/1271","targetHints":{"allow":["GET"]}}],"collection":[{"href":"https:\/\/sisu.ut.ee\/liivikeel\/en\/wp-json\/wp\/v2\/pages"}],"about":[{"href":"https:\/\/sisu.ut.ee\/liivikeel\/en\/wp-json\/wp\/v2\/types\/page"}],"author":[{"embeddable":true,"href":"https:\/\/sisu.ut.ee\/liivikeel\/en\/wp-json\/wp\/v2\/users\/320"}],"replies":[{"embeddable":true,"href":"https:\/\/sisu.ut.ee\/liivikeel\/en\/wp-json\/wp\/v2\/comments?post=1271"}],"version-history":[{"count":6,"href":"https:\/\/sisu.ut.ee\/liivikeel\/en\/wp-json\/wp\/v2\/pages\/1271\/revisions"}],"predecessor-version":[{"id":1413,"href":"https:\/\/sisu.ut.ee\/liivikeel\/en\/wp-json\/wp\/v2\/pages\/1271\/revisions\/1413"}],"wp:attachment":[{"href":"https:\/\/sisu.ut.ee\/liivikeel\/en\/wp-json\/wp\/v2\/media?parent=1271"}],"curies":[{"name":"wp","href":"https:\/\/api.w.org\/{rel}","templated":true}]}}