{"id":1266,"date":"2024-08-05T11:45:30","date_gmt":"2024-08-05T08:45:30","guid":{"rendered":"https:\/\/sisu.ut.ee\/liivikeel\/2-5-ilzandoksi-ulesandeid\/"},"modified":"2024-12-23T19:02:16","modified_gmt":"2024-12-23T17:02:16","slug":"2-5-ilzandoksi-ulesandeid","status":"publish","type":"page","link":"https:\/\/sisu.ut.ee\/liivikeel\/en\/2-5-ilzandoksi-ulesandeid\/","title":{"rendered":"2.5. I\u2019lzand\u00f5k\u0161i \/ Exercises"},"content":{"rendered":"<div style=\"height:16px\" aria-hidden=\"true\" class=\"wp-block-spacer\"><\/div>\n\n\n\n<h5 class=\"wp-block-heading\">2.5.1. Read, translate, and answer <strong>n\u01df ag\u0101 \u00e4p<\/strong> \u2018yes or no\u2019<\/h5>\n\n\n\n<div style=\"height:16px\" aria-hidden=\"true\" class=\"wp-block-spacer\"><\/div>\n\n\n\n<div class=\"wp-block-columns is-layout-flex wp-container-core-columns-is-layout-9d6595d7 wp-block-columns-is-layout-flex\">\n<div class=\"wp-block-column is-content-justification-left is-layout-constrained wp-container-core-column-is-layout-8c890d92 wp-block-column-is-layout-constrained\">\n<div class=\"wp-block-columns is-layout-flex wp-container-core-columns-is-layout-9d6595d7 wp-block-columns-is-layout-flex\">\n<div class=\"wp-block-column is-layout-flow wp-block-column-is-layout-flow\">\n<div class=\"wp-block-columns is-layout-flex wp-container-core-columns-is-layout-9d6595d7 wp-block-columns-is-layout-flex\">\n<div class=\"wp-block-column is-layout-flow wp-block-column-is-layout-flow\">\n<div class=\"wp-block-group is-vertical is-layout-flex wp-container-core-group-is-layout-8cf370e7 wp-block-group-is-layout-flex\">\n<p>Ma um Kur\u0101m\u014dld per\u012b\u0146.<\/p>\n\n\n\n<p>Ma r\u00f5k\u0101nd\u00f5b j\u00f5v\u012bst saks\u0101 k\u012beld\u00f5. <\/p>\n\n\n\n<p>Ma \u0101rmazt\u00f5b k\u01dfd\u00f5 s\u0113\u0146\u00f5l.<\/p>\n\n\n\n<p>Min jem\u0101k\u0113\u013c um lei\u0161 k\u0113\u013c. <\/p>\n\n\n\n<p>Ma m\u016bo\u0161tab k\u0113rat\u00f5 l\u016bolt\u00f5k\u0161i.<\/p>\n\n\n\n<p>Ma jel\u0101b \u0112stim\u014dl. <\/p>\n\n\n\n<p>Minn\u00f5n um ik\u0161 ka\u0161.<\/p>\n\n\n\n<p>Ma m\u016bo\u0161tab r\u00f5k\u0101nd\u00f5 l\u012bv\u00f5 k\u012beld\u00f5. <\/p>\n\n\n\n<p>Ma um Le\u0163m\u014dld per\u012b\u0146. <\/p>\n\n\n\n<p>Ma j\u016bob jeg\u0101 p\u01dfva viet\u0101.<\/p>\n\n\n\n<p>Ma jel\u0101b Suom\u00f5s. <\/p>\n\n\n\n<p>Minn\u00f5n um k\u022dr. <\/p>\n<\/div>\n<\/div>\n<\/div>\n<\/div>\n<\/div>\n<\/div>\n\n\n\n<div class=\"wp-block-column is-layout-flow wp-block-column-is-layout-flow\">\n<div class=\"wp-block-group is-vertical is-layout-flex wp-container-core-group-is-layout-8cf370e7 wp-block-group-is-layout-flex\">\n<p>Min sindip\u01dfva um j\u016bnijs\u00f5.<\/p>\n\n\n\n<p>Min jem\u0101k\u0113\u013c um \u0113sti k\u0113\u013c.<\/p>\n\n\n\n<p>Minn\u00f5n um ik\u0161 ve\u013c.<\/p>\n\n\n\n<p>Ma r\u00f5k\u0101nd\u00f5b le\u0163k\u012beld\u00f5.<\/p>\n\n\n\n<p>Ma um jem\u012b\u0146 \u00e4bku 30 \u0101igast vannit.<\/p>\n\n\n\n<p>Ma m\u016bo\u0161tab j\u00f5v\u012bst loul\u00f5.<\/p>\n\n\n\n<p>Ma um sind\u00f5n Am\u0113riks. <\/p>\n\n\n\n<p>Ma op\u016bb i\u013c\u012bzsk\u016bols\u00f5.<\/p>\n\n\n\n<p>Ma m\u016bo\u0161tab r\u00f5k\u0101nd\u00f5 r\u016bot\u0161 k\u012beld\u00f5. <\/p>\n\n\n\n<p>Minn\u00f5n m\u012beld\u00f5b kal\u0101.<\/p>\n\n\n\n<p>Ma jel\u0101b R\u012bg\u00f5s.<\/p>\n\n\n\n<p>Minn\u00f5n um ma\u0161\u012bn.<\/p>\n<\/div>\n<\/div>\n<\/div>\n\n\n\n<div class=\"wp-block-file\"><a id=\"wp-block-file--media-c2d34713-950a-409d-9406-133e38f594d1\" href=\"https:\/\/sisu.ut.ee\/wp-content\/uploads\/sites\/649\/Vastused-2.5-1.pdf\">Click here for Estonian translations<\/a><a href=\"https:\/\/sisu.ut.ee\/wp-content\/uploads\/sites\/649\/Vastused-2.5-1.pdf\" class=\"wp-block-file__button wp-element-button\" download aria-describedby=\"wp-block-file--media-c2d34713-950a-409d-9406-133e38f594d1\">Download<\/a><\/div>\n\n\n\n<!--nextpage-->\n\n\n\n<div style=\"height:16px;width:16px\" aria-hidden=\"true\" class=\"wp-block-spacer\"><\/div>\n\n\n\n<h5 class=\"wp-block-heading\">2.5.2. Practice verb forms<\/h5>\n\n\n\n<div class=\"h5p-iframe-wrapper\"><div class=\"video-placeholder-wrapper video-placeholder-wrapper--fixed\" style=\"height: 366px;\">\n\t\t\t    <div class=\"video-placeholder d-flex justify-content-center align-items-center\">\n\t\t\t        <div class=\"overlay text-white p-2 w-100 text-center d-block justify-content-center align-items-center\">\n\t\t\t            <div>To view third-party content, please accept cookies.<\/div>\n\t\t\t            <button class=\"btn btn-secondary btn-sm mt-1 consent-change\">Change consent<\/button>\n\t\t\t        <\/div>\n\t\t\t    <\/div>\n\t\t\t<\/div>\n<\/div>\n","protected":false},"excerpt":{"rendered":"<p>2.5.1. Read, translate, and answer n\u01df ag\u0101 \u00e4p \u2018yes or no\u2019 Ma um Kur\u0101m\u014dld per\u012b\u0146. Ma r\u00f5k\u0101nd\u00f5b j\u00f5v\u012bst saks\u0101 k\u012beld\u00f5. Ma \u0101rmazt\u00f5b k\u01dfd\u00f5 s\u0113\u0146\u00f5l. Min jem\u0101k\u0113\u013c um lei\u0161 k\u0113\u013c. Ma m\u016bo\u0161tab k\u0113rat\u00f5 l\u016bolt\u00f5k\u0161i. Ma jel\u0101b \u0112stim\u014dl. Minn\u00f5n um ik\u0161 ka\u0161. &#8230;<\/p>\n","protected":false},"author":320,"featured_media":0,"parent":0,"menu_order":0,"comment_status":"closed","ping_status":"closed","template":"","meta":{"_acf_changed":false,"inline_featured_image":false,"footnotes":""},"class_list":["post-1266","page","type-page","status-publish","hentry"],"acf":[],"_links":{"self":[{"href":"https:\/\/sisu.ut.ee\/liivikeel\/en\/wp-json\/wp\/v2\/pages\/1266","targetHints":{"allow":["GET"]}}],"collection":[{"href":"https:\/\/sisu.ut.ee\/liivikeel\/en\/wp-json\/wp\/v2\/pages"}],"about":[{"href":"https:\/\/sisu.ut.ee\/liivikeel\/en\/wp-json\/wp\/v2\/types\/page"}],"author":[{"embeddable":true,"href":"https:\/\/sisu.ut.ee\/liivikeel\/en\/wp-json\/wp\/v2\/users\/320"}],"replies":[{"embeddable":true,"href":"https:\/\/sisu.ut.ee\/liivikeel\/en\/wp-json\/wp\/v2\/comments?post=1266"}],"version-history":[{"count":6,"href":"https:\/\/sisu.ut.ee\/liivikeel\/en\/wp-json\/wp\/v2\/pages\/1266\/revisions"}],"predecessor-version":[{"id":1730,"href":"https:\/\/sisu.ut.ee\/liivikeel\/en\/wp-json\/wp\/v2\/pages\/1266\/revisions\/1730"}],"wp:attachment":[{"href":"https:\/\/sisu.ut.ee\/liivikeel\/en\/wp-json\/wp\/v2\/media?parent=1266"}],"curies":[{"name":"wp","href":"https:\/\/api.w.org\/{rel}","templated":true}]}}