{"id":1258,"date":"2024-04-04T08:57:00","date_gmt":"2024-04-04T05:57:00","guid":{"rendered":"https:\/\/sisu.ut.ee\/liivikeel\/21-sonavara\/"},"modified":"2024-12-21T16:47:12","modified_gmt":"2024-12-21T14:47:12","slug":"21-sonavara","status":"publish","type":"page","link":"https:\/\/sisu.ut.ee\/liivikeel\/en\/21-sonavara\/","title":{"rendered":"2.1. S\u00f5n\u0101v\u012b\u013ca \/ Vocabulary"},"content":{"rendered":"<div style=\"height:15px\" aria-hidden=\"true\" class=\"wp-block-spacer\"><\/div>\n\n\n\n<h5 class=\"wp-block-heading\">Practice the personal pronouns<\/h5>\n\n\n\n<p>In Livonian, pronouns have long and short forms (in some cases, the short forms occur in quick speech). Try to find them in the word puzzle below (the pronouns can be spelled either way). Before you try finding them, you can study section 2.2, where the corresponding forms are listed.<\/p>\n\n\n\n<p><\/p>\n\n\n\n<div class=\"h5p-iframe-wrapper\"><div class=\"video-placeholder-wrapper video-placeholder-wrapper--fixed\" style=\"height: 366px;\">\n\t\t\t    <div class=\"video-placeholder d-flex justify-content-center align-items-center\">\n\t\t\t        <div class=\"overlay text-white p-2 w-100 text-center d-block justify-content-center align-items-center\">\n\t\t\t            <div>To view third-party content, please accept cookies.<\/div>\n\t\t\t            <button class=\"btn btn-secondary btn-sm mt-1 consent-change\">Change consent<\/button>\n\t\t\t        <\/div>\n\t\t\t    <\/div>\n\t\t\t<\/div>\n<\/div>\n\n\n\n<div style=\"height:22px\" aria-hidden=\"true\" class=\"wp-block-spacer\"><\/div>\n\n\n\n<h5 class=\"wp-block-heading\">Practice verbs<\/h5>\n\n\n<p><img loading=\"lazy\" decoding=\"async\" class=\"alignnone wp-image-53\" style=\"float: right;\" title=\"ptk_2_miinauus.jpeg\" src=\"https:\/\/sisu.ut.ee\/wp-content\/uploads\/sites\/649\/ptk_2_miinauus.jpeg\" alt=\"Miina rannal\" width=\"517\" height=\"388\" srcset=\"https:\/\/sisu.ut.ee\/wp-content\/uploads\/sites\/649\/ptk_2_miinauus.jpeg 2048w, https:\/\/sisu.ut.ee\/wp-content\/uploads\/sites\/649\/ptk_2_miinauus-300x225.jpeg 300w, https:\/\/sisu.ut.ee\/wp-content\/uploads\/sites\/649\/ptk_2_miinauus-1024x768.jpeg 1024w, https:\/\/sisu.ut.ee\/wp-content\/uploads\/sites\/649\/ptk_2_miinauus-768x576.jpeg 768w, https:\/\/sisu.ut.ee\/wp-content\/uploads\/sites\/649\/ptk_2_miinauus-1536x1152.jpeg 1536w, https:\/\/sisu.ut.ee\/wp-content\/uploads\/sites\/649\/ptk_2_miinauus-1920x1440.jpeg 1920w\" sizes=\"auto, (max-width: 517px) 100vw, 517px\"><\/p>\n<p>You can learn verbs <a title=\"\" href=\"https:\/\/quizlet.com\/819728085\/2-optobkabal-oppetukk-tiemizsonad-tegusonad-flash-cards\/?i=2pub8s&amp;x=1jqt\" target=\"_blank\" rel=\"noopener\" data-url=\"https:\/\/quizlet.com\/819728085\/2-optobkabal-oppetukk-tiemizsonad-tegusonad-flash-cards\/?i=2pub8s&amp;x=1jqt\">HERE<\/a>.<\/p>\n<p>If you want to learn more verbs, then practice <a title=\"\" href=\"https:\/\/quizlet.com\/832708456\/2-optobkabal-oppetukk-tiemizsonad-2-tegusonad-2-flash-cards\/?i=2pub8s&amp;x=1jqt\" target=\"_blank\" rel=\"noopener\" data-url=\"https:\/\/quizlet.com\/832708456\/2-optobkabal-oppetukk-tiemizsonad-2-tegusonad-2-flash-cards\/?i=2pub8s&amp;x=1jqt\">HERE<\/a>.<\/p>","protected":false},"excerpt":{"rendered":"<p>Practice the personal pronouns In Livonian, pronouns have long and short forms (in some cases, the short forms occur in quick speech). Try to find them in the word puzzle below (the pronouns can be spelled either way). Before you &#8230;<\/p>\n","protected":false},"author":320,"featured_media":0,"parent":0,"menu_order":0,"comment_status":"closed","ping_status":"closed","template":"","meta":{"_acf_changed":false,"inline_featured_image":false,"footnotes":""},"class_list":["post-1258","page","type-page","status-publish","hentry"],"acf":[],"_links":{"self":[{"href":"https:\/\/sisu.ut.ee\/liivikeel\/en\/wp-json\/wp\/v2\/pages\/1258","targetHints":{"allow":["GET"]}}],"collection":[{"href":"https:\/\/sisu.ut.ee\/liivikeel\/en\/wp-json\/wp\/v2\/pages"}],"about":[{"href":"https:\/\/sisu.ut.ee\/liivikeel\/en\/wp-json\/wp\/v2\/types\/page"}],"author":[{"embeddable":true,"href":"https:\/\/sisu.ut.ee\/liivikeel\/en\/wp-json\/wp\/v2\/users\/320"}],"replies":[{"embeddable":true,"href":"https:\/\/sisu.ut.ee\/liivikeel\/en\/wp-json\/wp\/v2\/comments?post=1258"}],"version-history":[{"count":3,"href":"https:\/\/sisu.ut.ee\/liivikeel\/en\/wp-json\/wp\/v2\/pages\/1258\/revisions"}],"predecessor-version":[{"id":1568,"href":"https:\/\/sisu.ut.ee\/liivikeel\/en\/wp-json\/wp\/v2\/pages\/1258\/revisions\/1568"}],"wp:attachment":[{"href":"https:\/\/sisu.ut.ee\/liivikeel\/en\/wp-json\/wp\/v2\/media?parent=1258"}],"curies":[{"name":"wp","href":"https:\/\/api.w.org\/{rel}","templated":true}]}}