{"id":1248,"date":"2024-10-27T14:19:32","date_gmt":"2024-10-27T12:19:32","guid":{"rendered":"https:\/\/sisu.ut.ee\/liivikeel\/isikuid\/"},"modified":"2025-03-20T15:54:58","modified_gmt":"2025-03-20T13:54:58","slug":"isikuid","status":"publish","type":"page","link":"https:\/\/sisu.ut.ee\/liivikeel\/en\/isikuid\/","title":{"rendered":"People"},"content":{"rendered":"<p>In this section, we introduce the people who appear throughout the lessons in the textbook.<\/p>\n\n\n\n<h5 class=\"wp-block-heading has-text-align-right\">Julg\u012b and Lel\u016b Stalte<\/h5>\n\n\n\n<div class=\"wp-block-media-text has-media-on-the-right is-stacked-on-mobile\" style=\"grid-template-columns:auto 47%\"><div class=\"wp-block-media-text__content\">\n<p>Julg\u012b Stalte and her eldest daughter Lel\u016b Stalte come from a well-known Livonian family that keeps alive Livonian folk music heritage. Julg\u012b\u2019s parents Dainis Stalts and Helm\u012b Stalte founded the folklore ensemble Skandinieki in 1976, which performs both Latvian and Livonian music. Julg\u012b Stalte is a musician and songwriter who, in addition to the Stalte family folk ensemble and Skandinieki, has also performed in several other musical groups, including Nurmorkest\u00f5r, Tu\u013c\u013ci Lum, TaiTai.<\/p>\n\n\n\n<p>The accompanying photo is a screenshot from the Livonian language learning video created by the University of Latvia Livonian Institute. Listen to them perform the song \u201cL\u0113ba\u201d (Bread) in the textbook section 6.5.2.<\/p>\n<\/div><figure class=\"wp-block-media-text__media\"><img loading=\"lazy\" decoding=\"async\" width=\"917\" height=\"445\" src=\"https:\/\/sisu.ut.ee\/wp-content\/uploads\/sites\/649\/ptk_6_JulgiLeluStalte_3-1.png\" alt=\"\" class=\"wp-image-1026 size-full\" srcset=\"https:\/\/sisu.ut.ee\/wp-content\/uploads\/sites\/649\/ptk_6_JulgiLeluStalte_3-1.png 917w, https:\/\/sisu.ut.ee\/wp-content\/uploads\/sites\/649\/ptk_6_JulgiLeluStalte_3-1-300x146.png 300w, https:\/\/sisu.ut.ee\/wp-content\/uploads\/sites\/649\/ptk_6_JulgiLeluStalte_3-1-768x373.png 768w\" sizes=\"auto, (max-width: 917px) 100vw, 917px\"><\/figure><\/div>\n\n\n\n<div style=\"height:20px\" aria-hidden=\"true\" class=\"wp-block-spacer\"><\/div>\n\n\n\n<h5 class=\"wp-block-heading\">Valts Ern\u0161treits<\/h5>\n\n\n\n<div class=\"wp-block-media-text is-stacked-on-mobile\" style=\"grid-template-columns:42% auto\"><figure class=\"wp-block-media-text__media\"><img loading=\"lazy\" decoding=\"async\" width=\"1024\" height=\"683\" src=\"https:\/\/sisu.ut.ee\/wp-content\/uploads\/sites\/649\/\/VE_1-1024x683.jpg\" alt=\"\" class=\"wp-image-1029 size-full\" srcset=\"https:\/\/sisu.ut.ee\/wp-content\/uploads\/sites\/649\/VE_1-1024x683.jpg 1024w, https:\/\/sisu.ut.ee\/wp-content\/uploads\/sites\/649\/VE_1-300x200.jpg 300w, https:\/\/sisu.ut.ee\/wp-content\/uploads\/sites\/649\/VE_1-768x512.jpg 768w, https:\/\/sisu.ut.ee\/wp-content\/uploads\/sites\/649\/VE_1-1536x1024.jpg 1536w, https:\/\/sisu.ut.ee\/wp-content\/uploads\/sites\/649\/VE_1-2048x1366.jpg 2048w, https:\/\/sisu.ut.ee\/wp-content\/uploads\/sites\/649\/VE_1-1920x1281.jpg 1920w\" sizes=\"auto, (max-width: 1024px) 100vw, 1024px\"><\/figure><div class=\"wp-block-media-text__content\">\n<p>Valts Ern\u0161treits (Livonian: Valt Ern\u0161treit) is a Livonian writer, linguist, translator, and head of the University of Latvia Livonian Institute. His Livonian roots are in the village of Piz\u0101 and one of his ancestors was the first Livonian poet \u2013 J\u0101\u0146 Prints. Valts plays an important role in preserving the family histories, memories, and language of the last native speakers of Livonian.<\/p>\n\n\n\n<p>Photo: Zane Ern\u0161treite<\/p>\n<\/div><\/div>\n\n\n\n<div style=\"height:22px\" aria-hidden=\"true\" class=\"wp-block-spacer\"><\/div>\n\n\n\n<h5 class=\"wp-block-heading has-text-align-right\">Gita K\u016bla<\/h5>\n\n\n\n<div class=\"wp-block-media-text has-media-on-the-right is-stacked-on-mobile\" style=\"grid-template-columns:auto 38%\"><div class=\"wp-block-media-text__content\">\n<p>Gita\u2019s family roots are in the village of S\u012bkr\u00f5g. She lives in Liep\u0101ja and does handicrafts in a local applied arts studio. Gita is also active in the projects of the University of Latvia Livonian Institute and her voice can be heard, for example, in the Livonian dictionary\u2019s audio samples (see <a href=\"https:\/\/livonian.tech\/\">https:\/\/livonian.tech\/<\/a>).<\/p>\n\n\n\n<p>She learned Livonian from her grandmother Elfr\u012bda \u017dagare. She remembers from her childhood how her grandmother spoke Livonian with her friends. Today, Gita mostly speaks Livonian with her mother Maija Norenberga and her daughter Sofija.<\/p>\n\n\n\n<p>Photo: Andris K\u016bla<\/p>\n<\/div><figure class=\"wp-block-media-text__media\"><img loading=\"lazy\" decoding=\"async\" width=\"1024\" height=\"768\" src=\"https:\/\/sisu.ut.ee\/wp-content\/uploads\/sites\/649\/\/GitaKula_2-1024x768.jpg\" alt=\"\" class=\"wp-image-1034 size-full\" srcset=\"https:\/\/sisu.ut.ee\/wp-content\/uploads\/sites\/649\/GitaKula_2-1024x768.jpg 1024w, https:\/\/sisu.ut.ee\/wp-content\/uploads\/sites\/649\/GitaKula_2-300x225.jpg 300w, https:\/\/sisu.ut.ee\/wp-content\/uploads\/sites\/649\/GitaKula_2-768x576.jpg 768w, https:\/\/sisu.ut.ee\/wp-content\/uploads\/sites\/649\/GitaKula_2-1536x1152.jpg 1536w, https:\/\/sisu.ut.ee\/wp-content\/uploads\/sites\/649\/GitaKula_2-2048x1536.jpg 2048w, https:\/\/sisu.ut.ee\/wp-content\/uploads\/sites\/649\/GitaKula_2-1920x1440.jpg 1920w\" sizes=\"auto, (max-width: 1024px) 100vw, 1024px\"><\/figure><\/div>\n\n\n\n<div style=\"height:20px\" aria-hidden=\"true\" class=\"wp-block-spacer\"><\/div>\n\n\n\n<h5 class=\"wp-block-heading\">Ulla Fraser<\/h5>\n\n\n\n<div class=\"wp-block-media-text is-stacked-on-mobile\" style=\"grid-template-columns:34% auto\"><figure class=\"wp-block-media-text__media\"><img loading=\"lazy\" decoding=\"async\" width=\"1024\" height=\"768\" src=\"https:\/\/sisu.ut.ee\/wp-content\/uploads\/sites\/649\/\/UllaFraser-1024x768.jpeg\" alt=\"\" class=\"wp-image-1037 size-full\" srcset=\"https:\/\/sisu.ut.ee\/wp-content\/uploads\/sites\/649\/UllaFraser-1024x768.jpeg 1024w, https:\/\/sisu.ut.ee\/wp-content\/uploads\/sites\/649\/UllaFraser-300x225.jpeg 300w, https:\/\/sisu.ut.ee\/wp-content\/uploads\/sites\/649\/UllaFraser-768x576.jpeg 768w, https:\/\/sisu.ut.ee\/wp-content\/uploads\/sites\/649\/UllaFraser-1536x1152.jpeg 1536w, https:\/\/sisu.ut.ee\/wp-content\/uploads\/sites\/649\/UllaFraser-1920x1440.jpeg 1920w, https:\/\/sisu.ut.ee\/wp-content\/uploads\/sites\/649\/UllaFraser.jpeg 2048w\" sizes=\"auto, (max-width: 1024px) 100vw, 1024px\"><\/figure><div class=\"wp-block-media-text__content\">\n<p>Ulla Fraser is a Livonian musician and songwriter. She is also the author of the songs \u201cKu ma rand\u00f5 l\u01dfb\u201d (When I go the coast; see Section 4.4.1.) and \u201cV\u0113rm\u00f5d\u201d (Colors; Section 4.4.2), and performs the song \u201cAl\u0101 j\u016bo\u201d (Don\u2019t drink) in Section 6.3.<\/p>\n\n\n\n<p>In the photo, Ulla is teaching Livonian songs at the 3rd International Livonian Summer University in Kuo\u0161tr\u00f5g in 2021 (Photo: Tuuli Tuisk).<\/p>\n<\/div><\/div>\n\n\n\n<!--nextpage-->\n\n\n\n<div style=\"height:28px\" aria-hidden=\"true\" class=\"wp-block-spacer\"><\/div>\n\n\n\n<h5 class=\"wp-block-heading has-text-align-right\">K\u014drli Stalte<\/h5>\n\n\n\n<div class=\"wp-block-media-text has-media-on-the-right is-stacked-on-mobile\"><div class=\"wp-block-media-text__content\">\n<p>K\u014drli Stalte (1870-1947) was a Livonian poet, cultural figure, and school teacher. Under his leadership, the first Livonian choir \u2013 the so-called Livonian Union Choir \u2013 was founded in 1922 (the Livonian Union itself was founded a bit later \u2013 in 1923).<\/p>\n\n\n\n<p>In the accompanying photo, K\u014drli Stalte and Professor Lauri Kettunen (left) are checking the manuscript of the <em>Livisch-deutsches W\u00f6rterbuch<\/em> (Livonian-German Dictionary) (Ir\u0113, circa 1928).<\/p>\n\n\n\n<p class=\"has-small-font-size\">Photo: ERM Fk 929:32<\/p>\n<\/div><figure class=\"wp-block-media-text__media\"><img loading=\"lazy\" decoding=\"async\" width=\"799\" height=\"533\" src=\"https:\/\/sisu.ut.ee\/wp-content\/uploads\/sites\/649\/ptk_8_KettunenStalte_pisipilt.jpg\" alt=\"\" class=\"wp-image-2348 size-full\" srcset=\"https:\/\/sisu.ut.ee\/wp-content\/uploads\/sites\/649\/ptk_8_KettunenStalte_pisipilt.jpg 799w, https:\/\/sisu.ut.ee\/wp-content\/uploads\/sites\/649\/ptk_8_KettunenStalte_pisipilt-300x200.jpg 300w, https:\/\/sisu.ut.ee\/wp-content\/uploads\/sites\/649\/ptk_8_KettunenStalte_pisipilt-768x512.jpg 768w\" sizes=\"auto, (max-width: 799px) 100vw, 799px\"><\/figure><\/div>\n\n\n\n<div style=\"height:20px\" aria-hidden=\"true\" class=\"wp-block-spacer\"><\/div>\n\n\n\n<h5 class=\"wp-block-heading\">Tiit-Rein Viitso<\/h5>\n\n\n\n<div class=\"wp-block-media-text is-stacked-on-mobile\" style=\"grid-template-columns:31% auto\"><figure class=\"wp-block-media-text__media\"><img loading=\"lazy\" decoding=\"async\" width=\"841\" height=\"1024\" src=\"https:\/\/sisu.ut.ee\/wp-content\/uploads\/sites\/649\/\/5_Viitso2007-841x1024.jpg\" alt=\"\" class=\"wp-image-2629 size-full\" srcset=\"https:\/\/sisu.ut.ee\/wp-content\/uploads\/sites\/649\/5_Viitso2007-841x1024.jpg 841w, https:\/\/sisu.ut.ee\/wp-content\/uploads\/sites\/649\/5_Viitso2007-246x300.jpg 246w, https:\/\/sisu.ut.ee\/wp-content\/uploads\/sites\/649\/5_Viitso2007-768x935.jpg 768w, https:\/\/sisu.ut.ee\/wp-content\/uploads\/sites\/649\/5_Viitso2007.jpg 1193w\" sizes=\"auto, (max-width: 841px) 100vw, 841px\"><\/figure><div class=\"wp-block-media-text__content\">\n<p>Estonian linguist Tiit-Rein Viitso (1938\u20132022) was a researcher of Finnic language history and phonology, a professor of Finnic languages \u200b\u200bat the University of Tartu, and the chairman of the Society of Livonian Friends. His most significant interest was Livonian, which he spent decades documenting, researching, and teaching. He was one of the greatest experts on Livonian to have ever lived. He researched Livonian from a host of different perspectives \u2013 from its sounds to its vocabulary. In addition to scientific research on Livonian, he was also involved in the continued development of written Livonian, edited Livonian books, and taught Livonian.<\/p>\n\n\n\n<p>Viitso\u2019s decades of work documenting Livonian culminated in the publication of the <em>Livonian-Estonian-Latvian Dictionary <\/em>(in collaboration with Valts Ern\u0161treits) in 2012. A compendium of his work on Livonian entitled <em>Liivi keel ja l\u00e4\u00e4nemeresoome keelemaastikud<\/em> (Livonian language and Finnic linguistic landscapes) appeared in 2008.<\/p>\n\n\n\n<p><sub>Photo: Tuuli Tuisk<\/sub><\/p>\n<\/div><\/div>\n\n\n\n<div style=\"height:23px\" aria-hidden=\"true\" class=\"wp-block-spacer\"><\/div>\n\n\n\n<h5 class=\"wp-block-heading has-text-align-right\">P\u0113t\u00f5r Damberg<\/h5>\n\n\n\n<div class=\"wp-block-media-text has-media-on-the-right is-stacked-on-mobile\" style=\"grid-template-columns:auto 25%\"><div class=\"wp-block-media-text__content\">\n<p>P\u0113t\u00f5r Damberg (1909\u20131987) was a well-known Livonian cultural and educational figure who authored important Livonian texts and teaching materials. He had an important role in the documentation and preservation of Livonian folklore. Between 1931 and 1933, he participated in editing the Livonian newspaper <em>L\u012bvli<\/em>. Damberg\u2019s Livonian reader <em>Jemak\u012bel lugd\u00f5br\u0101nt\u00f5z sk\u016bol ja kuod pierast<\/em> (Mother tongue reading book for school and home) was published in 1935 and was intended as a teaching tool for all students of Livonian.<\/p>\n\n\n\n<p class=\"has-small-font-size\">Photo: livones.net<\/p>\n<\/div><figure class=\"wp-block-media-text__media\"><img loading=\"lazy\" decoding=\"async\" width=\"602\" height=\"770\" src=\"https:\/\/sisu.ut.ee\/wp-content\/uploads\/sites\/649\/1_peteris-dambergs-602x770-1.jpg\" alt=\"\" class=\"wp-image-2638 size-full\" srcset=\"https:\/\/sisu.ut.ee\/wp-content\/uploads\/sites\/649\/1_peteris-dambergs-602x770-1.jpg 602w, https:\/\/sisu.ut.ee\/wp-content\/uploads\/sites\/649\/1_peteris-dambergs-602x770-1-235x300.jpg 235w\" sizes=\"auto, (max-width: 602px) 100vw, 602px\"><\/figure><\/div>\n","protected":false},"excerpt":{"rendered":"<p>In this section, we introduce the people who appear throughout the lessons in the textbook. Julg\u012b and Lel\u016b Stalte Julg\u012b Stalte and her eldest daughter Lel\u016b Stalte come from a well-known Livonian family that keeps alive Livonian folk music heritage. &#8230;<\/p>\n","protected":false},"author":471,"featured_media":0,"parent":0,"menu_order":0,"comment_status":"closed","ping_status":"closed","template":"","meta":{"_acf_changed":false,"inline_featured_image":false,"footnotes":""},"class_list":["post-1248","page","type-page","status-publish","hentry"],"acf":[],"_links":{"self":[{"href":"https:\/\/sisu.ut.ee\/liivikeel\/en\/wp-json\/wp\/v2\/pages\/1248","targetHints":{"allow":["GET"]}}],"collection":[{"href":"https:\/\/sisu.ut.ee\/liivikeel\/en\/wp-json\/wp\/v2\/pages"}],"about":[{"href":"https:\/\/sisu.ut.ee\/liivikeel\/en\/wp-json\/wp\/v2\/types\/page"}],"author":[{"embeddable":true,"href":"https:\/\/sisu.ut.ee\/liivikeel\/en\/wp-json\/wp\/v2\/users\/471"}],"replies":[{"embeddable":true,"href":"https:\/\/sisu.ut.ee\/liivikeel\/en\/wp-json\/wp\/v2\/comments?post=1248"}],"version-history":[{"count":21,"href":"https:\/\/sisu.ut.ee\/liivikeel\/en\/wp-json\/wp\/v2\/pages\/1248\/revisions"}],"predecessor-version":[{"id":2717,"href":"https:\/\/sisu.ut.ee\/liivikeel\/en\/wp-json\/wp\/v2\/pages\/1248\/revisions\/2717"}],"wp:attachment":[{"href":"https:\/\/sisu.ut.ee\/liivikeel\/en\/wp-json\/wp\/v2\/media?parent=1248"}],"curies":[{"name":"wp","href":"https:\/\/api.w.org\/{rel}","templated":true}]}}