{"id":1217,"date":"2024-04-04T08:57:02","date_gmt":"2024-04-04T05:57:02","guid":{"rendered":"https:\/\/sisu.ut.ee\/liivikeel\/avaleht\/"},"modified":"2025-01-13T14:55:43","modified_gmt":"2025-01-13T12:55:43","slug":"avaleht","status":"publish","type":"page","link":"https:\/\/sisu.ut.ee\/liivikeel\/en\/","title":{"rendered":"Home page"},"content":{"rendered":"<blockquote class=\"wp-block-quote is-layout-flow wp-block-quote-is-layout-flow\">\n<h2 class=\"wp-block-heading has-text-align-center\"><span style=\"font-size: 24px;\">Welcome to the Livonian online textbook!<\/span><\/h2>\n<\/blockquote>\n\n\n\n<div class=\"wp-block-media-text has-media-on-the-right is-stacked-on-mobile\" style=\"grid-template-columns:auto 38%\"><div class=\"wp-block-media-text__content\">\n<p class=\"has-regular-font-size\">The idea of \u200b\u200bcreating this online textbook arose primarily from the need to gather relevant audiovisual materials and necessary web links connected to the printed version of the Livonian language textbook on one platform. This way, users could easily access, for example, songs on YouTube as well as various archival materials, which could otherwise be difficult to find. We have asked Livonians to read the dialogues and expressions found in the printed version of the textbook. Thanks to the online textbook, anyone interested can listen to them. A\u00a0<strong>sun-shaped symbol<\/strong>\u00a0is used to direct you from the paper textbook to the online textbook.<\/p>\n\n\n\n<p>It should be noted that the lessons in the online textbook overlap with the paper version, but the sub-sections in the online version nevertheless have their own numbering. One reason is that we are\u00a0<strong>continuously updating the online textbook<\/strong>. In addition to audiovisual material, we have already added, for example, new exercises and texts. We have also started to add translations of texts, poems, and songs to the online textbook, in order to provide support for independent learners. The paper textbook, however, is primarily intended for use under the guidance of a teacher.<\/p>\n\n\n\n<p>Read more about the principles of the textbook in its printed version on pages 8-12.<\/p>\n\n\n\n<p class=\"has-regular-font-size\">The background is also described in\u00a0<a href=\"https:\/\/sisu.ut.ee\/wp-content\/uploads\/sites\/649\/raamat-1.pdf\">an article published in Oma Keel.<\/a><\/p>\n\n\n\n<p class=\"has-regular-font-size\"><\/p>\n\n\n\n<p class=\"has-regular-font-size\">The authors of the Estonian textbook and website are Miina Norvik and Tuuli Tuisk<\/p>\n\n\n\n<p>The translator and editor of the English website is Uldis Balodis<\/p>\n<\/div><figure class=\"wp-block-media-text__media\"><img loading=\"lazy\" decoding=\"async\" width=\"514\" height=\"769\" src=\"https:\/\/sisu.ut.ee\/wp-content\/uploads\/sites\/649\/liivi_esikaas.jpg\" alt=\"Liivi \u00f5piku esikaas\" class=\"wp-image-86 size-full\" srcset=\"https:\/\/sisu.ut.ee\/wp-content\/uploads\/sites\/649\/liivi_esikaas.jpg 514w, https:\/\/sisu.ut.ee\/wp-content\/uploads\/sites\/649\/liivi_esikaas-201x300.jpg 201w\" sizes=\"auto, (max-width: 514px) 100vw, 514px\"><\/figure><\/div>\n\n\n\n<p class=\"has-text-align-right\"><span class=\"file media-element file-os-files-link\" data-file_info=\"%7B%22fid%22:%2282799%22,%22view_mode%22:%22os_files_link%22,%22type%22:%22media%22%7D\"><img decoding=\"async\" class=\"file-icon\" src=\"\/profiles\/openscholar\/modules\/os\/modules\/os_files\/icons\/application-pdf.svg\" alt=\"\"><\/span><a href=\"https:\/\/sisu.ut.ee\/wp-content\/uploads\/sites\/649\/liivi_keele_opik_trykk.pdf\">The Estonian textbook PDF is available here<\/a><\/p>\n\n\n\n<hr class=\"wp-block-separator has-alpha-channel-opacity\">\n\n\n\n<h6 class=\"wp-block-heading\">Citing the Livonian language textbook and website<\/h6>\n\n\n\n<ul class=\"wp-block-list\">\n<li class=\"has-small-font-size\">Norvik, Miina &amp; Tuisk, Tuuli. 2023. <em>L\u012bv\u00f5 k\u012bel opt\u00f5br\u014dnt\u00f5z. Liivi keele \u00f5pik<\/em>. Tartu: Tartu \u00dclikooli Kirjastus.<\/li>\n\n\n\n<li class=\"has-small-font-size\">Norvik, Miina &amp; Tuisk, Tuuli. 2024. <em>Livonian online textbook<\/em>. Trans. Uldis Balodis. (sisu.ut.ee\/liivikeel\/en\/) (date of use here).<\/li>\n<\/ul>\n\n\n\n<hr class=\"wp-block-separator has-alpha-channel-opacity\">\n\n\n\n<div class=\"wp-block-media-text is-stacked-on-mobile\" style=\"grid-template-columns:18% auto\"><figure class=\"wp-block-media-text__media\"><img loading=\"lazy\" decoding=\"async\" width=\"531\" height=\"531\" src=\"https:\/\/sisu.ut.ee\/wp-content\/uploads\/sites\/649\/37_vienkarss_pilnkrasu_rgb_v_en.png\" alt=\"\" class=\"wp-image-2479 size-full\" srcset=\"https:\/\/sisu.ut.ee\/wp-content\/uploads\/sites\/649\/37_vienkarss_pilnkrasu_rgb_v_en.png 531w, https:\/\/sisu.ut.ee\/wp-content\/uploads\/sites\/649\/37_vienkarss_pilnkrasu_rgb_v_en-300x300.png 300w, https:\/\/sisu.ut.ee\/wp-content\/uploads\/sites\/649\/37_vienkarss_pilnkrasu_rgb_v_en-150x150.png 150w\" sizes=\"auto, (max-width: 531px) 100vw, 531px\"><\/figure><div class=\"wp-block-media-text__content\">\n<div class=\"wp-block-media-text has-media-on-the-right is-stacked-on-mobile\" style=\"grid-template-columns:auto 32%\"><div class=\"wp-block-media-text__content\">\n<p>The textbook is prepared with the support of <strong>the Ministry of Education and Science Republic of Latvia<\/strong> and <strong>the University of Latvia Livonian Institute<\/strong>.<\/p>\n<\/div><figure class=\"wp-block-media-text__media\"><img loading=\"lazy\" decoding=\"async\" width=\"1024\" height=\"839\" src=\"https:\/\/sisu.ut.ee\/wp-content\/uploads\/sites\/649\/\/Liibieshu_Instituuts_logo_vert-1-1024x839.png\" alt=\"\" class=\"wp-image-2489 size-full\" srcset=\"https:\/\/sisu.ut.ee\/wp-content\/uploads\/sites\/649\/Liibieshu_Instituuts_logo_vert-1-1024x839.png 1024w, https:\/\/sisu.ut.ee\/wp-content\/uploads\/sites\/649\/Liibieshu_Instituuts_logo_vert-1-300x246.png 300w, https:\/\/sisu.ut.ee\/wp-content\/uploads\/sites\/649\/Liibieshu_Instituuts_logo_vert-1-768x629.png 768w, https:\/\/sisu.ut.ee\/wp-content\/uploads\/sites\/649\/Liibieshu_Instituuts_logo_vert-1.png 1283w\" sizes=\"auto, (max-width: 1024px) 100vw, 1024px\"><\/figure><\/div>\n<\/div><\/div>\n","protected":false},"excerpt":{"rendered":"<p>Welcome to the Livonian online textbook! The idea of \u200b\u200bcreating this online textbook arose primarily from the need to gather relevant audiovisual materials and necessary web links connected to the printed version of the Livonian language textbook on one platform. &#8230;<\/p>\n","protected":false},"author":320,"featured_media":0,"parent":0,"menu_order":0,"comment_status":"closed","ping_status":"closed","template":"","meta":{"_acf_changed":false,"inline_featured_image":false,"footnotes":""},"class_list":["post-1217","page","type-page","status-publish","hentry"],"acf":[],"_links":{"self":[{"href":"https:\/\/sisu.ut.ee\/liivikeel\/en\/wp-json\/wp\/v2\/pages\/1217","targetHints":{"allow":["GET"]}}],"collection":[{"href":"https:\/\/sisu.ut.ee\/liivikeel\/en\/wp-json\/wp\/v2\/pages"}],"about":[{"href":"https:\/\/sisu.ut.ee\/liivikeel\/en\/wp-json\/wp\/v2\/types\/page"}],"author":[{"embeddable":true,"href":"https:\/\/sisu.ut.ee\/liivikeel\/en\/wp-json\/wp\/v2\/users\/320"}],"replies":[{"embeddable":true,"href":"https:\/\/sisu.ut.ee\/liivikeel\/en\/wp-json\/wp\/v2\/comments?post=1217"}],"version-history":[{"count":23,"href":"https:\/\/sisu.ut.ee\/liivikeel\/en\/wp-json\/wp\/v2\/pages\/1217\/revisions"}],"predecessor-version":[{"id":2496,"href":"https:\/\/sisu.ut.ee\/liivikeel\/en\/wp-json\/wp\/v2\/pages\/1217\/revisions\/2496"}],"wp:attachment":[{"href":"https:\/\/sisu.ut.ee\/liivikeel\/en\/wp-json\/wp\/v2\/media?parent=1217"}],"curies":[{"name":"wp","href":"https:\/\/api.w.org\/{rel}","templated":true}]}}