{"id":9,"date":"2024-04-04T04:35:22","date_gmt":"2024-04-04T01:35:22","guid":{"rendered":"https:\/\/sisu.ut.ee\/liitevklassliitevkool\/randega-seotud-olulised-moisted\/"},"modified":"2024-04-04T04:35:29","modified_gmt":"2024-04-04T01:35:29","slug":"randega-seotud-olulised-moisted","status":"publish","type":"page","link":"https:\/\/sisu.ut.ee\/liitevklassliitevkool\/randega-seotud-olulised-moisted\/","title":{"rendered":"R\u00e4ndega seotud olulised m\u00f5isted"},"content":{"rendered":"<p><strong>Ajutise kaitse saaja<\/strong> on v\u00e4lismaalane, kes on sunnitud eelk\u00f5ige rahvusvaheliste organisatsioonide \u00fcleskutse tulemusena oma p\u00e4ritoluriigist v\u00f5i -piirkonnast lahkuma v\u00f5i on sealt evakueeritud ning kellel seoses olukorraga nimetatud riigis ei ole v\u00f5imalik turvaliselt ja p\u00fcsivalt tagasi p\u00f6\u00f6rduda ja kes v\u00f5ib kuuluda rahvusvahelist kaitset reguleerivate s\u00e4tete reguleerimisalasse ning<br>1) kes on p\u00f5genenud relvakonflikti v\u00f5i p\u00fcsiva v\u00e4givalla piirkonnast;<br>2) keda \u00e4hvardab t\u00f5sine oht langeda v\u00f5i kes on langenud inim\u00f5iguste s\u00fcsteemse v\u00f5i \u00fcldise rikkumise ohvriks. VRKS \u00a7 5 lg 2.<\/p>\n<p><strong>Alaealine<\/strong> \u2013 alaealine laps VmS t\u00e4henduses on alla 18-aastane isik. Alaealiseks lapseks v\u00e4lismaalaste seaduse t\u00e4henduses ei loeta isikut, kes on abielus, elab eraldi perekonnas v\u00f5i elab iseseisvat elu.<\/p>\n<p><strong>Alaline elanik<\/strong> v\u00e4lismaalaste seaduse t\u00e4henduses on Eestis elav Eesti kodanik v\u00f5i Eestis elav v\u00e4lismaalane, kellel on pikaajalise elaniku elamisluba v\u00f5i alaline elamis\u00f5igus.<\/p>\n<p><strong>Eestis ajutine viibimine<\/strong> v\u00e4lismaalaste seaduse t\u00e4henduses on v\u00e4lismaalase Eestis viibimine ilma Eesti elamisloata v\u00f5i elamis\u00f5iguseta.<\/p>\n<p><strong>Eestis p\u00fcsiv elamine<\/strong> v\u00e4lismaalaste seaduse t\u00e4henduses on Eesti kodaniku v\u00f5i Eesti elamisluba v\u00f5i elamis\u00f5igust omava v\u00e4lismaalase Eestis viibimine v\u00e4hemalt 183 p\u00e4eva aasta jooksul.<\/p>\n<p><strong>Eestis t\u00f6\u00f6tamine<\/strong> v\u00e4lismaalaste seaduse t\u00e4henduses on mis tahes tegevus Eestis t\u00f6\u00f6lepingu v\u00f5i muu lepingu alusel, samuti muu tegevus teise isiku heaks, mille puhul v\u00f5ib eeldada tulu v\u00f5i muu varalise h\u00fcve saamist, s\u00f5ltumata tegevuse aluseks oleva lepingu liigist, vormist v\u00f5i lepingu s\u00f5lminud teise poole asukohast v\u00f5i elukohast, kui v\u00e4lisleping v\u00f5i seadus ei s\u00e4testa teisiti.<\/p>\n<p><strong>Haldusmenetlusteov\u00f5ime.<\/strong> V\u00e4hemalt 15-aastane alaealine v\u00f5ib teha v\u00e4lismaalaste seadusest tulenevaid menetlustoiminguid ja osaleda menetluses iseseisvalt, kui v\u00e4lismaalaste seadus ei s\u00e4testa teisiti. \u00a7 15<\/p>\n<p><strong>Kolmanda riigi kodanik<\/strong> on v\u00e4lismaalane, kes on muu riigi kui Euroopa Liidu liikmesriigi, Euroopa Majanduspiirkonna liikmesriigi v\u00f5i \u0160veitsi Konf\u00f6deratsiooni kodanik. VRKS \u00a7 2 lg 2<\/p>\n<p><strong>Legaalne sissetulek<\/strong> v\u00e4lismaalaste seaduse t\u00e4henduses on seaduslikult teenitud t\u00f6\u00f6tasu, vanemah\u00fcvitis, t\u00f6\u00f6tuskindlustush\u00fcvitis, seaduslikust \u00e4ritegevusest v\u00f5i omandist saadav tulu, pension, stipendium, elatis, v\u00e4lisriigi makstav toetus, samuti legaalset sissetulekut omavate perekonnaliikmete tagatud \u00fclalpidamine, kui k\u00e4esolev seadus ei s\u00e4testa teisiti.<\/p>\n<p><strong>Pagulane<\/strong> on v\u00e4lismaalane, kes p\u00f5hjendatult kartes tagakiusamist rassi, usu, rahvuse, poliitiliste veendumuste v\u00f5i sotsiaalsesse gruppi kuulumise p\u00e4rast viibib v\u00e4ljaspool p\u00e4ritoluriiki ega suuda v\u00f5i kartuse t\u00f5ttu ei taha saada nimetatud riigilt kaitset ning kelle suhtes ei esine pagulasena tunnustamist v\u00e4listavat asjaolu. Tagakiusamise hindamisel ei ole oluline, kas v\u00e4lismaalasel reaalselt on k\u00e4esolevas l\u00f5ikes nimetatud tagakiusamise alus, vaid \u00fcksnes tagakiusamise asjaolu. VRKS \u00a7 4 lg 1 Pagulane ei saa koju p\u00f6\u00f6rduda enne, kui sealsed tingimused ei ole paranenud. Pagulasele antakse Eestis kolmeaastane elamisluba (mida pikendatakse 3 aasta kaupa) ja tal on \u00f5igus ravikindlustusele ja toetustele samadel alustel Eesti elanikega.<\/p>\n<p><strong>P\u00f5genik<\/strong> on p\u00e4ritoluriigist p\u00f5genenud isik olenemata p\u00f5hjusest, sealhulgas majandusmigrandid.<\/p>\n<p><strong>Rahvusvahelise kaitse taotleja<\/strong> (edaspidi ka taotleja) on v\u00e4lismaalane, kes on esitanud rahvusvahelise kaitse taotluse (edaspidi ka taotlus), mille kohta ei ole tehtud l\u00f5plikku otsust. VRKS \u00a7 3 lg 1.<\/p>\n<p><strong>Rahvusvahelise kaitse saaja<\/strong> on v\u00e4lismaalane, keda on tunnustatud kas pagulasena v\u00f5i t\u00e4iendava kaitse saajana v\u00f5i ajutise kaitse saajana ning kellele on antud Eesti elamisluba. Rahvusvahelise kaitse saanud last eristab uussisser\u00e4ndajast vaid see, ta saab keele\u00f5ppe lisatoetust SoM-st (tavar\u00e4nde puhul) (EHIS). Siseministeeriumi andmetel on aastatel 1997-2015 Eestilt rahvusvahelist kaitset palunud 821 v\u00e4lismaalast ning rahvusvahelise kaitse saanud 172 inimest (seisuga 31.12.2015).<\/p>\n<p><strong>Saatjata alaealine v\u00e4lismaalane<\/strong> on alla 18-aastane v\u00e4lismaalane, kes saabub v\u00f5i on saabunud Eestisse ilma vanema, eestkostja v\u00f5i muu vastutava t\u00e4isealise isikuta v\u00f5i kes j\u00e4\u00e4b Eestis viibides ilma vanemast, eestkostjast v\u00f5i muust vastutavast t\u00e4isealisest isikust. VRKS \u00a7 6 lg 1.<\/p>\n<p><strong>Tagasip\u00f6\u00f6rduja<\/strong> on v\u00e4lisriigist Eestisse elama asunud Eesti kodanik v\u00f5i eesti rahvusest inimene ning tema Eestisse elama asunud abikaasa, laps ja vanem.<\/p>\n<p><strong>T\u00e4iendava kaitse saaja<\/strong> on v\u00e4lismaalane, kes ei kvalifitseeru pagulaseks ja kelle suhtes ei esine t\u00e4iendava kaitse andmist v\u00e4listavat asjaolu ja kelle suhtes on alust arvata, et tema Eestist tagasi- v\u00f5i v\u00e4ljasaatmine p\u00e4ritoluriiki v\u00f5ib talle nimetatud riigis kaasa tuua t\u00f5sise ohu, sealhulgas:<br>1) talle surmanuhtluse kohaldamise v\u00f5i t\u00e4ideviimise v\u00f5i<br>2) tema piinamise v\u00f5i tema suhtes ebainimlike v\u00f5i inimv\u00e4\u00e4rikust alandavate kohtlemis- v\u00f5i karistamisviiside kasutamise v\u00f5i<br>3) konkreetselt tema v\u00f5i \u00fcldse tsiviilisikute elu ohtu sattumise v\u00f5i tema v\u00f5i tsiviilisikute kallal v\u00e4givalla rakendamise rahvusvahelise v\u00f5i riigisisese relvakonflikti t\u00f5ttu. VRKS \u00a7 4 lg 3.<br>T\u00e4iendava kaitse saajale antakse Eestis \u00fcheaastane elamisluba, mida pikendatakse 2 aasta kaupa.<\/p>\n<p><strong>Uussisser\u00e4ndaja<\/strong> on v\u00e4hem kui viis aastat Eestis seaduslikult elanud v\u00e4lismaalane, kellele on antud Eesti t\u00e4htajaline elamisluba v\u00e4lismaalaste seaduses v\u00f5i v\u00e4lismaalasele rahvusvahelise kaitse andmise seaduses s\u00e4testatud alusel.<\/p>\n<p><strong>Uussisser\u00e4ndajast \u00f5pilane<\/strong> (varem uusimmigrant) Euroopa Liidust, aga samuti kolmandatest riikidest saabuvate isikute laps, kes soovib alustada \u00f5pinguid Eesti koolis ning kes on Eestis viibinud v\u00e4hem kui viis aastat ning pole varem Eestis koolis k\u00e4inud. Tavaliselt vajab tuge kohanemiseks ja \u00f5ppimiseks, samuti eesti keele kui teise keele \u00f5ppeks. Nende \u00f5ppe korraldust ja sisu on kirjeldatud kas kooli \u00f5ppekavas v\u00f5i \u00f5pilasele koostatud I\u00d5Ks (EHIS).<\/p>\n<p><strong>Varjupaigataotleja<\/strong> on v\u00e4lismaalane, kes on Eestis esitanud varjupaigataotluse, et saada rahvusvahelist kaitset. Varjupaigataotleja ei tohi kuue kuu jooksul alates varjupaigamenetluse v\u00f5i elamisloa taotluse esitamisest Eestis t\u00f6\u00f6tada ega ettev\u00f5tlusega tegeleda. Varjupaigataotlejate majutamiseks on Eestis kaks majutuskeskust: Vaos ja V\u00e4geval.<\/p>\n<p><strong>V\u00e4lismaalane<\/strong> \u2013 isik, kes ei ole Eesti kodanik v\u00e4lismaalaste seadus teise riigi kodanik v\u00f5i kodakondsuseta isik v\u00e4lismaalasele rahvusvahelise kaitse andmise seadus.<\/p>\n<p><strong>V\u00e4lisriigi kodanik<\/strong> \u2013 isik, kes on m\u00f5ne teise riigi kodanik ja ei ole Eesti kodanik vt HS \u00a7 36.<\/p>\n<p><strong>\u00d5pilane, kelle emakeel ei ole \u00f5ppekeel<\/strong> \u2013 \u00f5pilane, kes koduses suhtluses r\u00e4\u00e4gib \u00f5ppekeelest erinevat keelt, mis on v\u00e4hemalt \u00fche vanema (eestkostja) emakeel.<\/p>\n<p><strong>\u00d5ppekeelest erineva koduse keelega v\u00f5i v\u00e4lisriigist naasnud \u00f5pilane:<\/strong> \u00f5pilane, kes vajab t\u00e4iendavat keele\u00f5pet ja t\u00e4iendavat tuge \u00f5pitulemuste saavutamiseks ning kellele on sellest tulenevalt koostatud I\u00d5K (EHIS).<\/p>\n\n<p><em><strong>Allikad ja soovituslikud lisamaterjalid:<\/strong><\/em><br>EV Siseministeerium (2017) Kodakondsus ja r\u00e4nne. www.siseministeerium.ee<br>EV Valitsus (2017). Pagulask\u00fcsimus. www.valitsus.ee\/et\/pagulased<br>Politsei- ja Piirivalveamet (2017). Rahvusvahelise kaitse taotlemine www.politsei.ee<\/p>\n","protected":false},"excerpt":{"rendered":"<p>Ajutise kaitse saaja on v\u00e4lismaalane, kes on sunnitud eelk\u00f5ige rahvusvaheliste organisatsioonide \u00fcleskutse tulemusena oma p\u00e4ritoluriigist v\u00f5i -piirkonnast lahkuma v\u00f5i on sealt evakueeritud ning kellel seoses olukorraga nimetatud riigis ei ole v\u00f5imalik turvaliselt ja p\u00fcsivalt tagasi p\u00f6\u00f6rduda ja kes v\u00f5ib kuuluda &#8230;<\/p>\n","protected":false},"author":160,"featured_media":0,"parent":0,"menu_order":0,"comment_status":"closed","ping_status":"closed","template":"","meta":{"_acf_changed":false,"inline_featured_image":false,"footnotes":""},"class_list":["post-9","page","type-page","status-publish","hentry"],"acf":[],"_links":{"self":[{"href":"https:\/\/sisu.ut.ee\/liitevklassliitevkool\/wp-json\/wp\/v2\/pages\/9","targetHints":{"allow":["GET"]}}],"collection":[{"href":"https:\/\/sisu.ut.ee\/liitevklassliitevkool\/wp-json\/wp\/v2\/pages"}],"about":[{"href":"https:\/\/sisu.ut.ee\/liitevklassliitevkool\/wp-json\/wp\/v2\/types\/page"}],"author":[{"embeddable":true,"href":"https:\/\/sisu.ut.ee\/liitevklassliitevkool\/wp-json\/wp\/v2\/users\/160"}],"replies":[{"embeddable":true,"href":"https:\/\/sisu.ut.ee\/liitevklassliitevkool\/wp-json\/wp\/v2\/comments?post=9"}],"version-history":[{"count":1,"href":"https:\/\/sisu.ut.ee\/liitevklassliitevkool\/wp-json\/wp\/v2\/pages\/9\/revisions"}],"predecessor-version":[{"id":76,"href":"https:\/\/sisu.ut.ee\/liitevklassliitevkool\/wp-json\/wp\/v2\/pages\/9\/revisions\/76"}],"wp:attachment":[{"href":"https:\/\/sisu.ut.ee\/liitevklassliitevkool\/wp-json\/wp\/v2\/media?parent=9"}],"curies":[{"name":"wp","href":"https:\/\/api.w.org\/{rel}","templated":true}]}}