{"id":8,"date":"2024-04-04T04:35:22","date_gmt":"2024-04-04T01:35:22","guid":{"rendered":"https:\/\/sisu.ut.ee\/liitevklassliitevkool\/iseseisva-too-ulesanne-koolimeeskondadele-alaeesmargid-ja-meetmete-plaan\/"},"modified":"2024-04-04T04:35:29","modified_gmt":"2024-04-04T01:35:29","slug":"iseseisva-too-ulesanne-koolimeeskondadele-alaeesmargid-ja-meetmete-plaan","status":"publish","type":"page","link":"https:\/\/sisu.ut.ee\/liitevklassliitevkool\/iseseisva-too-ulesanne-koolimeeskondadele-alaeesmargid-ja-meetmete-plaan\/","title":{"rendered":"Iseseisva t\u00f6\u00f6  \u00fclesanne koolimeeskondadele: alaeesm\u00e4rgid ja meetmete plaan"},"content":{"rendered":"<p>Koolimeeskonna eesm\u00e4rk on luua tegevuste\/meetmete plaan \u201eLiitev klass\/kool\u201c p\u00f5him\u00f5tete elluviimiseks.<\/p>\n<p>Esiteks, leidke alaeesm\u00e4rgid. Teiseks, esitage iga alaeesm\u00e4rgi saavutamise meetmed. Vajadusel s\u00f5nastage probleemid, mida tuleb alaeesm\u00e4rgi juures lahendada ja kasutades probleemilahendusmeetodit.\u00a0<\/p>\n<p>Iseseisva t\u00f6\u00f6 tulemusena saate \u201calaeesm\u00e4rkide puu\u201d \u2013 kus alaeesm\u00e4rgid on oksad (t\u00fcvi on \u201eLiitev klass-kool\u201c idee) ja oksaharud v\u00f5ivad olla ka ala-alaeesm\u00e4rgid. Lehed on meetmed, mida tuleb teostada. Keskenduda tuleks mitte sellele, <strong>mida teie koolis juba tehakse vaid sellele, mida tuleks hakata tegema!<\/strong><\/p>\n<p><strong><img loading=\"lazy\" decoding=\"async\" width=\"829\" height=\"980\" class=\"alignnone wp-image-28\" src=\"https:\/\/sisu.ut.ee\/wp-content\/uploads\/sites\/299\/joonis_3.png\" title=\"joonis_3.png\" alt=\"joonis_3.png\" srcset=\"https:\/\/sisu.ut.ee\/wp-content\/uploads\/sites\/299\/joonis_3.png 829w, https:\/\/sisu.ut.ee\/wp-content\/uploads\/sites\/299\/joonis_3-254x300.png 254w, https:\/\/sisu.ut.ee\/wp-content\/uploads\/sites\/299\/joonis_3-768x908.png 768w\" sizes=\"auto, (max-width: 829px) 100vw, 829px\"><\/strong><\/p>\n\n<p>Joonis 3. N\u00e4idispuu meetmete arendamiseks, T\u00f5stamaa Keskkool.<\/p>\n","protected":false},"excerpt":{"rendered":"<p>Koolimeeskonna eesm\u00e4rk on luua tegevuste\/meetmete plaan \u201eLiitev klass\/kool\u201c p\u00f5him\u00f5tete elluviimiseks. Esiteks, leidke alaeesm\u00e4rgid. Teiseks, esitage iga alaeesm\u00e4rgi saavutamise meetmed. Vajadusel s\u00f5nastage probleemid, mida tuleb alaeesm\u00e4rgi juures lahendada ja kasutades probleemilahendusmeetodit.\u00a0 Iseseisva t\u00f6\u00f6 tulemusena saate \u201calaeesm\u00e4rkide puu\u201d \u2013 kus alaeesm\u00e4rgid on &#8230;<\/p>\n","protected":false},"author":160,"featured_media":0,"parent":0,"menu_order":0,"comment_status":"closed","ping_status":"closed","template":"","meta":{"_acf_changed":false,"inline_featured_image":false,"footnotes":""},"class_list":["post-8","page","type-page","status-publish","hentry"],"acf":[],"_links":{"self":[{"href":"https:\/\/sisu.ut.ee\/liitevklassliitevkool\/wp-json\/wp\/v2\/pages\/8","targetHints":{"allow":["GET"]}}],"collection":[{"href":"https:\/\/sisu.ut.ee\/liitevklassliitevkool\/wp-json\/wp\/v2\/pages"}],"about":[{"href":"https:\/\/sisu.ut.ee\/liitevklassliitevkool\/wp-json\/wp\/v2\/types\/page"}],"author":[{"embeddable":true,"href":"https:\/\/sisu.ut.ee\/liitevklassliitevkool\/wp-json\/wp\/v2\/users\/160"}],"replies":[{"embeddable":true,"href":"https:\/\/sisu.ut.ee\/liitevklassliitevkool\/wp-json\/wp\/v2\/comments?post=8"}],"version-history":[{"count":1,"href":"https:\/\/sisu.ut.ee\/liitevklassliitevkool\/wp-json\/wp\/v2\/pages\/8\/revisions"}],"predecessor-version":[{"id":75,"href":"https:\/\/sisu.ut.ee\/liitevklassliitevkool\/wp-json\/wp\/v2\/pages\/8\/revisions\/75"}],"wp:attachment":[{"href":"https:\/\/sisu.ut.ee\/liitevklassliitevkool\/wp-json\/wp\/v2\/media?parent=8"}],"curies":[{"name":"wp","href":"https:\/\/api.w.org\/{rel}","templated":true}]}}