{"id":4,"date":"2024-04-04T04:35:22","date_gmt":"2024-04-04T01:35:22","guid":{"rendered":"https:\/\/sisu.ut.ee\/liitevklassliitevkool\/sissejuhatus\/"},"modified":"2024-04-04T04:35:30","modified_gmt":"2024-04-04T01:35:30","slug":"sissejuhatus","status":"publish","type":"page","link":"https:\/\/sisu.ut.ee\/liitevklassliitevkool\/sissejuhatus\/","title":{"rendered":"Sissejuhatus"},"content":{"rendered":"<p>Projekti \u00fcldeesm\u00e4rk on toetada uussisser\u00e4ndajate kohanemist Eesti hariduss\u00fcsteemis l\u00e4bi koolikogukonna eesm\u00e4rgistatud ja koordineeritud tegevuse. Projekt tugineb kooliv\u00e4\u00e4rtustele: sallivus, s\u00f5bralikkus ja koost\u00f6\u00f6 ning on suunatud meeskondadele, kuhu kuluvad juhtkonna- ja tugis\u00fcsteemi liikmed, erinevate kooliastmete \u00f5petajad, lastevanemate esindajad ja kohalike omavalitsus\u00fcksuste haridusametnikud.<\/p>\n<p><strong>\u00d5piv\u00e4ljundid<\/strong><\/p>\n<p>Kursuse l\u00e4binud koolimeeskonna liikmetel on:<\/p>\n<ul>\n<li>teadmised seaduses s\u00e4testatud vastutusvaldkondadest uussisser\u00e4ndajate hariduse korraldamisel;<\/li>\n<li>teadmised erineva kultuurikogemusega \u00f5pilaste v\u00e4\u00e4rtuste, hoiakute ja uskumuste erinevustest;<\/li>\n<li>teadmised vaartuskonfliktide olemusest ja nendega toimetulekuviisidest;<\/li>\n<li>teadmised ps\u00fchholoogilise kontakti saamise v\u00f5tetest ja mitteverbaalse k\u00e4itumise erinevustest eri kultuurikogemusega \u00f5pilastel;<\/li>\n<li>teadmised juhtimisv\u00f5tetest, et liita erineva kultuurikogemusega \u00f5pilasi \u00fchtsesse klassi- koolikollektiivi;<\/li>\n<li>esmased oskused toimetulekuks v\u00f5\u00f5raviha ja rassismi v\u00e4ljendavate v\u00e4lja\u00fctlemistega ja demagoogiaga;<\/li>\n<li>oskused kasutada probleemsituatsioone, rollim\u00e4nge jm eri kultuuridest \u00f5pilaste vastastikuse m\u00f5istvuse ja sallivuse suurendamiseks;<\/li>\n<li>oskused kasutada probleemilahendusmeetodit kooli arendamisel eri kultuurikogemusega \u00f5pilaste \u00fchtseks kollektiiviks;<\/li>\n<li>oskused kontakti saamise v\u00f5tetest \u00f5pilase ja perega, kellega suhtlemiseks puudub \u00fchine keel.<\/li>\n<\/ul>\n<p>Antud \u00f5ppevahendi eesm\u00e4rgiks on toetada kursuse \u00f5piv\u00e4ljundite saavutamist, samuti on see kasutatav iseseisva materjalina uussisser\u00e4ndajate kohanemise toetamisel.<\/p>\n<p>Koolituskontseptsiooni ja \u00f5ppevahendi autorid:<br>Heiki Krips (Tartu \u00dclikool, haridusjuhtimise lektor)<br>Karmen Trasberg (Tartu \u00dclikool, haridusteooria lektor)<br>J\u00fcri Ginter (Tartu \u00dclikool, haridus\u00f5iguse lepinguline lektor)<br>Kristi Aria (Tartu Rahvusvahelise Kooli direktor)<br>Kadi R\u00e4tsepp (Tartu Rahvusvahelise Kooli \u00f5petaja)<br>V\u00e4liseksperton Fatemeh Tavakoli (Tartu \u00dclikool, semiootika ja kultuuriteaduse doktorant)<\/p>\n<p>Koolituse ja selle juurde kuuluva \u00f5ppevahendi ettevalmistamist on toetanud: Euroopa Liit Varjupaiga-, R\u00e4nde- ja Integratsioonifondi kaudu ja Eesti Vabariigi Siseministeerium.<\/p>\n","protected":false},"excerpt":{"rendered":"<p>Projekti \u00fcldeesm\u00e4rk on toetada uussisser\u00e4ndajate kohanemist Eesti hariduss\u00fcsteemis l\u00e4bi koolikogukonna eesm\u00e4rgistatud ja koordineeritud tegevuse. Projekt tugineb kooliv\u00e4\u00e4rtustele: sallivus, s\u00f5bralikkus ja koost\u00f6\u00f6 ning on suunatud meeskondadele, kuhu kuluvad juhtkonna- ja tugis\u00fcsteemi liikmed, erinevate kooliastmete \u00f5petajad, lastevanemate esindajad ja kohalike omavalitsus\u00fcksuste haridusametnikud. &#8230;<\/p>\n","protected":false},"author":160,"featured_media":0,"parent":0,"menu_order":0,"comment_status":"closed","ping_status":"closed","template":"","meta":{"_acf_changed":false,"inline_featured_image":false,"footnotes":""},"class_list":["post-4","page","type-page","status-publish","hentry"],"acf":[],"_links":{"self":[{"href":"https:\/\/sisu.ut.ee\/liitevklassliitevkool\/wp-json\/wp\/v2\/pages\/4","targetHints":{"allow":["GET"]}}],"collection":[{"href":"https:\/\/sisu.ut.ee\/liitevklassliitevkool\/wp-json\/wp\/v2\/pages"}],"about":[{"href":"https:\/\/sisu.ut.ee\/liitevklassliitevkool\/wp-json\/wp\/v2\/types\/page"}],"author":[{"embeddable":true,"href":"https:\/\/sisu.ut.ee\/liitevklassliitevkool\/wp-json\/wp\/v2\/users\/160"}],"replies":[{"embeddable":true,"href":"https:\/\/sisu.ut.ee\/liitevklassliitevkool\/wp-json\/wp\/v2\/comments?post=4"}],"version-history":[{"count":1,"href":"https:\/\/sisu.ut.ee\/liitevklassliitevkool\/wp-json\/wp\/v2\/pages\/4\/revisions"}],"predecessor-version":[{"id":71,"href":"https:\/\/sisu.ut.ee\/liitevklassliitevkool\/wp-json\/wp\/v2\/pages\/4\/revisions\/71"}],"wp:attachment":[{"href":"https:\/\/sisu.ut.ee\/liitevklassliitevkool\/wp-json\/wp\/v2\/media?parent=4"}],"curies":[{"name":"wp","href":"https:\/\/api.w.org\/{rel}","templated":true}]}}