{"id":22,"date":"2024-04-04T04:35:23","date_gmt":"2024-04-04T01:35:23","guid":{"rendered":"https:\/\/sisu.ut.ee\/liitevklassliitevkool\/selgitamine-ja-veenmine\/"},"modified":"2024-04-04T04:35:29","modified_gmt":"2024-04-04T01:35:29","slug":"selgitamine-ja-veenmine","status":"publish","type":"page","link":"https:\/\/sisu.ut.ee\/liitevklassliitevkool\/selgitamine-ja-veenmine\/","title":{"rendered":"Selgitamine ja veenmine"},"content":{"rendered":"<p>Mida silmas pidada, kui on tarvis midagi teisele (\u00f5pilasele, kolleegile, juhile) selgitada:<\/p>\n<ul>\n<li>Jutu l\u00fchidus ja konkreetsus<\/li>\n<li>Faktip\u00f5hisus (sisaldab ka \u00f5igustele ja reeglitele tuginemist)<\/li>\n<li>Hoidumine demagoogiast (igat sorti valetamine, n\u00e4iteks liialdamine)<\/li>\n<li>Hoidumine halvustamisest<\/li>\n<li>Hoidumine moraali lugemisest<\/li>\n<li>Ka teisele s\u00f5na andmine (dialoogi tekitamine)<\/li>\n<\/ul>\n<p>Vahel v\u00f5ib kasutada retoorilist v\u00f5tet, mida nimetatakse illustreerimiseks. Illustratsioonideks argumenteerimisel nimetatakse p\u00f5hiv\u00e4ite kaitseks esitatavaid \u201cjutukesi\u201d, n\u00e4iteid elust, v\u00f5rdlusi.<\/p>\n<p>Tuleb silmas pidada, et <strong>illustratsioonidel pole mingit t\u00f5estuslikku j\u00f5udu. Illustratsioonid ei ole argumendid<\/strong>. Samal ajal on teada, et <strong>publikule on illustratsioonid tugeva m\u00f5juga.<\/strong> N\u00e4ited v\u00f5i v\u00f5rdlused otseselt midagi ei t\u00f5esta (sest n\u00e4ide ja v\u00f5rdlus on tavaliselt ikkagi valitud paljude hulgast), kuid publikule m\u00f5jub just nende emotsionaalne sisu. Nad on enamasti originaalsed ning nagu piltlikustaks esitatud v\u00e4iteid.<\/p>\n<p>Kuigi esmapilgul n\u00e4ib olevat lihtne leida fakte, et oma seisukohta p\u00f5hjendada, on see sageli \u00fcsna t\u00f6\u00f6mahukas asi. Vahel me lihtsalt neid ei leiagi. Siit praktiline soovitus: <strong>Kui sul pole fakte, siis \u00fctle MINU ARVATES; MA USUN; MA M\u00d5TLEN jms.<\/strong> Oma arvamusele on igal inimesel \u00f5igus. Kui sa aga kasutad kindlat k\u00f5neviisi \u00f6eldes n\u00e4iteks: \u201cOpel on parem kui Fiat\u201d, siis peavad sul olema ka faktid mis sinu seisukohta t\u00f5estavad (mis osas parem, kuidas see on t\u00f5estatud). Sinu lauset: \u201cMinu arvates on Opel parem kui Fiat!\u201d on kuulajatel kergem vastu v\u00f5tta, sest sel juhul sa ei m\u00e4ngi \u201ck\u00f5iketeadjat\u201d.<\/p>\n<p>Argumentide kasutamine ja\/v\u00f5i enese arvamuse v\u00e4ljendamine teie poolt mingi seisukoha p\u00f5hjendamisel v\u00e4listab selle, mida nimetatakse demagoogilisuseks k\u00f5nes.<\/p>\n<p>J\u00e4rgnevalt esitatakse m\u00f5ningaid <strong>levinumaid demagoogilisi p\u00f5hjendamisv\u00f5tteid, mida selgitamisel v\u00e4ltida<\/strong>:<\/p>\n<ul>\n<li><strong>Otsene valetamine ehk eba\u00f5igete v\u00e4idete esitamine \u00f5igete p\u00e4he.<\/strong> Andmed, mida k\u00f5neleja esitab, on valed.\u00a0<\/li>\n<li><strong>Eba\u00f5ige fakti v\u00f5i seisukoha peitmine \u00f5igete sekka (vahevagun).<\/strong> \u00d5igete, s.t t\u00f5ele vastavate andmete, faktide, v\u00e4idete vahele pannakse vale.\u00a0<\/li>\n<li><strong>Liialdamine kui valetamine.<\/strong> Liialdamine on \u00fcks levinumaid petmisviise poliitilistes k\u00f5nedes. N\u00e4iteks: \u201cK\u00f5ik me teame, et\u2026\u201d v\u00f5i \u201eK\u00f5ik me usume\u2026\u201c\u00a0<\/li>\n<li><strong>\u201cIdem per idem\u201d <\/strong>(ld seesama, sellesama kaudu)<strong> kui pettus.<\/strong> V\u00e4ljendit \u201cIdem per idem\u201d kasutatakse harilikult definitsioonivea circulus vitiosus (\u201cn\u00f5iaring\u201d) t\u00e4henduses. Circulus vitiosus on loogikas t\u00f5estusviga, mille puhul t\u00f5estamiseks kasutatakse seda, mida alles on vaja t\u00f5estada, v\u00f5i definitsiooniviga, mille puhul defineeritava m\u00f5iste seletamiseks kasutatakse seda m\u00f5istet ennast.\u00a0<\/li>\n<li><strong>Pilkamise v\u00f5i irooniliste lausete kaudu halvustava suhtumise v\u00e4ljan\u00e4itamine.\u00a0<\/strong><\/li>\n<li><strong>\u201eKavalate k\u00fcsimuste\u201c k\u00fcsimine.<\/strong> K\u00fcsimuste esitamine publikule k\u00f5nes on retooriline v\u00f5te ja seega soovitav. \u201eKavalad k\u00fcsimused\u201c on aga sellised k\u00fcsimused mis olles n\u00e4iliselt s\u00fc\u00fctud, peidavad eneses kellegi halvustamist v\u00f5i faktidele mittetuginevat s\u00fc\u00fcdistust v\u00f5i faktidele mittetuginevat p\u00f5hjendust.<\/li>\n<\/ul>\n","protected":false},"excerpt":{"rendered":"<p>Mida silmas pidada, kui on tarvis midagi teisele (\u00f5pilasele, kolleegile, juhile) selgitada: Jutu l\u00fchidus ja konkreetsus Faktip\u00f5hisus (sisaldab ka \u00f5igustele ja reeglitele tuginemist) Hoidumine demagoogiast (igat sorti valetamine, n\u00e4iteks liialdamine) Hoidumine halvustamisest Hoidumine moraali lugemisest Ka teisele s\u00f5na andmine (dialoogi &#8230;<\/p>\n","protected":false},"author":160,"featured_media":0,"parent":0,"menu_order":0,"comment_status":"closed","ping_status":"closed","template":"","meta":{"_acf_changed":false,"inline_featured_image":false,"footnotes":""},"class_list":["post-22","page","type-page","status-publish","hentry"],"acf":[],"_links":{"self":[{"href":"https:\/\/sisu.ut.ee\/liitevklassliitevkool\/wp-json\/wp\/v2\/pages\/22","targetHints":{"allow":["GET"]}}],"collection":[{"href":"https:\/\/sisu.ut.ee\/liitevklassliitevkool\/wp-json\/wp\/v2\/pages"}],"about":[{"href":"https:\/\/sisu.ut.ee\/liitevklassliitevkool\/wp-json\/wp\/v2\/types\/page"}],"author":[{"embeddable":true,"href":"https:\/\/sisu.ut.ee\/liitevklassliitevkool\/wp-json\/wp\/v2\/users\/160"}],"replies":[{"embeddable":true,"href":"https:\/\/sisu.ut.ee\/liitevklassliitevkool\/wp-json\/wp\/v2\/comments?post=22"}],"version-history":[{"count":1,"href":"https:\/\/sisu.ut.ee\/liitevklassliitevkool\/wp-json\/wp\/v2\/pages\/22\/revisions"}],"predecessor-version":[{"id":68,"href":"https:\/\/sisu.ut.ee\/liitevklassliitevkool\/wp-json\/wp\/v2\/pages\/22\/revisions\/68"}],"wp:attachment":[{"href":"https:\/\/sisu.ut.ee\/liitevklassliitevkool\/wp-json\/wp\/v2\/media?parent=22"}],"curies":[{"name":"wp","href":"https:\/\/api.w.org\/{rel}","templated":true}]}}