{"id":15,"date":"2024-04-04T04:35:23","date_gmt":"2024-04-04T01:35:23","guid":{"rendered":"https:\/\/sisu.ut.ee\/liitevklassliitevkool\/kursust-toetavad-materjalid\/"},"modified":"2024-04-04T04:35:29","modified_gmt":"2024-04-04T01:35:29","slug":"kursust-toetavad-materjalid","status":"publish","type":"page","link":"https:\/\/sisu.ut.ee\/liitevklassliitevkool\/kursust-toetavad-materjalid\/","title":{"rendered":"Kursust toetavad materjalid"},"content":{"rendered":"<p>J\u00e4rgnev materjal on esitatud uussisser\u00e4ndajate kursust abistavate tekstidena. Tekstid p\u00e4rinevad raamatutest: Krips, H. (2010); Krips, H. (2011); Krips. H., Siivelt, P., Rajasalu, A. (2012) ja Krips. H. (2017) ning tekstidele laieneb raamatute autorikaitse.<\/p>\n<ul>\n<li><a href=\"\/liitevklassliitevkool\/vaartuskonfliktid\" target=\"_blank\" rel=\"noopener\">V\u00e4\u00e4rtuskonfliktid<\/a><\/li>\n<li><a href=\"\/liitevklassliitevkool\/motlemine-emotsioonid-ja-hoiakud\" target=\"_blank\" rel=\"noopener\">M\u00f5tlemine, emotsioonid ja hoiakud<\/a><\/li>\n<li><a href=\"\/liitevklassliitevkool\/probleemilahendusmeetod\" target=\"_blank\" rel=\"noopener\">Probleemilahendusmeetod<\/a><\/li>\n<li><a href=\"\/liitevklassliitevkool\/juhtimisest\" target=\"_blank\" rel=\"noopener\">Juhtimisest<br><\/a><\/li>\n<li><a href=\"\/liitevklassliitevkool\/selgitamine-ja-veenmine\" target=\"_blank\" rel=\"noopener\">Selgitamine ja veenmine<\/a><\/li>\n<li><a href=\"\/liitevklassliitevkool\/motiveerimisest-ja-manipuleerimisest\" target=\"_blank\" rel=\"noopener\">Motiveerimisest ja manipuleerimisest<\/a><\/li>\n<\/ul>\n<p><em><strong>Allikad ja soovituslikud lisamaterjalid:<\/strong><\/em><br>Krips, H. (2010). K\u00f5ne koostamise \u00f5pik. Atlex.<br>Krips, H. (2011). Konfliktidest ja suhtlemisoskustest \u00f5petamisel ja juhtimisel. Atlex.<br>Krips, H., Siivelt, P., Rajasalu, A. (2012). Suhtlemine probleemsete \u00f5pilastega. Atlex<br>Krips, H. (2017). Klassi juhtimine. Kuidas saavutada \u00f5ppivat, s\u00f5bralikku ja kokkuhoidvat klassi. Atlex.<br>Rannut, \u00dc. (2004). Uusimmigrandid meie \u00fchiskonnas ja hariduss\u00fcsteemis. K\u00e4siraamat eesti \u00f5ppekeelega kooli \u00f5petajatele, koolijuhtidele ja haridusametnikele. Tallinn: Ilo.<br>Schwartz, S. H. (1992). Universals in the content and structure of values: Theoretical advances and empirical tests in 20 countries. In M. P. Zanna (Ed.). Advances in experimental social psychology. San Diego CA: Academic Press.<br>Toskala, A. (1991). Enesetunnetus ja juhtimine. EPI. Tallinn.<\/p>\n","protected":false},"excerpt":{"rendered":"<p>J\u00e4rgnev materjal on esitatud uussisser\u00e4ndajate kursust abistavate tekstidena. Tekstid p\u00e4rinevad raamatutest: Krips, H. (2010); Krips, H. (2011); Krips. H., Siivelt, P., Rajasalu, A. (2012) ja Krips. H. (2017) ning tekstidele laieneb raamatute autorikaitse. V\u00e4\u00e4rtuskonfliktid M\u00f5tlemine, emotsioonid ja hoiakud Probleemilahendusmeetod Juhtimisest &#8230;<\/p>\n","protected":false},"author":160,"featured_media":0,"parent":0,"menu_order":0,"comment_status":"closed","ping_status":"closed","template":"","meta":{"_acf_changed":false,"inline_featured_image":false,"footnotes":""},"class_list":["post-15","page","type-page","status-publish","hentry"],"acf":[],"_links":{"self":[{"href":"https:\/\/sisu.ut.ee\/liitevklassliitevkool\/wp-json\/wp\/v2\/pages\/15","targetHints":{"allow":["GET"]}}],"collection":[{"href":"https:\/\/sisu.ut.ee\/liitevklassliitevkool\/wp-json\/wp\/v2\/pages"}],"about":[{"href":"https:\/\/sisu.ut.ee\/liitevklassliitevkool\/wp-json\/wp\/v2\/types\/page"}],"author":[{"embeddable":true,"href":"https:\/\/sisu.ut.ee\/liitevklassliitevkool\/wp-json\/wp\/v2\/users\/160"}],"replies":[{"embeddable":true,"href":"https:\/\/sisu.ut.ee\/liitevklassliitevkool\/wp-json\/wp\/v2\/comments?post=15"}],"version-history":[{"count":1,"href":"https:\/\/sisu.ut.ee\/liitevklassliitevkool\/wp-json\/wp\/v2\/pages\/15\/revisions"}],"predecessor-version":[{"id":61,"href":"https:\/\/sisu.ut.ee\/liitevklassliitevkool\/wp-json\/wp\/v2\/pages\/15\/revisions\/61"}],"wp:attachment":[{"href":"https:\/\/sisu.ut.ee\/liitevklassliitevkool\/wp-json\/wp\/v2\/media?parent=15"}],"curies":[{"name":"wp","href":"https:\/\/api.w.org\/{rel}","templated":true}]}}