{"id":12,"date":"2024-04-04T04:35:22","date_gmt":"2024-04-04T01:35:22","guid":{"rendered":"https:\/\/sisu.ut.ee\/liitevklassliitevkool\/kultuurid-klassiruumis\/"},"modified":"2024-04-04T04:35:29","modified_gmt":"2024-04-04T01:35:29","slug":"kultuurid-klassiruumis","status":"publish","type":"page","link":"https:\/\/sisu.ut.ee\/liitevklassliitevkool\/kultuurid-klassiruumis\/","title":{"rendered":"Kultuurid klassiruumis"},"content":{"rendered":"<p>\u00d5ppimine ja \u00f5petamine s\u00f5ltub meie kultuuritaustast. \u00d5pilase koolis omandatud teadmised on s\u00fcgavamad ja p\u00fcsivamad, kui need filtreeruvad l\u00e4bi tema isikliku kogemuse ja kultuuripildi.<\/p>\n<p>Kaks olulist algt\u00f5de, millel baseerub multikultuuriline haridus on:<br><strong>kultuurirelativism<\/strong> e. pole olemas kultuuride hierarhiat (paremad ja halvemad kultuurid), erisused m\u00f5tlemises ja k\u00e4itumises on elu loomulik osa;<br><strong>kultuuriline suhtlemine saab olla alati ainult kahesuunaline protsess<\/strong> \u2013 dialoog kultuuride vahel (Fennes, Hapgood, 1997: 43-44).<\/p>\n<p>Mitmekultuurilise hariduse printsiipide rakendamisel seatakse reeglina j\u00e4rgmised eesm\u00e4rgid:<br>1. <strong>Suhtumuslikud eesm\u00e4rgid<\/strong>: kultuuritundlikkus ja \u2013teadlikkus, tolerantsus, endast erineva respekteerimine, oskused konflikte ennetada ja lahendada; \u00f5pimeedias stereot\u00fc\u00fcpidele ning tendentslikkusele osutamine ja \u00fcmberhindamine, ladusa kultuurisuhtluse strateegiate pakkumine, seda soodustavate personaalsete oskuste arendamine (n\u00e4it. oma isiklike v\u00e4\u00e4rtushinnangute teadvustamine ja anal\u00fc\u00fcsimine).<br>2. <strong>Kognitiivsed eesm\u00e4rgid<\/strong>: akadeemiline edukus, v\u00f5\u00f5rkeelte \u00f5ppimine, erinevate kultuuride tundmine, oskus anal\u00fc\u00fcsida ja interpreteerida kultuurist tingitud k\u00e4itumismalle, tunda omaenda kultuuri ja selle arenguid.<\/p>\n\n<p><strong>Loe edasi <a href=\"\/liitevklassliitevkool\/hofstede-kultuuridimensioonid\" target=\"_blank\" rel=\"noopener\">Hofstede kultuuridimensioonidest<\/a><\/strong><\/p>\n","protected":false},"excerpt":{"rendered":"<p>\u00d5ppimine ja \u00f5petamine s\u00f5ltub meie kultuuritaustast. \u00d5pilase koolis omandatud teadmised on s\u00fcgavamad ja p\u00fcsivamad, kui need filtreeruvad l\u00e4bi tema isikliku kogemuse ja kultuuripildi. Kaks olulist algt\u00f5de, millel baseerub multikultuuriline haridus on:kultuurirelativism e. pole olemas kultuuride hierarhiat (paremad ja halvemad kultuurid), &#8230;<\/p>\n","protected":false},"author":160,"featured_media":0,"parent":0,"menu_order":0,"comment_status":"closed","ping_status":"closed","template":"","meta":{"_acf_changed":false,"inline_featured_image":false,"footnotes":""},"class_list":["post-12","page","type-page","status-publish","hentry"],"acf":[],"_links":{"self":[{"href":"https:\/\/sisu.ut.ee\/liitevklassliitevkool\/wp-json\/wp\/v2\/pages\/12","targetHints":{"allow":["GET"]}}],"collection":[{"href":"https:\/\/sisu.ut.ee\/liitevklassliitevkool\/wp-json\/wp\/v2\/pages"}],"about":[{"href":"https:\/\/sisu.ut.ee\/liitevklassliitevkool\/wp-json\/wp\/v2\/types\/page"}],"author":[{"embeddable":true,"href":"https:\/\/sisu.ut.ee\/liitevklassliitevkool\/wp-json\/wp\/v2\/users\/160"}],"replies":[{"embeddable":true,"href":"https:\/\/sisu.ut.ee\/liitevklassliitevkool\/wp-json\/wp\/v2\/comments?post=12"}],"version-history":[{"count":1,"href":"https:\/\/sisu.ut.ee\/liitevklassliitevkool\/wp-json\/wp\/v2\/pages\/12\/revisions"}],"predecessor-version":[{"id":79,"href":"https:\/\/sisu.ut.ee\/liitevklassliitevkool\/wp-json\/wp\/v2\/pages\/12\/revisions\/79"}],"wp:attachment":[{"href":"https:\/\/sisu.ut.ee\/liitevklassliitevkool\/wp-json\/wp\/v2\/media?parent=12"}],"curies":[{"name":"wp","href":"https:\/\/api.w.org\/{rel}","templated":true}]}}